{"id":13827,"date":"2017-08-31T09:32:09","date_gmt":"2017-08-31T09:32:09","guid":{"rendered":"https:\/\/consulting.vamtam.com\/?page_id=13827"},"modified":"2024-11-14T12:39:24","modified_gmt":"2024-11-14T12:39:24","slug":"eja-consulting","status":"publish","type":"page","link":"https:\/\/ejavisa.com\/de\/","title":{"rendered":"Come Consulting"},"content":{"rendered":"<div class=\"vgblk-rw-wrapper limit-wrapper\">\r\n<h2>Eja N&#8217;Lond\u00ebr!<\/h2>\r\n<form id=\"searchform2\" action=\"https:\/\/ejavisa.com\/de\/\" method=\"get\" data-trp-original-action=\"https:\/\/ejavisa.com\/\"><input id=\"s\" name=\"s\" type=\"text\" placeholder=\"Fragen Sie nach unserem Service...\" \/><input type=\"hidden\" name=\"trp-form-language\" value=\"de\"\/><\/form>\r\n<p>Unser Ziel ist es, Ihnen Komfort, Bequemlichkeit und Zeitersparnis zu bieten, indem wir Ihnen einen vorbildlichen und unkomplizierten Service bieten und Sie hinsichtlich der besten Option beraten, die Ihnen den geringsten Zeit- und Kostenaufwand verursacht.\u00a0<\/p>\r\n<p><a role=\"button\" href=\"https:\/\/ejavisa.com\/takime.html\" target=\"_blank\" rel=\"noopener\"> Termin vereinbaren <\/a><\/p>\r\n<h3>Alles aus einer Hand<\/h3>\r\n<p>Eja Consulting hat ein Team von Experten f\u00fcr Visumsangelegenheiten zusammengestellt, das Ihnen f\u00fcr Ihren Fall zur Verf\u00fcgung steht. Mit \u00fcber 15 Jahren Erfahrung und einer Ausbildung im Vereinigten K\u00f6nigreich bieten wir ma\u00dfgeschneiderte L\u00f6sungen f\u00fcr jede Antragsart, Dokumentenverwaltung, beglaubigte \u00dcbersetzungen und Schritt-f\u00fcr-Schritt-Unterst\u00fctzung. Als offizielle Partner einer Reihe von Institutionen im Land haben wir uns das Vertrauen unserer Kunden beim Umgang mit personenbezogenen Daten und bei der Bereitstellung optimaler L\u00f6sungen f\u00fcr jeden Fall erarbeitet.\u00a0<\/p>\r\n<p><img loading=\"lazy\" decoding=\"async\" title=\"portrait-young-woman-taking-pictures-holiday-min\" src=\"https:\/\/ejavisa.com\/en\/wp-content\/uploads\/2023\/04\/portrait-young-woman-taking-pictures-holiday-min-scaled.jpg\" sizes=\"auto, (max-width: 768px) 100vw, 100vw\" srcset=\"https:\/\/ejavisa.com\/wp-content\/uploads\/2023\/04\/portrait-young-woman-taking-pictures-holiday-min-scaled.jpg 2560w, https:\/\/ejavisa.com\/wp-content\/uploads\/2023\/04\/portrait-young-woman-taking-pictures-holiday-min-300x300.jpg 300w, https:\/\/ejavisa.com\/wp-content\/uploads\/2023\/04\/portrait-young-woman-taking-pictures-holiday-min-1024x1024.jpg 1024w, https:\/\/ejavisa.com\/wp-content\/uploads\/2023\/04\/portrait-young-woman-taking-pictures-holiday-min-150x150.jpg 150w, https:\/\/ejavisa.com\/wp-content\/uploads\/2023\/04\/portrait-young-woman-taking-pictures-holiday-min-768x768.jpg 768w, https:\/\/ejavisa.com\/wp-content\/uploads\/2023\/04\/portrait-young-woman-taking-pictures-holiday-min-1536x1536.jpg 1536w, https:\/\/ejavisa.com\/wp-content\/uploads\/2023\/04\/portrait-young-woman-taking-pictures-holiday-min-2048x2048.jpg 2048w, https:\/\/ejavisa.com\/wp-content\/uploads\/2023\/04\/portrait-young-woman-taking-pictures-holiday-min-1260x1260.jpg 1260w, https:\/\/ejavisa.com\/wp-content\/uploads\/2023\/04\/portrait-young-woman-taking-pictures-holiday-min-630x630.jpg 630w, https:\/\/ejavisa.com\/wp-content\/uploads\/2023\/04\/portrait-young-woman-taking-pictures-holiday-min-420x420.jpg 420w, https:\/\/ejavisa.com\/wp-content\/uploads\/2023\/04\/portrait-young-woman-taking-pictures-holiday-min-840x840.jpg 840w, https:\/\/ejavisa.com\/wp-content\/uploads\/2023\/04\/portrait-young-woman-taking-pictures-holiday-min-315x315.jpg 315w\" alt=\"portrait-young-woman-taking-pictures-holiday-min\" width=\"2560\" height=\"2560\" \/><\/p>\r\n<h3><a title=\"Touristenvisum f\u00fcr das Vereinigte K\u00f6nigreich\" href=\"https:\/\/ejavisa.com\/de\/viza-britanike\/viza-standarde-vizitori\/\" target=\"_self\" rel=\"noopener\"> Touristenvisum f\u00fcr das Vereinigte K\u00f6nigreich <\/a><\/h3>\r\n<p><img loading=\"lazy\" decoding=\"async\" title=\"young-employee-sitting-office-desk-min\" src=\"https:\/\/ejavisa.com\/en\/wp-content\/uploads\/2023\/04\/young-employee-sitting-office-desk-min-scaled.jpg\" sizes=\"auto, (max-width: 768px) 100vw, 100vw\" srcset=\"https:\/\/ejavisa.com\/wp-content\/uploads\/2023\/04\/young-employee-sitting-office-desk-min-scaled.jpg 2560w, https:\/\/ejavisa.com\/wp-content\/uploads\/2023\/04\/young-employee-sitting-office-desk-min-300x300.jpg 300w, https:\/\/ejavisa.com\/wp-content\/uploads\/2023\/04\/young-employee-sitting-office-desk-min-1024x1024.jpg 1024w, https:\/\/ejavisa.com\/wp-content\/uploads\/2023\/04\/young-employee-sitting-office-desk-min-150x150.jpg 150w, https:\/\/ejavisa.com\/wp-content\/uploads\/2023\/04\/young-employee-sitting-office-desk-min-768x768.jpg 768w, https:\/\/ejavisa.com\/wp-content\/uploads\/2023\/04\/young-employee-sitting-office-desk-min-1536x1536.jpg 1536w, https:\/\/ejavisa.com\/wp-content\/uploads\/2023\/04\/young-employee-sitting-office-desk-min-2048x2048.jpg 2048w, https:\/\/ejavisa.com\/wp-content\/uploads\/2023\/04\/young-employee-sitting-office-desk-min-1260x1260.jpg 1260w, https:\/\/ejavisa.com\/wp-content\/uploads\/2023\/04\/young-employee-sitting-office-desk-min-630x630.jpg 630w, https:\/\/ejavisa.com\/wp-content\/uploads\/2023\/04\/young-employee-sitting-office-desk-min-420x420.jpg 420w, https:\/\/ejavisa.com\/wp-content\/uploads\/2023\/04\/young-employee-sitting-office-desk-min-840x840.jpg 840w, https:\/\/ejavisa.com\/wp-content\/uploads\/2023\/04\/young-employee-sitting-office-desk-min-315x315.jpg 315w\" alt=\"young-employee-sitting-office-desk-min\" width=\"2560\" height=\"2560\" \/><\/p>\r\n<h3><a title=\"Arbeitsvisum f\u00fcr Gro\u00dfbritannien\" href=\"https:\/\/ejavisa.com\/de\/viza-britanike\/vize-pune-ne-mbreterine-e-bashkuar\/\" target=\"_self\" rel=\"noopener\"> Arbeitsvisum f\u00fcr Gro\u00dfbritannien <\/a><\/h3>\r\n<p><img loading=\"lazy\" decoding=\"async\" title=\"Konzeptbild: Frau beim Lernen in der Bibliothek (1)\" src=\"https:\/\/ejavisa.com\/en\/wp-content\/uploads\/2023\/04\/back-school-concept-with-woman-studying-library-min-1-scaled.jpg\" sizes=\"auto, (max-width: 768px) 100vw, 100vw\" srcset=\"https:\/\/ejavisa.com\/wp-content\/uploads\/2023\/04\/back-school-concept-with-woman-studying-library-min-1-scaled.jpg 2560w, https:\/\/ejavisa.com\/wp-content\/uploads\/2023\/04\/back-school-concept-with-woman-studying-library-min-1-300x300.jpg 300w, https:\/\/ejavisa.com\/wp-content\/uploads\/2023\/04\/back-school-concept-with-woman-studying-library-min-1-1024x1024.jpg 1024w, https:\/\/ejavisa.com\/wp-content\/uploads\/2023\/04\/back-school-concept-with-woman-studying-library-min-1-150x150.jpg 150w, https:\/\/ejavisa.com\/wp-content\/uploads\/2023\/04\/back-school-concept-with-woman-studying-library-min-1-768x768.jpg 768w, https:\/\/ejavisa.com\/wp-content\/uploads\/2023\/04\/back-school-concept-with-woman-studying-library-min-1-1536x1536.jpg 1536w, https:\/\/ejavisa.com\/wp-content\/uploads\/2023\/04\/back-school-concept-with-woman-studying-library-min-1-2048x2048.jpg 2048w, https:\/\/ejavisa.com\/wp-content\/uploads\/2023\/04\/back-school-concept-with-woman-studying-library-min-1-1260x1260.jpg 1260w, https:\/\/ejavisa.com\/wp-content\/uploads\/2023\/04\/back-school-concept-with-woman-studying-library-min-1-630x630.jpg 630w, https:\/\/ejavisa.com\/wp-content\/uploads\/2023\/04\/back-school-concept-with-woman-studying-library-min-1-420x420.jpg 420w, https:\/\/ejavisa.com\/wp-content\/uploads\/2023\/04\/back-school-concept-with-woman-studying-library-min-1-840x840.jpg 840w, https:\/\/ejavisa.com\/wp-content\/uploads\/2023\/04\/back-school-concept-with-woman-studying-library-min-1-315x315.jpg 315w\" alt=\"Konzeptbild: Frau beim Lernen in der Bibliothek (1)\" width=\"2560\" height=\"2560\" \/><\/p>\r\n<h3><a title=\"Studienvisum f\u00fcr Gro\u00dfbritannien\" href=\"https:\/\/ejavisa.com\/de\/viza-britanike\/studio-ne-mbreterine-e-bashkuar\/\" target=\"_self\" rel=\"noopener\"> Studienvisum f\u00fcr Gro\u00dfbritannien <\/a><\/h3>\r\n<p><img loading=\"lazy\" decoding=\"async\" title=\"Eltern mit ihrer Tochter, die in einem Park auf Herbstbl\u00e4ttern liegt\" src=\"https:\/\/ejavisa.com\/en\/wp-content\/uploads\/2023\/04\/parents-with-daughter-lying-autumn-leaves-park-min-scaled.jpg\" sizes=\"auto, (max-width: 768px) 100vw, 100vw\" srcset=\"https:\/\/ejavisa.com\/wp-content\/uploads\/2023\/04\/parents-with-daughter-lying-autumn-leaves-park-min-scaled.jpg 2560w, https:\/\/ejavisa.com\/wp-content\/uploads\/2023\/04\/parents-with-daughter-lying-autumn-leaves-park-min-300x300.jpg 300w, https:\/\/ejavisa.com\/wp-content\/uploads\/2023\/04\/parents-with-daughter-lying-autumn-leaves-park-min-1024x1024.jpg 1024w, https:\/\/ejavisa.com\/wp-content\/uploads\/2023\/04\/parents-with-daughter-lying-autumn-leaves-park-min-150x150.jpg 150w, https:\/\/ejavisa.com\/wp-content\/uploads\/2023\/04\/parents-with-daughter-lying-autumn-leaves-park-min-768x768.jpg 768w, https:\/\/ejavisa.com\/wp-content\/uploads\/2023\/04\/parents-with-daughter-lying-autumn-leaves-park-min-1536x1536.jpg 1536w, https:\/\/ejavisa.com\/wp-content\/uploads\/2023\/04\/parents-with-daughter-lying-autumn-leaves-park-min-2048x2048.jpg 2048w, https:\/\/ejavisa.com\/wp-content\/uploads\/2023\/04\/parents-with-daughter-lying-autumn-leaves-park-min-1260x1260.jpg 1260w, https:\/\/ejavisa.com\/wp-content\/uploads\/2023\/04\/parents-with-daughter-lying-autumn-leaves-park-min-630x630.jpg 630w, https:\/\/ejavisa.com\/wp-content\/uploads\/2023\/04\/parents-with-daughter-lying-autumn-leaves-park-min-420x420.jpg 420w, https:\/\/ejavisa.com\/wp-content\/uploads\/2023\/04\/parents-with-daughter-lying-autumn-leaves-park-min-840x840.jpg 840w, https:\/\/ejavisa.com\/wp-content\/uploads\/2023\/04\/parents-with-daughter-lying-autumn-leaves-park-min-315x315.jpg 315w\" alt=\"Eltern mit ihrer Tochter, die in einem Park auf Herbstbl\u00e4ttern liegt\" width=\"2560\" height=\"2560\" \/><\/p>\r\n<h3><a title=\"Familienvisum f\u00fcr Gro\u00dfbritannien\" href=\"https:\/\/ejavisa.com\/de\/viza-britanike\/apliko-per-vize-bashkeshortore-ne-mbreterine-e-bashkuar\/\" target=\"_self\" rel=\"noopener\"> Familienvisum f\u00fcr Gro\u00dfbritannien <\/a><\/h3>\r\n<p><img loading=\"lazy\" decoding=\"async\" title=\"London\" src=\"https:\/\/ejavisa.com\/wp-content\/uploads\/2023\/04\/London.gif\" sizes=\"auto, (max-width: 768px) 100vw, 100vw\" alt=\"London\" width=\"500\" height=\"500\" \/><\/p>\r\n<h3>01.<\/h3>\r\n<h2>Ihre M\u00f6glichkeiten einsch\u00e4tzen.<\/h2>\r\n<p>Rezervoni nj\u00eb takim tani p\u00ebr t\u00eb diskutuar rreth mund\u00ebsive tuaja. Ne do t\u00eb vler\u00ebsojm\u00eb gjat\u00eb takimit shanset tuaja p\u00ebr tu pajisur me viz\u00eb Britanike si dhe do t&#8217;ju udh\u00ebzojm\u00eb mbi dokumentat p\u00ebrkat\u00ebse n\u00eb mb\u00ebshtetje t\u00eb aplikimit tuaj.<\/p>\r\n<h3>02.<\/h3>\r\n<h2>Erstellung von Dokumenten<\/h2>\r\n<p>Wir pr\u00fcfen Ihre Unterlagen und erstellen eine beglaubigte \u00dcbersetzung ins Englische.<\/p>\r\n<h3>03.<\/h3>\r\n<h2>Online-Visumantragsformular<\/h2>\r\n<p>Wir helfen Ihnen beim Ausf\u00fcllen des Online-Antragsformulars.<\/p>\r\n<h3>04.<\/h3>\r\n<h2>Bezahlung der Visumgeb\u00fchr<\/h2>\r\n<p>Wir oder Sie nehmen die Zahlung der Visumgeb\u00fchr \u00fcber die offizielle britische Website f\u00fcr Visumantr\u00e4ge vor.\u00a0<\/p>\r\n<h3>05.<\/h3>\r\n<h2>Abschlie\u00dfende \u00dcberpr\u00fcfung<\/h2>\r\n<p>Ne ju d\u00ebrgojm\u00eb udh\u00ebzimet se si t\u00eb organizoni dokumentet tuaja p\u00ebr t\u00eb vizituar qendr\u00ebn e vizave, si dhe p\u00ebrkthimet e dokumenteve dhe vet\u00eb formularit t\u00eb aplikimit me e-mail.\u00a0Ju do t\u00eb duhet vet\u00ebm t&#8217;i printoni ato!\u00a0P\u00ebrndryshe, ne mund t&#8217;i ngarkojm\u00eb dokumentet tuaja n\u00eb faqen e internetit t\u00eb Qendr\u00ebs s\u00eb Vizave n\u00eb MB.<\/p>\r\n<h3>06.<\/h3>\r\n<h2>Besuch im Visumzentrum<\/h2>\r\n<p>Ju vizitoni qendr\u00ebn e vizave n\u00eb dit\u00ebn dhe or\u00ebn e duhur. Ju jepni dokumentet tuaja dhe t\u00eb dh\u00ebnat biometrike. M\u00eb pas, do t&#8217;ju duhet t\u00eb prisni p\u00ebr vendimin dhe kur t\u00eb lajm\u00ebroheni n\u00eb adres\u00ebn tuaj t\u00eb email-it, mund t\u00eb t\u00ebrhiqni p\u00ebrs\u00ebri pasaport\u00ebn tuaj. Ju mund ta t\u00ebrhiqni pasaport\u00ebn nga qendra e vizave personalisht, ose n\u00ebp\u00ebrmjet sh\u00ebrbimit korrier.<\/p>\r\n<h3>Weitere Informationen?<\/h3>\r\n<h2>Lies einige unserer Beitr\u00e4ge.<\/h2>\r\n<h2>Unser Blog.<\/h2>\r\n<p>Lesen Sie die neuesten Nachrichten und Tipps, die von Eja Consulting \u00fcbersichtlich zusammengefasst wurden, um allen unseren Lesern zu helfen.<\/p>\r\n<h3>Unser B\u00fcro<\/h3>\r\n<p>Eja consulting ndodhet n\u00eb Bulevardin Bajram Curri, Qendra tregtare ETC, kati 3, Tirane<\/p>\r\n<p><a role=\"button\" href=\"https:\/\/goo.gl\/maps\/uY28hdzzRiUJYScWA\" target=\"_self\" rel=\"noopener\"> Positioniert <\/a><\/p>\r\n<h3>Schicken Sie uns eine E-Mail<\/h3>\r\n<p>Na d\u00ebrgoni nj\u00eb email dhe ne do t&#8217;ju p\u00ebrgjigjemi shum\u00eb shpejt p\u00ebr t\u00eb ju dh\u00ebn\u00eb \u00e7do informacion t\u00eb mundsh\u00ebm.<\/p>\r\n<p><a role=\"button\" href=\"\/de\/contact\/\" target=\"_self\" rel=\"noopener\"> F\u00fcllen Sie das Formular aus <\/a><\/p>\r\n<h3>Arbeiten bei EJA<\/h3>\r\n<p>Eja dhe puno pran\u00eb Eja Consulting.<\/p>\r\n<p><a role=\"button\" href=\"\/de\/about\/people\/\" target=\"_self\" rel=\"noopener\"> Stellenangebote anzeigen <\/a><\/p>\r\n<\/div><!-- .vgblk-rw-wrapper -->","protected":false},"excerpt":{"rendered":"<p>Eja N&#8217;Lond\u00ebr! Q\u00ebllimi yn\u00eb \u00ebsht\u00eb t\u00eb ofrojm\u00eb leht\u00ebsi, komoditet, dhe optimizim t\u00eb koh\u00ebs suaj, duke ju ofruar nj\u00eb sh\u00ebrbim model dhe t\u00eb thjesht\u00eb, duke ju k\u00ebshilluar mbi mund\u00ebsin\u00eb m\u00eb t\u00eb mir\u00eb dhe me kosto m\u00eb t\u00eb ul\u00ebt kohore dhe monetare.\u00a0 Rezervo nj\u00eb takim One-Stop-Shop Eja Consulting ka mbledhur nj\u00eb grup ekspert\u00ebsh p\u00ebr \u00e7\u00ebshtjet e vizave,&#8230;<\/p>","protected":false},"author":1,"featured_media":0,"parent":0,"menu_order":0,"comment_status":"closed","ping_status":"closed","template":"","meta":{"footnotes":""},"class_list":["post-13827","page","type-page","status-publish","hentry"],"_links":{"self":[{"href":"https:\/\/ejavisa.com\/de\/wp-json\/wp\/v2\/pages\/13827","targetHints":{"allow":["GET"]}}],"collection":[{"href":"https:\/\/ejavisa.com\/de\/wp-json\/wp\/v2\/pages"}],"about":[{"href":"https:\/\/ejavisa.com\/de\/wp-json\/wp\/v2\/types\/page"}],"author":[{"embeddable":true,"href":"https:\/\/ejavisa.com\/de\/wp-json\/wp\/v2\/users\/1"}],"replies":[{"embeddable":true,"href":"https:\/\/ejavisa.com\/de\/wp-json\/wp\/v2\/comments?post=13827"}],"version-history":[{"count":94,"href":"https:\/\/ejavisa.com\/de\/wp-json\/wp\/v2\/pages\/13827\/revisions"}],"predecessor-version":[{"id":988523,"href":"https:\/\/ejavisa.com\/de\/wp-json\/wp\/v2\/pages\/13827\/revisions\/988523"}],"wp:attachment":[{"href":"https:\/\/ejavisa.com\/de\/wp-json\/wp\/v2\/media?parent=13827"}],"curies":[{"name":"wp","href":"https:\/\/api.w.org\/{rel}","templated":true}]}}