{"id":988233,"date":"2023-04-02T15:43:30","date_gmt":"2023-04-02T15:43:30","guid":{"rendered":"https:\/\/ejavisa.com\/en\/?page_id=988233"},"modified":"2025-07-03T06:07:03","modified_gmt":"2025-07-03T06:07:03","slug":"viza-standarde-vizitori","status":"publish","type":"page","link":"https:\/\/ejavisa.com\/de\/viza-britanike\/viza-standarde-vizitori\/","title":{"rendered":"Viza standarde vizitori"},"content":{"rendered":"<div class=\"vgblk-rw-wrapper limit-wrapper\">\n<h1>\n\tAplikoni p\u00ebr viz\u00eb turistike n\u00eb Mbret\u00ebrin\u00eb e Bashkuar. \n\t<\/h1>\n\t<p>Aplikoni p\u00ebr viz\u00eb vizitori n\u00eb Mbret\u00ebrin\u00eb e Bashkuar. Viza standarte e vizitorit ju lejon t\u00eb hyni n\u00eb MB p\u00ebr nj\u00eb periudh\u00eb t\u00eb kufizuar kohore. Ne gjithashtu mund t&#8217;ju ndihmojm\u00eb t\u00eb aplikoni p\u00ebr nj\u00eb viz\u00eb biznesi e cila do t&#8217;ju lejoj\u00eb t\u00eb vizitoni MB n\u00ebse d\u00ebshironi t\u00eb kryeni takime pune afatshkurtra.<\/p>\n\t\t\t<a href=\"https:\/\/api.whatsapp.com\/send?phone=355697035626\" target=\"_self\" role=\"button\" rel=\"noopener\">\n\t\t\t\t\t\tNa Kontaktoni\n\t\t\t\t\t<\/a>\n\t<p><strong>Viza e vizitorit<\/strong> ju lejon t\u00eb vizitoni MB deri n\u00eb gjasht\u00eb muaj p\u00ebr arsyet e m\u00ebposhtme:<\/p>\n<ul>\n<li aria-level=\"1\">Turiz\u00ebm<\/li>\n<li aria-level=\"1\">P\u00ebr t\u00eb vizituar familjen dhe miqt\u00eb.<\/li>\n<li aria-level=\"1\">Udh\u00ebtime biznesi, duke p\u00ebrfshir\u00eb, pjes\u00ebmarrjen n\u00eb takime dhe konferenca<\/li>\n<li aria-level=\"1\">Ndjekja e nj\u00eb kursi t\u00eb shkurt\u00ebr studimi (tre deri n\u00eb gjasht\u00eb muaj n\u00eb nj\u00eb institucion t\u00eb akredituar).<\/li>\n<\/ul>\n<p>N\u00eb disa rrethana, viza e vizitorit ju lejon t\u00eb q\u00ebndroni n\u00eb MB m\u00eb gjat\u00eb:<\/p>\n<p>N\u00ebse do t\u00eb merrni pjes\u00eb n\u00eb k\u00ebrkime akademike dhe programe shk\u00ebmbimi dhe p\u00ebrmbushni k\u00ebrkesat e p\u00ebrshtatshm\u00ebris\u00eb, mund t\u00eb kualifikoheni p\u00ebr t\u00eb q\u00ebndruar n\u00eb MB deri n\u00eb 12 muaj dhe mund t\u00eb merrni me vete bashk\u00ebshortin dhe f\u00ebmij\u00ebt.\u00a0<\/p>\n<p>N\u00ebse do t\u00eb udh\u00ebtoni n\u00eb MB p\u00ebr trajtim mjek\u00ebsor privat, mund t&#8217;ju jepet nj\u00eb viz\u00eb q\u00eb ju lejon t\u00eb q\u00ebndroni deri n\u00eb 11 muaj.<\/p>\n<p>Ata q\u00eb duan t\u00eb t\u00eb vizitojn\u00eb shpesh Mbret\u00ebrin\u00eb e Bashkuar, mund t\u00eb aplikojn\u00eb p\u00ebr nj\u00eb viz\u00eb vizitori standarte afatgjat\u00eb (dy, pes\u00eb ose 10 vjet).\u00a0<\/p>\n\t\t\t\t\t\t\t<img decoding=\"async\" loading=\"lazy\" width=\"2560\" height=\"2560\" src=\"https:\/\/ejavisa.com\/en\/wp-content\/uploads\/2023\/04\/portrait-young-woman-taking-pictures-holiday-min-scaled.jpg\" alt=\"Touristenvisum f\u00fcr das Vereinigte K\u00f6nigreich\" itemprop=\"image\" title=\"Touristenvisum f\u00fcr das Vereinigte K\u00f6nigreich\" onerror=\"this.style.display='none'\"  sizes=\"auto, (max-width: 768px) 100vw, 100vw\" srcset=\"https:\/\/ejavisa.com\/wp-content\/uploads\/2023\/04\/portrait-young-woman-taking-pictures-holiday-min-scaled.jpg 2560w, https:\/\/ejavisa.com\/wp-content\/uploads\/2023\/04\/portrait-young-woman-taking-pictures-holiday-min-300x300.jpg 300w, https:\/\/ejavisa.com\/wp-content\/uploads\/2023\/04\/portrait-young-woman-taking-pictures-holiday-min-1024x1024.jpg 1024w, https:\/\/ejavisa.com\/wp-content\/uploads\/2023\/04\/portrait-young-woman-taking-pictures-holiday-min-150x150.jpg 150w, https:\/\/ejavisa.com\/wp-content\/uploads\/2023\/04\/portrait-young-woman-taking-pictures-holiday-min-768x768.jpg 768w, https:\/\/ejavisa.com\/wp-content\/uploads\/2023\/04\/portrait-young-woman-taking-pictures-holiday-min-1536x1536.jpg 1536w, https:\/\/ejavisa.com\/wp-content\/uploads\/2023\/04\/portrait-young-woman-taking-pictures-holiday-min-2048x2048.jpg 2048w, https:\/\/ejavisa.com\/wp-content\/uploads\/2023\/04\/portrait-young-woman-taking-pictures-holiday-min-1260x1260.jpg 1260w, https:\/\/ejavisa.com\/wp-content\/uploads\/2023\/04\/portrait-young-woman-taking-pictures-holiday-min-630x630.jpg 630w, https:\/\/ejavisa.com\/wp-content\/uploads\/2023\/04\/portrait-young-woman-taking-pictures-holiday-min-420x420.jpg 420w, https:\/\/ejavisa.com\/wp-content\/uploads\/2023\/04\/portrait-young-woman-taking-pictures-holiday-min-840x840.jpg 840w, https:\/\/ejavisa.com\/wp-content\/uploads\/2023\/04\/portrait-young-woman-taking-pictures-holiday-min-315x315.jpg 315w\" \/>\t\t\t\t\t\t\t\n<h4>\n\t\t\t<a href=\"https:\/\/ejavisa.com\/de\/viza-britanike\/viza-standarde-vizitori\/\" title=\"Touristenvisum f\u00fcr das Vereinigte K\u00f6nigreich\" target=\"_self\" rel=\"noopener\">\n\tTouristenvisum f\u00fcr das Vereinigte K\u00f6nigreich\n\t\t\t<\/a>\n\t<\/h4>\n\t\t\t\t\t\t\t<img decoding=\"async\" loading=\"lazy\" width=\"2560\" height=\"2560\" src=\"https:\/\/ejavisa.com\/en\/wp-content\/uploads\/2023\/04\/young-employee-sitting-office-desk-min-scaled.jpg\" alt=\"Besch\u00e4ftigung im Vereinigten K\u00f6nigreich\" itemprop=\"image\" title=\"Besch\u00e4ftigung im Vereinigten K\u00f6nigreich\" onerror=\"this.style.display='none'\"  sizes=\"auto, (max-width: 768px) 100vw, 100vw\" srcset=\"https:\/\/ejavisa.com\/wp-content\/uploads\/2023\/04\/young-employee-sitting-office-desk-min-scaled.jpg 2560w, https:\/\/ejavisa.com\/wp-content\/uploads\/2023\/04\/young-employee-sitting-office-desk-min-300x300.jpg 300w, https:\/\/ejavisa.com\/wp-content\/uploads\/2023\/04\/young-employee-sitting-office-desk-min-1024x1024.jpg 1024w, https:\/\/ejavisa.com\/wp-content\/uploads\/2023\/04\/young-employee-sitting-office-desk-min-150x150.jpg 150w, https:\/\/ejavisa.com\/wp-content\/uploads\/2023\/04\/young-employee-sitting-office-desk-min-768x768.jpg 768w, https:\/\/ejavisa.com\/wp-content\/uploads\/2023\/04\/young-employee-sitting-office-desk-min-1536x1536.jpg 1536w, https:\/\/ejavisa.com\/wp-content\/uploads\/2023\/04\/young-employee-sitting-office-desk-min-2048x2048.jpg 2048w, https:\/\/ejavisa.com\/wp-content\/uploads\/2023\/04\/young-employee-sitting-office-desk-min-1260x1260.jpg 1260w, https:\/\/ejavisa.com\/wp-content\/uploads\/2023\/04\/young-employee-sitting-office-desk-min-630x630.jpg 630w, https:\/\/ejavisa.com\/wp-content\/uploads\/2023\/04\/young-employee-sitting-office-desk-min-420x420.jpg 420w, https:\/\/ejavisa.com\/wp-content\/uploads\/2023\/04\/young-employee-sitting-office-desk-min-840x840.jpg 840w, https:\/\/ejavisa.com\/wp-content\/uploads\/2023\/04\/young-employee-sitting-office-desk-min-315x315.jpg 315w\" \/>\t\t\t\t\t\t\t\n<h4>\n\t\t\t<a href=\"https:\/\/ejavisa.com\/de\/viza-britanike\/vize-pune-ne-mbreterine-e-bashkuar\/\" title=\"Arbeitsvisum f\u00fcr Gro\u00dfbritannien\" target=\"_self\" rel=\"noopener\">\n\tArbeitsvisum f\u00fcr Gro\u00dfbritannien\n\t\t\t<\/a>\n\t<\/h4>\n\t\t\t\t\t\t\t<img decoding=\"async\" loading=\"lazy\" width=\"2560\" height=\"2560\" src=\"https:\/\/ejavisa.com\/en\/wp-content\/uploads\/2023\/04\/back-school-concept-with-woman-studying-library-min-1-scaled.jpg\" alt=\"Konzeptbild: Frau beim Lernen in der Bibliothek (1)\" itemprop=\"image\" title=\"Konzeptbild: Frau beim Lernen in der Bibliothek (1)\" onerror=\"this.style.display='none'\"  sizes=\"auto, (max-width: 768px) 100vw, 100vw\" srcset=\"https:\/\/ejavisa.com\/wp-content\/uploads\/2023\/04\/back-school-concept-with-woman-studying-library-min-1-scaled.jpg 2560w, https:\/\/ejavisa.com\/wp-content\/uploads\/2023\/04\/back-school-concept-with-woman-studying-library-min-1-300x300.jpg 300w, https:\/\/ejavisa.com\/wp-content\/uploads\/2023\/04\/back-school-concept-with-woman-studying-library-min-1-1024x1024.jpg 1024w, https:\/\/ejavisa.com\/wp-content\/uploads\/2023\/04\/back-school-concept-with-woman-studying-library-min-1-150x150.jpg 150w, https:\/\/ejavisa.com\/wp-content\/uploads\/2023\/04\/back-school-concept-with-woman-studying-library-min-1-768x768.jpg 768w, https:\/\/ejavisa.com\/wp-content\/uploads\/2023\/04\/back-school-concept-with-woman-studying-library-min-1-1536x1536.jpg 1536w, https:\/\/ejavisa.com\/wp-content\/uploads\/2023\/04\/back-school-concept-with-woman-studying-library-min-1-2048x2048.jpg 2048w, https:\/\/ejavisa.com\/wp-content\/uploads\/2023\/04\/back-school-concept-with-woman-studying-library-min-1-1260x1260.jpg 1260w, https:\/\/ejavisa.com\/wp-content\/uploads\/2023\/04\/back-school-concept-with-woman-studying-library-min-1-630x630.jpg 630w, https:\/\/ejavisa.com\/wp-content\/uploads\/2023\/04\/back-school-concept-with-woman-studying-library-min-1-420x420.jpg 420w, https:\/\/ejavisa.com\/wp-content\/uploads\/2023\/04\/back-school-concept-with-woman-studying-library-min-1-840x840.jpg 840w, https:\/\/ejavisa.com\/wp-content\/uploads\/2023\/04\/back-school-concept-with-woman-studying-library-min-1-315x315.jpg 315w\" \/>\t\t\t\t\t\t\t\n<h4>\n\t\t\t<a href=\"https:\/\/ejavisa.com\/de\/viza-britanike\/studio-ne-mbreterine-e-bashkuar\/\" title=\"Studienvisum f\u00fcr Gro\u00dfbritannien\" target=\"_self\" rel=\"noopener\">\n\tStudienvisum f\u00fcr Gro\u00dfbritannien\n\t\t\t<\/a>\n\t<\/h4>\n\t\t\t\t\t\t\t<img decoding=\"async\" loading=\"lazy\" width=\"300\" height=\"300\" src=\"https:\/\/ejavisa.com\/en\/wp-content\/uploads\/2023\/04\/parents-with-daughter-lying-autumn-leaves-park-min-300x300.jpg\" alt=\"Eltern mit ihrer Tochter, die in einem Park auf Herbstbl\u00e4ttern liegt\" itemprop=\"image\" title=\"Eltern mit ihrer Tochter, die in einem Park auf Herbstbl\u00e4ttern liegt\" onerror=\"this.style.display='none'\"  sizes=\"auto, (max-width: 768px) 100vw, 100vw\" srcset=\"https:\/\/ejavisa.com\/wp-content\/uploads\/2023\/04\/parents-with-daughter-lying-autumn-leaves-park-min-300x300.jpg 300w, https:\/\/ejavisa.com\/wp-content\/uploads\/2023\/04\/parents-with-daughter-lying-autumn-leaves-park-min-1024x1024.jpg 1024w, https:\/\/ejavisa.com\/wp-content\/uploads\/2023\/04\/parents-with-daughter-lying-autumn-leaves-park-min-150x150.jpg 150w, https:\/\/ejavisa.com\/wp-content\/uploads\/2023\/04\/parents-with-daughter-lying-autumn-leaves-park-min-768x768.jpg 768w, https:\/\/ejavisa.com\/wp-content\/uploads\/2023\/04\/parents-with-daughter-lying-autumn-leaves-park-min-1536x1536.jpg 1536w, https:\/\/ejavisa.com\/wp-content\/uploads\/2023\/04\/parents-with-daughter-lying-autumn-leaves-park-min-2048x2048.jpg 2048w, https:\/\/ejavisa.com\/wp-content\/uploads\/2023\/04\/parents-with-daughter-lying-autumn-leaves-park-min-1260x1260.jpg 1260w, https:\/\/ejavisa.com\/wp-content\/uploads\/2023\/04\/parents-with-daughter-lying-autumn-leaves-park-min-630x630.jpg 630w, https:\/\/ejavisa.com\/wp-content\/uploads\/2023\/04\/parents-with-daughter-lying-autumn-leaves-park-min-420x420.jpg 420w, https:\/\/ejavisa.com\/wp-content\/uploads\/2023\/04\/parents-with-daughter-lying-autumn-leaves-park-min-840x840.jpg 840w, https:\/\/ejavisa.com\/wp-content\/uploads\/2023\/04\/parents-with-daughter-lying-autumn-leaves-park-min-315x315.jpg 315w\" \/>\t\t\t\t\t\t\t\n<h4>\n\t\t\t<a href=\"https:\/\/ejavisa.com\/de\/viza-britanike\/apliko-per-vize-bashkeshortore-ne-mbreterine-e-bashkuar\/\" title=\"Familienvisum f\u00fcr Gro\u00dfbritannien\" target=\"_self\" rel=\"noopener\">\n\tFamilienvisum f\u00fcr Gro\u00dfbritannien\n\t\t\t<\/a>\n\t<\/h4>\n\t<p><b>Kufizimet e viz\u00ebs s\u00eb vizitorit.<\/b><\/p>\n<p>Ju nuk mund t\u00eb nd\u00ebrmerrni asnj\u00eb pun\u00eb t\u00eb paguar ose t\u00eb papaguar n\u00eb MB p\u00ebr k\u00ebt\u00eb viz\u00eb. Ju gjithashtu nuk mund t\u00eb k\u00ebrkoni fonde publike.<\/p>\n<p>N\u00ebse d\u00ebshironi t\u00eb studioni p\u00ebr m\u00eb shum\u00eb se gjasht\u00eb muaj, ju duhet t\u00eb pajiseni me viz\u00eb studentore dhe p\u00ebr tu martuar n\u00eb MB, ju duhet t\u00eb pajiseni me nj\u00eb viz\u00eb martese.<\/p>\n<p>Do t&#8217;ju duhet t&#8217;u provoni autoriteteve t\u00eb emigracionit n\u00eb Mbret\u00ebrin\u00eb e Bashkuar se do t\u00eb largoheni nga MB n\u00eb fund t\u00eb vizit\u00ebs suaj dhe se mund t\u00eb mbaheni financiarisht dhe t\u00eb akomodoheni n\u00eb MB pa k\u00ebrkuar fonde publike ose pa punuar.<\/p>\n<p><b>Si mund t\u00eb aplikoni?<\/b><\/p>\n<p>Aplikimi p\u00ebr viz\u00eb vizitori b\u00ebhet online n\u00ebp\u00ebrmjet faqes s\u00eb dedikuar t\u00eb qeveris\u00eb Britanike. P\u00ebr me tep\u00ebr infomacion na kontaktoni.<\/p>\n\n<\/div><!-- .vgblk-rw-wrapper -->","protected":false},"excerpt":{"rendered":"<p>Aplikoni p\u00ebr viz\u00eb turistike n\u00eb Mbret\u00ebrin\u00eb e Bashkuar. Aplikoni p\u00ebr viz\u00eb vizitori n\u00eb Mbret\u00ebrin\u00eb e Bashkuar. Viza standarte e vizitorit ju lejon t\u00eb hyni n\u00eb MB p\u00ebr nj\u00eb periudh\u00eb t\u00eb kufizuar kohore. Ne gjithashtu mund t&#8217;ju ndihmojm\u00eb t\u00eb aplikoni p\u00ebr nj\u00eb viz\u00eb biznesi e cila do t&#8217;ju lejoj\u00eb t\u00eb vizitoni MB n\u00ebse d\u00ebshironi t\u00eb kryeni&#8230;<\/p>","protected":false},"author":1,"featured_media":0,"parent":988342,"menu_order":0,"comment_status":"closed","ping_status":"closed","template":"","meta":{"footnotes":""},"class_list":["post-988233","page","type-page","status-publish","hentry"],"_links":{"self":[{"href":"https:\/\/ejavisa.com\/de\/wp-json\/wp\/v2\/pages\/988233","targetHints":{"allow":["GET"]}}],"collection":[{"href":"https:\/\/ejavisa.com\/de\/wp-json\/wp\/v2\/pages"}],"about":[{"href":"https:\/\/ejavisa.com\/de\/wp-json\/wp\/v2\/types\/page"}],"author":[{"embeddable":true,"href":"https:\/\/ejavisa.com\/de\/wp-json\/wp\/v2\/users\/1"}],"replies":[{"embeddable":true,"href":"https:\/\/ejavisa.com\/de\/wp-json\/wp\/v2\/comments?post=988233"}],"version-history":[{"count":37,"href":"https:\/\/ejavisa.com\/de\/wp-json\/wp\/v2\/pages\/988233\/revisions"}],"predecessor-version":[{"id":988648,"href":"https:\/\/ejavisa.com\/de\/wp-json\/wp\/v2\/pages\/988233\/revisions\/988648"}],"up":[{"embeddable":true,"href":"https:\/\/ejavisa.com\/de\/wp-json\/wp\/v2\/pages\/988342"}],"wp:attachment":[{"href":"https:\/\/ejavisa.com\/de\/wp-json\/wp\/v2\/media?parent=988233"}],"curies":[{"name":"wp","href":"https:\/\/api.w.org\/{rel}","templated":true}]}}