{"id":988503,"date":"2023-04-05T22:11:25","date_gmt":"2023-04-05T22:11:25","guid":{"rendered":"https:\/\/ejavisa.com\/?page_id=988503"},"modified":"2023-04-25T13:58:28","modified_gmt":"2023-04-25T13:58:28","slug":"apliko-per-etias","status":"publish","type":"page","link":"https:\/\/ejavisa.com\/de\/apliko-per-etias\/","title":{"rendered":"Apliko p\u00ebr ETIAS"},"content":{"rendered":"<div class=\"vgblk-rw-wrapper limit-wrapper\">\n<h2>\n\t\u00c7far\u00eb \u00ebsht\u00eb ETIAS?\n\t<\/h2>\n\t<p>Apliko per ETIAS. Sistemi Evropian i Informacionit t\u00eb Udh\u00ebtimeve. N\u00eb N\u00ebntor t\u00eb vitit 2016 ai u njoh nga Komisioni Evropian dhe miratua me ligj n\u00eb Shtator t\u00eb vitit 2018.<\/p>\n\t\t\t<a href=\"https:\/\/api.whatsapp.com\/send?phone=355697035626\" target=\"_self\" role=\"button\" rel=\"noopener\">\n\t\t\t\t\t\tNa Kontaktoni\n\t\t\t\t\t<\/a>\n\t<p>Q\u00ebllimi kryesor i ETIAS ishte p\u00ebrmir\u00ebsimi i siguris\u00eb s\u00eb vendeve q\u00eb b\u00ebjn\u00eb pjes\u00eb n\u00eb BE, brenda rajonit Shengen , duke b\u00ebr\u00eb t\u00eb mundur q\u00eb udh\u00ebtar\u00ebt t\u00eb vizitojn\u00eb zon\u00ebn Shengen pa viza.<\/p>\n<p>ETIAS do te kontrolloje udh\u00ebtaret nga &#8220;vendet e treta&#8221; , t\u00eb cil\u00ebt jan\u00eb qytetar\u00eb nga shtetet q\u00eb nuk kan\u00eb nevoj\u00eb p\u00ebr viz\u00eb Shengen. Shqyrtimi do t\u00eb ket\u00eb lidhje me kontrollin e terrorizmit ose me rreziqet q\u00eb lidhen me emigracionin.<\/p>\n<p>Objektivi \u00ebsht\u00eb q\u00eb t\u00eb identifikohen qytetar\u00eb q\u00eb paraqesin k\u00ebrc\u00ebnim p\u00ebr sigurin\u00eb p\u00ebrpara se t\u00eb udhetojn\u00eb n\u00eb zon\u00ebn Shengen. ETIAS n\u00ebnkupton heqjen e vizave dhe nuk \u00ebsht\u00eb nj\u00eb viz\u00eb.<\/p>\n<p>Individ\u00ebt q\u00eb vizitojn\u00eb vendet anetar\u00eb Evropiane pa viza , do t\u00eb duhet t\u00eb pajisen me ETIAS n\u00eb vitin 2024 e n\u00eb vazhdim\u00ebsi. Vet\u00ebm mbajt\u00ebsit e pasaportave t\u00eb tregut t\u00eb BE-s\u00eb jane te p\u00ebrjashtuar nga ETIAS.<\/p>\n<h3>\n\tDisa viza Britanike\n\t<\/h3>\n\t\t\t\t\t\t\t<img decoding=\"async\" loading=\"lazy\" width=\"2560\" height=\"2560\" src=\"https:\/\/ejavisa.com\/en\/wp-content\/uploads\/2023\/04\/portrait-young-woman-taking-pictures-holiday-min-scaled.jpg\" alt=\"portrait-young-woman-taking-pictures-holiday-min\" itemprop=\"image\" title=\"portrait-young-woman-taking-pictures-holiday-min\" onerror=\"this.style.display='none'\"  sizes=\"auto, (max-width: 768px) 100vw, 100vw\" srcset=\"https:\/\/ejavisa.com\/wp-content\/uploads\/2023\/04\/portrait-young-woman-taking-pictures-holiday-min-scaled.jpg 2560w, https:\/\/ejavisa.com\/wp-content\/uploads\/2023\/04\/portrait-young-woman-taking-pictures-holiday-min-300x300.jpg 300w, https:\/\/ejavisa.com\/wp-content\/uploads\/2023\/04\/portrait-young-woman-taking-pictures-holiday-min-1024x1024.jpg 1024w, https:\/\/ejavisa.com\/wp-content\/uploads\/2023\/04\/portrait-young-woman-taking-pictures-holiday-min-150x150.jpg 150w, https:\/\/ejavisa.com\/wp-content\/uploads\/2023\/04\/portrait-young-woman-taking-pictures-holiday-min-768x768.jpg 768w, https:\/\/ejavisa.com\/wp-content\/uploads\/2023\/04\/portrait-young-woman-taking-pictures-holiday-min-1536x1536.jpg 1536w, https:\/\/ejavisa.com\/wp-content\/uploads\/2023\/04\/portrait-young-woman-taking-pictures-holiday-min-2048x2048.jpg 2048w, https:\/\/ejavisa.com\/wp-content\/uploads\/2023\/04\/portrait-young-woman-taking-pictures-holiday-min-1260x1260.jpg 1260w, https:\/\/ejavisa.com\/wp-content\/uploads\/2023\/04\/portrait-young-woman-taking-pictures-holiday-min-630x630.jpg 630w, https:\/\/ejavisa.com\/wp-content\/uploads\/2023\/04\/portrait-young-woman-taking-pictures-holiday-min-420x420.jpg 420w, https:\/\/ejavisa.com\/wp-content\/uploads\/2023\/04\/portrait-young-woman-taking-pictures-holiday-min-840x840.jpg 840w, https:\/\/ejavisa.com\/wp-content\/uploads\/2023\/04\/portrait-young-woman-taking-pictures-holiday-min-315x315.jpg 315w\" \/>\t\t\t\t\t\t\t\n<h4>\n\tTouristenvisum f\u00fcr das Vereinigte K\u00f6nigreich\n\t<\/h4>\n\t\t\t\t\t\t\t<img decoding=\"async\" loading=\"lazy\" width=\"2560\" height=\"2560\" src=\"https:\/\/ejavisa.com\/en\/wp-content\/uploads\/2023\/04\/young-employee-sitting-office-desk-min-scaled.jpg\" alt=\"young-employee-sitting-office-desk-min\" itemprop=\"image\" title=\"young-employee-sitting-office-desk-min\" onerror=\"this.style.display='none'\"  sizes=\"auto, (max-width: 768px) 100vw, 100vw\" srcset=\"https:\/\/ejavisa.com\/wp-content\/uploads\/2023\/04\/young-employee-sitting-office-desk-min-scaled.jpg 2560w, https:\/\/ejavisa.com\/wp-content\/uploads\/2023\/04\/young-employee-sitting-office-desk-min-300x300.jpg 300w, https:\/\/ejavisa.com\/wp-content\/uploads\/2023\/04\/young-employee-sitting-office-desk-min-1024x1024.jpg 1024w, https:\/\/ejavisa.com\/wp-content\/uploads\/2023\/04\/young-employee-sitting-office-desk-min-150x150.jpg 150w, https:\/\/ejavisa.com\/wp-content\/uploads\/2023\/04\/young-employee-sitting-office-desk-min-768x768.jpg 768w, https:\/\/ejavisa.com\/wp-content\/uploads\/2023\/04\/young-employee-sitting-office-desk-min-1536x1536.jpg 1536w, https:\/\/ejavisa.com\/wp-content\/uploads\/2023\/04\/young-employee-sitting-office-desk-min-2048x2048.jpg 2048w, https:\/\/ejavisa.com\/wp-content\/uploads\/2023\/04\/young-employee-sitting-office-desk-min-1260x1260.jpg 1260w, https:\/\/ejavisa.com\/wp-content\/uploads\/2023\/04\/young-employee-sitting-office-desk-min-630x630.jpg 630w, https:\/\/ejavisa.com\/wp-content\/uploads\/2023\/04\/young-employee-sitting-office-desk-min-420x420.jpg 420w, https:\/\/ejavisa.com\/wp-content\/uploads\/2023\/04\/young-employee-sitting-office-desk-min-840x840.jpg 840w, https:\/\/ejavisa.com\/wp-content\/uploads\/2023\/04\/young-employee-sitting-office-desk-min-315x315.jpg 315w\" \/>\t\t\t\t\t\t\t\n<h4>\n\tArbeitsvisum f\u00fcr Gro\u00dfbritannien\n\t<\/h4>\n\t\t\t\t\t\t\t<img decoding=\"async\" loading=\"lazy\" width=\"2560\" height=\"2560\" src=\"https:\/\/ejavisa.com\/en\/wp-content\/uploads\/2023\/04\/back-school-concept-with-woman-studying-library-min-1-scaled.jpg\" alt=\"Konzeptbild: Frau beim Lernen in der Bibliothek (1)\" itemprop=\"image\" title=\"Konzeptbild: Frau beim Lernen in der Bibliothek (1)\" onerror=\"this.style.display='none'\"  sizes=\"auto, (max-width: 768px) 100vw, 100vw\" srcset=\"https:\/\/ejavisa.com\/wp-content\/uploads\/2023\/04\/back-school-concept-with-woman-studying-library-min-1-scaled.jpg 2560w, https:\/\/ejavisa.com\/wp-content\/uploads\/2023\/04\/back-school-concept-with-woman-studying-library-min-1-300x300.jpg 300w, https:\/\/ejavisa.com\/wp-content\/uploads\/2023\/04\/back-school-concept-with-woman-studying-library-min-1-1024x1024.jpg 1024w, https:\/\/ejavisa.com\/wp-content\/uploads\/2023\/04\/back-school-concept-with-woman-studying-library-min-1-150x150.jpg 150w, https:\/\/ejavisa.com\/wp-content\/uploads\/2023\/04\/back-school-concept-with-woman-studying-library-min-1-768x768.jpg 768w, https:\/\/ejavisa.com\/wp-content\/uploads\/2023\/04\/back-school-concept-with-woman-studying-library-min-1-1536x1536.jpg 1536w, https:\/\/ejavisa.com\/wp-content\/uploads\/2023\/04\/back-school-concept-with-woman-studying-library-min-1-2048x2048.jpg 2048w, https:\/\/ejavisa.com\/wp-content\/uploads\/2023\/04\/back-school-concept-with-woman-studying-library-min-1-1260x1260.jpg 1260w, https:\/\/ejavisa.com\/wp-content\/uploads\/2023\/04\/back-school-concept-with-woman-studying-library-min-1-630x630.jpg 630w, https:\/\/ejavisa.com\/wp-content\/uploads\/2023\/04\/back-school-concept-with-woman-studying-library-min-1-420x420.jpg 420w, https:\/\/ejavisa.com\/wp-content\/uploads\/2023\/04\/back-school-concept-with-woman-studying-library-min-1-840x840.jpg 840w, https:\/\/ejavisa.com\/wp-content\/uploads\/2023\/04\/back-school-concept-with-woman-studying-library-min-1-315x315.jpg 315w\" \/>\t\t\t\t\t\t\t\n<h4>\n\tStudienvisum f\u00fcr Gro\u00dfbritannien\n\t<\/h4>\n\t\t\t\t\t\t\t<img decoding=\"async\" loading=\"lazy\" width=\"300\" height=\"300\" src=\"https:\/\/ejavisa.com\/en\/wp-content\/uploads\/2023\/04\/parents-with-daughter-lying-autumn-leaves-park-min-300x300.jpg\" alt=\"Eltern mit ihrer Tochter, die in einem Park auf Herbstbl\u00e4ttern liegt\" itemprop=\"image\" title=\"Eltern mit ihrer Tochter, die in einem Park auf Herbstbl\u00e4ttern liegt\" onerror=\"this.style.display='none'\"  sizes=\"auto, (max-width: 768px) 100vw, 100vw\" srcset=\"https:\/\/ejavisa.com\/wp-content\/uploads\/2023\/04\/parents-with-daughter-lying-autumn-leaves-park-min-300x300.jpg 300w, https:\/\/ejavisa.com\/wp-content\/uploads\/2023\/04\/parents-with-daughter-lying-autumn-leaves-park-min-1024x1024.jpg 1024w, https:\/\/ejavisa.com\/wp-content\/uploads\/2023\/04\/parents-with-daughter-lying-autumn-leaves-park-min-150x150.jpg 150w, https:\/\/ejavisa.com\/wp-content\/uploads\/2023\/04\/parents-with-daughter-lying-autumn-leaves-park-min-768x768.jpg 768w, https:\/\/ejavisa.com\/wp-content\/uploads\/2023\/04\/parents-with-daughter-lying-autumn-leaves-park-min-1536x1536.jpg 1536w, https:\/\/ejavisa.com\/wp-content\/uploads\/2023\/04\/parents-with-daughter-lying-autumn-leaves-park-min-2048x2048.jpg 2048w, https:\/\/ejavisa.com\/wp-content\/uploads\/2023\/04\/parents-with-daughter-lying-autumn-leaves-park-min-1260x1260.jpg 1260w, https:\/\/ejavisa.com\/wp-content\/uploads\/2023\/04\/parents-with-daughter-lying-autumn-leaves-park-min-630x630.jpg 630w, https:\/\/ejavisa.com\/wp-content\/uploads\/2023\/04\/parents-with-daughter-lying-autumn-leaves-park-min-420x420.jpg 420w, https:\/\/ejavisa.com\/wp-content\/uploads\/2023\/04\/parents-with-daughter-lying-autumn-leaves-park-min-840x840.jpg 840w, https:\/\/ejavisa.com\/wp-content\/uploads\/2023\/04\/parents-with-daughter-lying-autumn-leaves-park-min-315x315.jpg 315w\" \/>\t\t\t\t\t\t\t\n<h4>\n\tFamilienvisum f\u00fcr Gro\u00dfbritannien\n\t<\/h4>\n<p><strong>ETIAS \u00ebsht\u00eb bazuar n\u00eb kat\u00ebr arsye kryesore:<\/strong><\/p>\n<ol>\n<li>Ka shum\u00eb individ\u00eb q\u00eb vizitoj\u00eb Evrop\u00ebn , rreth 50 milion\u00eb vizitor\u00eb vitin e kaluar dhe mbi 200 milion hyrje .<\/li>\n<li>Numri i emigrant\u00ebve q\u00eb k\u00ebrkojn\u00eb azil p\u00ebr disa lloj arsyesh , duke p\u00ebrfshir\u00eb k\u00ebshtu luft\u00ebn , persekutimin , p\u00ebrfitimet ekonomike etj , \u00ebsht\u00eb rritur ndjesh\u00ebm vitet e fundit .<\/li>\n<li>Incidentet terroriste jan\u00eb shtuar m\u00eb shum\u00eb dhe kjo ka sjell\u00eb shqet\u00ebsime p\u00ebr qytetar\u00ebt e Evrop\u00ebs , vendet q\u00eb jan\u00eb prekur koh\u00ebt e fundit jan\u00eb : Franca, Blegjika , Gjermania , Spanja .<\/li>\n<li>Komunikimi elektronik ka sjell\u00eb avantazh, sa i p\u00ebrket marrjes s\u00eb informacionit q\u00eb ndihmon\u00a0 autoritetet e kufirit Evropian dhe personelin e siguris\u00eb.<\/li>\n<\/ol>\n<p><strong>Cilat vende jan\u00eb n\u00eb zon\u00ebn Shengen?<\/strong><\/p>\n<p>Jan\u00eb tre lloj kategorish t\u00eb ndryshme te vendeve t\u00eb zon\u00ebs Evropiane t\u00eb Shengenit. 26 vendet e Shengenit jan\u00eb n\u00eb t\u00ebr\u00ebsi t\u00eb nj\u00ebjta me 27 vendet n\u00eb Bashkimin Evropian , por ka q\u00eb jan\u00eb n\u00eb Shengen dhe jo n\u00eb BE dhe anasjelltas. Vendet e Shengenit kan\u00eb rregulla uniforme t\u00eb emigracionit dhe lirin\u00eb e l\u00ebvizjes p\u00ebr shtetasit e nj\u00ebri-tjetrit.<\/p>\n<ul>\n<li>N\u00eb kategorin\u00eb e par\u00eb p\u00ebrfshihen shtetas te BE-s\u00eb dhe Shengenit , nuk kan\u00eb kufizime.<\/li>\n<li>N\u00eb kategorin\u00eb e dyt\u00eb p\u00ebrfshihen shtetas t\u00eb nj\u00eb numri t\u00eb madh vendesh joevropiane. Ata nuk kan\u00eb nevoj\u00eb p\u00ebr viz\u00eb p\u00ebr t\u00eb vizituar Evrop\u00ebn, por ka kufizime p\u00ebr q\u00ebndrimin e tyre dhe se cfare mund t\u00eb b\u00ebjn\u00eb atje . N\u00eb ve\u00e7anti n\u00ebse duan t\u00eb studiojn\u00eb , punojn\u00eb ose jetojn\u00eb m\u00eb shum\u00eb se 3 muaj n\u00eb \u00e7do her\u00eb .Ky grup do t\u00eb preket nga ETIAS , n\u00eb k\u00ebt\u00eb grup b\u00ebjn\u00eb pjes\u00eb Amerikanet , Kandezet , Austrilianet , Japonezet ,Malajzianet dhe shum\u00eb t\u00eb tjer\u00eb. .Ky grup mund t\u00eb k\u00ebrkoj\u00eb \u00a0heqjen e vizave ETIAS .<\/li>\n<li>Ne kategorin\u00eb e tret\u00eb p\u00ebrfshihen shtetas t\u00eb vendeve joevropiane q\u00eb ju nevojiten viza p\u00ebrpara se t\u00eb shkojn\u00eb n\u00eb Evrop\u00eb , shumica e k\u00ebtyre individ\u00ebve jan\u00eb nga shtetet me t\u00eb varfra t\u00eb bote\u00eb ose q\u00eb kan\u00eb lidhje m\u00eb pak t\u00eb forta kulturore dhe ekonomike me BE-n\u00eb.<\/li>\n<\/ul>\n\n<\/div><!-- .vgblk-rw-wrapper -->","protected":false},"excerpt":{"rendered":"<p>\u00c7far\u00eb \u00ebsht\u00eb ETIAS? Apliko per ETIAS. Sistemi Evropian i Informacionit t\u00eb Udh\u00ebtimeve. N\u00eb N\u00ebntor t\u00eb vitit 2016 ai u njoh nga Komisioni Evropian dhe miratua me ligj n\u00eb Shtator t\u00eb vitit 2018. Na Kontaktoni Q\u00ebllimi kryesor i ETIAS ishte p\u00ebrmir\u00ebsimi i siguris\u00eb s\u00eb vendeve q\u00eb b\u00ebjn\u00eb pjes\u00eb n\u00eb BE, brenda rajonit Shengen , duke b\u00ebr\u00eb&#8230;<\/p>","protected":false},"author":1,"featured_media":0,"parent":0,"menu_order":0,"comment_status":"closed","ping_status":"closed","template":"","meta":{"footnotes":""},"class_list":["post-988503","page","type-page","status-publish","hentry"],"_links":{"self":[{"href":"https:\/\/ejavisa.com\/de\/wp-json\/wp\/v2\/pages\/988503","targetHints":{"allow":["GET"]}}],"collection":[{"href":"https:\/\/ejavisa.com\/de\/wp-json\/wp\/v2\/pages"}],"about":[{"href":"https:\/\/ejavisa.com\/de\/wp-json\/wp\/v2\/types\/page"}],"author":[{"embeddable":true,"href":"https:\/\/ejavisa.com\/de\/wp-json\/wp\/v2\/users\/1"}],"replies":[{"embeddable":true,"href":"https:\/\/ejavisa.com\/de\/wp-json\/wp\/v2\/comments?post=988503"}],"version-history":[{"count":4,"href":"https:\/\/ejavisa.com\/de\/wp-json\/wp\/v2\/pages\/988503\/revisions"}],"predecessor-version":[{"id":988536,"href":"https:\/\/ejavisa.com\/de\/wp-json\/wp\/v2\/pages\/988503\/revisions\/988536"}],"wp:attachment":[{"href":"https:\/\/ejavisa.com\/de\/wp-json\/wp\/v2\/media?parent=988503"}],"curies":[{"name":"wp","href":"https:\/\/api.w.org\/{rel}","templated":true}]}}