{"id":988544,"date":"2023-08-23T11:34:23","date_gmt":"2023-08-23T11:34:23","guid":{"rendered":"https:\/\/ejavisa.com\/?page_id=988544"},"modified":"2026-04-02T08:55:15","modified_gmt":"2026-04-02T08:55:15","slug":"faq","status":"publish","type":"page","link":"https:\/\/ejavisa.com\/de\/faq\/","title":{"rendered":"Pyetjet q\u00eb b\u00ebhen m\u00eb shpesh"},"content":{"rendered":"<div class=\"vgblk-rw-wrapper limit-wrapper\">\n<h2>\n\tPyetjet q\u00eb b\u00ebhen m\u00eb shpesh.\n\t<\/h2>\n<h4>\n\t\tSi mund t\u00eb aplikoj\u00eb p\u00ebr viz\u00eb britanike?\n\t<\/h4>\n\t<p>P\u00ebr t\u00eb aplikuar p\u00ebr nj\u00eb viz\u00eb britanike, ju duhet q\u00eb t\u00eb p\u00ebrmbushni kushtet financiare edhe n\u00eb rastin kur ju fton dikush dhe ju mbulon shpenzimet e udh\u00ebtimit. Ju duhet t\u00eb jeni t\u00eb pun\u00ebsuar dhe paga juaj duhet t\u00eb kaloj\u00eb n\u00eb bank\u00eb. Gjithashtu duhet t\u00eb keni kursime n\u00eb var\u00ebsi t\u00eb t\u00eb ardhurave tuaja.<\/p>\n<h4>\n\t\tSa zgjat procedura e marrjes s\u00eb viz\u00ebs?\n\t<\/h4>\n\t<p>N\u00eb var\u00ebsi t\u00eb llojit t\u00eb viz\u00ebs, procedura e marrjes s\u00eb viz\u00ebs zgjat 3-4 jav\u00eb nga momenti i dh\u00ebnies s\u00eb shenjave t\u00eb gishtave. Takimet p\u00ebr dh\u00ebnien e shenjave t\u00eb gishtave jan\u00eb 5 dit\u00eb nga momenti i aplikimit online.<\/p>\n<h4>\n\t\tSa \u00ebsht\u00eb kosto e procedur\u00ebs s\u00eb viz\u00ebs Britanike?\n\t<\/h4>\n\t<p>Tarifat zyrtare t\u00eb vizave jan\u00eb t\u00eb publikuara n\u00eb faqen zyrtare t\u00eb qeveris\u00eb Britanike dhe jan\u00eb t\u00eb ndryshme p\u00ebr koh\u00ebzgjatje t\u00eb ndryshme. Tarifa e viz\u00ebs pagohet nga vet\u00eb aplikanti n\u00ebp\u00ebrmjet kart\u00ebs s\u00eb tij\/saj. Tarifat zyrtare jan\u00eb: Viz\u00eb 6 mujore &#8211; 250 Euro, Viz\u00eb 2 vje\u00e7are &#8211; 671 Euro, Viz\u00eb 5 vje\u00e7are &#8211; 1130 Euro, Viz\u00eb 10 vje\u00e7are &#8211; 1400 Euro. Tarifa e sh\u00ebrbimit t\u00eb zyr\u00ebs \u00ebsht\u00eb n\u00eb var\u00ebsi t\u00eb rastit, volumit t\u00eb dokumentave, llojit t\u00eb viz\u00ebs dhe p\u00ebrcaktohet pas takimit paraprak gjat\u00eb konsulenc\u00ebs.<\/p>\n<h4>\n\t\tA mund t\u00eb aplikoj\u00eb p\u00ebr viz\u00eb Britanike n\u00eb jetoj dhe punoj jasht\u00eb Shqip\u00ebris\u00eb?\n\t<\/h4>\n\t<p>Po, ju mund t\u00eb aplikoni nga vendi ku jetoni dhe punoni n\u00ebse jeni t\u00eb pajisur me leje q\u00ebndrimi n\u00eb vendin ku jetoni dhe punoni. Procedura \u00ebsht\u00eb online dhe kryhet e gjitha nga zyra jon\u00eb pasi na d\u00ebrgoni dokumentet dhe mund t\u00eb jepni shenjat e gishtave aty ku ju jetoni dhe punoni.<\/p>\n<h3>\n\tDisa viza Britanike\n\t<\/h3>\n\t\t\t\t\t\t\t<img decoding=\"async\" loading=\"lazy\" width=\"2560\" height=\"2560\" src=\"https:\/\/ejavisa.com\/en\/wp-content\/uploads\/2023\/04\/portrait-young-woman-taking-pictures-holiday-min-scaled.jpg\" alt=\"Touristenvisum f\u00fcr das Vereinigte K\u00f6nigreich\" itemprop=\"image\" title=\"Touristenvisum f\u00fcr das Vereinigte K\u00f6nigreich\" onerror=\"this.style.display='none'\"  sizes=\"auto, (max-width: 768px) 100vw, 100vw\" srcset=\"https:\/\/ejavisa.com\/wp-content\/uploads\/2023\/04\/portrait-young-woman-taking-pictures-holiday-min-scaled.jpg 2560w, https:\/\/ejavisa.com\/wp-content\/uploads\/2023\/04\/portrait-young-woman-taking-pictures-holiday-min-300x300.jpg 300w, https:\/\/ejavisa.com\/wp-content\/uploads\/2023\/04\/portrait-young-woman-taking-pictures-holiday-min-1024x1024.jpg 1024w, https:\/\/ejavisa.com\/wp-content\/uploads\/2023\/04\/portrait-young-woman-taking-pictures-holiday-min-150x150.jpg 150w, https:\/\/ejavisa.com\/wp-content\/uploads\/2023\/04\/portrait-young-woman-taking-pictures-holiday-min-768x768.jpg 768w, https:\/\/ejavisa.com\/wp-content\/uploads\/2023\/04\/portrait-young-woman-taking-pictures-holiday-min-1536x1536.jpg 1536w, https:\/\/ejavisa.com\/wp-content\/uploads\/2023\/04\/portrait-young-woman-taking-pictures-holiday-min-2048x2048.jpg 2048w, https:\/\/ejavisa.com\/wp-content\/uploads\/2023\/04\/portrait-young-woman-taking-pictures-holiday-min-1260x1260.jpg 1260w, https:\/\/ejavisa.com\/wp-content\/uploads\/2023\/04\/portrait-young-woman-taking-pictures-holiday-min-630x630.jpg 630w, https:\/\/ejavisa.com\/wp-content\/uploads\/2023\/04\/portrait-young-woman-taking-pictures-holiday-min-420x420.jpg 420w, https:\/\/ejavisa.com\/wp-content\/uploads\/2023\/04\/portrait-young-woman-taking-pictures-holiday-min-840x840.jpg 840w, https:\/\/ejavisa.com\/wp-content\/uploads\/2023\/04\/portrait-young-woman-taking-pictures-holiday-min-315x315.jpg 315w\" \/>\t\t\t\t\t\t\t\n<h4>\n\tTouristenvisum f\u00fcr das Vereinigte K\u00f6nigreich\n\t<\/h4>\n\t\t\t\t\t\t\t<img decoding=\"async\" loading=\"lazy\" width=\"2560\" height=\"2560\" src=\"https:\/\/ejavisa.com\/en\/wp-content\/uploads\/2023\/04\/young-employee-sitting-office-desk-min-scaled.jpg\" alt=\"Besch\u00e4ftigung im Vereinigten K\u00f6nigreich\" itemprop=\"image\" title=\"Besch\u00e4ftigung im Vereinigten K\u00f6nigreich\" onerror=\"this.style.display='none'\"  sizes=\"auto, (max-width: 768px) 100vw, 100vw\" srcset=\"https:\/\/ejavisa.com\/wp-content\/uploads\/2023\/04\/young-employee-sitting-office-desk-min-scaled.jpg 2560w, https:\/\/ejavisa.com\/wp-content\/uploads\/2023\/04\/young-employee-sitting-office-desk-min-300x300.jpg 300w, https:\/\/ejavisa.com\/wp-content\/uploads\/2023\/04\/young-employee-sitting-office-desk-min-1024x1024.jpg 1024w, https:\/\/ejavisa.com\/wp-content\/uploads\/2023\/04\/young-employee-sitting-office-desk-min-150x150.jpg 150w, https:\/\/ejavisa.com\/wp-content\/uploads\/2023\/04\/young-employee-sitting-office-desk-min-768x768.jpg 768w, https:\/\/ejavisa.com\/wp-content\/uploads\/2023\/04\/young-employee-sitting-office-desk-min-1536x1536.jpg 1536w, https:\/\/ejavisa.com\/wp-content\/uploads\/2023\/04\/young-employee-sitting-office-desk-min-2048x2048.jpg 2048w, https:\/\/ejavisa.com\/wp-content\/uploads\/2023\/04\/young-employee-sitting-office-desk-min-1260x1260.jpg 1260w, https:\/\/ejavisa.com\/wp-content\/uploads\/2023\/04\/young-employee-sitting-office-desk-min-630x630.jpg 630w, https:\/\/ejavisa.com\/wp-content\/uploads\/2023\/04\/young-employee-sitting-office-desk-min-420x420.jpg 420w, https:\/\/ejavisa.com\/wp-content\/uploads\/2023\/04\/young-employee-sitting-office-desk-min-840x840.jpg 840w, https:\/\/ejavisa.com\/wp-content\/uploads\/2023\/04\/young-employee-sitting-office-desk-min-315x315.jpg 315w\" \/>\t\t\t\t\t\t\t\n<h4>\n\tArbeitsvisum f\u00fcr Gro\u00dfbritannien\n\t<\/h4>\n\t\t\t\t\t\t\t<img decoding=\"async\" loading=\"lazy\" width=\"2560\" height=\"2560\" src=\"https:\/\/ejavisa.com\/en\/wp-content\/uploads\/2023\/04\/back-school-concept-with-woman-studying-library-min-1-scaled.jpg\" alt=\"Konzeptbild: Frau beim Lernen in der Bibliothek (1)\" itemprop=\"image\" title=\"Konzeptbild: Frau beim Lernen in der Bibliothek (1)\" onerror=\"this.style.display='none'\"  sizes=\"auto, (max-width: 768px) 100vw, 100vw\" srcset=\"https:\/\/ejavisa.com\/wp-content\/uploads\/2023\/04\/back-school-concept-with-woman-studying-library-min-1-scaled.jpg 2560w, https:\/\/ejavisa.com\/wp-content\/uploads\/2023\/04\/back-school-concept-with-woman-studying-library-min-1-300x300.jpg 300w, https:\/\/ejavisa.com\/wp-content\/uploads\/2023\/04\/back-school-concept-with-woman-studying-library-min-1-1024x1024.jpg 1024w, https:\/\/ejavisa.com\/wp-content\/uploads\/2023\/04\/back-school-concept-with-woman-studying-library-min-1-150x150.jpg 150w, https:\/\/ejavisa.com\/wp-content\/uploads\/2023\/04\/back-school-concept-with-woman-studying-library-min-1-768x768.jpg 768w, https:\/\/ejavisa.com\/wp-content\/uploads\/2023\/04\/back-school-concept-with-woman-studying-library-min-1-1536x1536.jpg 1536w, https:\/\/ejavisa.com\/wp-content\/uploads\/2023\/04\/back-school-concept-with-woman-studying-library-min-1-2048x2048.jpg 2048w, https:\/\/ejavisa.com\/wp-content\/uploads\/2023\/04\/back-school-concept-with-woman-studying-library-min-1-1260x1260.jpg 1260w, https:\/\/ejavisa.com\/wp-content\/uploads\/2023\/04\/back-school-concept-with-woman-studying-library-min-1-630x630.jpg 630w, https:\/\/ejavisa.com\/wp-content\/uploads\/2023\/04\/back-school-concept-with-woman-studying-library-min-1-420x420.jpg 420w, https:\/\/ejavisa.com\/wp-content\/uploads\/2023\/04\/back-school-concept-with-woman-studying-library-min-1-840x840.jpg 840w, https:\/\/ejavisa.com\/wp-content\/uploads\/2023\/04\/back-school-concept-with-woman-studying-library-min-1-315x315.jpg 315w\" \/>\t\t\t\t\t\t\t\n<h4>\n\tStudienvisum f\u00fcr Gro\u00dfbritannien\n\t<\/h4>\n\t\t\t\t\t\t\t<img decoding=\"async\" loading=\"lazy\" width=\"300\" height=\"300\" src=\"https:\/\/ejavisa.com\/en\/wp-content\/uploads\/2023\/04\/parents-with-daughter-lying-autumn-leaves-park-min-300x300.jpg\" alt=\"Eltern mit ihrer Tochter, die in einem Park auf Herbstbl\u00e4ttern liegt\" itemprop=\"image\" title=\"Eltern mit ihrer Tochter, die in einem Park auf Herbstbl\u00e4ttern liegt\" onerror=\"this.style.display='none'\"  sizes=\"auto, (max-width: 768px) 100vw, 100vw\" srcset=\"https:\/\/ejavisa.com\/wp-content\/uploads\/2023\/04\/parents-with-daughter-lying-autumn-leaves-park-min-300x300.jpg 300w, https:\/\/ejavisa.com\/wp-content\/uploads\/2023\/04\/parents-with-daughter-lying-autumn-leaves-park-min-1024x1024.jpg 1024w, https:\/\/ejavisa.com\/wp-content\/uploads\/2023\/04\/parents-with-daughter-lying-autumn-leaves-park-min-150x150.jpg 150w, https:\/\/ejavisa.com\/wp-content\/uploads\/2023\/04\/parents-with-daughter-lying-autumn-leaves-park-min-768x768.jpg 768w, https:\/\/ejavisa.com\/wp-content\/uploads\/2023\/04\/parents-with-daughter-lying-autumn-leaves-park-min-1536x1536.jpg 1536w, https:\/\/ejavisa.com\/wp-content\/uploads\/2023\/04\/parents-with-daughter-lying-autumn-leaves-park-min-2048x2048.jpg 2048w, https:\/\/ejavisa.com\/wp-content\/uploads\/2023\/04\/parents-with-daughter-lying-autumn-leaves-park-min-1260x1260.jpg 1260w, https:\/\/ejavisa.com\/wp-content\/uploads\/2023\/04\/parents-with-daughter-lying-autumn-leaves-park-min-630x630.jpg 630w, https:\/\/ejavisa.com\/wp-content\/uploads\/2023\/04\/parents-with-daughter-lying-autumn-leaves-park-min-420x420.jpg 420w, https:\/\/ejavisa.com\/wp-content\/uploads\/2023\/04\/parents-with-daughter-lying-autumn-leaves-park-min-840x840.jpg 840w, https:\/\/ejavisa.com\/wp-content\/uploads\/2023\/04\/parents-with-daughter-lying-autumn-leaves-park-min-315x315.jpg 315w\" \/>\t\t\t\t\t\t\t\n<h4>\n\tFamilienvisum f\u00fcr Gro\u00dfbritannien\n\t<\/h4>\n<h4>\n\t\tA duhet t\u00eb aplikoj vet\u00ebm apo bashk\u00eb me famijen, si \u00ebsht\u00eb m\u00eb mir\u00eb?\n\t<\/h4>\n\t<p>\u00c7do aplikim gjykohet mbi rrethat tuaja personale dhe financiare dhe aplikimi bashk\u00eb familjen nuk \u00ebsht\u00eb kriter p\u00ebrcaktues n\u00eb p\u00ebrfitimin apo refuzimin e viz\u00ebs.<\/p>\n<h4>\n\t\tSa mund t\u00eb q\u00ebndroj\u00eb n\u00eb Britani n\u00ebse jam i pajisur me viz\u00eb?\n\t<\/h4>\n\t<p>Viza e vizitorit \u00ebsht\u00eb nj\u00eb viz\u00eb q\u00eb ju lejon t\u00eb udh\u00ebtoni p\u00ebr t\u00eb vizituar familjar\u00ebt tuaj, p\u00ebr q\u00ebllime turistike, apo arsye mjek\u00ebsore. \u00cbsht\u00eb e r\u00ebnd\u00ebsishme ti p\u00ebrmbaheni dit\u00ebve t\u00eb q\u00ebndrimit q\u00eb keni deklaruar n\u00eb aplikimin tuaj. Edhe pse dit\u00eb e q\u00ebndrimit jan\u00eb t\u00eb p\u00ebrcaktuara n\u00eb viz\u00eb, n\u00ebse ju q\u00ebndroni m\u00eb shum\u00eb apo tregoni se jeni duke jetuar n\u00eb Britani me periudha t\u00eb gjata n\u00eb harkun kohor t\u00eb viz\u00ebs, aplikimi i rradh\u00ebs mund t\u00eb mos jet\u00eb i suksessh\u00ebm p\u00ebr shkak se Oficeri i Emigracionit mund t\u00eb argumentoj\u00eb se jeni duke shpenzuar m\u00eb shum\u00eb koh\u00eb n\u00eb Britani dhe mund t\u00eb vendos\u00eb n\u00eb pik\u00ebpyetje arsyet e v\u00ebrteta t\u00eb udh\u00ebtimit.<\/p>\n<h4>\n\t\tJam i siguruar, sa shanse kam p\u00ebr tu pajisur me viz\u00eb?\n\t<\/h4>\n\t<p>Pun\u00ebsimi i rregullt dhe pagesa e sigurimeve nuk \u00ebsht\u00eb kriteri kryesor p\u00ebr nj\u00eb aplikim t\u00eb suksessh\u00ebm. Vendimi merret n\u00eb parim bazuar tek t\u00eb ardhurat tuaja mujore, sa t\u00eb k\u00ebnaqshme jan\u00eb ato, lidhjet me Shqip\u00ebrin\u00eb, dhe rrethanat tuaja t\u00eb gjera financiare dhe familjare.<\/p>\n<h4>\n\t\tN\u00ebse kam nj\u00eb sponsor n\u00eb Britani, sa e leht\u00eb \u00ebsht\u00eb t\u00eb marr\u00eb viz\u00eb?\n\t<\/h4>\n\t<p>Edhe n\u00ebse ju keni nj\u00eb sponsor (Garantor) n\u00eb Britani, i cili mund t\u00eb marr\u00eb p\u00ebrsip\u00ebr shpenzimet tuaja t\u00eb udh\u00ebtimit dhe t\u00eb q\u00ebndrimi n\u00eb Britani, kriteri p\u00ebrcaktues jan\u00eb rrethant tuaja personale. Ju duhet t\u00eb jeni i pun\u00ebsuar, apo i vet\u00eb-pun\u00ebsuar dhe duhet t\u00eb tregoni se keni nj\u00eb situat\u00eb personale t\u00eb p\u00eblqyeshme dhe t\u00eb p\u00ebshtatshme, e cila nuk ju b\u00ebn ju rrezik emigracioni n\u00eb Britani e Madhe. P\u00ebr m\u00eb tep\u00ebr ju duhet t\u00eb tregoni me fakte lidhjen me sponsorin tuaj dhe se jeni takuar apo n\u00ebse keni lidhje familjare, duhet t\u00eb tregoni n\u00ebp\u00ebrmjet \u00e7ertifikatave familjare llojin e lidhjes me ta.<\/p>\n<h4>\n\t\tKam nj\u00eb biznes n\u00eb Shqip\u00ebri, dhe jam pronar i vet\u00ebm. A mund t\u00eb aplikoj vet\u00ebm me llogarin\u00eb bankare t\u00eb biznesit?\n\t<\/h4>\n\t<p>Edhe pse burimi i t\u00eb ardhurave dhe dokumentet p\u00ebrkat\u00ebse jan\u00eb shum\u00eb t\u00eb r\u00ebnd\u00ebsishme p\u00ebr t\u00eb treguar rrethant tuaja financiare, mungesa e llogarive personale bankare mund t\u00eb rezultoj n\u00eb nj\u00eb refuzim t\u00eb aplikimit tuaj pasi Oficeri i Emigracionit duhet t\u00eb bindet q\u00eb ju keni fonde n\u00eb dispozicion tek t\u00eb cilat ju keni akses si individ\u00eb dhe jo si biznes.<\/p>\n<h4>\n\t\tA \u00ebsht\u00eb m\u00eb e leht\u00eb t\u00eb marr\u00ebsh nj\u00eb Viz\u00eb Britanike n\u00ebse keni Viz\u00eb Amerikane?\n\t<\/h4>\n\t<p>Aplikimi p\u00ebr Viz\u00eb Britanike q\u00ebndron m\u00eb vete dhe bazohet n\u00eb dokumentat tuaja p\u00ebrkat\u00ebse, pra nuk ndikon drejtp\u00ebrdrejt, megjithat\u00eb sigurisht q\u00eb \u00ebsht\u00eb pjes\u00eb e profilit tuaj pozitiv n\u00eb k\u00ebt\u00eb rast.<\/p>\n\n<\/div><!-- .vgblk-rw-wrapper -->","protected":false},"excerpt":{"rendered":"<p>Pyetjet q\u00eb b\u00ebhen m\u00eb shpesh. Si mund t\u00eb aplikoj\u00eb p\u00ebr viz\u00eb britanike? P\u00ebr t\u00eb aplikuar p\u00ebr nj\u00eb viz\u00eb britanike, ju duhet q\u00eb t\u00eb p\u00ebrmbushni kushtet financiare edhe n\u00eb rastin kur ju fton dikush dhe ju mbulon shpenzimet e udh\u00ebtimit. Ju duhet t\u00eb jeni t\u00eb pun\u00ebsuar dhe paga juaj duhet t\u00eb kaloj\u00eb n\u00eb bank\u00eb. Gjithashtu duhet&#8230;<\/p>","protected":false},"author":1,"featured_media":0,"parent":0,"menu_order":0,"comment_status":"closed","ping_status":"closed","template":"","meta":{"footnotes":""},"class_list":["post-988544","page","type-page","status-publish","hentry"],"_links":{"self":[{"href":"https:\/\/ejavisa.com\/de\/wp-json\/wp\/v2\/pages\/988544","targetHints":{"allow":["GET"]}}],"collection":[{"href":"https:\/\/ejavisa.com\/de\/wp-json\/wp\/v2\/pages"}],"about":[{"href":"https:\/\/ejavisa.com\/de\/wp-json\/wp\/v2\/types\/page"}],"author":[{"embeddable":true,"href":"https:\/\/ejavisa.com\/de\/wp-json\/wp\/v2\/users\/1"}],"replies":[{"embeddable":true,"href":"https:\/\/ejavisa.com\/de\/wp-json\/wp\/v2\/comments?post=988544"}],"version-history":[{"count":7,"href":"https:\/\/ejavisa.com\/de\/wp-json\/wp\/v2\/pages\/988544\/revisions"}],"predecessor-version":[{"id":988657,"href":"https:\/\/ejavisa.com\/de\/wp-json\/wp\/v2\/pages\/988544\/revisions\/988657"}],"wp:attachment":[{"href":"https:\/\/ejavisa.com\/de\/wp-json\/wp\/v2\/media?parent=988544"}],"curies":[{"name":"wp","href":"https:\/\/api.w.org\/{rel}","templated":true}]}}