{"id":988177,"date":"2023-04-01T13:20:58","date_gmt":"2023-04-01T13:20:58","guid":{"rendered":"https:\/\/ejavisa.com\/en\/?page_id=988177"},"modified":"2023-04-06T12:28:37","modified_gmt":"2023-04-06T12:28:37","slug":"about-us","status":"publish","type":"page","link":"https:\/\/ejavisa.com\/en\/rreth-nesh\/","title":{"rendered":"About Us"},"content":{"rendered":"<div class=\"vgblk-rw-wrapper limit-wrapper\">\r\n<h3>Come Consulting<\/h3>\r\n<p>Eja Translation and Consulting Ltd is a registered consultancy company headquartered in Tirana, Albania. We handle all aspects of visa application consultancy for all visa categories, based on our extensive experience in this field.<\/p>\r\n<p><img loading=\"lazy\" decoding=\"async\" title=\"portrait-young-woman-taking-pictures-holiday-min\" src=\"https:\/\/ejavisa.com\/en\/wp-content\/uploads\/2023\/04\/portrait-young-woman-taking-pictures-holiday-min-scaled.jpg\" sizes=\"auto, (max-width: 768px) 100vw, 100vw\" srcset=\"https:\/\/ejavisa.com\/wp-content\/uploads\/2023\/04\/portrait-young-woman-taking-pictures-holiday-min-scaled.jpg 2560w, https:\/\/ejavisa.com\/wp-content\/uploads\/2023\/04\/portrait-young-woman-taking-pictures-holiday-min-300x300.jpg 300w, https:\/\/ejavisa.com\/wp-content\/uploads\/2023\/04\/portrait-young-woman-taking-pictures-holiday-min-1024x1024.jpg 1024w, https:\/\/ejavisa.com\/wp-content\/uploads\/2023\/04\/portrait-young-woman-taking-pictures-holiday-min-150x150.jpg 150w, https:\/\/ejavisa.com\/wp-content\/uploads\/2023\/04\/portrait-young-woman-taking-pictures-holiday-min-768x768.jpg 768w, https:\/\/ejavisa.com\/wp-content\/uploads\/2023\/04\/portrait-young-woman-taking-pictures-holiday-min-1536x1536.jpg 1536w, https:\/\/ejavisa.com\/wp-content\/uploads\/2023\/04\/portrait-young-woman-taking-pictures-holiday-min-2048x2048.jpg 2048w, https:\/\/ejavisa.com\/wp-content\/uploads\/2023\/04\/portrait-young-woman-taking-pictures-holiday-min-1260x1260.jpg 1260w, https:\/\/ejavisa.com\/wp-content\/uploads\/2023\/04\/portrait-young-woman-taking-pictures-holiday-min-630x630.jpg 630w, https:\/\/ejavisa.com\/wp-content\/uploads\/2023\/04\/portrait-young-woman-taking-pictures-holiday-min-420x420.jpg 420w, https:\/\/ejavisa.com\/wp-content\/uploads\/2023\/04\/portrait-young-woman-taking-pictures-holiday-min-840x840.jpg 840w, https:\/\/ejavisa.com\/wp-content\/uploads\/2023\/04\/portrait-young-woman-taking-pictures-holiday-min-315x315.jpg 315w\" alt=\"portrait-young-woman-taking-pictures-holiday-min\" width=\"2560\" height=\"2560\" \/><\/p>\r\n<h3><a title=\"Tourist Visa to the UK\" href=\"https:\/\/ejavisa.com\/en\/british-visa\/standard-visitor-visa\/\" target=\"_self\" rel=\"noopener\"> Tourist Visa to the UK <\/a><\/h3>\r\n<p><img loading=\"lazy\" decoding=\"async\" title=\"young-employee-sitting-office-desk-min\" src=\"https:\/\/ejavisa.com\/en\/wp-content\/uploads\/2023\/04\/young-employee-sitting-office-desk-min-scaled.jpg\" sizes=\"auto, (max-width: 768px) 100vw, 100vw\" srcset=\"https:\/\/ejavisa.com\/wp-content\/uploads\/2023\/04\/young-employee-sitting-office-desk-min-scaled.jpg 2560w, https:\/\/ejavisa.com\/wp-content\/uploads\/2023\/04\/young-employee-sitting-office-desk-min-300x300.jpg 300w, https:\/\/ejavisa.com\/wp-content\/uploads\/2023\/04\/young-employee-sitting-office-desk-min-1024x1024.jpg 1024w, https:\/\/ejavisa.com\/wp-content\/uploads\/2023\/04\/young-employee-sitting-office-desk-min-150x150.jpg 150w, https:\/\/ejavisa.com\/wp-content\/uploads\/2023\/04\/young-employee-sitting-office-desk-min-768x768.jpg 768w, https:\/\/ejavisa.com\/wp-content\/uploads\/2023\/04\/young-employee-sitting-office-desk-min-1536x1536.jpg 1536w, https:\/\/ejavisa.com\/wp-content\/uploads\/2023\/04\/young-employee-sitting-office-desk-min-2048x2048.jpg 2048w, https:\/\/ejavisa.com\/wp-content\/uploads\/2023\/04\/young-employee-sitting-office-desk-min-1260x1260.jpg 1260w, https:\/\/ejavisa.com\/wp-content\/uploads\/2023\/04\/young-employee-sitting-office-desk-min-630x630.jpg 630w, https:\/\/ejavisa.com\/wp-content\/uploads\/2023\/04\/young-employee-sitting-office-desk-min-420x420.jpg 420w, https:\/\/ejavisa.com\/wp-content\/uploads\/2023\/04\/young-employee-sitting-office-desk-min-840x840.jpg 840w, https:\/\/ejavisa.com\/wp-content\/uploads\/2023\/04\/young-employee-sitting-office-desk-min-315x315.jpg 315w\" alt=\"young-employee-sitting-office-desk-min\" width=\"2560\" height=\"2560\" \/><\/p>\r\n<h3><a title=\"Work Visa in the UK\" href=\"https:\/\/ejavisa.com\/en\/british-visa\/work-visa-in-the-united-kingdom\/\" target=\"_self\" rel=\"noopener\"> Work Visa in the UK <\/a><\/h3>\r\n<p><img loading=\"lazy\" decoding=\"async\" title=\"back-school-concept-with-woman-studying-library-min (1)\" src=\"https:\/\/ejavisa.com\/en\/wp-content\/uploads\/2023\/04\/back-school-concept-with-woman-studying-library-min-1-scaled.jpg\" sizes=\"auto, (max-width: 768px) 100vw, 100vw\" srcset=\"https:\/\/ejavisa.com\/wp-content\/uploads\/2023\/04\/back-school-concept-with-woman-studying-library-min-1-scaled.jpg 2560w, https:\/\/ejavisa.com\/wp-content\/uploads\/2023\/04\/back-school-concept-with-woman-studying-library-min-1-300x300.jpg 300w, https:\/\/ejavisa.com\/wp-content\/uploads\/2023\/04\/back-school-concept-with-woman-studying-library-min-1-1024x1024.jpg 1024w, https:\/\/ejavisa.com\/wp-content\/uploads\/2023\/04\/back-school-concept-with-woman-studying-library-min-1-150x150.jpg 150w, https:\/\/ejavisa.com\/wp-content\/uploads\/2023\/04\/back-school-concept-with-woman-studying-library-min-1-768x768.jpg 768w, https:\/\/ejavisa.com\/wp-content\/uploads\/2023\/04\/back-school-concept-with-woman-studying-library-min-1-1536x1536.jpg 1536w, https:\/\/ejavisa.com\/wp-content\/uploads\/2023\/04\/back-school-concept-with-woman-studying-library-min-1-2048x2048.jpg 2048w, https:\/\/ejavisa.com\/wp-content\/uploads\/2023\/04\/back-school-concept-with-woman-studying-library-min-1-1260x1260.jpg 1260w, https:\/\/ejavisa.com\/wp-content\/uploads\/2023\/04\/back-school-concept-with-woman-studying-library-min-1-630x630.jpg 630w, https:\/\/ejavisa.com\/wp-content\/uploads\/2023\/04\/back-school-concept-with-woman-studying-library-min-1-420x420.jpg 420w, https:\/\/ejavisa.com\/wp-content\/uploads\/2023\/04\/back-school-concept-with-woman-studying-library-min-1-840x840.jpg 840w, https:\/\/ejavisa.com\/wp-content\/uploads\/2023\/04\/back-school-concept-with-woman-studying-library-min-1-315x315.jpg 315w\" alt=\"back-school-concept-with-woman-studying-library-min (1)\" width=\"2560\" height=\"2560\" \/><\/p>\r\n<h3><a title=\"UK study visa\" href=\"https:\/\/ejavisa.com\/en\/british-visa\/studio-in-the-united-kingdom\/\" target=\"_self\" rel=\"noopener\"> UK study visa <\/a><\/h3>\r\n<p><img loading=\"lazy\" decoding=\"async\" title=\"parents with their daughter lying among autumn leaves in a park\" src=\"https:\/\/ejavisa.com\/en\/wp-content\/uploads\/2023\/04\/parents-with-daughter-lying-autumn-leaves-park-min-scaled.jpg\" sizes=\"auto, (max-width: 768px) 100vw, 100vw\" srcset=\"https:\/\/ejavisa.com\/wp-content\/uploads\/2023\/04\/parents-with-daughter-lying-autumn-leaves-park-min-scaled.jpg 2560w, https:\/\/ejavisa.com\/wp-content\/uploads\/2023\/04\/parents-with-daughter-lying-autumn-leaves-park-min-300x300.jpg 300w, https:\/\/ejavisa.com\/wp-content\/uploads\/2023\/04\/parents-with-daughter-lying-autumn-leaves-park-min-1024x1024.jpg 1024w, https:\/\/ejavisa.com\/wp-content\/uploads\/2023\/04\/parents-with-daughter-lying-autumn-leaves-park-min-150x150.jpg 150w, https:\/\/ejavisa.com\/wp-content\/uploads\/2023\/04\/parents-with-daughter-lying-autumn-leaves-park-min-768x768.jpg 768w, https:\/\/ejavisa.com\/wp-content\/uploads\/2023\/04\/parents-with-daughter-lying-autumn-leaves-park-min-1536x1536.jpg 1536w, https:\/\/ejavisa.com\/wp-content\/uploads\/2023\/04\/parents-with-daughter-lying-autumn-leaves-park-min-2048x2048.jpg 2048w, https:\/\/ejavisa.com\/wp-content\/uploads\/2023\/04\/parents-with-daughter-lying-autumn-leaves-park-min-1260x1260.jpg 1260w, https:\/\/ejavisa.com\/wp-content\/uploads\/2023\/04\/parents-with-daughter-lying-autumn-leaves-park-min-630x630.jpg 630w, https:\/\/ejavisa.com\/wp-content\/uploads\/2023\/04\/parents-with-daughter-lying-autumn-leaves-park-min-420x420.jpg 420w, https:\/\/ejavisa.com\/wp-content\/uploads\/2023\/04\/parents-with-daughter-lying-autumn-leaves-park-min-840x840.jpg 840w, https:\/\/ejavisa.com\/wp-content\/uploads\/2023\/04\/parents-with-daughter-lying-autumn-leaves-park-min-315x315.jpg 315w\" alt=\"parents with their daughter lying among autumn leaves in a park\" width=\"2560\" height=\"2560\" \/><\/p>\r\n<h3><a title=\"Family Visa in the UK\" href=\"https:\/\/ejavisa.com\/en\/british-visa\/apply-for-a-spouse-visa-in-the-united-kingdom\/\" target=\"_self\" rel=\"noopener\"> Family Visa in the UK <\/a><\/h3>\r\n<p><img loading=\"lazy\" decoding=\"async\" title=\"ejaconsultinglogo (1)\" src=\"https:\/\/ejavisa.com\/en\/wp-content\/uploads\/2023\/04\/ejaconsultinglogo-1.png\" sizes=\"auto, (max-width: 768px) 100vw, 100vw\" srcset=\"https:\/\/ejavisa.com\/wp-content\/uploads\/2023\/04\/ejaconsultinglogo-1.png 432w, https:\/\/ejavisa.com\/wp-content\/uploads\/2023\/04\/ejaconsultinglogo-1-300x56.png 300w, https:\/\/ejavisa.com\/wp-content\/uploads\/2023\/04\/ejaconsultinglogo-1-420x78.png 420w, https:\/\/ejavisa.com\/wp-content\/uploads\/2023\/04\/ejaconsultinglogo-1-315x58.png 315w\" alt=\"ejaconsultinglogo (1)\" width=\"432\" height=\"80\" \/> <a role=\"button\" href=\"https:\/\/api.whatsapp.com\/send?phone=355697035626\" target=\"_self\" rel=\"noopener\"> Contact us <\/a><\/p>\r\n<h3>01.<\/h3>\r\n<h2>Philosophy.<\/h2>\r\n<p>Ne duam t\u00eb nd\u00ebrtojm\u00eb nj\u00eb partneritet me ju bazuar n\u00eb besim t\u00eb nd\u00ebrsjellt\u00eb. Niveli yn\u00eb i lart\u00eb i sh\u00ebrbimit dhe njohurit\u00eb dhe p\u00ebrvoja e thelluar tregojn\u00eb p\u00ebrkushtimin ton\u00eb p\u00ebr t&#8217;ju sh\u00ebrbyer interesave tuaja. Ne ofrojm\u00eb p\u00ebrgjigje \u00e7do her\u00eb, duke garantuar nj\u00eb sh\u00ebrbim t\u00eb shk\u00eblqyer n\u00eb \u00e7do koh\u00eb<\/p>\r\n<h3>02.<\/h3>\r\n<h2>Vision<\/h2>\r\n<p>Vizioni yn\u00eb \u00ebsht\u00eb t\u00eb b\u00ebhemi nj\u00eb kompani konsulente integrale, tek e cila njer\u00ebzit drejtohen p\u00ebr sh\u00ebrbimet e emigracionit, arsimit, karrier\u00ebs dhe zhvillimit profesional. Ne fuqizojm\u00eb individ\u00ebt p\u00ebr t\u00eb ecur p\u00ebrpara n\u00eb jet\u00eb!<\/p>\r\n<h3>03.<\/h3>\r\n<h2>Mission<\/h2>\r\n<p>Misioni yn\u00eb \u00ebsht\u00eb t&#8217;ju ofrojm\u00eb mund\u00ebsi n\u00eb m\u00ebnyr\u00eb efektive dhe me kompetenc\u00eb p\u00ebr ata individ\u00eb q\u00eb d\u00ebshirojn\u00eb t\u00eb nd\u00ebrtojn\u00eb nj\u00eb jet\u00eb m\u00eb t\u00eb mir\u00eb p\u00ebr veten e tyre duke krijuar mund\u00ebsi pun\u00ebsimi, karriere dhe prespektiva p\u00ebr t\u00eb b\u00ebr\u00eb biznes n\u00eb t\u00eb gjith\u00eb bot\u00ebn<\/p>\r\n<h3>04.<\/h3>\r\n<h2>Values<\/h2>\r\n<p>The indisputable values we have created for ourselves will enable us to achieve our vision through:<\/p>\r\n<h2>More about Values:<\/h2>\r\n<p>Integriteti Etika Besueshm\u00ebria Punonj\u00ebsit Klient\u00eb t\u00eb K\u00ebnaqur M\u00ebsimi i vazhduesh\u00ebm<\/p>\r\n<p>\u00a0We will uphold our high standards of reliability in our interactions with people and in our approach to business at all times.<\/p>\r\n<p>We will conduct our business to the highest ethical standards and in accordance with our Code of Ethics.<\/p>\r\n<p>Ne do t\u00eb jemi t\u00eb arsyesh\u00ebm, t\u00eb ndersh\u00ebm, t\u00eb sjellsh\u00ebm dhe profesionist\u00eb n\u00eb t\u00eb gjitha marr\u00ebdh\u00ebniet tona me klient\u00ebt tan\u00eb dhe t&#8217;i mb\u00ebshtesim ata gjat\u00eb gjith\u00eb procesit.<\/p>\r\n<p>Our people are our strength, and we are committed to selecting, developing, motivating and recognising their merits in a supportive environment to achieve excellence in our work and ensure satisfied clients.<\/p>\r\n<p>Ne i p\u00ebrkushtohemi marr\u00ebdh\u00ebnieve me klient\u00ebt dhe do t\u00eb tejkalojm\u00eb pritshm\u00ebrite e klient\u00ebve p\u00ebrmes p\u00ebrmir\u00ebsimit t\u00eb vazhduesh\u00ebm t\u00eb cil\u00ebsis\u00eb dhe sh\u00ebrbimit p\u00ebr t&#8217;i mund\u00ebsuar klient\u00ebve tan\u00eb t\u00eb p\u00ebrmbushin q\u00ebllimet e tyre.<\/p>\r\n<p>\u00a0We will continually strive in everything we do, constantly improving ourselves to provide better service to our employees, clients and the community. We are committed to the company's growth through the continuous improvement of our work and by pursuing opportunities to promote our business model and our ability to meet new challenges.<\/p>\r\n<\/div><!-- .vgblk-rw-wrapper -->","protected":false},"excerpt":{"rendered":"<p>Eja Consulting Eja Translation and Consulting shpk, \u00ebsht\u00eb nj\u00eb kompani konsulence e regjistruar me qend\u00ebr n\u00eb Tiran\u00eb, Shqip\u00ebri. Ne trajtojm\u00eb t\u00eb gjitha aspektet e konsulenc\u00ebs p\u00ebr aplikimet p\u00ebr viza p\u00ebr t\u00eb gjitha kategorit\u00eb e vizave, bazuar n\u00eb p\u00ebrvoj\u00ebn ton\u00eb t\u00eb gjer\u00eb n\u00eb k\u00ebt\u00eb fush\u00eb. Viz\u00eb Turistike n\u00eb MB Viz\u00eb Pune n\u00eb MB Viz\u00eb studimi n\u00eb&#8230;<\/p>","protected":false},"author":1,"featured_media":0,"parent":0,"menu_order":0,"comment_status":"closed","ping_status":"closed","template":"","meta":{"footnotes":""},"class_list":["post-988177","page","type-page","status-publish","hentry"],"_links":{"self":[{"href":"https:\/\/ejavisa.com\/en\/wp-json\/wp\/v2\/pages\/988177","targetHints":{"allow":["GET"]}}],"collection":[{"href":"https:\/\/ejavisa.com\/en\/wp-json\/wp\/v2\/pages"}],"about":[{"href":"https:\/\/ejavisa.com\/en\/wp-json\/wp\/v2\/types\/page"}],"author":[{"embeddable":true,"href":"https:\/\/ejavisa.com\/en\/wp-json\/wp\/v2\/users\/1"}],"replies":[{"embeddable":true,"href":"https:\/\/ejavisa.com\/en\/wp-json\/wp\/v2\/comments?post=988177"}],"version-history":[{"count":22,"href":"https:\/\/ejavisa.com\/en\/wp-json\/wp\/v2\/pages\/988177\/revisions"}],"predecessor-version":[{"id":988524,"href":"https:\/\/ejavisa.com\/en\/wp-json\/wp\/v2\/pages\/988177\/revisions\/988524"}],"wp:attachment":[{"href":"https:\/\/ejavisa.com\/en\/wp-json\/wp\/v2\/media?parent=988177"}],"curies":[{"name":"wp","href":"https:\/\/api.w.org\/{rel}","templated":true}]}}