{"id":988233,"date":"2023-04-02T15:43:30","date_gmt":"2023-04-02T15:43:30","guid":{"rendered":"https:\/\/ejavisa.com\/en\/?page_id=988233"},"modified":"2025-07-03T06:07:03","modified_gmt":"2025-07-03T06:07:03","slug":"standard-visitor-visa","status":"publish","type":"page","link":"https:\/\/ejavisa.com\/en\/viza-britanike\/viza-standarde-vizitori\/","title":{"rendered":"Standard visitor visa"},"content":{"rendered":"<div class=\"vgblk-rw-wrapper limit-wrapper\">\n<h1>\n\tApply for a tourist visa to the United Kingdom. \n\t<\/h1>\n\t<p>Aplikoni p\u00ebr viz\u00eb vizitori n\u00eb Mbret\u00ebrin\u00eb e Bashkuar. Viza standarte e vizitorit ju lejon t\u00eb hyni n\u00eb MB p\u00ebr nj\u00eb periudh\u00eb t\u00eb kufizuar kohore. Ne gjithashtu mund t&#8217;ju ndihmojm\u00eb t\u00eb aplikoni p\u00ebr nj\u00eb viz\u00eb biznesi e cila do t&#8217;ju lejoj\u00eb t\u00eb vizitoni MB n\u00ebse d\u00ebshironi t\u00eb kryeni takime pune afatshkurtra.<\/p>\n\t\t\t<a href=\"https:\/\/api.whatsapp.com\/send?phone=355697035626\" target=\"_self\" role=\"button\" rel=\"noopener\">\n\t\t\t\t\t\tContact us\n\t\t\t\t\t<\/a>\n\t<p><strong>Visitor visa<\/strong> it allows you to visit the UK for up to six months for the following reasons:<\/p>\n<ul>\n<li aria-level=\"1\">Tourism<\/li>\n<li aria-level=\"1\">To visit family and friends.<\/li>\n<li aria-level=\"1\">Business trips, including participation in meetings and conferences.<\/li>\n<li aria-level=\"1\">Pursuing a short course of study (three to six months at an accredited institution).<\/li>\n<\/ul>\n<p>In certain circumstances, the visitor visa allows you to stay in the UK for longer:<\/p>\n<p>If you take part in academic research and exchange programmes and meet the suitability requirements, you may qualify to stay in the UK for up to 12 months and bring your spouse and children with you.\u00a0<\/p>\n<p>N\u00ebse do t\u00eb udh\u00ebtoni n\u00eb MB p\u00ebr trajtim mjek\u00ebsor privat, mund t&#8217;ju jepet nj\u00eb viz\u00eb q\u00eb ju lejon t\u00eb q\u00ebndroni deri n\u00eb 11 muaj.<\/p>\n<p>Those who wish to visit the United Kingdom frequently can apply for a standard long-term visitor visa (two, five or ten years).\u00a0<\/p>\n\t\t\t\t\t\t\t<img decoding=\"async\" loading=\"lazy\" width=\"2560\" height=\"2560\" src=\"https:\/\/ejavisa.com\/en\/wp-content\/uploads\/2023\/04\/portrait-young-woman-taking-pictures-holiday-min-scaled.jpg\" alt=\"Tourist Visa to the UK\" itemprop=\"image\" title=\"Tourist Visa to the UK\" onerror=\"this.style.display='none'\"  sizes=\"auto, (max-width: 768px) 100vw, 100vw\" srcset=\"https:\/\/ejavisa.com\/wp-content\/uploads\/2023\/04\/portrait-young-woman-taking-pictures-holiday-min-scaled.jpg 2560w, https:\/\/ejavisa.com\/wp-content\/uploads\/2023\/04\/portrait-young-woman-taking-pictures-holiday-min-300x300.jpg 300w, https:\/\/ejavisa.com\/wp-content\/uploads\/2023\/04\/portrait-young-woman-taking-pictures-holiday-min-1024x1024.jpg 1024w, https:\/\/ejavisa.com\/wp-content\/uploads\/2023\/04\/portrait-young-woman-taking-pictures-holiday-min-150x150.jpg 150w, https:\/\/ejavisa.com\/wp-content\/uploads\/2023\/04\/portrait-young-woman-taking-pictures-holiday-min-768x768.jpg 768w, https:\/\/ejavisa.com\/wp-content\/uploads\/2023\/04\/portrait-young-woman-taking-pictures-holiday-min-1536x1536.jpg 1536w, https:\/\/ejavisa.com\/wp-content\/uploads\/2023\/04\/portrait-young-woman-taking-pictures-holiday-min-2048x2048.jpg 2048w, https:\/\/ejavisa.com\/wp-content\/uploads\/2023\/04\/portrait-young-woman-taking-pictures-holiday-min-1260x1260.jpg 1260w, https:\/\/ejavisa.com\/wp-content\/uploads\/2023\/04\/portrait-young-woman-taking-pictures-holiday-min-630x630.jpg 630w, https:\/\/ejavisa.com\/wp-content\/uploads\/2023\/04\/portrait-young-woman-taking-pictures-holiday-min-420x420.jpg 420w, https:\/\/ejavisa.com\/wp-content\/uploads\/2023\/04\/portrait-young-woman-taking-pictures-holiday-min-840x840.jpg 840w, https:\/\/ejavisa.com\/wp-content\/uploads\/2023\/04\/portrait-young-woman-taking-pictures-holiday-min-315x315.jpg 315w\" \/>\t\t\t\t\t\t\t\n<h4>\n\t\t\t<a href=\"https:\/\/ejavisa.com\/en\/british-visa\/standard-visitor-visa\/\" title=\"Tourist Visa to the UK\" target=\"_self\" rel=\"noopener\">\n\tTourist Visa to the UK\n\t\t\t<\/a>\n\t<\/h4>\n\t\t\t\t\t\t\t<img decoding=\"async\" loading=\"lazy\" width=\"2560\" height=\"2560\" src=\"https:\/\/ejavisa.com\/en\/wp-content\/uploads\/2023\/04\/young-employee-sitting-office-desk-min-scaled.jpg\" alt=\"Employment in the United Kingdom\" itemprop=\"image\" title=\"Employment in the United Kingdom\" onerror=\"this.style.display='none'\"  sizes=\"auto, (max-width: 768px) 100vw, 100vw\" srcset=\"https:\/\/ejavisa.com\/wp-content\/uploads\/2023\/04\/young-employee-sitting-office-desk-min-scaled.jpg 2560w, https:\/\/ejavisa.com\/wp-content\/uploads\/2023\/04\/young-employee-sitting-office-desk-min-300x300.jpg 300w, https:\/\/ejavisa.com\/wp-content\/uploads\/2023\/04\/young-employee-sitting-office-desk-min-1024x1024.jpg 1024w, https:\/\/ejavisa.com\/wp-content\/uploads\/2023\/04\/young-employee-sitting-office-desk-min-150x150.jpg 150w, https:\/\/ejavisa.com\/wp-content\/uploads\/2023\/04\/young-employee-sitting-office-desk-min-768x768.jpg 768w, https:\/\/ejavisa.com\/wp-content\/uploads\/2023\/04\/young-employee-sitting-office-desk-min-1536x1536.jpg 1536w, https:\/\/ejavisa.com\/wp-content\/uploads\/2023\/04\/young-employee-sitting-office-desk-min-2048x2048.jpg 2048w, https:\/\/ejavisa.com\/wp-content\/uploads\/2023\/04\/young-employee-sitting-office-desk-min-1260x1260.jpg 1260w, https:\/\/ejavisa.com\/wp-content\/uploads\/2023\/04\/young-employee-sitting-office-desk-min-630x630.jpg 630w, https:\/\/ejavisa.com\/wp-content\/uploads\/2023\/04\/young-employee-sitting-office-desk-min-420x420.jpg 420w, https:\/\/ejavisa.com\/wp-content\/uploads\/2023\/04\/young-employee-sitting-office-desk-min-840x840.jpg 840w, https:\/\/ejavisa.com\/wp-content\/uploads\/2023\/04\/young-employee-sitting-office-desk-min-315x315.jpg 315w\" \/>\t\t\t\t\t\t\t\n<h4>\n\t\t\t<a href=\"https:\/\/ejavisa.com\/en\/british-visa\/work-visa-in-the-united-kingdom\/\" title=\"Work Visa in the UK\" target=\"_self\" rel=\"noopener\">\n\tWork Visa in the UK\n\t\t\t<\/a>\n\t<\/h4>\n\t\t\t\t\t\t\t<img decoding=\"async\" loading=\"lazy\" width=\"2560\" height=\"2560\" src=\"https:\/\/ejavisa.com\/en\/wp-content\/uploads\/2023\/04\/back-school-concept-with-woman-studying-library-min-1-scaled.jpg\" alt=\"back-school-concept-with-woman-studying-library-min (1)\" itemprop=\"image\" title=\"back-school-concept-with-woman-studying-library-min (1)\" onerror=\"this.style.display='none'\"  sizes=\"auto, (max-width: 768px) 100vw, 100vw\" srcset=\"https:\/\/ejavisa.com\/wp-content\/uploads\/2023\/04\/back-school-concept-with-woman-studying-library-min-1-scaled.jpg 2560w, https:\/\/ejavisa.com\/wp-content\/uploads\/2023\/04\/back-school-concept-with-woman-studying-library-min-1-300x300.jpg 300w, https:\/\/ejavisa.com\/wp-content\/uploads\/2023\/04\/back-school-concept-with-woman-studying-library-min-1-1024x1024.jpg 1024w, https:\/\/ejavisa.com\/wp-content\/uploads\/2023\/04\/back-school-concept-with-woman-studying-library-min-1-150x150.jpg 150w, https:\/\/ejavisa.com\/wp-content\/uploads\/2023\/04\/back-school-concept-with-woman-studying-library-min-1-768x768.jpg 768w, https:\/\/ejavisa.com\/wp-content\/uploads\/2023\/04\/back-school-concept-with-woman-studying-library-min-1-1536x1536.jpg 1536w, https:\/\/ejavisa.com\/wp-content\/uploads\/2023\/04\/back-school-concept-with-woman-studying-library-min-1-2048x2048.jpg 2048w, https:\/\/ejavisa.com\/wp-content\/uploads\/2023\/04\/back-school-concept-with-woman-studying-library-min-1-1260x1260.jpg 1260w, https:\/\/ejavisa.com\/wp-content\/uploads\/2023\/04\/back-school-concept-with-woman-studying-library-min-1-630x630.jpg 630w, https:\/\/ejavisa.com\/wp-content\/uploads\/2023\/04\/back-school-concept-with-woman-studying-library-min-1-420x420.jpg 420w, https:\/\/ejavisa.com\/wp-content\/uploads\/2023\/04\/back-school-concept-with-woman-studying-library-min-1-840x840.jpg 840w, https:\/\/ejavisa.com\/wp-content\/uploads\/2023\/04\/back-school-concept-with-woman-studying-library-min-1-315x315.jpg 315w\" \/>\t\t\t\t\t\t\t\n<h4>\n\t\t\t<a href=\"https:\/\/ejavisa.com\/en\/british-visa\/studio-in-the-united-kingdom\/\" title=\"UK study visa\" target=\"_self\" rel=\"noopener\">\n\tUK study visa\n\t\t\t<\/a>\n\t<\/h4>\n\t\t\t\t\t\t\t<img decoding=\"async\" loading=\"lazy\" width=\"300\" height=\"300\" src=\"https:\/\/ejavisa.com\/en\/wp-content\/uploads\/2023\/04\/parents-with-daughter-lying-autumn-leaves-park-min-300x300.jpg\" alt=\"parents with their daughter lying among autumn leaves in a park\" itemprop=\"image\" title=\"parents with their daughter lying among autumn leaves in a park\" onerror=\"this.style.display='none'\"  sizes=\"auto, (max-width: 768px) 100vw, 100vw\" srcset=\"https:\/\/ejavisa.com\/wp-content\/uploads\/2023\/04\/parents-with-daughter-lying-autumn-leaves-park-min-300x300.jpg 300w, https:\/\/ejavisa.com\/wp-content\/uploads\/2023\/04\/parents-with-daughter-lying-autumn-leaves-park-min-1024x1024.jpg 1024w, https:\/\/ejavisa.com\/wp-content\/uploads\/2023\/04\/parents-with-daughter-lying-autumn-leaves-park-min-150x150.jpg 150w, https:\/\/ejavisa.com\/wp-content\/uploads\/2023\/04\/parents-with-daughter-lying-autumn-leaves-park-min-768x768.jpg 768w, https:\/\/ejavisa.com\/wp-content\/uploads\/2023\/04\/parents-with-daughter-lying-autumn-leaves-park-min-1536x1536.jpg 1536w, https:\/\/ejavisa.com\/wp-content\/uploads\/2023\/04\/parents-with-daughter-lying-autumn-leaves-park-min-2048x2048.jpg 2048w, https:\/\/ejavisa.com\/wp-content\/uploads\/2023\/04\/parents-with-daughter-lying-autumn-leaves-park-min-1260x1260.jpg 1260w, https:\/\/ejavisa.com\/wp-content\/uploads\/2023\/04\/parents-with-daughter-lying-autumn-leaves-park-min-630x630.jpg 630w, https:\/\/ejavisa.com\/wp-content\/uploads\/2023\/04\/parents-with-daughter-lying-autumn-leaves-park-min-420x420.jpg 420w, https:\/\/ejavisa.com\/wp-content\/uploads\/2023\/04\/parents-with-daughter-lying-autumn-leaves-park-min-840x840.jpg 840w, https:\/\/ejavisa.com\/wp-content\/uploads\/2023\/04\/parents-with-daughter-lying-autumn-leaves-park-min-315x315.jpg 315w\" \/>\t\t\t\t\t\t\t\n<h4>\n\t\t\t<a href=\"https:\/\/ejavisa.com\/en\/british-visa\/apply-for-a-spouse-visa-in-the-united-kingdom\/\" title=\"Family Visa in the UK\" target=\"_self\" rel=\"noopener\">\n\tFamily Visa in the UK\n\t\t\t<\/a>\n\t<\/h4>\n\t<p><b>Restrictions on the visitor visa.<\/b><\/p>\n<p>You may not undertake any paid or unpaid work in the UK on this visa. You also may not claim public funds.<\/p>\n<p>If you wish to study for more than six months, you must obtain a student visa, and to marry in the UK, you must obtain a marriage visa.<\/p>\n<p>Do t&#8217;ju duhet t&#8217;u provoni autoriteteve t\u00eb emigracionit n\u00eb Mbret\u00ebrin\u00eb e Bashkuar se do t\u00eb largoheni nga MB n\u00eb fund t\u00eb vizit\u00ebs suaj dhe se mund t\u00eb mbaheni financiarisht dhe t\u00eb akomodoheni n\u00eb MB pa k\u00ebrkuar fonde publike ose pa punuar.<\/p>\n<p><b>How can you apply?<\/b><\/p>\n<p>The application for a visitor visa is made online via the dedicated UK government website. For further information, please contact us.<\/p>\n\n<\/div><!-- .vgblk-rw-wrapper -->","protected":false},"excerpt":{"rendered":"<p>Aplikoni p\u00ebr viz\u00eb turistike n\u00eb Mbret\u00ebrin\u00eb e Bashkuar. Aplikoni p\u00ebr viz\u00eb vizitori n\u00eb Mbret\u00ebrin\u00eb e Bashkuar. Viza standarte e vizitorit ju lejon t\u00eb hyni n\u00eb MB p\u00ebr nj\u00eb periudh\u00eb t\u00eb kufizuar kohore. Ne gjithashtu mund t&#8217;ju ndihmojm\u00eb t\u00eb aplikoni p\u00ebr nj\u00eb viz\u00eb biznesi e cila do t&#8217;ju lejoj\u00eb t\u00eb vizitoni MB n\u00ebse d\u00ebshironi t\u00eb kryeni&#8230;<\/p>","protected":false},"author":1,"featured_media":0,"parent":988342,"menu_order":0,"comment_status":"closed","ping_status":"closed","template":"","meta":{"footnotes":""},"class_list":["post-988233","page","type-page","status-publish","hentry"],"_links":{"self":[{"href":"https:\/\/ejavisa.com\/en\/wp-json\/wp\/v2\/pages\/988233","targetHints":{"allow":["GET"]}}],"collection":[{"href":"https:\/\/ejavisa.com\/en\/wp-json\/wp\/v2\/pages"}],"about":[{"href":"https:\/\/ejavisa.com\/en\/wp-json\/wp\/v2\/types\/page"}],"author":[{"embeddable":true,"href":"https:\/\/ejavisa.com\/en\/wp-json\/wp\/v2\/users\/1"}],"replies":[{"embeddable":true,"href":"https:\/\/ejavisa.com\/en\/wp-json\/wp\/v2\/comments?post=988233"}],"version-history":[{"count":37,"href":"https:\/\/ejavisa.com\/en\/wp-json\/wp\/v2\/pages\/988233\/revisions"}],"predecessor-version":[{"id":988648,"href":"https:\/\/ejavisa.com\/en\/wp-json\/wp\/v2\/pages\/988233\/revisions\/988648"}],"up":[{"embeddable":true,"href":"https:\/\/ejavisa.com\/en\/wp-json\/wp\/v2\/pages\/988342"}],"wp:attachment":[{"href":"https:\/\/ejavisa.com\/en\/wp-json\/wp\/v2\/media?parent=988233"}],"curies":[{"name":"wp","href":"https:\/\/api.w.org\/{rel}","templated":true}]}}