{"id":988262,"date":"2023-04-02T21:18:32","date_gmt":"2023-04-02T21:18:32","guid":{"rendered":"https:\/\/ejavisa.com\/en\/?page_id=988262"},"modified":"2025-04-29T12:32:41","modified_gmt":"2025-04-29T12:32:41","slug":"work-visa-in-the-united-kingdom","status":"publish","type":"page","link":"https:\/\/ejavisa.com\/en\/viza-britanike\/vize-pune-ne-mbreterine-e-bashkuar\/","title":{"rendered":"Work visa in the United Kingdom"},"content":{"rendered":"<div class=\"vgblk-rw-wrapper limit-wrapper\">\n<h2>\n\tWork visa in the United Kingdom\n\t<\/h2>\n\t<p>The UK's points-based immigration system sets out a series of new immigration rules aimed at creating a level playing field in the UK for workers from inside and outside the EU.<\/p>\n\t\t\t<a href=\"https:\/\/api.whatsapp.com\/send?phone=355697035626\" target=\"_self\" role=\"button\" rel=\"noopener\">\n\t\t\t\t\t\tContact us\n\t\t\t\t\t<\/a>\n\t<p><b>The UK's points-based immigration system.<\/b><\/p>\nP\u00ebr t&#8217;u kualifikuar si Pun\u00ebtor i kualifikuar, aplikant\u00ebt duhet t\u00eb marrin gjithsej 70 pik\u00eb.<br \/>\nThe 50 main points are awarded if you have a job offer at a specified skill level from a licensed sponsor, where the applicant must be able to provide evidence of their English language ability (usually at B1 or B2 level).\n<p>20 pik\u00eb shtes\u00eb mund t\u00eb merren n\u00ebp\u00ebrmjet nj\u00eb procesi &#8220;t\u00eb shk\u00ebmbimit t\u00eb pik\u00ebve&#8221;, kryesisht n\u00eb var\u00ebsi t\u00eb nivelit t\u00eb pag\u00ebs s\u00eb ofruar, por q\u00eb p\u00ebrfshin edhe rolet q\u00eb njihen si profesion n\u00eb munges\u00eb dhe ato pun\u00eb q\u00eb k\u00ebrkojn\u00eb nj\u00eb kualifikim p\u00ebrkat\u00ebs n\u00eb nivel doktorature.<\/p>\n<b>The table below describes the scoring:<br \/>\n<\/b><em>Ky informacion po p\u00ebrpunohet&#8230;<\/em>\n\t\t\t\t\t\t\t<img decoding=\"async\" loading=\"lazy\" width=\"2560\" height=\"2560\" src=\"https:\/\/ejavisa.com\/en\/wp-content\/uploads\/2023\/04\/portrait-young-woman-taking-pictures-holiday-min-scaled.jpg\" alt=\"Tourist Visa to the UK\" itemprop=\"image\" title=\"Tourist Visa to the UK\" onerror=\"this.style.display='none'\"  sizes=\"auto, (max-width: 768px) 100vw, 100vw\" srcset=\"https:\/\/ejavisa.com\/wp-content\/uploads\/2023\/04\/portrait-young-woman-taking-pictures-holiday-min-scaled.jpg 2560w, https:\/\/ejavisa.com\/wp-content\/uploads\/2023\/04\/portrait-young-woman-taking-pictures-holiday-min-300x300.jpg 300w, https:\/\/ejavisa.com\/wp-content\/uploads\/2023\/04\/portrait-young-woman-taking-pictures-holiday-min-1024x1024.jpg 1024w, https:\/\/ejavisa.com\/wp-content\/uploads\/2023\/04\/portrait-young-woman-taking-pictures-holiday-min-150x150.jpg 150w, https:\/\/ejavisa.com\/wp-content\/uploads\/2023\/04\/portrait-young-woman-taking-pictures-holiday-min-768x768.jpg 768w, https:\/\/ejavisa.com\/wp-content\/uploads\/2023\/04\/portrait-young-woman-taking-pictures-holiday-min-1536x1536.jpg 1536w, https:\/\/ejavisa.com\/wp-content\/uploads\/2023\/04\/portrait-young-woman-taking-pictures-holiday-min-2048x2048.jpg 2048w, https:\/\/ejavisa.com\/wp-content\/uploads\/2023\/04\/portrait-young-woman-taking-pictures-holiday-min-1260x1260.jpg 1260w, https:\/\/ejavisa.com\/wp-content\/uploads\/2023\/04\/portrait-young-woman-taking-pictures-holiday-min-630x630.jpg 630w, https:\/\/ejavisa.com\/wp-content\/uploads\/2023\/04\/portrait-young-woman-taking-pictures-holiday-min-420x420.jpg 420w, https:\/\/ejavisa.com\/wp-content\/uploads\/2023\/04\/portrait-young-woman-taking-pictures-holiday-min-840x840.jpg 840w, https:\/\/ejavisa.com\/wp-content\/uploads\/2023\/04\/portrait-young-woman-taking-pictures-holiday-min-315x315.jpg 315w\" \/>\t\t\t\t\t\t\t\n<h4>\n\t\t\t<a href=\"https:\/\/ejavisa.com\/en\/british-visa\/standard-visitor-visa\/\" title=\"Tourist Visa to the UK\" target=\"_self\" rel=\"noopener\">\n\tTourist Visa to the UK\n\t\t\t<\/a>\n\t<\/h4>\n\t\t\t\t\t\t\t<img decoding=\"async\" loading=\"lazy\" width=\"2560\" height=\"2560\" src=\"https:\/\/ejavisa.com\/en\/wp-content\/uploads\/2023\/04\/young-employee-sitting-office-desk-min-scaled.jpg\" alt=\"Employment in the United Kingdom\" itemprop=\"image\" title=\"Employment in the United Kingdom\" onerror=\"this.style.display='none'\"  sizes=\"auto, (max-width: 768px) 100vw, 100vw\" srcset=\"https:\/\/ejavisa.com\/wp-content\/uploads\/2023\/04\/young-employee-sitting-office-desk-min-scaled.jpg 2560w, https:\/\/ejavisa.com\/wp-content\/uploads\/2023\/04\/young-employee-sitting-office-desk-min-300x300.jpg 300w, https:\/\/ejavisa.com\/wp-content\/uploads\/2023\/04\/young-employee-sitting-office-desk-min-1024x1024.jpg 1024w, https:\/\/ejavisa.com\/wp-content\/uploads\/2023\/04\/young-employee-sitting-office-desk-min-150x150.jpg 150w, https:\/\/ejavisa.com\/wp-content\/uploads\/2023\/04\/young-employee-sitting-office-desk-min-768x768.jpg 768w, https:\/\/ejavisa.com\/wp-content\/uploads\/2023\/04\/young-employee-sitting-office-desk-min-1536x1536.jpg 1536w, https:\/\/ejavisa.com\/wp-content\/uploads\/2023\/04\/young-employee-sitting-office-desk-min-2048x2048.jpg 2048w, https:\/\/ejavisa.com\/wp-content\/uploads\/2023\/04\/young-employee-sitting-office-desk-min-1260x1260.jpg 1260w, https:\/\/ejavisa.com\/wp-content\/uploads\/2023\/04\/young-employee-sitting-office-desk-min-630x630.jpg 630w, https:\/\/ejavisa.com\/wp-content\/uploads\/2023\/04\/young-employee-sitting-office-desk-min-420x420.jpg 420w, https:\/\/ejavisa.com\/wp-content\/uploads\/2023\/04\/young-employee-sitting-office-desk-min-840x840.jpg 840w, https:\/\/ejavisa.com\/wp-content\/uploads\/2023\/04\/young-employee-sitting-office-desk-min-315x315.jpg 315w\" \/>\t\t\t\t\t\t\t\n<h4>\n\t\t\t<a href=\"https:\/\/ejavisa.com\/en\/british-visa\/work-visa-in-the-united-kingdom\/\" title=\"Work Visa in the UK\" target=\"_self\" rel=\"noopener\">\n\tWork Visa in the UK\n\t\t\t<\/a>\n\t<\/h4>\n\t\t\t\t\t\t\t<img decoding=\"async\" loading=\"lazy\" width=\"2560\" height=\"2560\" src=\"https:\/\/ejavisa.com\/en\/wp-content\/uploads\/2023\/04\/back-school-concept-with-woman-studying-library-min-1-scaled.jpg\" alt=\"back-school-concept-with-woman-studying-library-min (1)\" itemprop=\"image\" title=\"back-school-concept-with-woman-studying-library-min (1)\" onerror=\"this.style.display='none'\"  sizes=\"auto, (max-width: 768px) 100vw, 100vw\" srcset=\"https:\/\/ejavisa.com\/wp-content\/uploads\/2023\/04\/back-school-concept-with-woman-studying-library-min-1-scaled.jpg 2560w, https:\/\/ejavisa.com\/wp-content\/uploads\/2023\/04\/back-school-concept-with-woman-studying-library-min-1-300x300.jpg 300w, https:\/\/ejavisa.com\/wp-content\/uploads\/2023\/04\/back-school-concept-with-woman-studying-library-min-1-1024x1024.jpg 1024w, https:\/\/ejavisa.com\/wp-content\/uploads\/2023\/04\/back-school-concept-with-woman-studying-library-min-1-150x150.jpg 150w, https:\/\/ejavisa.com\/wp-content\/uploads\/2023\/04\/back-school-concept-with-woman-studying-library-min-1-768x768.jpg 768w, https:\/\/ejavisa.com\/wp-content\/uploads\/2023\/04\/back-school-concept-with-woman-studying-library-min-1-1536x1536.jpg 1536w, https:\/\/ejavisa.com\/wp-content\/uploads\/2023\/04\/back-school-concept-with-woman-studying-library-min-1-2048x2048.jpg 2048w, https:\/\/ejavisa.com\/wp-content\/uploads\/2023\/04\/back-school-concept-with-woman-studying-library-min-1-1260x1260.jpg 1260w, https:\/\/ejavisa.com\/wp-content\/uploads\/2023\/04\/back-school-concept-with-woman-studying-library-min-1-630x630.jpg 630w, https:\/\/ejavisa.com\/wp-content\/uploads\/2023\/04\/back-school-concept-with-woman-studying-library-min-1-420x420.jpg 420w, https:\/\/ejavisa.com\/wp-content\/uploads\/2023\/04\/back-school-concept-with-woman-studying-library-min-1-840x840.jpg 840w, https:\/\/ejavisa.com\/wp-content\/uploads\/2023\/04\/back-school-concept-with-woman-studying-library-min-1-315x315.jpg 315w\" \/>\t\t\t\t\t\t\t\n<h4>\n\t\t\t<a href=\"https:\/\/ejavisa.com\/en\/british-visa\/studio-in-the-united-kingdom\/\" title=\"UK study visa\" target=\"_self\" rel=\"noopener\">\n\tUK study visa\n\t\t\t<\/a>\n\t<\/h4>\n\t\t\t\t\t\t\t<img decoding=\"async\" loading=\"lazy\" width=\"300\" height=\"300\" src=\"https:\/\/ejavisa.com\/en\/wp-content\/uploads\/2023\/04\/parents-with-daughter-lying-autumn-leaves-park-min-300x300.jpg\" alt=\"parents with their daughter lying among autumn leaves in a park\" itemprop=\"image\" title=\"parents with their daughter lying among autumn leaves in a park\" onerror=\"this.style.display='none'\"  sizes=\"auto, (max-width: 768px) 100vw, 100vw\" srcset=\"https:\/\/ejavisa.com\/wp-content\/uploads\/2023\/04\/parents-with-daughter-lying-autumn-leaves-park-min-300x300.jpg 300w, https:\/\/ejavisa.com\/wp-content\/uploads\/2023\/04\/parents-with-daughter-lying-autumn-leaves-park-min-1024x1024.jpg 1024w, https:\/\/ejavisa.com\/wp-content\/uploads\/2023\/04\/parents-with-daughter-lying-autumn-leaves-park-min-150x150.jpg 150w, https:\/\/ejavisa.com\/wp-content\/uploads\/2023\/04\/parents-with-daughter-lying-autumn-leaves-park-min-768x768.jpg 768w, https:\/\/ejavisa.com\/wp-content\/uploads\/2023\/04\/parents-with-daughter-lying-autumn-leaves-park-min-1536x1536.jpg 1536w, https:\/\/ejavisa.com\/wp-content\/uploads\/2023\/04\/parents-with-daughter-lying-autumn-leaves-park-min-2048x2048.jpg 2048w, https:\/\/ejavisa.com\/wp-content\/uploads\/2023\/04\/parents-with-daughter-lying-autumn-leaves-park-min-1260x1260.jpg 1260w, https:\/\/ejavisa.com\/wp-content\/uploads\/2023\/04\/parents-with-daughter-lying-autumn-leaves-park-min-630x630.jpg 630w, https:\/\/ejavisa.com\/wp-content\/uploads\/2023\/04\/parents-with-daughter-lying-autumn-leaves-park-min-420x420.jpg 420w, https:\/\/ejavisa.com\/wp-content\/uploads\/2023\/04\/parents-with-daughter-lying-autumn-leaves-park-min-840x840.jpg 840w, https:\/\/ejavisa.com\/wp-content\/uploads\/2023\/04\/parents-with-daughter-lying-autumn-leaves-park-min-315x315.jpg 315w\" \/>\t\t\t\t\t\t\t\n<h4>\n\t\t\t<a href=\"https:\/\/ejavisa.com\/en\/british-visa\/apply-for-a-spouse-visa-in-the-united-kingdom\/\" title=\"Family Visa in the UK\" target=\"_self\" rel=\"noopener\">\n\tFamily Visa in the UK\n\t\t\t<\/a>\n\t<\/h4>\n\t<section id=\"Content_C016_Col00\" data-sf-element=\"content-narrow\" data-placeholder-label=\"Content Narrow\">\n<section id=\"Content_C016_Col00\" data-sf-element=\"content-narrow\" data-placeholder-label=\"Content Narrow\">\n<p><b>Work visa in the healthcare sector.<\/b><\/p>\n<p>The United Kingdom's work visa specifically for healthcare professionals is known as the Health and Care Worker Visa. This healthcare worker visa offers an opportunity for skilled workers, including nurses, healthcare assistants, various technicians and therapists.\u00a0<\/p>\n<p><b>What is a Healthcare Work Visa?\u00a0<\/b><\/p>\n<p>The healthcare worker visa is a category specifically for qualified professionals in the healthcare sector. This visa offers a way to live and work in the United Kingdom through your profession; the Health and Care Worker visa has no minimum educational requirement, lower application fees, and applicants do not pay the annual health surcharge.\u00a0<\/p>\n<p>You need to score 70 points under the points-based immigration system, 50 of which are mandatory, and the remaining 20 points may come from what are known as tradeable points.<\/p>\n<p><b>How the points are allocated for the health and care worker visa:<\/b><\/p>\n<p><em>Ky informacion po p\u00ebrpunohet&#8230;<\/em><\/p>\n<p><b>How long is the health and care worker's visa valid for?<\/b><\/p>\n<p>Viza juaj mund t\u00eb zgjas\u00eb deri n\u00eb pes\u00eb vjet p\u00ebrpara se t&#8217;ju duhet ta zgjasni at\u00eb. Ju do t\u00eb duhet t\u00eb aplikoni p\u00ebr t\u00eb zgjatur ose p\u00ebrdit\u00ebsuar viz\u00ebn tuaj kur ajo t\u00eb skadoj\u00eb ose n\u00ebse ndryshoni pun\u00eb ose pun\u00ebdh\u00ebn\u00ebs<\/p>\n<p><b>Can I obtain permanent residence through this visa?\u00a0<\/b><\/p>\n<p>You may apply to extend your visa as often as you like, provided you still meet the eligibility requirements.<\/p>\n<p>Pas pes\u00eb vjet\u00ebsh, mund t\u00eb aplikoni p\u00ebr t&#8217;u vendosur p\u00ebrgjithmon\u00eb n\u00eb MB. E njohur si leje q\u00ebndrimi e p\u00ebrhershme (ILR), kjo ju jep t\u00eb drejt\u00ebn t\u00eb jetoni, punoni dhe studioni n\u00eb MB p\u00ebr aq koh\u00eb sa t\u00eb doni dhe t\u00eb aplikoni p\u00ebr disa p\u00ebrfitime n\u00ebse ju lejohet. Pas nj\u00eb viti nga l\u00ebshimi i Lejes s\u00eb P\u00ebrhershme (ILR), ju mund t\u00eb keni t\u00eb drejt\u00eb t\u00eb aplikoni p\u00ebr n\u00ebnshtet\u00ebsi n\u00eb Mbret\u00ebrin\u00eb e Bashkuar.<\/p>\n<p>&nbsp;<\/p>\n<p><b>Can I bring my spouse and family with me?\u00a0<\/b><\/p>\n<p>Partneri dhe f\u00ebmij\u00ebt tuaj mund t\u00eb aplikojn\u00eb p\u00ebr t&#8217;u bashkuar me ju ose p\u00ebr t\u00eb q\u00ebndruar n\u00eb MB si vart\u00ebsit tuaj n\u00ebse plot\u00ebsojn\u00eb kushtet. N\u00ebse aplikimi i tyre \u00ebsht\u00eb i suksessh\u00ebm, viza e tyre do t\u00eb p\u00ebrfundoj\u00eb n\u00eb t\u00eb nj\u00ebjt\u00ebn dat\u00eb si e juaja.<\/p>\n<p>You must be able to prove that you are married by means of a marriage certificate.<\/p>\n<p>If your child is 16 years old or older, it must be proven that:<\/p>\n<ul>\n<li>Lives with you (unless they are in full-time education at a boarding school, college or university).<\/li>\n<li>Not to be married, in a civil partnership or have children.<\/li>\n<li>To be financially dependent on you.<\/li>\n<\/ul>\n<p>Ju gjithashtu do t&#8217;ju duhet t\u00eb tregoni se jeni n\u00eb gjendje t\u00eb mb\u00ebshtesni partnerin dhe f\u00ebmij\u00ebt tuaj gjat\u00eb koh\u00ebs q\u00eb jeni n\u00eb MB. Do t&#8217;ju duhet:<\/p>\n<p>\u00a3285 for your partner.<\/p>\n<p>\u00a3315 per child.<\/p>\n<p>\u00a3200 for each additional child.<\/p>\n<\/section>\n<\/section>\n\n<\/div><!-- .vgblk-rw-wrapper -->","protected":false},"excerpt":{"rendered":"<p>Viz\u00eb Pun\u00ebsimi n\u00eb Mbret\u00ebrin\u00eb e Bashkuar Sistemi i emigracionit n\u00eb Mbret\u00ebrin\u00eb e Bashkuar i bazuar n\u00eb pik\u00eb p\u00ebrcakton nj\u00eb s\u00ebr\u00eb rregullash t\u00eb reja emigracioni q\u00eb synojn\u00eb t\u00eb krijojn\u00eb shanse t\u00eb barabarta n\u00eb MB p\u00ebr pun\u00ebtor\u00ebt nga brenda dhe jasht\u00eb BE-s\u00eb. Na Kontaktoni Sistemi i emigracionit i bazuar n\u00eb pik\u00eb n\u00eb MB. P\u00ebr t&#8217;u kualifikuar si&#8230;<\/p>","protected":false},"author":1,"featured_media":0,"parent":988342,"menu_order":0,"comment_status":"closed","ping_status":"closed","template":"","meta":{"footnotes":""},"class_list":["post-988262","page","type-page","status-publish","hentry"],"_links":{"self":[{"href":"https:\/\/ejavisa.com\/en\/wp-json\/wp\/v2\/pages\/988262","targetHints":{"allow":["GET"]}}],"collection":[{"href":"https:\/\/ejavisa.com\/en\/wp-json\/wp\/v2\/pages"}],"about":[{"href":"https:\/\/ejavisa.com\/en\/wp-json\/wp\/v2\/types\/page"}],"author":[{"embeddable":true,"href":"https:\/\/ejavisa.com\/en\/wp-json\/wp\/v2\/users\/1"}],"replies":[{"embeddable":true,"href":"https:\/\/ejavisa.com\/en\/wp-json\/wp\/v2\/comments?post=988262"}],"version-history":[{"count":13,"href":"https:\/\/ejavisa.com\/en\/wp-json\/wp\/v2\/pages\/988262\/revisions"}],"predecessor-version":[{"id":988638,"href":"https:\/\/ejavisa.com\/en\/wp-json\/wp\/v2\/pages\/988262\/revisions\/988638"}],"up":[{"embeddable":true,"href":"https:\/\/ejavisa.com\/en\/wp-json\/wp\/v2\/pages\/988342"}],"wp:attachment":[{"href":"https:\/\/ejavisa.com\/en\/wp-json\/wp\/v2\/media?parent=988262"}],"curies":[{"name":"wp","href":"https:\/\/api.w.org\/{rel}","templated":true}]}}