{"id":988266,"date":"2023-04-02T21:19:49","date_gmt":"2023-04-02T21:19:49","guid":{"rendered":"https:\/\/ejavisa.com\/en\/?page_id=988266"},"modified":"2023-04-05T21:59:47","modified_gmt":"2023-04-05T21:59:47","slug":"studio-in-the-united-kingdom","status":"publish","type":"page","link":"https:\/\/ejavisa.com\/en\/viza-britanike\/studio-ne-mbreterine-e-bashkuar\/","title":{"rendered":"Studio in the United Kingdom"},"content":{"rendered":"<div class=\"vgblk-rw-wrapper limit-wrapper\">\n<h2>\n\tStudio in the United Kingdom\n\t<\/h2>\n\t<p>Apply for a student visa in the UK. The UK boasts some of the best universities and schools in the world. A long tradition of high-quality education makes the country a preferred destination for international students. There are a range of study visas in the United Kingdom for those who wish to study in the UK.<\/p>\n\t\t\t<a href=\"https:\/\/api.whatsapp.com\/send?phone=355697035626\" target=\"_self\" role=\"button\" rel=\"noopener\">\n\t\t\t\t\t\tContact us\n\t\t\t\t\t<\/a>\n\t<p><strong>16 years and over:<\/strong> Student visa in the UK.<\/p>\n<p>If you want to attend university or college in the United Kingdom, then you must apply for a student visa.<\/p>\n<p>If you are outside the UK, you can apply six months before the start of your studies and receive a decision within three weeks. The validity of the visa depends on the duration of your studies.\u00a0<\/p>\n<p>You may study for up to six months on a visitor visa at an accredited institution.<b>.<\/b><\/p>\nRequirements for obtaining this visa category:<br \/>\n\n<ul>\n<li aria-level=\"1\">You must have confirmation of admission to study from an approved educational institution.<\/li>\n<li aria-level=\"1\">You must have proof of sufficient funds to pay for the course and to support yourself.<\/li>\n<li aria-level=\"1\">Provide evidence of English language proficiency at the level required by the Accredited Educational Institution.<\/li>\n<li aria-level=\"1\">Obtain your parents' consent if you are 16 or 17 years old.<\/li>\n<\/ul>\n<p>&nbsp;<\/p>\n\t\t\t\t\t\t\t<img decoding=\"async\" loading=\"lazy\" width=\"2560\" height=\"2560\" src=\"https:\/\/ejavisa.com\/en\/wp-content\/uploads\/2023\/04\/portrait-young-woman-taking-pictures-holiday-min-scaled.jpg\" alt=\"portrait-young-woman-taking-pictures-holiday-min\" itemprop=\"image\" title=\"portrait-young-woman-taking-pictures-holiday-min\" onerror=\"this.style.display='none'\"  sizes=\"auto, (max-width: 768px) 100vw, 100vw\" srcset=\"https:\/\/ejavisa.com\/wp-content\/uploads\/2023\/04\/portrait-young-woman-taking-pictures-holiday-min-scaled.jpg 2560w, https:\/\/ejavisa.com\/wp-content\/uploads\/2023\/04\/portrait-young-woman-taking-pictures-holiday-min-300x300.jpg 300w, https:\/\/ejavisa.com\/wp-content\/uploads\/2023\/04\/portrait-young-woman-taking-pictures-holiday-min-1024x1024.jpg 1024w, https:\/\/ejavisa.com\/wp-content\/uploads\/2023\/04\/portrait-young-woman-taking-pictures-holiday-min-150x150.jpg 150w, https:\/\/ejavisa.com\/wp-content\/uploads\/2023\/04\/portrait-young-woman-taking-pictures-holiday-min-768x768.jpg 768w, https:\/\/ejavisa.com\/wp-content\/uploads\/2023\/04\/portrait-young-woman-taking-pictures-holiday-min-1536x1536.jpg 1536w, https:\/\/ejavisa.com\/wp-content\/uploads\/2023\/04\/portrait-young-woman-taking-pictures-holiday-min-2048x2048.jpg 2048w, https:\/\/ejavisa.com\/wp-content\/uploads\/2023\/04\/portrait-young-woman-taking-pictures-holiday-min-1260x1260.jpg 1260w, https:\/\/ejavisa.com\/wp-content\/uploads\/2023\/04\/portrait-young-woman-taking-pictures-holiday-min-630x630.jpg 630w, https:\/\/ejavisa.com\/wp-content\/uploads\/2023\/04\/portrait-young-woman-taking-pictures-holiday-min-420x420.jpg 420w, https:\/\/ejavisa.com\/wp-content\/uploads\/2023\/04\/portrait-young-woman-taking-pictures-holiday-min-840x840.jpg 840w, https:\/\/ejavisa.com\/wp-content\/uploads\/2023\/04\/portrait-young-woman-taking-pictures-holiday-min-315x315.jpg 315w\" \/>\t\t\t\t\t\t\t\n<h4>\n\t\t\t<a href=\"https:\/\/ejavisa.com\/en\/british-visa\/standard-visitor-visa\/\" title=\"Tourist Visa to the UK\" target=\"_self\" rel=\"noopener\">\n\tTourist Visa to the UK\n\t\t\t<\/a>\n\t<\/h4>\n\t\t\t\t\t\t\t<img decoding=\"async\" loading=\"lazy\" width=\"2560\" height=\"2560\" src=\"https:\/\/ejavisa.com\/en\/wp-content\/uploads\/2023\/04\/young-employee-sitting-office-desk-min-scaled.jpg\" alt=\"young-employee-sitting-office-desk-min\" itemprop=\"image\" title=\"young-employee-sitting-office-desk-min\" onerror=\"this.style.display='none'\"  sizes=\"auto, (max-width: 768px) 100vw, 100vw\" srcset=\"https:\/\/ejavisa.com\/wp-content\/uploads\/2023\/04\/young-employee-sitting-office-desk-min-scaled.jpg 2560w, https:\/\/ejavisa.com\/wp-content\/uploads\/2023\/04\/young-employee-sitting-office-desk-min-300x300.jpg 300w, https:\/\/ejavisa.com\/wp-content\/uploads\/2023\/04\/young-employee-sitting-office-desk-min-1024x1024.jpg 1024w, https:\/\/ejavisa.com\/wp-content\/uploads\/2023\/04\/young-employee-sitting-office-desk-min-150x150.jpg 150w, https:\/\/ejavisa.com\/wp-content\/uploads\/2023\/04\/young-employee-sitting-office-desk-min-768x768.jpg 768w, https:\/\/ejavisa.com\/wp-content\/uploads\/2023\/04\/young-employee-sitting-office-desk-min-1536x1536.jpg 1536w, https:\/\/ejavisa.com\/wp-content\/uploads\/2023\/04\/young-employee-sitting-office-desk-min-2048x2048.jpg 2048w, https:\/\/ejavisa.com\/wp-content\/uploads\/2023\/04\/young-employee-sitting-office-desk-min-1260x1260.jpg 1260w, https:\/\/ejavisa.com\/wp-content\/uploads\/2023\/04\/young-employee-sitting-office-desk-min-630x630.jpg 630w, https:\/\/ejavisa.com\/wp-content\/uploads\/2023\/04\/young-employee-sitting-office-desk-min-420x420.jpg 420w, https:\/\/ejavisa.com\/wp-content\/uploads\/2023\/04\/young-employee-sitting-office-desk-min-840x840.jpg 840w, https:\/\/ejavisa.com\/wp-content\/uploads\/2023\/04\/young-employee-sitting-office-desk-min-315x315.jpg 315w\" \/>\t\t\t\t\t\t\t\n<h4>\n\t\t\t<a href=\"https:\/\/ejavisa.com\/en\/british-visa\/work-visa-in-the-united-kingdom\/\" title=\"Work Visa in the UK\" target=\"_self\" rel=\"noopener\">\n\tWork Visa in the UK\n\t\t\t<\/a>\n\t<\/h4>\n\t\t\t\t\t\t\t<img decoding=\"async\" loading=\"lazy\" width=\"2560\" height=\"2560\" src=\"https:\/\/ejavisa.com\/en\/wp-content\/uploads\/2023\/04\/back-school-concept-with-woman-studying-library-min-1-scaled.jpg\" alt=\"back-school-concept-with-woman-studying-library-min (1)\" itemprop=\"image\" title=\"back-school-concept-with-woman-studying-library-min (1)\" onerror=\"this.style.display='none'\"  sizes=\"auto, (max-width: 768px) 100vw, 100vw\" srcset=\"https:\/\/ejavisa.com\/wp-content\/uploads\/2023\/04\/back-school-concept-with-woman-studying-library-min-1-scaled.jpg 2560w, https:\/\/ejavisa.com\/wp-content\/uploads\/2023\/04\/back-school-concept-with-woman-studying-library-min-1-300x300.jpg 300w, https:\/\/ejavisa.com\/wp-content\/uploads\/2023\/04\/back-school-concept-with-woman-studying-library-min-1-1024x1024.jpg 1024w, https:\/\/ejavisa.com\/wp-content\/uploads\/2023\/04\/back-school-concept-with-woman-studying-library-min-1-150x150.jpg 150w, https:\/\/ejavisa.com\/wp-content\/uploads\/2023\/04\/back-school-concept-with-woman-studying-library-min-1-768x768.jpg 768w, https:\/\/ejavisa.com\/wp-content\/uploads\/2023\/04\/back-school-concept-with-woman-studying-library-min-1-1536x1536.jpg 1536w, https:\/\/ejavisa.com\/wp-content\/uploads\/2023\/04\/back-school-concept-with-woman-studying-library-min-1-2048x2048.jpg 2048w, https:\/\/ejavisa.com\/wp-content\/uploads\/2023\/04\/back-school-concept-with-woman-studying-library-min-1-1260x1260.jpg 1260w, https:\/\/ejavisa.com\/wp-content\/uploads\/2023\/04\/back-school-concept-with-woman-studying-library-min-1-630x630.jpg 630w, https:\/\/ejavisa.com\/wp-content\/uploads\/2023\/04\/back-school-concept-with-woman-studying-library-min-1-420x420.jpg 420w, https:\/\/ejavisa.com\/wp-content\/uploads\/2023\/04\/back-school-concept-with-woman-studying-library-min-1-840x840.jpg 840w, https:\/\/ejavisa.com\/wp-content\/uploads\/2023\/04\/back-school-concept-with-woman-studying-library-min-1-315x315.jpg 315w\" \/>\t\t\t\t\t\t\t\n<h4>\n\t\t\t<a href=\"https:\/\/ejavisa.com\/en\/british-visa\/studio-in-the-united-kingdom\/\" title=\"UK study visa\" target=\"_self\" rel=\"noopener\">\n\tUK study visa\n\t\t\t<\/a>\n\t<\/h4>\n\t\t\t\t\t\t\t<img decoding=\"async\" loading=\"lazy\" width=\"300\" height=\"300\" src=\"https:\/\/ejavisa.com\/en\/wp-content\/uploads\/2023\/04\/parents-with-daughter-lying-autumn-leaves-park-min-300x300.jpg\" alt=\"parents with their daughter lying among autumn leaves in a park\" itemprop=\"image\" title=\"parents with their daughter lying among autumn leaves in a park\" onerror=\"this.style.display='none'\"  sizes=\"auto, (max-width: 768px) 100vw, 100vw\" srcset=\"https:\/\/ejavisa.com\/wp-content\/uploads\/2023\/04\/parents-with-daughter-lying-autumn-leaves-park-min-300x300.jpg 300w, https:\/\/ejavisa.com\/wp-content\/uploads\/2023\/04\/parents-with-daughter-lying-autumn-leaves-park-min-1024x1024.jpg 1024w, https:\/\/ejavisa.com\/wp-content\/uploads\/2023\/04\/parents-with-daughter-lying-autumn-leaves-park-min-150x150.jpg 150w, https:\/\/ejavisa.com\/wp-content\/uploads\/2023\/04\/parents-with-daughter-lying-autumn-leaves-park-min-768x768.jpg 768w, https:\/\/ejavisa.com\/wp-content\/uploads\/2023\/04\/parents-with-daughter-lying-autumn-leaves-park-min-1536x1536.jpg 1536w, https:\/\/ejavisa.com\/wp-content\/uploads\/2023\/04\/parents-with-daughter-lying-autumn-leaves-park-min-2048x2048.jpg 2048w, https:\/\/ejavisa.com\/wp-content\/uploads\/2023\/04\/parents-with-daughter-lying-autumn-leaves-park-min-1260x1260.jpg 1260w, https:\/\/ejavisa.com\/wp-content\/uploads\/2023\/04\/parents-with-daughter-lying-autumn-leaves-park-min-630x630.jpg 630w, https:\/\/ejavisa.com\/wp-content\/uploads\/2023\/04\/parents-with-daughter-lying-autumn-leaves-park-min-420x420.jpg 420w, https:\/\/ejavisa.com\/wp-content\/uploads\/2023\/04\/parents-with-daughter-lying-autumn-leaves-park-min-840x840.jpg 840w, https:\/\/ejavisa.com\/wp-content\/uploads\/2023\/04\/parents-with-daughter-lying-autumn-leaves-park-min-315x315.jpg 315w\" \/>\t\t\t\t\t\t\t\n<h4>\n\t\t\t<a href=\"https:\/\/ejavisa.com\/en\/british-visa\/apply-for-a-spouse-visa-in-the-united-kingdom\/\" title=\"Family Visa in the UK\" target=\"_self\" rel=\"noopener\">\n\tFamily Visa in the UK\n\t\t\t<\/a>\n\t<\/h4>\n\t<p><strong>Staying in the UK after you have graduated.<\/strong><\/p>\n<p>You may be able to stay in the UK after you have completed your studies if:<\/p>\nAplikoni p\u00ebr viz\u00eb &#8216;Pas Diplomimit&#8217; (Graduate Visa).<br \/>\nThis visa allows you to stay in the United Kingdom for two years if you have completed a bachelor's, postgraduate or master's degree, and for three years if you have completed a doctorate in the UK.\n<p>Aplikoni p\u00ebr viz\u00eb t\u00eb pun\u00ebtor\u00ebve t\u00eb kualifikuar (skilled Workers). T\u00eb diplomuarit n\u00ebn mosh\u00ebn 26 vje\u00e7 mund t\u00eb hyjn\u00eb n\u00eb tregun e pun\u00ebs si &#8220;t\u00eb rinj n\u00eb treg&#8221; duke u pajisur me viz\u00eb t\u00eb pun\u00ebtor\u00ebve t\u00eb kualifikuar.<\/p>\n<p>Apply for a spouse visa. If you are married to a British citizen or to someone who has indefinite leave to remain, you can apply for this visa, which gives you the right to live and work in the United Kingdom for two and a half years without restrictions.<\/p>\n<p>&nbsp;<\/p>\n<p><b>Under 18: Student visa for children.<\/b><\/p>\n<p>The child student visa allows children aged four to 17 to study full-time at an independent school in the UK. The requirements for this visa are:<\/p>\n<p>To have an unconditional offer to study in the UK.\u00a0<\/p>\n<p>Obtain your parent's or guardian's consent.<\/p>\n<p>Have sufficient funds to cover the course fees and living costs.<\/p>\n<p><strong>Frequently Asked Questions:<\/strong><\/p>\n<p><strong>1. Can I work while I'm on a student visa in the United Kingdom?<\/strong><\/p>\n<p>If you are studying full-time, you may work up to 20 hours per week during term time and full-time during the holidays.\u00a0<\/p>\n<p><strong>2. How long is the student visa in the UK?\u00a0<\/strong><\/p>\n<p>The duration of the student visa depends on the period of study specified in the confirmation of studies issued by the educational institution.<\/p>\n<p><strong>3. How far in advance should I apply for the student visa?<\/strong><\/p>\n<p>The visa will be issued within 3\u20134 weeks from the moment your fingerprints are taken.\u00a0<\/p>\n<p><strong>5. Can I take\u00a0<\/strong><strong>permanent residence in the UK through a student visa<\/strong><strong>?<\/strong><\/p>\n<p>A student visa in itself does not guarantee permanent residence in the UK, but you can apply for a two-year residence visa once you have completed your studies, after which you can apply for a work visa, which guarantees permanent residence.\u00a0<\/p>\n\n<\/div><!-- .vgblk-rw-wrapper -->","protected":false},"excerpt":{"rendered":"<p>Studio n\u00eb Mbret\u00ebrin\u00eb e Bashkuar Aplikoni p\u00ebr nj\u00eb viz\u00eb studentore n\u00eb MB. MB krenohet me disa nga universitetet dhe shkollat m\u00eb t\u00eb mira n\u00eb bot\u00eb. Nj\u00eb tradit\u00eb e gjat\u00eb e arsimit t\u00eb klasit t\u00eb lart\u00eb e b\u00ebn vendin nj\u00eb destinacion t\u00eb zgjedhur p\u00ebr student\u00ebt nd\u00ebrkomb\u00ebtar\u00eb. Ka nj\u00eb s\u00ebr\u00eb vizash studimi n\u00eb Mbret\u00ebrin\u00eb e Bashkuar p\u00ebr&#8230;<\/p>","protected":false},"author":1,"featured_media":0,"parent":988342,"menu_order":0,"comment_status":"closed","ping_status":"closed","template":"","meta":{"footnotes":""},"class_list":["post-988266","page","type-page","status-publish","hentry"],"_links":{"self":[{"href":"https:\/\/ejavisa.com\/en\/wp-json\/wp\/v2\/pages\/988266","targetHints":{"allow":["GET"]}}],"collection":[{"href":"https:\/\/ejavisa.com\/en\/wp-json\/wp\/v2\/pages"}],"about":[{"href":"https:\/\/ejavisa.com\/en\/wp-json\/wp\/v2\/types\/page"}],"author":[{"embeddable":true,"href":"https:\/\/ejavisa.com\/en\/wp-json\/wp\/v2\/users\/1"}],"replies":[{"embeddable":true,"href":"https:\/\/ejavisa.com\/en\/wp-json\/wp\/v2\/comments?post=988266"}],"version-history":[{"count":12,"href":"https:\/\/ejavisa.com\/en\/wp-json\/wp\/v2\/pages\/988266\/revisions"}],"predecessor-version":[{"id":988499,"href":"https:\/\/ejavisa.com\/en\/wp-json\/wp\/v2\/pages\/988266\/revisions\/988499"}],"up":[{"embeddable":true,"href":"https:\/\/ejavisa.com\/en\/wp-json\/wp\/v2\/pages\/988342"}],"wp:attachment":[{"href":"https:\/\/ejavisa.com\/en\/wp-json\/wp\/v2\/media?parent=988266"}],"curies":[{"name":"wp","href":"https:\/\/api.w.org\/{rel}","templated":true}]}}