{"id":988290,"date":"2023-04-02T21:52:23","date_gmt":"2023-04-02T21:52:23","guid":{"rendered":"https:\/\/ejavisa.com\/en\/?page_id=988290"},"modified":"2024-09-15T16:20:23","modified_gmt":"2024-09-15T16:20:23","slug":"translations","status":"publish","type":"page","link":"https:\/\/ejavisa.com\/en\/perkthime\/","title":{"rendered":"Translations"},"content":{"rendered":"<div class=\"vgblk-rw-wrapper limit-wrapper\">\n<h2>\n\tProfessional translation services \n\t<\/h2>\n\t<p>Our professional translation services are certified and legal, valid for use outside Albania. <\/p>\n\t\t\t<a href=\"https:\/\/api.whatsapp.com\/send?phone=355697035626\" target=\"_self\" role=\"button\" rel=\"noopener\">\n\t\t\t\t\t\tContact us\n\t\t\t\t\t<\/a>\n\t<p>Our professional translation services are certified and legal, valid for use both in and outside Albania.\u00a0<\/p>\n<p>We offer written translation services for conferences, online meetings and can process large volumes in a short time. We also provide translation services for various businesses in Albania. You can read more about the procedures and documents that may need to be translated for businesses on <strong><a href=\"https:\/\/smealbania.com\/al\/\" rel=\"nofollow noopener\" target=\"_blank\">Not Albania<\/a><\/strong>.<\/p>\n<p>The network of translators comprises professionals in the field, ensuring quality and accuracy.\u00a0<\/p>\n<h3>\n\tSome British visas\n\t<\/h3>\n\t\t\t\t\t\t\t<img decoding=\"async\" loading=\"lazy\" width=\"2560\" height=\"2560\" src=\"https:\/\/ejavisa.com\/en\/wp-content\/uploads\/2023\/04\/portrait-young-woman-taking-pictures-holiday-min-scaled.jpg\" alt=\"portrait-young-woman-taking-pictures-holiday-min\" itemprop=\"image\" title=\"portrait-young-woman-taking-pictures-holiday-min\" onerror=\"this.style.display='none'\"  sizes=\"auto, (max-width: 768px) 100vw, 100vw\" srcset=\"https:\/\/ejavisa.com\/wp-content\/uploads\/2023\/04\/portrait-young-woman-taking-pictures-holiday-min-scaled.jpg 2560w, https:\/\/ejavisa.com\/wp-content\/uploads\/2023\/04\/portrait-young-woman-taking-pictures-holiday-min-300x300.jpg 300w, https:\/\/ejavisa.com\/wp-content\/uploads\/2023\/04\/portrait-young-woman-taking-pictures-holiday-min-1024x1024.jpg 1024w, https:\/\/ejavisa.com\/wp-content\/uploads\/2023\/04\/portrait-young-woman-taking-pictures-holiday-min-150x150.jpg 150w, https:\/\/ejavisa.com\/wp-content\/uploads\/2023\/04\/portrait-young-woman-taking-pictures-holiday-min-768x768.jpg 768w, https:\/\/ejavisa.com\/wp-content\/uploads\/2023\/04\/portrait-young-woman-taking-pictures-holiday-min-1536x1536.jpg 1536w, https:\/\/ejavisa.com\/wp-content\/uploads\/2023\/04\/portrait-young-woman-taking-pictures-holiday-min-2048x2048.jpg 2048w, https:\/\/ejavisa.com\/wp-content\/uploads\/2023\/04\/portrait-young-woman-taking-pictures-holiday-min-1260x1260.jpg 1260w, https:\/\/ejavisa.com\/wp-content\/uploads\/2023\/04\/portrait-young-woman-taking-pictures-holiday-min-630x630.jpg 630w, https:\/\/ejavisa.com\/wp-content\/uploads\/2023\/04\/portrait-young-woman-taking-pictures-holiday-min-420x420.jpg 420w, https:\/\/ejavisa.com\/wp-content\/uploads\/2023\/04\/portrait-young-woman-taking-pictures-holiday-min-840x840.jpg 840w, https:\/\/ejavisa.com\/wp-content\/uploads\/2023\/04\/portrait-young-woman-taking-pictures-holiday-min-315x315.jpg 315w\" \/>\t\t\t\t\t\t\t\n<h4>\n\tTourist Visa to the UK\n\t<\/h4>\n\t\t\t\t\t\t\t<img decoding=\"async\" loading=\"lazy\" width=\"2560\" height=\"2560\" src=\"https:\/\/ejavisa.com\/en\/wp-content\/uploads\/2023\/04\/young-employee-sitting-office-desk-min-scaled.jpg\" alt=\"young-employee-sitting-office-desk-min\" itemprop=\"image\" title=\"young-employee-sitting-office-desk-min\" onerror=\"this.style.display='none'\"  sizes=\"auto, (max-width: 768px) 100vw, 100vw\" srcset=\"https:\/\/ejavisa.com\/wp-content\/uploads\/2023\/04\/young-employee-sitting-office-desk-min-scaled.jpg 2560w, https:\/\/ejavisa.com\/wp-content\/uploads\/2023\/04\/young-employee-sitting-office-desk-min-300x300.jpg 300w, https:\/\/ejavisa.com\/wp-content\/uploads\/2023\/04\/young-employee-sitting-office-desk-min-1024x1024.jpg 1024w, https:\/\/ejavisa.com\/wp-content\/uploads\/2023\/04\/young-employee-sitting-office-desk-min-150x150.jpg 150w, https:\/\/ejavisa.com\/wp-content\/uploads\/2023\/04\/young-employee-sitting-office-desk-min-768x768.jpg 768w, https:\/\/ejavisa.com\/wp-content\/uploads\/2023\/04\/young-employee-sitting-office-desk-min-1536x1536.jpg 1536w, https:\/\/ejavisa.com\/wp-content\/uploads\/2023\/04\/young-employee-sitting-office-desk-min-2048x2048.jpg 2048w, https:\/\/ejavisa.com\/wp-content\/uploads\/2023\/04\/young-employee-sitting-office-desk-min-1260x1260.jpg 1260w, https:\/\/ejavisa.com\/wp-content\/uploads\/2023\/04\/young-employee-sitting-office-desk-min-630x630.jpg 630w, https:\/\/ejavisa.com\/wp-content\/uploads\/2023\/04\/young-employee-sitting-office-desk-min-420x420.jpg 420w, https:\/\/ejavisa.com\/wp-content\/uploads\/2023\/04\/young-employee-sitting-office-desk-min-840x840.jpg 840w, https:\/\/ejavisa.com\/wp-content\/uploads\/2023\/04\/young-employee-sitting-office-desk-min-315x315.jpg 315w\" \/>\t\t\t\t\t\t\t\n<h4>\n\tWork Visa in the UK\n\t<\/h4>\n\t\t\t\t\t\t\t<img decoding=\"async\" loading=\"lazy\" width=\"2560\" height=\"2560\" src=\"https:\/\/ejavisa.com\/en\/wp-content\/uploads\/2023\/04\/back-school-concept-with-woman-studying-library-min-1-scaled.jpg\" alt=\"back-school-concept-with-woman-studying-library-min (1)\" itemprop=\"image\" title=\"back-school-concept-with-woman-studying-library-min (1)\" onerror=\"this.style.display='none'\"  sizes=\"auto, (max-width: 768px) 100vw, 100vw\" srcset=\"https:\/\/ejavisa.com\/wp-content\/uploads\/2023\/04\/back-school-concept-with-woman-studying-library-min-1-scaled.jpg 2560w, https:\/\/ejavisa.com\/wp-content\/uploads\/2023\/04\/back-school-concept-with-woman-studying-library-min-1-300x300.jpg 300w, https:\/\/ejavisa.com\/wp-content\/uploads\/2023\/04\/back-school-concept-with-woman-studying-library-min-1-1024x1024.jpg 1024w, https:\/\/ejavisa.com\/wp-content\/uploads\/2023\/04\/back-school-concept-with-woman-studying-library-min-1-150x150.jpg 150w, https:\/\/ejavisa.com\/wp-content\/uploads\/2023\/04\/back-school-concept-with-woman-studying-library-min-1-768x768.jpg 768w, https:\/\/ejavisa.com\/wp-content\/uploads\/2023\/04\/back-school-concept-with-woman-studying-library-min-1-1536x1536.jpg 1536w, https:\/\/ejavisa.com\/wp-content\/uploads\/2023\/04\/back-school-concept-with-woman-studying-library-min-1-2048x2048.jpg 2048w, https:\/\/ejavisa.com\/wp-content\/uploads\/2023\/04\/back-school-concept-with-woman-studying-library-min-1-1260x1260.jpg 1260w, https:\/\/ejavisa.com\/wp-content\/uploads\/2023\/04\/back-school-concept-with-woman-studying-library-min-1-630x630.jpg 630w, https:\/\/ejavisa.com\/wp-content\/uploads\/2023\/04\/back-school-concept-with-woman-studying-library-min-1-420x420.jpg 420w, https:\/\/ejavisa.com\/wp-content\/uploads\/2023\/04\/back-school-concept-with-woman-studying-library-min-1-840x840.jpg 840w, https:\/\/ejavisa.com\/wp-content\/uploads\/2023\/04\/back-school-concept-with-woman-studying-library-min-1-315x315.jpg 315w\" \/>\t\t\t\t\t\t\t\n<h4>\n\tUK study visa\n\t<\/h4>\n\t\t\t\t\t\t\t<img decoding=\"async\" loading=\"lazy\" width=\"300\" height=\"300\" src=\"https:\/\/ejavisa.com\/en\/wp-content\/uploads\/2023\/04\/parents-with-daughter-lying-autumn-leaves-park-min-300x300.jpg\" alt=\"parents with their daughter lying among autumn leaves in a park\" itemprop=\"image\" title=\"parents with their daughter lying among autumn leaves in a park\" onerror=\"this.style.display='none'\"  sizes=\"auto, (max-width: 768px) 100vw, 100vw\" srcset=\"https:\/\/ejavisa.com\/wp-content\/uploads\/2023\/04\/parents-with-daughter-lying-autumn-leaves-park-min-300x300.jpg 300w, https:\/\/ejavisa.com\/wp-content\/uploads\/2023\/04\/parents-with-daughter-lying-autumn-leaves-park-min-1024x1024.jpg 1024w, https:\/\/ejavisa.com\/wp-content\/uploads\/2023\/04\/parents-with-daughter-lying-autumn-leaves-park-min-150x150.jpg 150w, https:\/\/ejavisa.com\/wp-content\/uploads\/2023\/04\/parents-with-daughter-lying-autumn-leaves-park-min-768x768.jpg 768w, https:\/\/ejavisa.com\/wp-content\/uploads\/2023\/04\/parents-with-daughter-lying-autumn-leaves-park-min-1536x1536.jpg 1536w, https:\/\/ejavisa.com\/wp-content\/uploads\/2023\/04\/parents-with-daughter-lying-autumn-leaves-park-min-2048x2048.jpg 2048w, https:\/\/ejavisa.com\/wp-content\/uploads\/2023\/04\/parents-with-daughter-lying-autumn-leaves-park-min-1260x1260.jpg 1260w, https:\/\/ejavisa.com\/wp-content\/uploads\/2023\/04\/parents-with-daughter-lying-autumn-leaves-park-min-630x630.jpg 630w, https:\/\/ejavisa.com\/wp-content\/uploads\/2023\/04\/parents-with-daughter-lying-autumn-leaves-park-min-420x420.jpg 420w, https:\/\/ejavisa.com\/wp-content\/uploads\/2023\/04\/parents-with-daughter-lying-autumn-leaves-park-min-840x840.jpg 840w, https:\/\/ejavisa.com\/wp-content\/uploads\/2023\/04\/parents-with-daughter-lying-autumn-leaves-park-min-315x315.jpg 315w\" \/>\t\t\t\t\t\t\t\n<h4>\n\tFamily Visa in the UK\n\t<\/h4>\n\t<p><strong>Translations of documents for a British visa.<\/strong><\/p>\n\t<p>Kur b\u00ebni nj\u00eb aplikim p\u00ebr viz\u00eb n\u00eb Mbret\u00ebrin\u00eb e Bashkuar, do t&#8217;ju duhet t\u00eb paraqisni nj\u00eb version t\u00eb p\u00ebrkthyer t\u00eb \u00e7do dokumenti q\u00eb nuk \u00ebsht\u00eb i shkruar n\u00eb anglisht.<\/p>\n<p><strong>For example:<\/strong><\/p>\n1. Birth certificate<br \/>\n2. Bank statement<br \/>\n3. The marriage certificate\n<p><em>You must submit these translated documents together with the original documents.<\/em><\/p>\n<p><strong>The translated documents must:<\/strong><\/p>\n<ul>\n<li aria-level=\"1\">To be translated by a professional translator or a translation company.<\/li>\n<li aria-level=\"1\">To include the translator's confirmation certifying that the translation is accurate and true to the original document.<\/li>\n<li aria-level=\"1\">To have the translator's or translation company's credential details.<\/li>\n<li aria-level=\"1\">To include the full name and signature of the translator or the full name and signature of an authorised officer of the translation company.<\/li>\n<\/ul>\n<p><em>Your visa application may be refused if the translated documents you submit do not meet these requirements.<\/em><\/p>\n\n<\/div><!-- .vgblk-rw-wrapper -->","protected":false},"excerpt":{"rendered":"<p>Sh\u00ebrbime profesionale p\u00ebrkthimi Sh\u00ebrbimet tona profesionale t\u00eb p\u00ebrkthimit jan\u00eb t\u00eb \u00e7ertifikuara dhe ligjore, t\u00eb vlefshme p\u00ebr tu p\u00ebrdorur dhe jasht\u00eb Shqip\u00ebris\u00eb. Na Kontaktoni Sh\u00ebrbimet tona profesionale t\u00eb p\u00ebrkthimit jan\u00eb t\u00eb certifikuara dhe ligjore, t\u00eb vlefshme p\u00ebr tu p\u00ebrdorur dhe jasht\u00eb Shqip\u00ebris\u00eb.\u00a0 Ne ofrojm\u00eb sh\u00ebrbime t\u00eb p\u00ebrkthimit me shkrim, n\u00eb konferenca, takime online dhe t\u00eb aft\u00eb&#8230;<\/p>","protected":false},"author":1,"featured_media":0,"parent":0,"menu_order":0,"comment_status":"closed","ping_status":"closed","template":"","meta":{"footnotes":""},"class_list":["post-988290","page","type-page","status-publish","hentry"],"_links":{"self":[{"href":"https:\/\/ejavisa.com\/en\/wp-json\/wp\/v2\/pages\/988290","targetHints":{"allow":["GET"]}}],"collection":[{"href":"https:\/\/ejavisa.com\/en\/wp-json\/wp\/v2\/pages"}],"about":[{"href":"https:\/\/ejavisa.com\/en\/wp-json\/wp\/v2\/types\/page"}],"author":[{"embeddable":true,"href":"https:\/\/ejavisa.com\/en\/wp-json\/wp\/v2\/users\/1"}],"replies":[{"embeddable":true,"href":"https:\/\/ejavisa.com\/en\/wp-json\/wp\/v2\/comments?post=988290"}],"version-history":[{"count":14,"href":"https:\/\/ejavisa.com\/en\/wp-json\/wp\/v2\/pages\/988290\/revisions"}],"predecessor-version":[{"id":988580,"href":"https:\/\/ejavisa.com\/en\/wp-json\/wp\/v2\/pages\/988290\/revisions\/988580"}],"wp:attachment":[{"href":"https:\/\/ejavisa.com\/en\/wp-json\/wp\/v2\/media?parent=988290"}],"curies":[{"name":"wp","href":"https:\/\/api.w.org\/{rel}","templated":true}]}}