{"id":988503,"date":"2023-04-05T22:11:25","date_gmt":"2023-04-05T22:11:25","guid":{"rendered":"https:\/\/ejavisa.com\/?page_id=988503"},"modified":"2023-04-25T13:58:28","modified_gmt":"2023-04-25T13:58:28","slug":"apply-for-etias","status":"publish","type":"page","link":"https:\/\/ejavisa.com\/en\/apliko-per-etias\/","title":{"rendered":"Apply for ETIAS"},"content":{"rendered":"<div class=\"vgblk-rw-wrapper limit-wrapper\">\n<h2>\n\tWhat is ETIAS?\n\t<\/h2>\n\t<p>Apply for ETIAS. The European Travel Information System. In November 2016 it was recognised by the European Commission and approved by law in September 2018.<\/p>\n\t\t\t<a href=\"https:\/\/api.whatsapp.com\/send?phone=355697035626\" target=\"_self\" role=\"button\" rel=\"noopener\">\n\t\t\t\t\t\tContact us\n\t\t\t\t\t<\/a>\n\t<p>The main purpose of ETIAS was to enhance the security of EU member states within the Schengen area, enabling travellers to visit the Schengen area without visas.<\/p>\n<p>ETIAS do te kontrolloje udh\u00ebtaret nga &#8220;vendet e treta&#8221; , t\u00eb cil\u00ebt jan\u00eb qytetar\u00eb nga shtetet q\u00eb nuk kan\u00eb nevoj\u00eb p\u00ebr viz\u00eb Shengen. Shqyrtimi do t\u00eb ket\u00eb lidhje me kontrollin e terrorizmit ose me rreziqet q\u00eb lidhen me emigracionin.<\/p>\n<p>The objective is to identify citizens who pose a security threat before they travel to the Schengen area. ETIAS entails the removal of visas and is not a visa.<\/p>\n<p>Individuals who visit European Schengen member states without a visa will need to obtain ETIAS from 2024 onwards. Only holders of EU market passports are exempt from ETIAS.<\/p>\n<h3>\n\tSome British visas\n\t<\/h3>\n\t\t\t\t\t\t\t<img decoding=\"async\" loading=\"lazy\" width=\"2560\" height=\"2560\" src=\"https:\/\/ejavisa.com\/en\/wp-content\/uploads\/2023\/04\/portrait-young-woman-taking-pictures-holiday-min-scaled.jpg\" alt=\"portrait-young-woman-taking-pictures-holiday-min\" itemprop=\"image\" title=\"portrait-young-woman-taking-pictures-holiday-min\" onerror=\"this.style.display='none'\"  sizes=\"auto, (max-width: 768px) 100vw, 100vw\" srcset=\"https:\/\/ejavisa.com\/wp-content\/uploads\/2023\/04\/portrait-young-woman-taking-pictures-holiday-min-scaled.jpg 2560w, https:\/\/ejavisa.com\/wp-content\/uploads\/2023\/04\/portrait-young-woman-taking-pictures-holiday-min-300x300.jpg 300w, https:\/\/ejavisa.com\/wp-content\/uploads\/2023\/04\/portrait-young-woman-taking-pictures-holiday-min-1024x1024.jpg 1024w, https:\/\/ejavisa.com\/wp-content\/uploads\/2023\/04\/portrait-young-woman-taking-pictures-holiday-min-150x150.jpg 150w, https:\/\/ejavisa.com\/wp-content\/uploads\/2023\/04\/portrait-young-woman-taking-pictures-holiday-min-768x768.jpg 768w, https:\/\/ejavisa.com\/wp-content\/uploads\/2023\/04\/portrait-young-woman-taking-pictures-holiday-min-1536x1536.jpg 1536w, https:\/\/ejavisa.com\/wp-content\/uploads\/2023\/04\/portrait-young-woman-taking-pictures-holiday-min-2048x2048.jpg 2048w, https:\/\/ejavisa.com\/wp-content\/uploads\/2023\/04\/portrait-young-woman-taking-pictures-holiday-min-1260x1260.jpg 1260w, https:\/\/ejavisa.com\/wp-content\/uploads\/2023\/04\/portrait-young-woman-taking-pictures-holiday-min-630x630.jpg 630w, https:\/\/ejavisa.com\/wp-content\/uploads\/2023\/04\/portrait-young-woman-taking-pictures-holiday-min-420x420.jpg 420w, https:\/\/ejavisa.com\/wp-content\/uploads\/2023\/04\/portrait-young-woman-taking-pictures-holiday-min-840x840.jpg 840w, https:\/\/ejavisa.com\/wp-content\/uploads\/2023\/04\/portrait-young-woman-taking-pictures-holiday-min-315x315.jpg 315w\" \/>\t\t\t\t\t\t\t\n<h4>\n\tTourist Visa to the UK\n\t<\/h4>\n\t\t\t\t\t\t\t<img decoding=\"async\" loading=\"lazy\" width=\"2560\" height=\"2560\" src=\"https:\/\/ejavisa.com\/en\/wp-content\/uploads\/2023\/04\/young-employee-sitting-office-desk-min-scaled.jpg\" alt=\"young-employee-sitting-office-desk-min\" itemprop=\"image\" title=\"young-employee-sitting-office-desk-min\" onerror=\"this.style.display='none'\"  sizes=\"auto, (max-width: 768px) 100vw, 100vw\" srcset=\"https:\/\/ejavisa.com\/wp-content\/uploads\/2023\/04\/young-employee-sitting-office-desk-min-scaled.jpg 2560w, https:\/\/ejavisa.com\/wp-content\/uploads\/2023\/04\/young-employee-sitting-office-desk-min-300x300.jpg 300w, https:\/\/ejavisa.com\/wp-content\/uploads\/2023\/04\/young-employee-sitting-office-desk-min-1024x1024.jpg 1024w, https:\/\/ejavisa.com\/wp-content\/uploads\/2023\/04\/young-employee-sitting-office-desk-min-150x150.jpg 150w, https:\/\/ejavisa.com\/wp-content\/uploads\/2023\/04\/young-employee-sitting-office-desk-min-768x768.jpg 768w, https:\/\/ejavisa.com\/wp-content\/uploads\/2023\/04\/young-employee-sitting-office-desk-min-1536x1536.jpg 1536w, https:\/\/ejavisa.com\/wp-content\/uploads\/2023\/04\/young-employee-sitting-office-desk-min-2048x2048.jpg 2048w, https:\/\/ejavisa.com\/wp-content\/uploads\/2023\/04\/young-employee-sitting-office-desk-min-1260x1260.jpg 1260w, https:\/\/ejavisa.com\/wp-content\/uploads\/2023\/04\/young-employee-sitting-office-desk-min-630x630.jpg 630w, https:\/\/ejavisa.com\/wp-content\/uploads\/2023\/04\/young-employee-sitting-office-desk-min-420x420.jpg 420w, https:\/\/ejavisa.com\/wp-content\/uploads\/2023\/04\/young-employee-sitting-office-desk-min-840x840.jpg 840w, https:\/\/ejavisa.com\/wp-content\/uploads\/2023\/04\/young-employee-sitting-office-desk-min-315x315.jpg 315w\" \/>\t\t\t\t\t\t\t\n<h4>\n\tWork Visa in the UK\n\t<\/h4>\n\t\t\t\t\t\t\t<img decoding=\"async\" loading=\"lazy\" width=\"2560\" height=\"2560\" src=\"https:\/\/ejavisa.com\/en\/wp-content\/uploads\/2023\/04\/back-school-concept-with-woman-studying-library-min-1-scaled.jpg\" alt=\"back-school-concept-with-woman-studying-library-min (1)\" itemprop=\"image\" title=\"back-school-concept-with-woman-studying-library-min (1)\" onerror=\"this.style.display='none'\"  sizes=\"auto, (max-width: 768px) 100vw, 100vw\" srcset=\"https:\/\/ejavisa.com\/wp-content\/uploads\/2023\/04\/back-school-concept-with-woman-studying-library-min-1-scaled.jpg 2560w, https:\/\/ejavisa.com\/wp-content\/uploads\/2023\/04\/back-school-concept-with-woman-studying-library-min-1-300x300.jpg 300w, https:\/\/ejavisa.com\/wp-content\/uploads\/2023\/04\/back-school-concept-with-woman-studying-library-min-1-1024x1024.jpg 1024w, https:\/\/ejavisa.com\/wp-content\/uploads\/2023\/04\/back-school-concept-with-woman-studying-library-min-1-150x150.jpg 150w, https:\/\/ejavisa.com\/wp-content\/uploads\/2023\/04\/back-school-concept-with-woman-studying-library-min-1-768x768.jpg 768w, https:\/\/ejavisa.com\/wp-content\/uploads\/2023\/04\/back-school-concept-with-woman-studying-library-min-1-1536x1536.jpg 1536w, https:\/\/ejavisa.com\/wp-content\/uploads\/2023\/04\/back-school-concept-with-woman-studying-library-min-1-2048x2048.jpg 2048w, https:\/\/ejavisa.com\/wp-content\/uploads\/2023\/04\/back-school-concept-with-woman-studying-library-min-1-1260x1260.jpg 1260w, https:\/\/ejavisa.com\/wp-content\/uploads\/2023\/04\/back-school-concept-with-woman-studying-library-min-1-630x630.jpg 630w, https:\/\/ejavisa.com\/wp-content\/uploads\/2023\/04\/back-school-concept-with-woman-studying-library-min-1-420x420.jpg 420w, https:\/\/ejavisa.com\/wp-content\/uploads\/2023\/04\/back-school-concept-with-woman-studying-library-min-1-840x840.jpg 840w, https:\/\/ejavisa.com\/wp-content\/uploads\/2023\/04\/back-school-concept-with-woman-studying-library-min-1-315x315.jpg 315w\" \/>\t\t\t\t\t\t\t\n<h4>\n\tUK study visa\n\t<\/h4>\n\t\t\t\t\t\t\t<img decoding=\"async\" loading=\"lazy\" width=\"300\" height=\"300\" src=\"https:\/\/ejavisa.com\/en\/wp-content\/uploads\/2023\/04\/parents-with-daughter-lying-autumn-leaves-park-min-300x300.jpg\" alt=\"parents with their daughter lying among autumn leaves in a park\" itemprop=\"image\" title=\"parents with their daughter lying among autumn leaves in a park\" onerror=\"this.style.display='none'\"  sizes=\"auto, (max-width: 768px) 100vw, 100vw\" srcset=\"https:\/\/ejavisa.com\/wp-content\/uploads\/2023\/04\/parents-with-daughter-lying-autumn-leaves-park-min-300x300.jpg 300w, https:\/\/ejavisa.com\/wp-content\/uploads\/2023\/04\/parents-with-daughter-lying-autumn-leaves-park-min-1024x1024.jpg 1024w, https:\/\/ejavisa.com\/wp-content\/uploads\/2023\/04\/parents-with-daughter-lying-autumn-leaves-park-min-150x150.jpg 150w, https:\/\/ejavisa.com\/wp-content\/uploads\/2023\/04\/parents-with-daughter-lying-autumn-leaves-park-min-768x768.jpg 768w, https:\/\/ejavisa.com\/wp-content\/uploads\/2023\/04\/parents-with-daughter-lying-autumn-leaves-park-min-1536x1536.jpg 1536w, https:\/\/ejavisa.com\/wp-content\/uploads\/2023\/04\/parents-with-daughter-lying-autumn-leaves-park-min-2048x2048.jpg 2048w, https:\/\/ejavisa.com\/wp-content\/uploads\/2023\/04\/parents-with-daughter-lying-autumn-leaves-park-min-1260x1260.jpg 1260w, https:\/\/ejavisa.com\/wp-content\/uploads\/2023\/04\/parents-with-daughter-lying-autumn-leaves-park-min-630x630.jpg 630w, https:\/\/ejavisa.com\/wp-content\/uploads\/2023\/04\/parents-with-daughter-lying-autumn-leaves-park-min-420x420.jpg 420w, https:\/\/ejavisa.com\/wp-content\/uploads\/2023\/04\/parents-with-daughter-lying-autumn-leaves-park-min-840x840.jpg 840w, https:\/\/ejavisa.com\/wp-content\/uploads\/2023\/04\/parents-with-daughter-lying-autumn-leaves-park-min-315x315.jpg 315w\" \/>\t\t\t\t\t\t\t\n<h4>\n\tFamily Visa in the UK\n\t<\/h4>\n<p><strong>ETIAS is based on four main reasons:<\/strong><\/p>\n<ol>\n<li>There are many individuals who visit Europe: around 50 million visitors last year and over 200 million entries. .<\/li>\n<li>The number of migrants seeking asylum for various reasons, including war, persecution, economic benefits and so on, has risen sharply in recent years. .<\/li>\n<li>Terrorist incidents have increased further, causing concern among the citizens of Europe. The countries recently affected are France, Belgium, Germany and Spain. .<\/li>\n<li>Electronic communication has provided an advantage in terms of obtaining information that assists European border authorities and security personnel.<\/li>\n<\/ol>\n<p><strong>Which countries are in the Schengen Area?<\/strong><\/p>\n<p>There are three distinct categories of countries in the European Schengen Area. The 26 Schengen countries are entirely the same as the 27 member states of the European Union, but there are some that are in Schengen and not in the EU and vice versa. Schengen countries have uniform immigration rules and freedom of movement for each other's nationals.<\/p>\n<ul>\n<li>The first category includes EU and Schengen nationals; they have no restrictions.<\/li>\n<li>The second category includes nationals of a large number of non-European countries. They do not need a visa to visit Europe, but there are restrictions on how long they can stay and what they can do there, particularly if they wish to study, work or live for more than three months at a time.This group will be affected by ETIAS; it includes Americans, Canadians, Australians, Japanese, Malaysians and many others. This group may request the removal of ETIAS visas. .<\/li>\n<li>Category three includes nationals of non-European countries who require a visa before travelling to Europe; most of these individuals come from the world's poorest states or from those with weaker cultural and economic ties to the EU.<\/li>\n<\/ul>\n\n<\/div><!-- .vgblk-rw-wrapper -->","protected":false},"excerpt":{"rendered":"<p>\u00c7far\u00eb \u00ebsht\u00eb ETIAS? Apliko per ETIAS. Sistemi Evropian i Informacionit t\u00eb Udh\u00ebtimeve. N\u00eb N\u00ebntor t\u00eb vitit 2016 ai u njoh nga Komisioni Evropian dhe miratua me ligj n\u00eb Shtator t\u00eb vitit 2018. Na Kontaktoni Q\u00ebllimi kryesor i ETIAS ishte p\u00ebrmir\u00ebsimi i siguris\u00eb s\u00eb vendeve q\u00eb b\u00ebjn\u00eb pjes\u00eb n\u00eb BE, brenda rajonit Shengen , duke b\u00ebr\u00eb&#8230;<\/p>","protected":false},"author":1,"featured_media":0,"parent":0,"menu_order":0,"comment_status":"closed","ping_status":"closed","template":"","meta":{"footnotes":""},"class_list":["post-988503","page","type-page","status-publish","hentry"],"_links":{"self":[{"href":"https:\/\/ejavisa.com\/en\/wp-json\/wp\/v2\/pages\/988503","targetHints":{"allow":["GET"]}}],"collection":[{"href":"https:\/\/ejavisa.com\/en\/wp-json\/wp\/v2\/pages"}],"about":[{"href":"https:\/\/ejavisa.com\/en\/wp-json\/wp\/v2\/types\/page"}],"author":[{"embeddable":true,"href":"https:\/\/ejavisa.com\/en\/wp-json\/wp\/v2\/users\/1"}],"replies":[{"embeddable":true,"href":"https:\/\/ejavisa.com\/en\/wp-json\/wp\/v2\/comments?post=988503"}],"version-history":[{"count":4,"href":"https:\/\/ejavisa.com\/en\/wp-json\/wp\/v2\/pages\/988503\/revisions"}],"predecessor-version":[{"id":988536,"href":"https:\/\/ejavisa.com\/en\/wp-json\/wp\/v2\/pages\/988503\/revisions\/988536"}],"wp:attachment":[{"href":"https:\/\/ejavisa.com\/en\/wp-json\/wp\/v2\/media?parent=988503"}],"curies":[{"name":"wp","href":"https:\/\/api.w.org\/{rel}","templated":true}]}}