{"id":988262,"date":"2023-04-02T21:18:32","date_gmt":"2023-04-02T21:18:32","guid":{"rendered":"https:\/\/ejavisa.com\/en\/?page_id=988262"},"modified":"2025-04-29T12:32:41","modified_gmt":"2025-04-29T12:32:41","slug":"vize-pune-ne-mbreterine-e-bashkuar","status":"publish","type":"page","link":"https:\/\/ejavisa.com\/es\/viza-britanike\/vize-pune-ne-mbreterine-e-bashkuar\/","title":{"rendered":"Viz\u00eb Pune n\u00eb Mbret\u00ebrin\u00eb e Bashkuar"},"content":{"rendered":"<div class=\"vgblk-rw-wrapper limit-wrapper\">\n<h2>\n\tViz\u00eb Pun\u00ebsimi n\u00eb Mbret\u00ebrin\u00eb e Bashkuar\n\t<\/h2>\n\t<p>Sistemi i emigracionit n\u00eb Mbret\u00ebrin\u00eb e Bashkuar i bazuar n\u00eb pik\u00eb p\u00ebrcakton nj\u00eb s\u00ebr\u00eb rregullash t\u00eb reja emigracioni q\u00eb synojn\u00eb t\u00eb krijojn\u00eb shanse t\u00eb barabarta n\u00eb MB p\u00ebr pun\u00ebtor\u00ebt nga brenda dhe jasht\u00eb BE-s\u00eb.<\/p>\n\t\t\t<a href=\"https:\/\/api.whatsapp.com\/send?phone=355697035626\" target=\"_self\" role=\"button\" rel=\"noopener\">\n\t\t\t\t\t\tCont\u00e1ctanos\n\t\t\t\t\t<\/a>\n\t<p><b>Sistemi i emigracionit i bazuar n\u00eb pik\u00eb n\u00eb MB.<\/b><\/p>\nP\u00ebr t&#8217;u kualifikuar si Pun\u00ebtor i kualifikuar, aplikant\u00ebt duhet t\u00eb marrin gjithsej 70 pik\u00eb.<br \/>\n50 pik\u00ebt kryesore fitohen n\u00ebse ju keni nj\u00eb ofert\u00eb pune n\u00eb nj\u00eb nivel t\u00eb caktuar aft\u00ebsie nga nj\u00eb sponsor i licencuar, ku aplikanti duhet t\u00eb jet\u00eb n\u00eb gjendje t\u00eb tregoj\u00eb prova t\u00eb aft\u00ebsis\u00eb s\u00eb tyre n\u00eb gjuh\u00ebn angleze.(Zakonisht n\u00eb nivelin B1 ose B2).\n<p>20 pik\u00eb shtes\u00eb mund t\u00eb merren n\u00ebp\u00ebrmjet nj\u00eb procesi &#8220;t\u00eb shk\u00ebmbimit t\u00eb pik\u00ebve&#8221;, kryesisht n\u00eb var\u00ebsi t\u00eb nivelit t\u00eb pag\u00ebs s\u00eb ofruar, por q\u00eb p\u00ebrfshin edhe rolet q\u00eb njihen si profesion n\u00eb munges\u00eb dhe ato pun\u00eb q\u00eb k\u00ebrkojn\u00eb nj\u00eb kualifikim p\u00ebrkat\u00ebs n\u00eb nivel doktorature.<\/p>\n<b>Tabela e m\u00ebposhtme p\u00ebrshkruan p\u00ebrftimin e pik\u00ebve:<br \/>\n<\/b><em>Ky informacion po p\u00ebrpunohet&#8230;<\/em>\n\t\t\t\t\t\t\t<img decoding=\"async\" loading=\"lazy\" width=\"2560\" height=\"2560\" src=\"https:\/\/ejavisa.com\/en\/wp-content\/uploads\/2023\/04\/portrait-young-woman-taking-pictures-holiday-min-scaled.jpg\" alt=\"Visado de turista para el Reino Unido\" itemprop=\"image\" title=\"Visado de turista para el Reino Unido\" onerror=\"this.style.display='none'\"  sizes=\"auto, (max-width: 768px) 100vw, 100vw\" srcset=\"https:\/\/ejavisa.com\/wp-content\/uploads\/2023\/04\/portrait-young-woman-taking-pictures-holiday-min-scaled.jpg 2560w, https:\/\/ejavisa.com\/wp-content\/uploads\/2023\/04\/portrait-young-woman-taking-pictures-holiday-min-300x300.jpg 300w, https:\/\/ejavisa.com\/wp-content\/uploads\/2023\/04\/portrait-young-woman-taking-pictures-holiday-min-1024x1024.jpg 1024w, https:\/\/ejavisa.com\/wp-content\/uploads\/2023\/04\/portrait-young-woman-taking-pictures-holiday-min-150x150.jpg 150w, https:\/\/ejavisa.com\/wp-content\/uploads\/2023\/04\/portrait-young-woman-taking-pictures-holiday-min-768x768.jpg 768w, https:\/\/ejavisa.com\/wp-content\/uploads\/2023\/04\/portrait-young-woman-taking-pictures-holiday-min-1536x1536.jpg 1536w, https:\/\/ejavisa.com\/wp-content\/uploads\/2023\/04\/portrait-young-woman-taking-pictures-holiday-min-2048x2048.jpg 2048w, https:\/\/ejavisa.com\/wp-content\/uploads\/2023\/04\/portrait-young-woman-taking-pictures-holiday-min-1260x1260.jpg 1260w, https:\/\/ejavisa.com\/wp-content\/uploads\/2023\/04\/portrait-young-woman-taking-pictures-holiday-min-630x630.jpg 630w, https:\/\/ejavisa.com\/wp-content\/uploads\/2023\/04\/portrait-young-woman-taking-pictures-holiday-min-420x420.jpg 420w, https:\/\/ejavisa.com\/wp-content\/uploads\/2023\/04\/portrait-young-woman-taking-pictures-holiday-min-840x840.jpg 840w, https:\/\/ejavisa.com\/wp-content\/uploads\/2023\/04\/portrait-young-woman-taking-pictures-holiday-min-315x315.jpg 315w\" \/>\t\t\t\t\t\t\t\n<h4>\n\t\t\t<a href=\"https:\/\/ejavisa.com\/es\/viza-britanike\/viza-standarde-vizitori\/\" title=\"Visado de turista para el Reino Unido\" target=\"_self\" rel=\"noopener\">\n\tVisado de turista para el Reino Unido\n\t\t\t<\/a>\n\t<\/h4>\n\t\t\t\t\t\t\t<img decoding=\"async\" loading=\"lazy\" width=\"2560\" height=\"2560\" src=\"https:\/\/ejavisa.com\/en\/wp-content\/uploads\/2023\/04\/young-employee-sitting-office-desk-min-scaled.jpg\" alt=\"El empleo en el Reino Unido\" itemprop=\"image\" title=\"El empleo en el Reino Unido\" onerror=\"this.style.display='none'\"  sizes=\"auto, (max-width: 768px) 100vw, 100vw\" srcset=\"https:\/\/ejavisa.com\/wp-content\/uploads\/2023\/04\/young-employee-sitting-office-desk-min-scaled.jpg 2560w, https:\/\/ejavisa.com\/wp-content\/uploads\/2023\/04\/young-employee-sitting-office-desk-min-300x300.jpg 300w, https:\/\/ejavisa.com\/wp-content\/uploads\/2023\/04\/young-employee-sitting-office-desk-min-1024x1024.jpg 1024w, https:\/\/ejavisa.com\/wp-content\/uploads\/2023\/04\/young-employee-sitting-office-desk-min-150x150.jpg 150w, https:\/\/ejavisa.com\/wp-content\/uploads\/2023\/04\/young-employee-sitting-office-desk-min-768x768.jpg 768w, https:\/\/ejavisa.com\/wp-content\/uploads\/2023\/04\/young-employee-sitting-office-desk-min-1536x1536.jpg 1536w, https:\/\/ejavisa.com\/wp-content\/uploads\/2023\/04\/young-employee-sitting-office-desk-min-2048x2048.jpg 2048w, https:\/\/ejavisa.com\/wp-content\/uploads\/2023\/04\/young-employee-sitting-office-desk-min-1260x1260.jpg 1260w, https:\/\/ejavisa.com\/wp-content\/uploads\/2023\/04\/young-employee-sitting-office-desk-min-630x630.jpg 630w, https:\/\/ejavisa.com\/wp-content\/uploads\/2023\/04\/young-employee-sitting-office-desk-min-420x420.jpg 420w, https:\/\/ejavisa.com\/wp-content\/uploads\/2023\/04\/young-employee-sitting-office-desk-min-840x840.jpg 840w, https:\/\/ejavisa.com\/wp-content\/uploads\/2023\/04\/young-employee-sitting-office-desk-min-315x315.jpg 315w\" \/>\t\t\t\t\t\t\t\n<h4>\n\t\t\t<a href=\"https:\/\/ejavisa.com\/es\/viza-britanike\/vize-pune-ne-mbreterine-e-bashkuar\/\" title=\"Visado de trabajo en el Reino Unido\" target=\"_self\" rel=\"noopener\">\n\tVisado de trabajo en el Reino Unido\n\t\t\t<\/a>\n\t<\/h4>\n\t\t\t\t\t\t\t<img decoding=\"async\" loading=\"lazy\" width=\"2560\" height=\"2560\" src=\"https:\/\/ejavisa.com\/en\/wp-content\/uploads\/2023\/04\/back-school-concept-with-woman-studying-library-min-1-scaled.jpg\" alt=\"Imagen de una mujer estudiando en la biblioteca (1)\" itemprop=\"image\" title=\"Imagen de una mujer estudiando en la biblioteca (1)\" onerror=\"this.style.display='none'\"  sizes=\"auto, (max-width: 768px) 100vw, 100vw\" srcset=\"https:\/\/ejavisa.com\/wp-content\/uploads\/2023\/04\/back-school-concept-with-woman-studying-library-min-1-scaled.jpg 2560w, https:\/\/ejavisa.com\/wp-content\/uploads\/2023\/04\/back-school-concept-with-woman-studying-library-min-1-300x300.jpg 300w, https:\/\/ejavisa.com\/wp-content\/uploads\/2023\/04\/back-school-concept-with-woman-studying-library-min-1-1024x1024.jpg 1024w, https:\/\/ejavisa.com\/wp-content\/uploads\/2023\/04\/back-school-concept-with-woman-studying-library-min-1-150x150.jpg 150w, https:\/\/ejavisa.com\/wp-content\/uploads\/2023\/04\/back-school-concept-with-woman-studying-library-min-1-768x768.jpg 768w, https:\/\/ejavisa.com\/wp-content\/uploads\/2023\/04\/back-school-concept-with-woman-studying-library-min-1-1536x1536.jpg 1536w, https:\/\/ejavisa.com\/wp-content\/uploads\/2023\/04\/back-school-concept-with-woman-studying-library-min-1-2048x2048.jpg 2048w, https:\/\/ejavisa.com\/wp-content\/uploads\/2023\/04\/back-school-concept-with-woman-studying-library-min-1-1260x1260.jpg 1260w, https:\/\/ejavisa.com\/wp-content\/uploads\/2023\/04\/back-school-concept-with-woman-studying-library-min-1-630x630.jpg 630w, https:\/\/ejavisa.com\/wp-content\/uploads\/2023\/04\/back-school-concept-with-woman-studying-library-min-1-420x420.jpg 420w, https:\/\/ejavisa.com\/wp-content\/uploads\/2023\/04\/back-school-concept-with-woman-studying-library-min-1-840x840.jpg 840w, https:\/\/ejavisa.com\/wp-content\/uploads\/2023\/04\/back-school-concept-with-woman-studying-library-min-1-315x315.jpg 315w\" \/>\t\t\t\t\t\t\t\n<h4>\n\t\t\t<a href=\"https:\/\/ejavisa.com\/es\/viza-britanike\/studio-ne-mbreterine-e-bashkuar\/\" title=\"Visado de estudios para el Reino Unido\" target=\"_self\" rel=\"noopener\">\n\tVisado de estudios para el Reino Unido\n\t\t\t<\/a>\n\t<\/h4>\n\t\t\t\t\t\t\t<img decoding=\"async\" loading=\"lazy\" width=\"300\" height=\"300\" src=\"https:\/\/ejavisa.com\/en\/wp-content\/uploads\/2023\/04\/parents-with-daughter-lying-autumn-leaves-park-min-300x300.jpg\" alt=\"unos padres con su hija tumbada entre las hojas oto\u00f1ales en un parque\" itemprop=\"image\" title=\"unos padres con su hija tumbada entre las hojas oto\u00f1ales en un parque\" onerror=\"this.style.display='none'\"  sizes=\"auto, (max-width: 768px) 100vw, 100vw\" srcset=\"https:\/\/ejavisa.com\/wp-content\/uploads\/2023\/04\/parents-with-daughter-lying-autumn-leaves-park-min-300x300.jpg 300w, https:\/\/ejavisa.com\/wp-content\/uploads\/2023\/04\/parents-with-daughter-lying-autumn-leaves-park-min-1024x1024.jpg 1024w, https:\/\/ejavisa.com\/wp-content\/uploads\/2023\/04\/parents-with-daughter-lying-autumn-leaves-park-min-150x150.jpg 150w, https:\/\/ejavisa.com\/wp-content\/uploads\/2023\/04\/parents-with-daughter-lying-autumn-leaves-park-min-768x768.jpg 768w, https:\/\/ejavisa.com\/wp-content\/uploads\/2023\/04\/parents-with-daughter-lying-autumn-leaves-park-min-1536x1536.jpg 1536w, https:\/\/ejavisa.com\/wp-content\/uploads\/2023\/04\/parents-with-daughter-lying-autumn-leaves-park-min-2048x2048.jpg 2048w, https:\/\/ejavisa.com\/wp-content\/uploads\/2023\/04\/parents-with-daughter-lying-autumn-leaves-park-min-1260x1260.jpg 1260w, https:\/\/ejavisa.com\/wp-content\/uploads\/2023\/04\/parents-with-daughter-lying-autumn-leaves-park-min-630x630.jpg 630w, https:\/\/ejavisa.com\/wp-content\/uploads\/2023\/04\/parents-with-daughter-lying-autumn-leaves-park-min-420x420.jpg 420w, https:\/\/ejavisa.com\/wp-content\/uploads\/2023\/04\/parents-with-daughter-lying-autumn-leaves-park-min-840x840.jpg 840w, https:\/\/ejavisa.com\/wp-content\/uploads\/2023\/04\/parents-with-daughter-lying-autumn-leaves-park-min-315x315.jpg 315w\" \/>\t\t\t\t\t\t\t\n<h4>\n\t\t\t<a href=\"https:\/\/ejavisa.com\/es\/viza-britanike\/apliko-per-vize-bashkeshortore-ne-mbreterine-e-bashkuar\/\" title=\"Visado familiar en el Reino Unido\" target=\"_self\" rel=\"noopener\">\n\tVisado familiar en el Reino Unido\n\t\t\t<\/a>\n\t<\/h4>\n\t<section id=\"Content_C016_Col00\" data-sf-element=\"content-narrow\" data-placeholder-label=\"Content Narrow\">\n<section id=\"Content_C016_Col00\" data-sf-element=\"content-narrow\" data-placeholder-label=\"Content Narrow\">\n<p><b>Viza e Pun\u00ebs n\u00eb sektorin e Kujdesit Sh\u00ebndet\u00ebsor.<\/b><\/p>\n<p>Viza e pun\u00ebs n\u00eb Mbret\u00ebrin\u00eb e Bashkuar posa\u00e7\u00ebrisht p\u00ebr profesionist\u00ebt e kujdesit sh\u00ebndet\u00ebsor njihet si viza e punonj\u00ebsit t\u00eb sh\u00ebndetit dhe kujdesit. Kjo viz\u00eb e punonj\u00ebsit t\u00eb kujdesit sh\u00ebndet\u00ebsor ofron nj\u00eb mund\u00ebsi p\u00ebr pun\u00ebtor\u00ebt e kualifikuar, duke p\u00ebrfshir\u00eb infermier\u00eb, ndihm\u00ebsmjek\u00eb dhe teknik\u00eb dhe terapist\u00eb t\u00eb ndrysh\u00ebm.\u00a0<\/p>\n<p><b>\u00c7far\u00eb \u00ebsht\u00eb Viza e Pun\u00ebs n\u00eb sektorin e Kujdesit Sh\u00ebndet\u00ebsor ?\u00a0<\/b><\/p>\n<p>Viza pun\u00ebs n\u00eb sektorin e kujdesit sh\u00ebndet\u00ebsor \u00ebsht\u00eb nj\u00eb viz\u00eb specifike p\u00ebr punonj\u00ebs t\u00eb kualifikuar n\u00eb fush\u00ebn e kujdesit sh\u00ebndet\u00ebsor. Kjo viz\u00eb ofron\u00a0 nj\u00eb m\u00ebnyr\u00eb p\u00ebr t\u00eb jetuar dhe punuar n\u00eb Mbret\u00ebrin\u00eb e Bashkuar p\u00ebrmes profesionit tuaj, viza e punonj\u00ebsit sh\u00ebndet\u00ebsor dhe kujdesit nuk ka nivel minimal arsimor, ka kosto m\u00eb t\u00eb ul\u00ebta aplikimi dhe aplikant\u00ebt nuk paguajn\u00eb sigurimin vjetor sh\u00ebndet\u00ebsor.\u00a0<\/p>\n<p>Ju duhet t\u00eb merrni 70 pik\u00eb sipas sistemit t\u00eb emigracionit t\u00eb bazuar n\u00eb pik\u00eb, 50 prej tyre jan\u00eb t\u00eb detyrueshme dhe 20 pik\u00ebt e tjera mund t\u00eb p\u00ebrb\u00ebhen nga ato q\u00eb njihen si pik\u00eb t\u00eb tregtueshme.<\/p>\n<p><b>Si ndahen pik\u00ebt p\u00ebr viz\u00ebn e punonj\u00ebsit t\u00eb sh\u00ebndetit dhe kujdesit:<\/b><\/p>\n<p><em>Ky informacion po p\u00ebrpunohet&#8230;<\/em><\/p>\n<p><b>Sa koh\u00eb \u00ebsht\u00eb e vlefshme viza e punonj\u00ebsit t\u00eb sh\u00ebndetit dhe kujdesit?<\/b><\/p>\n<p>Viza juaj mund t\u00eb zgjas\u00eb deri n\u00eb pes\u00eb vjet p\u00ebrpara se t&#8217;ju duhet ta zgjasni at\u00eb. Ju do t\u00eb duhet t\u00eb aplikoni p\u00ebr t\u00eb zgjatur ose p\u00ebrdit\u00ebsuar viz\u00ebn tuaj kur ajo t\u00eb skadoj\u00eb ose n\u00ebse ndryshoni pun\u00eb ose pun\u00ebdh\u00ebn\u00ebs<\/p>\n<p><b>A mund t\u00eb p\u00ebrfitoj vendbanim t\u00eb p\u00ebrhersh\u00ebm n\u00ebp\u00ebrmjet k\u00ebsaj vize?\u00a0<\/b><\/p>\n<p>Ju mund t\u00eb aplikoni p\u00ebr t\u00eb zgjatur viz\u00ebn sa her\u00eb t\u00eb doni, p\u00ebr sa koh\u00eb q\u00eb ende i plot\u00ebsoni k\u00ebrkesat e pranueshm\u00ebris\u00eb.<\/p>\n<p>Pas pes\u00eb vjet\u00ebsh, mund t\u00eb aplikoni p\u00ebr t&#8217;u vendosur p\u00ebrgjithmon\u00eb n\u00eb MB. E njohur si leje q\u00ebndrimi e p\u00ebrhershme (ILR), kjo ju jep t\u00eb drejt\u00ebn t\u00eb jetoni, punoni dhe studioni n\u00eb MB p\u00ebr aq koh\u00eb sa t\u00eb doni dhe t\u00eb aplikoni p\u00ebr disa p\u00ebrfitime n\u00ebse ju lejohet. Pas nj\u00eb viti nga l\u00ebshimi i Lejes s\u00eb P\u00ebrhershme (ILR), ju mund t\u00eb keni t\u00eb drejt\u00eb t\u00eb aplikoni p\u00ebr n\u00ebnshtet\u00ebsi n\u00eb Mbret\u00ebrin\u00eb e Bashkuar.<\/p>\n<p>&nbsp;<\/p>\n<p><b>A mund t\u00eb marr me vete bashk\u00ebshortin dhe familjen?\u00a0<\/b><\/p>\n<p>Partneri dhe f\u00ebmij\u00ebt tuaj mund t\u00eb aplikojn\u00eb p\u00ebr t&#8217;u bashkuar me ju ose p\u00ebr t\u00eb q\u00ebndruar n\u00eb MB si vart\u00ebsit tuaj n\u00ebse plot\u00ebsojn\u00eb kushtet. N\u00ebse aplikimi i tyre \u00ebsht\u00eb i suksessh\u00ebm, viza e tyre do t\u00eb p\u00ebrfundoj\u00eb n\u00eb t\u00eb nj\u00ebjt\u00ebn dat\u00eb si e juaja.<\/p>\n<p>Ju duhet t\u00eb jeni n\u00eb gjendje t\u00eb provoni se jeni t\u00eb martuar n\u00ebp\u00ebrmjet \u00e7ertifikat\u00ebs s\u00eb martes\u00ebs.<\/p>\n<p>N\u00ebse f\u00ebmija juaj \u00ebsht\u00eb 16 vje\u00e7 ose m\u00eb shum\u00eb, duhet provuar se:<\/p>\n<ul>\n<li>Jeton me ju (p\u00ebrve\u00e7 n\u00ebse ata jan\u00eb n\u00eb arsim me koh\u00eb t\u00eb plot\u00eb n\u00eb shkoll\u00eb me konvikt, kolegj ose universitet).<\/li>\n<li>T\u00eb mos jet\u00eb i martuar, n\u00eb partneritet civil ose t\u00eb mos ket\u00eb f\u00ebmij\u00eb.<\/li>\n<li>T\u00eb jet\u00eb i varuar financiarisht nga ju.<\/li>\n<\/ul>\n<p>Ju gjithashtu do t&#8217;ju duhet t\u00eb tregoni se jeni n\u00eb gjendje t\u00eb mb\u00ebshtesni partnerin dhe f\u00ebmij\u00ebt tuaj gjat\u00eb koh\u00ebs q\u00eb jeni n\u00eb MB. Do t&#8217;ju duhet:<\/p>\n<p>285 \u00a3 p\u00ebr partnerin tuaj.<\/p>\n<p>315 \u00a3 p\u00ebr nj\u00eb f\u00ebmij\u00eb.<\/p>\n<p>200 \u00a3 p\u00ebr \u00e7do f\u00ebmij\u00eb shtes\u00eb.<\/p>\n<\/section>\n<\/section>\n\n<\/div><!-- .vgblk-rw-wrapper -->","protected":false},"excerpt":{"rendered":"<p>Viz\u00eb Pun\u00ebsimi n\u00eb Mbret\u00ebrin\u00eb e Bashkuar Sistemi i emigracionit n\u00eb Mbret\u00ebrin\u00eb e Bashkuar i bazuar n\u00eb pik\u00eb p\u00ebrcakton nj\u00eb s\u00ebr\u00eb rregullash t\u00eb reja emigracioni q\u00eb synojn\u00eb t\u00eb krijojn\u00eb shanse t\u00eb barabarta n\u00eb MB p\u00ebr pun\u00ebtor\u00ebt nga brenda dhe jasht\u00eb BE-s\u00eb. Na Kontaktoni Sistemi i emigracionit i bazuar n\u00eb pik\u00eb n\u00eb MB. P\u00ebr t&#8217;u kualifikuar si&#8230;<\/p>","protected":false},"author":1,"featured_media":0,"parent":988342,"menu_order":0,"comment_status":"closed","ping_status":"closed","template":"","meta":{"footnotes":""},"class_list":["post-988262","page","type-page","status-publish","hentry"],"_links":{"self":[{"href":"https:\/\/ejavisa.com\/es\/wp-json\/wp\/v2\/pages\/988262","targetHints":{"allow":["GET"]}}],"collection":[{"href":"https:\/\/ejavisa.com\/es\/wp-json\/wp\/v2\/pages"}],"about":[{"href":"https:\/\/ejavisa.com\/es\/wp-json\/wp\/v2\/types\/page"}],"author":[{"embeddable":true,"href":"https:\/\/ejavisa.com\/es\/wp-json\/wp\/v2\/users\/1"}],"replies":[{"embeddable":true,"href":"https:\/\/ejavisa.com\/es\/wp-json\/wp\/v2\/comments?post=988262"}],"version-history":[{"count":13,"href":"https:\/\/ejavisa.com\/es\/wp-json\/wp\/v2\/pages\/988262\/revisions"}],"predecessor-version":[{"id":988638,"href":"https:\/\/ejavisa.com\/es\/wp-json\/wp\/v2\/pages\/988262\/revisions\/988638"}],"up":[{"embeddable":true,"href":"https:\/\/ejavisa.com\/es\/wp-json\/wp\/v2\/pages\/988342"}],"wp:attachment":[{"href":"https:\/\/ejavisa.com\/es\/wp-json\/wp\/v2\/media?parent=988262"}],"curies":[{"name":"wp","href":"https:\/\/api.w.org\/{rel}","templated":true}]}}