{"id":988290,"date":"2023-04-02T21:52:23","date_gmt":"2023-04-02T21:52:23","guid":{"rendered":"https:\/\/ejavisa.com\/en\/?page_id=988290"},"modified":"2024-09-15T16:20:23","modified_gmt":"2024-09-15T16:20:23","slug":"perkthime","status":"publish","type":"page","link":"https:\/\/ejavisa.com\/es\/perkthime\/","title":{"rendered":"Traducciones"},"content":{"rendered":"<div class=\"vgblk-rw-wrapper limit-wrapper\">\n<h2>\n\tSh\u00ebrbime profesionale p\u00ebrkthimi \n\t<\/h2>\n\t<p>Sh\u00ebrbimet tona profesionale t\u00eb p\u00ebrkthimit jan\u00eb t\u00eb \u00e7ertifikuara dhe ligjore, t\u00eb vlefshme p\u00ebr tu p\u00ebrdorur dhe jasht\u00eb Shqip\u00ebris\u00eb. <\/p>\n\t\t\t<a href=\"https:\/\/api.whatsapp.com\/send?phone=355697035626\" target=\"_self\" role=\"button\" rel=\"noopener\">\n\t\t\t\t\t\tCont\u00e1ctanos\n\t\t\t\t\t<\/a>\n\t<p>Sh\u00ebrbimet tona profesionale t\u00eb p\u00ebrkthimit jan\u00eb t\u00eb certifikuara dhe ligjore, t\u00eb vlefshme p\u00ebr tu p\u00ebrdorur dhe jasht\u00eb Shqip\u00ebris\u00eb.\u00a0<\/p>\n<p>Ne ofrojm\u00eb sh\u00ebrbime t\u00eb p\u00ebrkthimit me shkrim, n\u00eb konferenca, takime online dhe t\u00eb aft\u00eb t\u00eb p\u00ebrpunojm\u00eb volume n\u00eb koh\u00eb t\u00eb shkurt\u00ebr. Gjithashtu ne ofrojm\u00eb sh\u00ebrbime t\u00eb p\u00ebrkthimit p\u00ebr biznese t\u00eb ndryshme n\u00eb Shqip\u00ebri. M\u00eb shum\u00eb rreth procedurave dhe dokumentave q\u00eb mund t\u00eb duhen t\u00eb p\u00ebrkthehen p\u00ebr bizneset mund ti lexoni n\u00eb <strong><a href=\"https:\/\/smealbania.com\/al\/\" rel=\"nofollow noopener\" target=\"_blank\">SmeAlbania<\/a><\/strong>.<\/p>\n<p>Rrjeti i p\u00ebrkthyesve p\u00ebrb\u00ebhet nga profesionist\u00eb t\u00eb fush\u00ebs duke garantuar cil\u00ebsi dhe sakt\u00ebsi.\u00a0<\/p>\n<h3>\n\tDisa viza Britanike\n\t<\/h3>\n\t\t\t\t\t\t\t<img decoding=\"async\" loading=\"lazy\" width=\"2560\" height=\"2560\" src=\"https:\/\/ejavisa.com\/en\/wp-content\/uploads\/2023\/04\/portrait-young-woman-taking-pictures-holiday-min-scaled.jpg\" alt=\"portrait-young-woman-taking-pictures-holiday-min\" itemprop=\"image\" title=\"portrait-young-woman-taking-pictures-holiday-min\" onerror=\"this.style.display='none'\"  sizes=\"auto, (max-width: 768px) 100vw, 100vw\" srcset=\"https:\/\/ejavisa.com\/wp-content\/uploads\/2023\/04\/portrait-young-woman-taking-pictures-holiday-min-scaled.jpg 2560w, https:\/\/ejavisa.com\/wp-content\/uploads\/2023\/04\/portrait-young-woman-taking-pictures-holiday-min-300x300.jpg 300w, https:\/\/ejavisa.com\/wp-content\/uploads\/2023\/04\/portrait-young-woman-taking-pictures-holiday-min-1024x1024.jpg 1024w, https:\/\/ejavisa.com\/wp-content\/uploads\/2023\/04\/portrait-young-woman-taking-pictures-holiday-min-150x150.jpg 150w, https:\/\/ejavisa.com\/wp-content\/uploads\/2023\/04\/portrait-young-woman-taking-pictures-holiday-min-768x768.jpg 768w, https:\/\/ejavisa.com\/wp-content\/uploads\/2023\/04\/portrait-young-woman-taking-pictures-holiday-min-1536x1536.jpg 1536w, https:\/\/ejavisa.com\/wp-content\/uploads\/2023\/04\/portrait-young-woman-taking-pictures-holiday-min-2048x2048.jpg 2048w, https:\/\/ejavisa.com\/wp-content\/uploads\/2023\/04\/portrait-young-woman-taking-pictures-holiday-min-1260x1260.jpg 1260w, https:\/\/ejavisa.com\/wp-content\/uploads\/2023\/04\/portrait-young-woman-taking-pictures-holiday-min-630x630.jpg 630w, https:\/\/ejavisa.com\/wp-content\/uploads\/2023\/04\/portrait-young-woman-taking-pictures-holiday-min-420x420.jpg 420w, https:\/\/ejavisa.com\/wp-content\/uploads\/2023\/04\/portrait-young-woman-taking-pictures-holiday-min-840x840.jpg 840w, https:\/\/ejavisa.com\/wp-content\/uploads\/2023\/04\/portrait-young-woman-taking-pictures-holiday-min-315x315.jpg 315w\" \/>\t\t\t\t\t\t\t\n<h4>\n\tVisado de turista para el Reino Unido\n\t<\/h4>\n\t\t\t\t\t\t\t<img decoding=\"async\" loading=\"lazy\" width=\"2560\" height=\"2560\" src=\"https:\/\/ejavisa.com\/en\/wp-content\/uploads\/2023\/04\/young-employee-sitting-office-desk-min-scaled.jpg\" alt=\"young-employee-sitting-office-desk-min\" itemprop=\"image\" title=\"young-employee-sitting-office-desk-min\" onerror=\"this.style.display='none'\"  sizes=\"auto, (max-width: 768px) 100vw, 100vw\" srcset=\"https:\/\/ejavisa.com\/wp-content\/uploads\/2023\/04\/young-employee-sitting-office-desk-min-scaled.jpg 2560w, https:\/\/ejavisa.com\/wp-content\/uploads\/2023\/04\/young-employee-sitting-office-desk-min-300x300.jpg 300w, https:\/\/ejavisa.com\/wp-content\/uploads\/2023\/04\/young-employee-sitting-office-desk-min-1024x1024.jpg 1024w, https:\/\/ejavisa.com\/wp-content\/uploads\/2023\/04\/young-employee-sitting-office-desk-min-150x150.jpg 150w, https:\/\/ejavisa.com\/wp-content\/uploads\/2023\/04\/young-employee-sitting-office-desk-min-768x768.jpg 768w, https:\/\/ejavisa.com\/wp-content\/uploads\/2023\/04\/young-employee-sitting-office-desk-min-1536x1536.jpg 1536w, https:\/\/ejavisa.com\/wp-content\/uploads\/2023\/04\/young-employee-sitting-office-desk-min-2048x2048.jpg 2048w, https:\/\/ejavisa.com\/wp-content\/uploads\/2023\/04\/young-employee-sitting-office-desk-min-1260x1260.jpg 1260w, https:\/\/ejavisa.com\/wp-content\/uploads\/2023\/04\/young-employee-sitting-office-desk-min-630x630.jpg 630w, https:\/\/ejavisa.com\/wp-content\/uploads\/2023\/04\/young-employee-sitting-office-desk-min-420x420.jpg 420w, https:\/\/ejavisa.com\/wp-content\/uploads\/2023\/04\/young-employee-sitting-office-desk-min-840x840.jpg 840w, https:\/\/ejavisa.com\/wp-content\/uploads\/2023\/04\/young-employee-sitting-office-desk-min-315x315.jpg 315w\" \/>\t\t\t\t\t\t\t\n<h4>\n\tVisado de trabajo en el Reino Unido\n\t<\/h4>\n\t\t\t\t\t\t\t<img decoding=\"async\" loading=\"lazy\" width=\"2560\" height=\"2560\" src=\"https:\/\/ejavisa.com\/en\/wp-content\/uploads\/2023\/04\/back-school-concept-with-woman-studying-library-min-1-scaled.jpg\" alt=\"Imagen de una mujer estudiando en la biblioteca (1)\" itemprop=\"image\" title=\"Imagen de una mujer estudiando en la biblioteca (1)\" onerror=\"this.style.display='none'\"  sizes=\"auto, (max-width: 768px) 100vw, 100vw\" srcset=\"https:\/\/ejavisa.com\/wp-content\/uploads\/2023\/04\/back-school-concept-with-woman-studying-library-min-1-scaled.jpg 2560w, https:\/\/ejavisa.com\/wp-content\/uploads\/2023\/04\/back-school-concept-with-woman-studying-library-min-1-300x300.jpg 300w, https:\/\/ejavisa.com\/wp-content\/uploads\/2023\/04\/back-school-concept-with-woman-studying-library-min-1-1024x1024.jpg 1024w, https:\/\/ejavisa.com\/wp-content\/uploads\/2023\/04\/back-school-concept-with-woman-studying-library-min-1-150x150.jpg 150w, https:\/\/ejavisa.com\/wp-content\/uploads\/2023\/04\/back-school-concept-with-woman-studying-library-min-1-768x768.jpg 768w, https:\/\/ejavisa.com\/wp-content\/uploads\/2023\/04\/back-school-concept-with-woman-studying-library-min-1-1536x1536.jpg 1536w, https:\/\/ejavisa.com\/wp-content\/uploads\/2023\/04\/back-school-concept-with-woman-studying-library-min-1-2048x2048.jpg 2048w, https:\/\/ejavisa.com\/wp-content\/uploads\/2023\/04\/back-school-concept-with-woman-studying-library-min-1-1260x1260.jpg 1260w, https:\/\/ejavisa.com\/wp-content\/uploads\/2023\/04\/back-school-concept-with-woman-studying-library-min-1-630x630.jpg 630w, https:\/\/ejavisa.com\/wp-content\/uploads\/2023\/04\/back-school-concept-with-woman-studying-library-min-1-420x420.jpg 420w, https:\/\/ejavisa.com\/wp-content\/uploads\/2023\/04\/back-school-concept-with-woman-studying-library-min-1-840x840.jpg 840w, https:\/\/ejavisa.com\/wp-content\/uploads\/2023\/04\/back-school-concept-with-woman-studying-library-min-1-315x315.jpg 315w\" \/>\t\t\t\t\t\t\t\n<h4>\n\tVisado de estudios para el Reino Unido\n\t<\/h4>\n\t\t\t\t\t\t\t<img decoding=\"async\" loading=\"lazy\" width=\"300\" height=\"300\" src=\"https:\/\/ejavisa.com\/en\/wp-content\/uploads\/2023\/04\/parents-with-daughter-lying-autumn-leaves-park-min-300x300.jpg\" alt=\"unos padres con su hija tumbada entre las hojas oto\u00f1ales en un parque\" itemprop=\"image\" title=\"unos padres con su hija tumbada entre las hojas oto\u00f1ales en un parque\" onerror=\"this.style.display='none'\"  sizes=\"auto, (max-width: 768px) 100vw, 100vw\" srcset=\"https:\/\/ejavisa.com\/wp-content\/uploads\/2023\/04\/parents-with-daughter-lying-autumn-leaves-park-min-300x300.jpg 300w, https:\/\/ejavisa.com\/wp-content\/uploads\/2023\/04\/parents-with-daughter-lying-autumn-leaves-park-min-1024x1024.jpg 1024w, https:\/\/ejavisa.com\/wp-content\/uploads\/2023\/04\/parents-with-daughter-lying-autumn-leaves-park-min-150x150.jpg 150w, https:\/\/ejavisa.com\/wp-content\/uploads\/2023\/04\/parents-with-daughter-lying-autumn-leaves-park-min-768x768.jpg 768w, https:\/\/ejavisa.com\/wp-content\/uploads\/2023\/04\/parents-with-daughter-lying-autumn-leaves-park-min-1536x1536.jpg 1536w, https:\/\/ejavisa.com\/wp-content\/uploads\/2023\/04\/parents-with-daughter-lying-autumn-leaves-park-min-2048x2048.jpg 2048w, https:\/\/ejavisa.com\/wp-content\/uploads\/2023\/04\/parents-with-daughter-lying-autumn-leaves-park-min-1260x1260.jpg 1260w, https:\/\/ejavisa.com\/wp-content\/uploads\/2023\/04\/parents-with-daughter-lying-autumn-leaves-park-min-630x630.jpg 630w, https:\/\/ejavisa.com\/wp-content\/uploads\/2023\/04\/parents-with-daughter-lying-autumn-leaves-park-min-420x420.jpg 420w, https:\/\/ejavisa.com\/wp-content\/uploads\/2023\/04\/parents-with-daughter-lying-autumn-leaves-park-min-840x840.jpg 840w, https:\/\/ejavisa.com\/wp-content\/uploads\/2023\/04\/parents-with-daughter-lying-autumn-leaves-park-min-315x315.jpg 315w\" \/>\t\t\t\t\t\t\t\n<h4>\n\tVisado familiar en el Reino Unido\n\t<\/h4>\n\t<p><strong>P\u00ebrkthimet e dokumenteve p\u00ebr viz\u00eb Britanike.<\/strong><\/p>\n\t<p>Kur b\u00ebni nj\u00eb aplikim p\u00ebr viz\u00eb n\u00eb Mbret\u00ebrin\u00eb e Bashkuar, do t&#8217;ju duhet t\u00eb paraqisni nj\u00eb version t\u00eb p\u00ebrkthyer t\u00eb \u00e7do dokumenti q\u00eb nuk \u00ebsht\u00eb i shkruar n\u00eb anglisht.<\/p>\n<p><strong>P\u00ebr shembull:<\/strong><\/p>\n1.Certifikate lindje<br \/>\n2.Deklarat\u00eb bankare<br \/>\n3.Certifikat\u00ebn e martes\u00ebs\n<p><em>Ju duhet t\u00eb dor\u00ebzoni k\u00ebto dokumente t\u00eb p\u00ebrkthyera s\u00eb bashku me dokumentet origjinale.<\/em><\/p>\n<p><strong>Dokumentet e p\u00ebrkthyera duhet:<\/strong><\/p>\n<ul>\n<li aria-level=\"1\">T\u00eb jen\u00eb t\u00eb p\u00ebrkthyera nga p\u00ebrkthyes profesionist ose kompani p\u00ebrkthimi<\/li>\n<li aria-level=\"1\">T\u00eb p\u00ebrmbajn\u00eb konfirmimin nga p\u00ebrkthyesi q\u00eb v\u00ebrteton se p\u00ebrkthimi \u00ebsht\u00eb i sakt\u00eb dhe i v\u00ebrtet\u00eb sipas dokumentit origjinal<\/li>\n<li aria-level=\"1\">T\u00eb ket\u00eb detajet e kredencialeve t\u00eb p\u00ebrkthyesit ose t\u00eb kompanis\u00eb s\u00eb p\u00ebrkthimit<\/li>\n<li aria-level=\"1\">T\u00eb p\u00ebrmbaj\u00eb emrin dhe n\u00ebnshkrimin e plot\u00eb t\u00eb p\u00ebrkthyesit ose emrin dhe n\u00ebnshkrimin e plot\u00eb t\u00eb nj\u00eb zyrtari t\u00eb autorizuar t\u00eb kompanis\u00eb s\u00eb p\u00ebrkthimit<\/li>\n<\/ul>\n<p><em>Aplikimi juaj p\u00ebr viz\u00eb mund t\u00eb refuzohet n\u00ebse dokumentet e p\u00ebrkthyera q\u00eb dor\u00ebzoni nuk i plot\u00ebsojn\u00eb k\u00ebto k\u00ebrkesa.<\/em><\/p>\n\n<\/div><!-- .vgblk-rw-wrapper -->","protected":false},"excerpt":{"rendered":"<p>Sh\u00ebrbime profesionale p\u00ebrkthimi Sh\u00ebrbimet tona profesionale t\u00eb p\u00ebrkthimit jan\u00eb t\u00eb \u00e7ertifikuara dhe ligjore, t\u00eb vlefshme p\u00ebr tu p\u00ebrdorur dhe jasht\u00eb Shqip\u00ebris\u00eb. Na Kontaktoni Sh\u00ebrbimet tona profesionale t\u00eb p\u00ebrkthimit jan\u00eb t\u00eb certifikuara dhe ligjore, t\u00eb vlefshme p\u00ebr tu p\u00ebrdorur dhe jasht\u00eb Shqip\u00ebris\u00eb.\u00a0 Ne ofrojm\u00eb sh\u00ebrbime t\u00eb p\u00ebrkthimit me shkrim, n\u00eb konferenca, takime online dhe t\u00eb aft\u00eb&#8230;<\/p>","protected":false},"author":1,"featured_media":0,"parent":0,"menu_order":0,"comment_status":"closed","ping_status":"closed","template":"","meta":{"footnotes":""},"class_list":["post-988290","page","type-page","status-publish","hentry"],"_links":{"self":[{"href":"https:\/\/ejavisa.com\/es\/wp-json\/wp\/v2\/pages\/988290","targetHints":{"allow":["GET"]}}],"collection":[{"href":"https:\/\/ejavisa.com\/es\/wp-json\/wp\/v2\/pages"}],"about":[{"href":"https:\/\/ejavisa.com\/es\/wp-json\/wp\/v2\/types\/page"}],"author":[{"embeddable":true,"href":"https:\/\/ejavisa.com\/es\/wp-json\/wp\/v2\/users\/1"}],"replies":[{"embeddable":true,"href":"https:\/\/ejavisa.com\/es\/wp-json\/wp\/v2\/comments?post=988290"}],"version-history":[{"count":14,"href":"https:\/\/ejavisa.com\/es\/wp-json\/wp\/v2\/pages\/988290\/revisions"}],"predecessor-version":[{"id":988580,"href":"https:\/\/ejavisa.com\/es\/wp-json\/wp\/v2\/pages\/988290\/revisions\/988580"}],"wp:attachment":[{"href":"https:\/\/ejavisa.com\/es\/wp-json\/wp\/v2\/media?parent=988290"}],"curies":[{"name":"wp","href":"https:\/\/api.w.org\/{rel}","templated":true}]}}