{"id":988328,"date":"2023-04-04T23:03:10","date_gmt":"2023-04-04T23:03:10","guid":{"rendered":"https:\/\/ejavisa.com\/en\/?page_id=988328"},"modified":"2024-11-14T12:37:20","modified_gmt":"2024-11-14T12:37:20","slug":"visado-de-viaje-para-los-emiratos-arabes-unidos","status":"publish","type":"page","link":"https:\/\/ejavisa.com\/es\/viza-udhetimi-ne-shba\/","title":{"rendered":"Solicitar un visado estadounidense"},"content":{"rendered":"<div class=\"vgblk-rw-wrapper limit-wrapper\">\n<h2>\n\tSolicitar un visado estadounidense\n\t<\/h2>\n\t<p>Solicita un visado estadounidense. El visado de visitante B1\/B2 est\u00e1 disponible para quienes deseen entrar en Estados Unidos por un periodo breve con fines tur\u00edsticos, para visitar a familiares o por motivos de negocios.<\/p>\n\t\t\t<a href=\"https:\/\/api.whatsapp.com\/send?phone=355697035626\" target=\"_self\" role=\"button\" rel=\"noopener\">\n\t\t\t\t\t\tCont\u00e1ctanos\n\t\t\t\t\t<\/a>\n\t<p>Los solicitantes de un visado para Estados Unidos deben demostrar que cumplen los requisitos establecidos en la Ley de Inmigraci\u00f3n y Nacionalidad. La ley parte de la presunci\u00f3n de que todo solicitante de un visado de visitante es un posible inmigrante.<\/p>\n<p><strong>Por lo tanto, los solicitantes de un visado de visitante deben refutar esta presunci\u00f3n demostrando que:<\/strong><\/p>\n<ul>\n<li>El objetivo de su viaje es entrar en Estados Unidos por motivos de negocios, de ocio o para recibir tratamiento m\u00e9dico.<\/li>\n<li>Que tienen previsto quedarse durante un periodo concreto y limitado.<\/li>\n<li>Que tengan una residencia fuera de los Estados Unidos, as\u00ed como otros v\u00ednculos que garanticen su regreso al extranjero al finalizar su visita.<\/li>\n<\/ul>\n\t\n\t\t\t\t\t\t\t<img decoding=\"async\" loading=\"lazy\" width=\"2560\" height=\"2560\" src=\"https:\/\/ejavisa.com\/en\/wp-content\/uploads\/2023\/04\/portrait-young-woman-taking-pictures-holiday-min-scaled.jpg\" alt=\"portrait-young-woman-taking-pictures-holiday-min\" itemprop=\"image\" title=\"portrait-young-woman-taking-pictures-holiday-min\" onerror=\"this.style.display='none'\"  sizes=\"auto, (max-width: 768px) 100vw, 100vw\" srcset=\"https:\/\/ejavisa.com\/wp-content\/uploads\/2023\/04\/portrait-young-woman-taking-pictures-holiday-min-scaled.jpg 2560w, https:\/\/ejavisa.com\/wp-content\/uploads\/2023\/04\/portrait-young-woman-taking-pictures-holiday-min-300x300.jpg 300w, https:\/\/ejavisa.com\/wp-content\/uploads\/2023\/04\/portrait-young-woman-taking-pictures-holiday-min-1024x1024.jpg 1024w, https:\/\/ejavisa.com\/wp-content\/uploads\/2023\/04\/portrait-young-woman-taking-pictures-holiday-min-150x150.jpg 150w, https:\/\/ejavisa.com\/wp-content\/uploads\/2023\/04\/portrait-young-woman-taking-pictures-holiday-min-768x768.jpg 768w, https:\/\/ejavisa.com\/wp-content\/uploads\/2023\/04\/portrait-young-woman-taking-pictures-holiday-min-1536x1536.jpg 1536w, https:\/\/ejavisa.com\/wp-content\/uploads\/2023\/04\/portrait-young-woman-taking-pictures-holiday-min-2048x2048.jpg 2048w, https:\/\/ejavisa.com\/wp-content\/uploads\/2023\/04\/portrait-young-woman-taking-pictures-holiday-min-1260x1260.jpg 1260w, https:\/\/ejavisa.com\/wp-content\/uploads\/2023\/04\/portrait-young-woman-taking-pictures-holiday-min-630x630.jpg 630w, https:\/\/ejavisa.com\/wp-content\/uploads\/2023\/04\/portrait-young-woman-taking-pictures-holiday-min-420x420.jpg 420w, https:\/\/ejavisa.com\/wp-content\/uploads\/2023\/04\/portrait-young-woman-taking-pictures-holiday-min-840x840.jpg 840w, https:\/\/ejavisa.com\/wp-content\/uploads\/2023\/04\/portrait-young-woman-taking-pictures-holiday-min-315x315.jpg 315w\" \/>\t\t\t\t\t\t\t\n<h4>\n\t\t\t<a href=\"https:\/\/ejavisa.com\/es\/viza-britanike\/viza-standarde-vizitori\/\" title=\"Visado de turista para el Reino Unido\" target=\"_self\" rel=\"noopener\">\n\tVisado de turista para el Reino Unido\n\t\t\t<\/a>\n\t<\/h4>\n\t\t\t\t\t\t\t<img decoding=\"async\" loading=\"lazy\" width=\"2560\" height=\"2560\" src=\"https:\/\/ejavisa.com\/en\/wp-content\/uploads\/2023\/04\/young-employee-sitting-office-desk-min-scaled.jpg\" alt=\"young-employee-sitting-office-desk-min\" itemprop=\"image\" title=\"young-employee-sitting-office-desk-min\" onerror=\"this.style.display='none'\"  sizes=\"auto, (max-width: 768px) 100vw, 100vw\" srcset=\"https:\/\/ejavisa.com\/wp-content\/uploads\/2023\/04\/young-employee-sitting-office-desk-min-scaled.jpg 2560w, https:\/\/ejavisa.com\/wp-content\/uploads\/2023\/04\/young-employee-sitting-office-desk-min-300x300.jpg 300w, https:\/\/ejavisa.com\/wp-content\/uploads\/2023\/04\/young-employee-sitting-office-desk-min-1024x1024.jpg 1024w, https:\/\/ejavisa.com\/wp-content\/uploads\/2023\/04\/young-employee-sitting-office-desk-min-150x150.jpg 150w, https:\/\/ejavisa.com\/wp-content\/uploads\/2023\/04\/young-employee-sitting-office-desk-min-768x768.jpg 768w, https:\/\/ejavisa.com\/wp-content\/uploads\/2023\/04\/young-employee-sitting-office-desk-min-1536x1536.jpg 1536w, https:\/\/ejavisa.com\/wp-content\/uploads\/2023\/04\/young-employee-sitting-office-desk-min-2048x2048.jpg 2048w, https:\/\/ejavisa.com\/wp-content\/uploads\/2023\/04\/young-employee-sitting-office-desk-min-1260x1260.jpg 1260w, https:\/\/ejavisa.com\/wp-content\/uploads\/2023\/04\/young-employee-sitting-office-desk-min-630x630.jpg 630w, https:\/\/ejavisa.com\/wp-content\/uploads\/2023\/04\/young-employee-sitting-office-desk-min-420x420.jpg 420w, https:\/\/ejavisa.com\/wp-content\/uploads\/2023\/04\/young-employee-sitting-office-desk-min-840x840.jpg 840w, https:\/\/ejavisa.com\/wp-content\/uploads\/2023\/04\/young-employee-sitting-office-desk-min-315x315.jpg 315w\" \/>\t\t\t\t\t\t\t\n<h4>\n\t\t\t<a href=\"https:\/\/ejavisa.com\/es\/viza-britanike\/vize-pune-ne-mbreterine-e-bashkuar\/\" title=\"Visado de trabajo en el Reino Unido\" target=\"_self\" rel=\"noopener\">\n\tVisado de trabajo en el Reino Unido\n\t\t\t<\/a>\n\t<\/h4>\n\t\t\t\t\t\t\t<img decoding=\"async\" loading=\"lazy\" width=\"2560\" height=\"2560\" src=\"https:\/\/ejavisa.com\/en\/wp-content\/uploads\/2023\/04\/back-school-concept-with-woman-studying-library-min-1-scaled.jpg\" alt=\"Imagen de una mujer estudiando en la biblioteca (1)\" itemprop=\"image\" title=\"Imagen de una mujer estudiando en la biblioteca (1)\" onerror=\"this.style.display='none'\"  sizes=\"auto, (max-width: 768px) 100vw, 100vw\" srcset=\"https:\/\/ejavisa.com\/wp-content\/uploads\/2023\/04\/back-school-concept-with-woman-studying-library-min-1-scaled.jpg 2560w, https:\/\/ejavisa.com\/wp-content\/uploads\/2023\/04\/back-school-concept-with-woman-studying-library-min-1-300x300.jpg 300w, https:\/\/ejavisa.com\/wp-content\/uploads\/2023\/04\/back-school-concept-with-woman-studying-library-min-1-1024x1024.jpg 1024w, https:\/\/ejavisa.com\/wp-content\/uploads\/2023\/04\/back-school-concept-with-woman-studying-library-min-1-150x150.jpg 150w, https:\/\/ejavisa.com\/wp-content\/uploads\/2023\/04\/back-school-concept-with-woman-studying-library-min-1-768x768.jpg 768w, https:\/\/ejavisa.com\/wp-content\/uploads\/2023\/04\/back-school-concept-with-woman-studying-library-min-1-1536x1536.jpg 1536w, https:\/\/ejavisa.com\/wp-content\/uploads\/2023\/04\/back-school-concept-with-woman-studying-library-min-1-2048x2048.jpg 2048w, https:\/\/ejavisa.com\/wp-content\/uploads\/2023\/04\/back-school-concept-with-woman-studying-library-min-1-1260x1260.jpg 1260w, https:\/\/ejavisa.com\/wp-content\/uploads\/2023\/04\/back-school-concept-with-woman-studying-library-min-1-630x630.jpg 630w, https:\/\/ejavisa.com\/wp-content\/uploads\/2023\/04\/back-school-concept-with-woman-studying-library-min-1-420x420.jpg 420w, https:\/\/ejavisa.com\/wp-content\/uploads\/2023\/04\/back-school-concept-with-woman-studying-library-min-1-840x840.jpg 840w, https:\/\/ejavisa.com\/wp-content\/uploads\/2023\/04\/back-school-concept-with-woman-studying-library-min-1-315x315.jpg 315w\" \/>\t\t\t\t\t\t\t\n<h4>\n\t\t\t<a href=\"https:\/\/ejavisa.com\/es\/viza-britanike\/studio-ne-mbreterine-e-bashkuar\/\" title=\"Visado de estudios para el Reino Unido\" target=\"_self\" rel=\"noopener\">\n\tVisado de estudios para el Reino Unido\n\t\t\t<\/a>\n\t<\/h4>\n\t\t\t\t\t\t\t<img decoding=\"async\" loading=\"lazy\" width=\"300\" height=\"300\" src=\"https:\/\/ejavisa.com\/en\/wp-content\/uploads\/2023\/04\/parents-with-daughter-lying-autumn-leaves-park-min-300x300.jpg\" alt=\"unos padres con su hija tumbada entre las hojas oto\u00f1ales en un parque\" itemprop=\"image\" title=\"unos padres con su hija tumbada entre las hojas oto\u00f1ales en un parque\" onerror=\"this.style.display='none'\"  sizes=\"auto, (max-width: 768px) 100vw, 100vw\" srcset=\"https:\/\/ejavisa.com\/wp-content\/uploads\/2023\/04\/parents-with-daughter-lying-autumn-leaves-park-min-300x300.jpg 300w, https:\/\/ejavisa.com\/wp-content\/uploads\/2023\/04\/parents-with-daughter-lying-autumn-leaves-park-min-1024x1024.jpg 1024w, https:\/\/ejavisa.com\/wp-content\/uploads\/2023\/04\/parents-with-daughter-lying-autumn-leaves-park-min-150x150.jpg 150w, https:\/\/ejavisa.com\/wp-content\/uploads\/2023\/04\/parents-with-daughter-lying-autumn-leaves-park-min-768x768.jpg 768w, https:\/\/ejavisa.com\/wp-content\/uploads\/2023\/04\/parents-with-daughter-lying-autumn-leaves-park-min-1536x1536.jpg 1536w, https:\/\/ejavisa.com\/wp-content\/uploads\/2023\/04\/parents-with-daughter-lying-autumn-leaves-park-min-2048x2048.jpg 2048w, https:\/\/ejavisa.com\/wp-content\/uploads\/2023\/04\/parents-with-daughter-lying-autumn-leaves-park-min-1260x1260.jpg 1260w, https:\/\/ejavisa.com\/wp-content\/uploads\/2023\/04\/parents-with-daughter-lying-autumn-leaves-park-min-630x630.jpg 630w, https:\/\/ejavisa.com\/wp-content\/uploads\/2023\/04\/parents-with-daughter-lying-autumn-leaves-park-min-420x420.jpg 420w, https:\/\/ejavisa.com\/wp-content\/uploads\/2023\/04\/parents-with-daughter-lying-autumn-leaves-park-min-840x840.jpg 840w, https:\/\/ejavisa.com\/wp-content\/uploads\/2023\/04\/parents-with-daughter-lying-autumn-leaves-park-min-315x315.jpg 315w\" \/>\t\t\t\t\t\t\t\n<h4>\n\t\t\t<a href=\"https:\/\/ejavisa.com\/es\/viza-britanike\/apliko-per-vize-bashkeshortore-ne-mbreterine-e-bashkuar\/\" title=\"Visado familiar en el Reino Unido\" target=\"_self\" rel=\"noopener\">\n\tVisado familiar en el Reino Unido\n\t\t\t<\/a>\n\t<\/h4>\n\t<p><strong>Necesidades del solicitante:<\/strong><\/p>\n<ul>\n<li>El formulario DS-160 de solicitud de visado de no inmigrante debidamente cumplimentado (uno por cada visitante).<\/li>\n<li>El formulario DS-160 cumplimentado para todos los solicitantes de visados de no inmigrante de sexo masculino de entre 16 y 45 a\u00f1os.<\/li>\n<li>Todos los solicitantes, incluidos los ni\u00f1os de cualquier edad, deben disponer de un pasaporte individual v\u00e1lido para viajar a los Estados Unidos, con una validez de al menos seis meses m\u00e1s all\u00e1 de la duraci\u00f3n prevista de la estancia.<\/li>\n<li>Dy fotografi 2&#215;2 p\u00ebr \u00e7do aplikant, q\u00eb tregojn\u00eb fytyr\u00ebn e plot\u00eb, p\u00ebr t&#8217;u p\u00ebrdorur n\u00eb formularin e aplikimit.<\/li>\n<\/ul>\n\n<\/div><!-- .vgblk-rw-wrapper -->","protected":false},"excerpt":{"rendered":"<p>Apliko p\u00ebr Viz\u00eb Amerikane Apliko p\u00ebr Viz\u00eb Amerikane. Viza Vizitor\u00ebve B1\/B2 \u00ebsht\u00eb e disponueshme p\u00ebr vizitor\u00ebt q\u00eb k\u00ebrkojn\u00eb hyrje afatshkurt\u00ebr n\u00eb SHBA p\u00ebr ta vizituar p\u00ebr arsye turistike, vizit\u00eb familjare apo pune. Na Kontaktoni Aplikant\u00ebt p\u00ebr viz\u00eb Amerikane duhet t\u00eb tregojn\u00eb se kualifikohen sipas dispozitave t\u00eb Aktit t\u00eb Emigracionit dhe Komb\u00ebsis\u00eb. Prezumimi n\u00eb ligj \u00ebsht\u00eb&#8230;<\/p>","protected":false},"author":1,"featured_media":988608,"parent":0,"menu_order":0,"comment_status":"closed","ping_status":"closed","template":"","meta":{"footnotes":""},"class_list":["post-988328","page","type-page","status-publish","has-post-thumbnail","hentry"],"_links":{"self":[{"href":"https:\/\/ejavisa.com\/es\/wp-json\/wp\/v2\/pages\/988328","targetHints":{"allow":["GET"]}}],"collection":[{"href":"https:\/\/ejavisa.com\/es\/wp-json\/wp\/v2\/pages"}],"about":[{"href":"https:\/\/ejavisa.com\/es\/wp-json\/wp\/v2\/types\/page"}],"author":[{"embeddable":true,"href":"https:\/\/ejavisa.com\/es\/wp-json\/wp\/v2\/users\/1"}],"replies":[{"embeddable":true,"href":"https:\/\/ejavisa.com\/es\/wp-json\/wp\/v2\/comments?post=988328"}],"version-history":[{"count":15,"href":"https:\/\/ejavisa.com\/es\/wp-json\/wp\/v2\/pages\/988328\/revisions"}],"predecessor-version":[{"id":988611,"href":"https:\/\/ejavisa.com\/es\/wp-json\/wp\/v2\/pages\/988328\/revisions\/988611"}],"wp:featuredmedia":[{"embeddable":true,"href":"https:\/\/ejavisa.com\/es\/wp-json\/wp\/v2\/media\/988608"}],"wp:attachment":[{"href":"https:\/\/ejavisa.com\/es\/wp-json\/wp\/v2\/media?parent=988328"}],"curies":[{"name":"wp","href":"https:\/\/api.w.org\/{rel}","templated":true}]}}