{"id":988613,"date":"2024-11-21T16:37:57","date_gmt":"2024-11-21T16:37:57","guid":{"rendered":"https:\/\/ejavisa.com\/?page_id=988613"},"modified":"2024-11-21T16:37:57","modified_gmt":"2024-11-21T16:37:57","slug":"eja-consulting-reviews","status":"publish","type":"page","link":"https:\/\/ejavisa.com\/es\/eja-consulting-reviews\/","title":{"rendered":"Eja Consulting Reviews"},"content":{"rendered":"<div class=\"vgblk-rw-wrapper limit-wrapper\">\n<h2>\n\tEja Consulting Reviews\n\t<\/h2>\n\t<p>P\u00ebrpara se t\u00eb b\u00ebni zgjedhjen tuaj p\u00ebr sh\u00ebrbimet e vizave, merrni pak koh\u00eb p\u00ebr t\u00eb lexuar mendimet e klient\u00ebve tan\u00eb! Tek <em>Eja Consulting Reviews<\/em>, do t\u00eb gjeni p\u00ebrvoja reale nga ata q\u00eb na kan\u00eb besuar aplikimet e tyre dhe kan\u00eb arritur rezultate t\u00eb suksesshme.<\/p>\n\t\t\t\t<a href=\"https:\/\/www.google.com\/search?q=eja+consulting+reviews&#038;sourceid=chrome&#038;ie=UTF-8\" target=\"_self\" itemprop=\"url\" rel=\"noopener nofollow\">\n\t\t\t\t\t\t\t<img decoding=\"async\" loading=\"lazy\" src=\"https:\/\/ejavisa.com\/wp-content\/uploads\/2024\/11\/eja-consulting-reviewsa.jpg\" alt=\"eja consulting reviewsa\" itemprop=\"image\" height=\"974\" width=\"1558\" data-link-type=\"url\" title=\"eja consulting reviewsa\" onerror=\"this.style.display='none'\"  sizes=\"auto, (max-width: 768px) 100vw, 100vw\" srcset=\"https:\/\/ejavisa.com\/wp-content\/uploads\/2024\/11\/eja-consulting-reviewsa.jpg 1558w, https:\/\/ejavisa.com\/wp-content\/uploads\/2024\/11\/eja-consulting-reviewsa-300x188.jpg 300w, https:\/\/ejavisa.com\/wp-content\/uploads\/2024\/11\/eja-consulting-reviewsa-1024x640.jpg 1024w, https:\/\/ejavisa.com\/wp-content\/uploads\/2024\/11\/eja-consulting-reviewsa-768x480.jpg 768w, https:\/\/ejavisa.com\/wp-content\/uploads\/2024\/11\/eja-consulting-reviewsa-1536x960.jpg 1536w, https:\/\/ejavisa.com\/wp-content\/uploads\/2024\/11\/eja-consulting-reviewsa-1260x788.jpg 1260w, https:\/\/ejavisa.com\/wp-content\/uploads\/2024\/11\/eja-consulting-reviewsa-630x394.jpg 630w, https:\/\/ejavisa.com\/wp-content\/uploads\/2024\/11\/eja-consulting-reviewsa-420x263.jpg 420w, https:\/\/ejavisa.com\/wp-content\/uploads\/2024\/11\/eja-consulting-reviewsa-840x525.jpg 840w, https:\/\/ejavisa.com\/wp-content\/uploads\/2024\/11\/eja-consulting-reviewsa-315x197.jpg 315w\" \/>\t\t\t\t\t\t<\/a>\n\t\n\t\t\t\t\t\t\t<img decoding=\"async\" loading=\"lazy\" width=\"2560\" height=\"2560\" src=\"https:\/\/ejavisa.com\/en\/wp-content\/uploads\/2023\/04\/portrait-young-woman-taking-pictures-holiday-min-scaled.jpg\" alt=\"portrait-young-woman-taking-pictures-holiday-min\" itemprop=\"image\" title=\"portrait-young-woman-taking-pictures-holiday-min\" onerror=\"this.style.display='none'\"  sizes=\"auto, (max-width: 768px) 100vw, 100vw\" srcset=\"https:\/\/ejavisa.com\/wp-content\/uploads\/2023\/04\/portrait-young-woman-taking-pictures-holiday-min-scaled.jpg 2560w, https:\/\/ejavisa.com\/wp-content\/uploads\/2023\/04\/portrait-young-woman-taking-pictures-holiday-min-300x300.jpg 300w, https:\/\/ejavisa.com\/wp-content\/uploads\/2023\/04\/portrait-young-woman-taking-pictures-holiday-min-1024x1024.jpg 1024w, https:\/\/ejavisa.com\/wp-content\/uploads\/2023\/04\/portrait-young-woman-taking-pictures-holiday-min-150x150.jpg 150w, https:\/\/ejavisa.com\/wp-content\/uploads\/2023\/04\/portrait-young-woman-taking-pictures-holiday-min-768x768.jpg 768w, https:\/\/ejavisa.com\/wp-content\/uploads\/2023\/04\/portrait-young-woman-taking-pictures-holiday-min-1536x1536.jpg 1536w, https:\/\/ejavisa.com\/wp-content\/uploads\/2023\/04\/portrait-young-woman-taking-pictures-holiday-min-2048x2048.jpg 2048w, https:\/\/ejavisa.com\/wp-content\/uploads\/2023\/04\/portrait-young-woman-taking-pictures-holiday-min-1260x1260.jpg 1260w, https:\/\/ejavisa.com\/wp-content\/uploads\/2023\/04\/portrait-young-woman-taking-pictures-holiday-min-630x630.jpg 630w, https:\/\/ejavisa.com\/wp-content\/uploads\/2023\/04\/portrait-young-woman-taking-pictures-holiday-min-420x420.jpg 420w, https:\/\/ejavisa.com\/wp-content\/uploads\/2023\/04\/portrait-young-woman-taking-pictures-holiday-min-840x840.jpg 840w, https:\/\/ejavisa.com\/wp-content\/uploads\/2023\/04\/portrait-young-woman-taking-pictures-holiday-min-315x315.jpg 315w\" \/>\t\t\t\t\t\t\t\n<h4>\n\t\t\t<a href=\"https:\/\/ejavisa.com\/es\/viza-britanike\/viza-standarde-vizitori\/\" title=\"Visado de turista para el Reino Unido\" target=\"_self\" rel=\"noopener\">\n\tVisado de turista para el Reino Unido\n\t\t\t<\/a>\n\t<\/h4>\n\t\t\t\t\t\t\t<img decoding=\"async\" loading=\"lazy\" width=\"2560\" height=\"2560\" src=\"https:\/\/ejavisa.com\/en\/wp-content\/uploads\/2023\/04\/young-employee-sitting-office-desk-min-scaled.jpg\" alt=\"young-employee-sitting-office-desk-min\" itemprop=\"image\" title=\"young-employee-sitting-office-desk-min\" onerror=\"this.style.display='none'\"  sizes=\"auto, (max-width: 768px) 100vw, 100vw\" srcset=\"https:\/\/ejavisa.com\/wp-content\/uploads\/2023\/04\/young-employee-sitting-office-desk-min-scaled.jpg 2560w, https:\/\/ejavisa.com\/wp-content\/uploads\/2023\/04\/young-employee-sitting-office-desk-min-300x300.jpg 300w, https:\/\/ejavisa.com\/wp-content\/uploads\/2023\/04\/young-employee-sitting-office-desk-min-1024x1024.jpg 1024w, https:\/\/ejavisa.com\/wp-content\/uploads\/2023\/04\/young-employee-sitting-office-desk-min-150x150.jpg 150w, https:\/\/ejavisa.com\/wp-content\/uploads\/2023\/04\/young-employee-sitting-office-desk-min-768x768.jpg 768w, https:\/\/ejavisa.com\/wp-content\/uploads\/2023\/04\/young-employee-sitting-office-desk-min-1536x1536.jpg 1536w, https:\/\/ejavisa.com\/wp-content\/uploads\/2023\/04\/young-employee-sitting-office-desk-min-2048x2048.jpg 2048w, https:\/\/ejavisa.com\/wp-content\/uploads\/2023\/04\/young-employee-sitting-office-desk-min-1260x1260.jpg 1260w, https:\/\/ejavisa.com\/wp-content\/uploads\/2023\/04\/young-employee-sitting-office-desk-min-630x630.jpg 630w, https:\/\/ejavisa.com\/wp-content\/uploads\/2023\/04\/young-employee-sitting-office-desk-min-420x420.jpg 420w, https:\/\/ejavisa.com\/wp-content\/uploads\/2023\/04\/young-employee-sitting-office-desk-min-840x840.jpg 840w, https:\/\/ejavisa.com\/wp-content\/uploads\/2023\/04\/young-employee-sitting-office-desk-min-315x315.jpg 315w\" \/>\t\t\t\t\t\t\t\n<h4>\n\t\t\t<a href=\"https:\/\/ejavisa.com\/es\/viza-britanike\/vize-pune-ne-mbreterine-e-bashkuar\/\" title=\"Visado de trabajo en el Reino Unido\" target=\"_self\" rel=\"noopener\">\n\tVisado de trabajo en el Reino Unido\n\t\t\t<\/a>\n\t<\/h4>\n\t\t\t\t\t\t\t<img decoding=\"async\" loading=\"lazy\" width=\"2560\" height=\"2560\" src=\"https:\/\/ejavisa.com\/en\/wp-content\/uploads\/2023\/04\/back-school-concept-with-woman-studying-library-min-1-scaled.jpg\" alt=\"Imagen de una mujer estudiando en la biblioteca (1)\" itemprop=\"image\" title=\"Imagen de una mujer estudiando en la biblioteca (1)\" onerror=\"this.style.display='none'\"  sizes=\"auto, (max-width: 768px) 100vw, 100vw\" srcset=\"https:\/\/ejavisa.com\/wp-content\/uploads\/2023\/04\/back-school-concept-with-woman-studying-library-min-1-scaled.jpg 2560w, https:\/\/ejavisa.com\/wp-content\/uploads\/2023\/04\/back-school-concept-with-woman-studying-library-min-1-300x300.jpg 300w, https:\/\/ejavisa.com\/wp-content\/uploads\/2023\/04\/back-school-concept-with-woman-studying-library-min-1-1024x1024.jpg 1024w, https:\/\/ejavisa.com\/wp-content\/uploads\/2023\/04\/back-school-concept-with-woman-studying-library-min-1-150x150.jpg 150w, https:\/\/ejavisa.com\/wp-content\/uploads\/2023\/04\/back-school-concept-with-woman-studying-library-min-1-768x768.jpg 768w, https:\/\/ejavisa.com\/wp-content\/uploads\/2023\/04\/back-school-concept-with-woman-studying-library-min-1-1536x1536.jpg 1536w, https:\/\/ejavisa.com\/wp-content\/uploads\/2023\/04\/back-school-concept-with-woman-studying-library-min-1-2048x2048.jpg 2048w, https:\/\/ejavisa.com\/wp-content\/uploads\/2023\/04\/back-school-concept-with-woman-studying-library-min-1-1260x1260.jpg 1260w, https:\/\/ejavisa.com\/wp-content\/uploads\/2023\/04\/back-school-concept-with-woman-studying-library-min-1-630x630.jpg 630w, https:\/\/ejavisa.com\/wp-content\/uploads\/2023\/04\/back-school-concept-with-woman-studying-library-min-1-420x420.jpg 420w, https:\/\/ejavisa.com\/wp-content\/uploads\/2023\/04\/back-school-concept-with-woman-studying-library-min-1-840x840.jpg 840w, https:\/\/ejavisa.com\/wp-content\/uploads\/2023\/04\/back-school-concept-with-woman-studying-library-min-1-315x315.jpg 315w\" \/>\t\t\t\t\t\t\t\n<h4>\n\t\t\t<a href=\"https:\/\/ejavisa.com\/es\/viza-britanike\/studio-ne-mbreterine-e-bashkuar\/\" title=\"Visado de estudios para el Reino Unido\" target=\"_self\" rel=\"noopener\">\n\tVisado de estudios para el Reino Unido\n\t\t\t<\/a>\n\t<\/h4>\n\t\t\t\t\t\t\t<img decoding=\"async\" loading=\"lazy\" width=\"300\" height=\"300\" src=\"https:\/\/ejavisa.com\/en\/wp-content\/uploads\/2023\/04\/parents-with-daughter-lying-autumn-leaves-park-min-300x300.jpg\" alt=\"unos padres con su hija tumbada entre las hojas oto\u00f1ales en un parque\" itemprop=\"image\" title=\"unos padres con su hija tumbada entre las hojas oto\u00f1ales en un parque\" onerror=\"this.style.display='none'\"  sizes=\"auto, (max-width: 768px) 100vw, 100vw\" srcset=\"https:\/\/ejavisa.com\/wp-content\/uploads\/2023\/04\/parents-with-daughter-lying-autumn-leaves-park-min-300x300.jpg 300w, https:\/\/ejavisa.com\/wp-content\/uploads\/2023\/04\/parents-with-daughter-lying-autumn-leaves-park-min-1024x1024.jpg 1024w, https:\/\/ejavisa.com\/wp-content\/uploads\/2023\/04\/parents-with-daughter-lying-autumn-leaves-park-min-150x150.jpg 150w, https:\/\/ejavisa.com\/wp-content\/uploads\/2023\/04\/parents-with-daughter-lying-autumn-leaves-park-min-768x768.jpg 768w, https:\/\/ejavisa.com\/wp-content\/uploads\/2023\/04\/parents-with-daughter-lying-autumn-leaves-park-min-1536x1536.jpg 1536w, https:\/\/ejavisa.com\/wp-content\/uploads\/2023\/04\/parents-with-daughter-lying-autumn-leaves-park-min-2048x2048.jpg 2048w, https:\/\/ejavisa.com\/wp-content\/uploads\/2023\/04\/parents-with-daughter-lying-autumn-leaves-park-min-1260x1260.jpg 1260w, https:\/\/ejavisa.com\/wp-content\/uploads\/2023\/04\/parents-with-daughter-lying-autumn-leaves-park-min-630x630.jpg 630w, https:\/\/ejavisa.com\/wp-content\/uploads\/2023\/04\/parents-with-daughter-lying-autumn-leaves-park-min-420x420.jpg 420w, https:\/\/ejavisa.com\/wp-content\/uploads\/2023\/04\/parents-with-daughter-lying-autumn-leaves-park-min-840x840.jpg 840w, https:\/\/ejavisa.com\/wp-content\/uploads\/2023\/04\/parents-with-daughter-lying-autumn-leaves-park-min-315x315.jpg 315w\" \/>\t\t\t\t\t\t\t\n<h4>\n\t\t\t<a href=\"https:\/\/ejavisa.com\/es\/viza-britanike\/apliko-per-vize-bashkeshortore-ne-mbreterine-e-bashkuar\/\" title=\"Visado familiar en el Reino Unido\" target=\"_self\" rel=\"noopener\">\n\tVisado familiar en el Reino Unido\n\t\t\t<\/a>\n\t<\/h4>\n\n<\/div><!-- .vgblk-rw-wrapper -->","protected":false},"excerpt":{"rendered":"<p>Eja Consulting Reviews P\u00ebrpara se t\u00eb b\u00ebni zgjedhjen tuaj p\u00ebr sh\u00ebrbimet e vizave, merrni pak koh\u00eb p\u00ebr t\u00eb lexuar mendimet e klient\u00ebve tan\u00eb! Tek Eja Consulting Reviews, do t\u00eb gjeni p\u00ebrvoja reale nga ata q\u00eb na kan\u00eb besuar aplikimet e tyre dhe kan\u00eb arritur rezultate t\u00eb suksesshme. Viz\u00eb Turistike n\u00eb MB Viz\u00eb Pune n\u00eb MB&#8230;<\/p>","protected":false},"author":1,"featured_media":988614,"parent":0,"menu_order":0,"comment_status":"closed","ping_status":"closed","template":"","meta":{"footnotes":""},"class_list":["post-988613","page","type-page","status-publish","has-post-thumbnail","hentry"],"_links":{"self":[{"href":"https:\/\/ejavisa.com\/es\/wp-json\/wp\/v2\/pages\/988613","targetHints":{"allow":["GET"]}}],"collection":[{"href":"https:\/\/ejavisa.com\/es\/wp-json\/wp\/v2\/pages"}],"about":[{"href":"https:\/\/ejavisa.com\/es\/wp-json\/wp\/v2\/types\/page"}],"author":[{"embeddable":true,"href":"https:\/\/ejavisa.com\/es\/wp-json\/wp\/v2\/users\/1"}],"replies":[{"embeddable":true,"href":"https:\/\/ejavisa.com\/es\/wp-json\/wp\/v2\/comments?post=988613"}],"version-history":[{"count":2,"href":"https:\/\/ejavisa.com\/es\/wp-json\/wp\/v2\/pages\/988613\/revisions"}],"predecessor-version":[{"id":988616,"href":"https:\/\/ejavisa.com\/es\/wp-json\/wp\/v2\/pages\/988613\/revisions\/988616"}],"wp:featuredmedia":[{"embeddable":true,"href":"https:\/\/ejavisa.com\/es\/wp-json\/wp\/v2\/media\/988614"}],"wp:attachment":[{"href":"https:\/\/ejavisa.com\/es\/wp-json\/wp\/v2\/media?parent=988613"}],"curies":[{"name":"wp","href":"https:\/\/api.w.org\/{rel}","templated":true}]}}