{"id":988271,"date":"2023-04-02T21:20:27","date_gmt":"2023-04-02T21:20:27","guid":{"rendered":"https:\/\/ejavisa.com\/en\/?page_id=988271"},"modified":"2023-04-05T21:58:56","modified_gmt":"2023-04-05T21:58:56","slug":"apliko-per-vize-bashkeshortore-ne-mbreterine-e-bashkuar","status":"publish","type":"page","link":"https:\/\/ejavisa.com\/fr\/viza-britanike\/apliko-per-vize-bashkeshortore-ne-mbreterine-e-bashkuar\/","title":{"rendered":"Viza bashkimi familjar"},"content":{"rendered":"<div class=\"vgblk-rw-wrapper limit-wrapper\">\n<h2>\n\tViz\u00eb bashkimi familjar n\u00eb  MB\n\t<\/h2>\n\t<p>N\u00ebnshtetasit Britanik ose ata t\u00eb pajisur me leje t\u00eb p\u00ebrhershme q\u00ebndrimi n\u00eb Mbret\u00ebrin\u00eb e Bashkuar kan\u00eb t\u00eb drejt\u00eb t\u00eb aplikojn\u00eb p\u00ebr t\u00eb sjell\u00eb partnerin ose bashk\u00ebshortin e tyre n\u00eb MB. Vizat e partnerit jan\u00eb t\u00eb disponueshme p\u00ebr ata t\u00eb martuar me (ose n\u00eb nj\u00eb marr\u00ebdh\u00ebnie me) nj\u00eb shtetas britanik, nj\u00eb shtetas t\u00eb BE-s\u00eb apo edhe nj\u00eb shtetas jo-BE<\/p>\n\t\t\t<a href=\"https:\/\/api.whatsapp.com\/send?phone=355697035626\" target=\"_self\" role=\"button\" rel=\"noopener\">\n\t\t\t\t\t\tNa Kontaktoni\n\t\t\t\t\t<\/a>\n\t<p>K\u00ebto viza referohen zyrtarisht si viz\u00eb &#8220;bashkim familjar me nj\u00eb person me leje q\u00ebndrimi t\u00eb p\u00ebrhershme n\u00eb MB&#8221; dhe kjo e b\u00ebn relativisht t\u00eb leht\u00eb q\u00eb\u00a0 partner\u00ebt ose bashk\u00ebshort\u00ebt e qytetar\u00ebve britanik\u00eb t&#8217;ju bashkohen atyre n\u00eb MB.<\/p>\n<p><b>Kush mund t\u00eb aplikoj\u00eb p\u00ebr nj\u00eb viz\u00eb bashk\u00ebshortore n\u00eb Mbret\u00ebrin\u00eb e Bashkuar?<\/b><\/p>\n<p>Ju mund t\u00eb aplikoni p\u00ebr k\u00ebt\u00eb viz\u00eb n\u00ebse jeni i martuar me nj\u00eb shtetas britanik ose nj\u00eb person q\u00eb ka t\u00eb drejt\u00eb t\u00eb jetoj\u00eb dhe t\u00eb punoj\u00eb ose q\u00eb ka statusin e vendbanimit n\u00eb MB (d.m.th. nj\u00eb person q\u00eb ka nj\u00eb viz\u00eb t\u00eb vlefshme, Leje t\u00eb p\u00ebrhershme q\u00ebndrimi (ILR).<\/p>\n<p><b>Punoni n\u00eb Mbret\u00ebrin\u00eb e Bashkuar pa kufizime.<\/b><\/p>\n<p>Viza p\u00ebr tu bashkuar me\u00a0 partnerin ose bashk\u00ebshortin, ju lejohen t\u00eb jetoni dhe t\u00eb punoni n\u00eb MB p\u00ebr nj\u00eb periudh\u00eb dyvje\u00e7are e gjysm\u00eb fillimisht, dhe gjithashtu mund t\u00eb dilni dhe t\u00eb hyni p\u00ebrs\u00ebri n\u00eb vend disa her\u00eb. N\u00eb fund t\u00eb dy viteve e gjysm\u00eb, ju mund t\u00eb aplikoni p\u00ebr t\u00eb zgjatur q\u00ebndrimin tuaj n\u00eb MB p\u00ebr dy vjet e gjysm\u00eb t\u00eb tjera.\u00a0<\/p>\n<p>Pasi t\u00eb keni jetuar n\u00eb Mbret\u00ebrin\u00eb e Bashkuar p\u00ebr nj\u00eb total prej pes\u00eb vjet\u00ebsh, mund t\u00eb keni t\u00eb drejt\u00eb t\u00eb aplikoni p\u00ebr Leje t\u00eb P\u00ebrhershme Q\u00ebndrimi.\u00a0<\/p>\n\t\t\t\t\t\t\t<img decoding=\"async\" loading=\"lazy\" width=\"2560\" height=\"2560\" src=\"https:\/\/ejavisa.com\/en\/wp-content\/uploads\/2023\/04\/portrait-young-woman-taking-pictures-holiday-min-scaled.jpg\" alt=\"portrait-young-woman-taking-pictures-holiday-min\" itemprop=\"image\" title=\"portrait-young-woman-taking-pictures-holiday-min\" onerror=\"this.style.display='none'\"  sizes=\"auto, (max-width: 768px) 100vw, 100vw\" srcset=\"https:\/\/ejavisa.com\/wp-content\/uploads\/2023\/04\/portrait-young-woman-taking-pictures-holiday-min-scaled.jpg 2560w, https:\/\/ejavisa.com\/wp-content\/uploads\/2023\/04\/portrait-young-woman-taking-pictures-holiday-min-300x300.jpg 300w, https:\/\/ejavisa.com\/wp-content\/uploads\/2023\/04\/portrait-young-woman-taking-pictures-holiday-min-1024x1024.jpg 1024w, https:\/\/ejavisa.com\/wp-content\/uploads\/2023\/04\/portrait-young-woman-taking-pictures-holiday-min-150x150.jpg 150w, https:\/\/ejavisa.com\/wp-content\/uploads\/2023\/04\/portrait-young-woman-taking-pictures-holiday-min-768x768.jpg 768w, https:\/\/ejavisa.com\/wp-content\/uploads\/2023\/04\/portrait-young-woman-taking-pictures-holiday-min-1536x1536.jpg 1536w, https:\/\/ejavisa.com\/wp-content\/uploads\/2023\/04\/portrait-young-woman-taking-pictures-holiday-min-2048x2048.jpg 2048w, https:\/\/ejavisa.com\/wp-content\/uploads\/2023\/04\/portrait-young-woman-taking-pictures-holiday-min-1260x1260.jpg 1260w, https:\/\/ejavisa.com\/wp-content\/uploads\/2023\/04\/portrait-young-woman-taking-pictures-holiday-min-630x630.jpg 630w, https:\/\/ejavisa.com\/wp-content\/uploads\/2023\/04\/portrait-young-woman-taking-pictures-holiday-min-420x420.jpg 420w, https:\/\/ejavisa.com\/wp-content\/uploads\/2023\/04\/portrait-young-woman-taking-pictures-holiday-min-840x840.jpg 840w, https:\/\/ejavisa.com\/wp-content\/uploads\/2023\/04\/portrait-young-woman-taking-pictures-holiday-min-315x315.jpg 315w\" \/>\t\t\t\t\t\t\t\n<h4>\n\t\t\t<a href=\"https:\/\/ejavisa.com\/fr\/viza-britanike\/viza-standarde-vizitori\/\" title=\"Visa touristique pour le Royaume-Uni\" target=\"_self\" rel=\"noopener\">\n\tVisa touristique pour le Royaume-Uni\n\t\t\t<\/a>\n\t<\/h4>\n\t\t\t\t\t\t\t<img decoding=\"async\" loading=\"lazy\" width=\"2560\" height=\"2560\" src=\"https:\/\/ejavisa.com\/en\/wp-content\/uploads\/2023\/04\/young-employee-sitting-office-desk-min-scaled.jpg\" alt=\"young-employee-sitting-office-desk-min\" itemprop=\"image\" title=\"young-employee-sitting-office-desk-min\" onerror=\"this.style.display='none'\"  sizes=\"auto, (max-width: 768px) 100vw, 100vw\" srcset=\"https:\/\/ejavisa.com\/wp-content\/uploads\/2023\/04\/young-employee-sitting-office-desk-min-scaled.jpg 2560w, https:\/\/ejavisa.com\/wp-content\/uploads\/2023\/04\/young-employee-sitting-office-desk-min-300x300.jpg 300w, https:\/\/ejavisa.com\/wp-content\/uploads\/2023\/04\/young-employee-sitting-office-desk-min-1024x1024.jpg 1024w, https:\/\/ejavisa.com\/wp-content\/uploads\/2023\/04\/young-employee-sitting-office-desk-min-150x150.jpg 150w, https:\/\/ejavisa.com\/wp-content\/uploads\/2023\/04\/young-employee-sitting-office-desk-min-768x768.jpg 768w, https:\/\/ejavisa.com\/wp-content\/uploads\/2023\/04\/young-employee-sitting-office-desk-min-1536x1536.jpg 1536w, https:\/\/ejavisa.com\/wp-content\/uploads\/2023\/04\/young-employee-sitting-office-desk-min-2048x2048.jpg 2048w, https:\/\/ejavisa.com\/wp-content\/uploads\/2023\/04\/young-employee-sitting-office-desk-min-1260x1260.jpg 1260w, https:\/\/ejavisa.com\/wp-content\/uploads\/2023\/04\/young-employee-sitting-office-desk-min-630x630.jpg 630w, https:\/\/ejavisa.com\/wp-content\/uploads\/2023\/04\/young-employee-sitting-office-desk-min-420x420.jpg 420w, https:\/\/ejavisa.com\/wp-content\/uploads\/2023\/04\/young-employee-sitting-office-desk-min-840x840.jpg 840w, https:\/\/ejavisa.com\/wp-content\/uploads\/2023\/04\/young-employee-sitting-office-desk-min-315x315.jpg 315w\" \/>\t\t\t\t\t\t\t\n<h4>\n\t\t\t<a href=\"https:\/\/ejavisa.com\/fr\/viza-britanike\/vize-pune-ne-mbreterine-e-bashkuar\/\" title=\"Visa de travail au Royaume-Uni\" target=\"_self\" rel=\"noopener\">\n\tVisa de travail au Royaume-Uni\n\t\t\t<\/a>\n\t<\/h4>\n\t\t\t\t\t\t\t<img decoding=\"async\" loading=\"lazy\" width=\"2560\" height=\"2560\" src=\"https:\/\/ejavisa.com\/en\/wp-content\/uploads\/2023\/04\/back-school-concept-with-woman-studying-library-min-1-scaled.jpg\" alt=\"Concept de retour \u00e0 l&#039;\u00e9cole avec une femme \u00e9tudiant \u00e0 la biblioth\u00e8que (1)\" itemprop=\"image\" title=\"Concept de retour \u00e0 l&#039;\u00e9cole avec une femme \u00e9tudiant \u00e0 la biblioth\u00e8que (1)\" onerror=\"this.style.display='none'\"  sizes=\"auto, (max-width: 768px) 100vw, 100vw\" srcset=\"https:\/\/ejavisa.com\/wp-content\/uploads\/2023\/04\/back-school-concept-with-woman-studying-library-min-1-scaled.jpg 2560w, https:\/\/ejavisa.com\/wp-content\/uploads\/2023\/04\/back-school-concept-with-woman-studying-library-min-1-300x300.jpg 300w, https:\/\/ejavisa.com\/wp-content\/uploads\/2023\/04\/back-school-concept-with-woman-studying-library-min-1-1024x1024.jpg 1024w, https:\/\/ejavisa.com\/wp-content\/uploads\/2023\/04\/back-school-concept-with-woman-studying-library-min-1-150x150.jpg 150w, https:\/\/ejavisa.com\/wp-content\/uploads\/2023\/04\/back-school-concept-with-woman-studying-library-min-1-768x768.jpg 768w, https:\/\/ejavisa.com\/wp-content\/uploads\/2023\/04\/back-school-concept-with-woman-studying-library-min-1-1536x1536.jpg 1536w, https:\/\/ejavisa.com\/wp-content\/uploads\/2023\/04\/back-school-concept-with-woman-studying-library-min-1-2048x2048.jpg 2048w, https:\/\/ejavisa.com\/wp-content\/uploads\/2023\/04\/back-school-concept-with-woman-studying-library-min-1-1260x1260.jpg 1260w, https:\/\/ejavisa.com\/wp-content\/uploads\/2023\/04\/back-school-concept-with-woman-studying-library-min-1-630x630.jpg 630w, https:\/\/ejavisa.com\/wp-content\/uploads\/2023\/04\/back-school-concept-with-woman-studying-library-min-1-420x420.jpg 420w, https:\/\/ejavisa.com\/wp-content\/uploads\/2023\/04\/back-school-concept-with-woman-studying-library-min-1-840x840.jpg 840w, https:\/\/ejavisa.com\/wp-content\/uploads\/2023\/04\/back-school-concept-with-woman-studying-library-min-1-315x315.jpg 315w\" \/>\t\t\t\t\t\t\t\n<h4>\n\t\t\t<a href=\"https:\/\/ejavisa.com\/fr\/viza-britanike\/studio-ne-mbreterine-e-bashkuar\/\" title=\"Visa d&#039;\u00e9tudes pour le Royaume-Uni\" target=\"_self\" rel=\"noopener\">\n\tVisa d'\u00e9tudes pour le Royaume-Uni\n\t\t\t<\/a>\n\t<\/h4>\n\t\t\t\t\t\t\t<img decoding=\"async\" loading=\"lazy\" width=\"300\" height=\"300\" src=\"https:\/\/ejavisa.com\/en\/wp-content\/uploads\/2023\/04\/parents-with-daughter-lying-autumn-leaves-park-min-300x300.jpg\" alt=\"parents-avec-leur-fille-allong\u00e9e-parmi-les-feuilles-d&#039;automne-dans-un-petit-parc\" itemprop=\"image\" title=\"parents-avec-leur-fille-allong\u00e9e-parmi-les-feuilles-d&#039;automne-dans-un-petit-parc\" onerror=\"this.style.display='none'\"  sizes=\"auto, (max-width: 768px) 100vw, 100vw\" srcset=\"https:\/\/ejavisa.com\/wp-content\/uploads\/2023\/04\/parents-with-daughter-lying-autumn-leaves-park-min-300x300.jpg 300w, https:\/\/ejavisa.com\/wp-content\/uploads\/2023\/04\/parents-with-daughter-lying-autumn-leaves-park-min-1024x1024.jpg 1024w, https:\/\/ejavisa.com\/wp-content\/uploads\/2023\/04\/parents-with-daughter-lying-autumn-leaves-park-min-150x150.jpg 150w, https:\/\/ejavisa.com\/wp-content\/uploads\/2023\/04\/parents-with-daughter-lying-autumn-leaves-park-min-768x768.jpg 768w, https:\/\/ejavisa.com\/wp-content\/uploads\/2023\/04\/parents-with-daughter-lying-autumn-leaves-park-min-1536x1536.jpg 1536w, https:\/\/ejavisa.com\/wp-content\/uploads\/2023\/04\/parents-with-daughter-lying-autumn-leaves-park-min-2048x2048.jpg 2048w, https:\/\/ejavisa.com\/wp-content\/uploads\/2023\/04\/parents-with-daughter-lying-autumn-leaves-park-min-1260x1260.jpg 1260w, https:\/\/ejavisa.com\/wp-content\/uploads\/2023\/04\/parents-with-daughter-lying-autumn-leaves-park-min-630x630.jpg 630w, https:\/\/ejavisa.com\/wp-content\/uploads\/2023\/04\/parents-with-daughter-lying-autumn-leaves-park-min-420x420.jpg 420w, https:\/\/ejavisa.com\/wp-content\/uploads\/2023\/04\/parents-with-daughter-lying-autumn-leaves-park-min-840x840.jpg 840w, https:\/\/ejavisa.com\/wp-content\/uploads\/2023\/04\/parents-with-daughter-lying-autumn-leaves-park-min-315x315.jpg 315w\" \/>\t\t\t\t\t\t\t\n<h4>\n\t\t\t<a href=\"https:\/\/ejavisa.com\/fr\/viza-britanike\/apliko-per-vize-bashkeshortore-ne-mbreterine-e-bashkuar\/\" title=\"Visa familial au Royaume-Uni\" target=\"_self\" rel=\"noopener\">\n\tVisa familial au Royaume-Uni\n\t\t\t<\/a>\n\t<\/h4>\n\t<section id=\"Content_C016_Col00\" data-sf-element=\"content-narrow\" data-placeholder-label=\"Content Narrow\">\n<section id=\"Content_C016_Col00\" data-sf-element=\"content-narrow\" data-placeholder-label=\"Content Narrow\">\n<p>Ju gjithashtu mund t\u00eb aplikoni p\u00ebr viz\u00eb (bashk\u00ebshort ose partner) n\u00eb ndonj\u00eb nga rrethanat e m\u00ebposhtme:<\/p>\n<ul>\n<li aria-level=\"1\">N\u00ebse jeni i martuar ose n\u00eb nj\u00eb lidhje afatgjat\u00eb me dik\u00eb n\u00eb MB i cili\/e cila \u00ebsht\u00eb pajisur me viz\u00eb studimi\u00a0<\/li>\n<li aria-level=\"1\">N\u00ebse jeni i martuar ose n\u00eb nj\u00eb lidhje afatgjat\u00eb me dik\u00eb q\u00eb ka nj\u00eb leje pune t\u00eb kualifikuar n\u00eb MB<\/li>\n<li aria-level=\"1\">N\u00ebse jeni i martuar ose n\u00eb nj\u00eb marr\u00ebdh\u00ebnie afatgjat\u00eb me dik\u00eb q\u00eb ka viz\u00eb biznesi apo investitori (me leje q\u00ebndrim n\u00eb MB)<\/li>\n<\/ul>\n<p><b>Kriteret e p\u00ebrgjithshme t\u00eb viz\u00ebs bashk\u00ebshortore:<\/b><\/p>\n<ul>\n<li>T\u00eb jeni t\u00eb martuar ose t\u00eb jeni n\u00eb gjendje t\u00eb tregoni se keni bashk\u00ebjetuar me nj\u00eb person t\u00eb kualifikuar p\u00ebr dy vjet.\u00a0<\/li>\n<li>T\u00eb plot\u00ebsoni pragun minimal t\u00eb t\u00eb ardhurave prej 18,600 \u00a3 n\u00eb vit ose kursimet n\u00eb para prej 62,500 \u00a3.<\/li>\n<li>N\u00ebse synoni t\u00eb martoheni brenda gjasht\u00eb muajve.<\/li>\n<\/ul>\n<\/section>\n<\/section>\n\n<\/div><!-- .vgblk-rw-wrapper -->","protected":false},"excerpt":{"rendered":"<p>Viz\u00eb bashkimi familjar n\u00eb MB N\u00ebnshtetasit Britanik ose ata t\u00eb pajisur me leje t\u00eb p\u00ebrhershme q\u00ebndrimi n\u00eb Mbret\u00ebrin\u00eb e Bashkuar kan\u00eb t\u00eb drejt\u00eb t\u00eb aplikojn\u00eb p\u00ebr t\u00eb sjell\u00eb partnerin ose bashk\u00ebshortin e tyre n\u00eb MB. Vizat e partnerit jan\u00eb t\u00eb disponueshme p\u00ebr ata t\u00eb martuar me (ose n\u00eb nj\u00eb marr\u00ebdh\u00ebnie me) nj\u00eb shtetas britanik, nj\u00eb&#8230;<\/p>","protected":false},"author":1,"featured_media":0,"parent":988342,"menu_order":0,"comment_status":"closed","ping_status":"closed","template":"","meta":{"footnotes":""},"class_list":["post-988271","page","type-page","status-publish","hentry"],"_links":{"self":[{"href":"https:\/\/ejavisa.com\/fr\/wp-json\/wp\/v2\/pages\/988271","targetHints":{"allow":["GET"]}}],"collection":[{"href":"https:\/\/ejavisa.com\/fr\/wp-json\/wp\/v2\/pages"}],"about":[{"href":"https:\/\/ejavisa.com\/fr\/wp-json\/wp\/v2\/types\/page"}],"author":[{"embeddable":true,"href":"https:\/\/ejavisa.com\/fr\/wp-json\/wp\/v2\/users\/1"}],"replies":[{"embeddable":true,"href":"https:\/\/ejavisa.com\/fr\/wp-json\/wp\/v2\/comments?post=988271"}],"version-history":[{"count":17,"href":"https:\/\/ejavisa.com\/fr\/wp-json\/wp\/v2\/pages\/988271\/revisions"}],"predecessor-version":[{"id":988498,"href":"https:\/\/ejavisa.com\/fr\/wp-json\/wp\/v2\/pages\/988271\/revisions\/988498"}],"up":[{"embeddable":true,"href":"https:\/\/ejavisa.com\/fr\/wp-json\/wp\/v2\/pages\/988342"}],"wp:attachment":[{"href":"https:\/\/ejavisa.com\/fr\/wp-json\/wp\/v2\/media?parent=988271"}],"curies":[{"name":"wp","href":"https:\/\/api.w.org\/{rel}","templated":true}]}}