{"id":988328,"date":"2023-04-04T23:03:10","date_gmt":"2023-04-04T23:03:10","guid":{"rendered":"https:\/\/ejavisa.com\/en\/?page_id=988328"},"modified":"2024-11-14T12:37:20","modified_gmt":"2024-11-14T12:37:20","slug":"viza-udhetimi-ne-shba","status":"publish","type":"page","link":"https:\/\/ejavisa.com\/fr\/viza-udhetimi-ne-shba\/","title":{"rendered":"Apliko p\u00ebr Viz\u00eb Amerikane"},"content":{"rendered":"<div class=\"vgblk-rw-wrapper limit-wrapper\">\n<h2>\n\tApliko p\u00ebr Viz\u00eb Amerikane\n\t<\/h2>\n\t<p>Apliko p\u00ebr Viz\u00eb Amerikane. Viza Vizitor\u00ebve B1\/B2 \u00ebsht\u00eb e disponueshme p\u00ebr vizitor\u00ebt q\u00eb k\u00ebrkojn\u00eb hyrje afatshkurt\u00ebr n\u00eb SHBA p\u00ebr ta vizituar p\u00ebr arsye turistike, vizit\u00eb familjare apo pune.<\/p>\n\t\t\t<a href=\"https:\/\/api.whatsapp.com\/send?phone=355697035626\" target=\"_self\" role=\"button\" rel=\"noopener\">\n\t\t\t\t\t\tNa Kontaktoni\n\t\t\t\t\t<\/a>\n\t<p>Aplikant\u00ebt p\u00ebr viz\u00eb Amerikane duhet t\u00eb tregojn\u00eb se kualifikohen sipas dispozitave t\u00eb Aktit t\u00eb Emigracionit dhe Komb\u00ebsis\u00eb. Prezumimi n\u00eb ligj \u00ebsht\u00eb se \u00e7do aplikant p\u00ebr viz\u00eb vizitori \u00ebsht\u00eb nj\u00eb emigrant potencial.<\/p>\n<p><strong>Prandaj, aplikant\u00ebt p\u00ebr viz\u00eb vizitori duhet ta kap\u00ebrcejn\u00eb k\u00ebt\u00eb supozim duke demonstruar se:<\/strong><\/p>\n<ul>\n<li>Q\u00ebllimi i udh\u00ebtimit t\u00eb tyre \u00ebsht\u00eb t\u00eb hyjn\u00eb n\u00eb SHBA p\u00ebr biznes, k\u00ebnaq\u00ebsi ose trajtim mjek\u00ebsor<\/li>\n<li>Q\u00eb ata planifikojn\u00eb t\u00eb q\u00ebndrojn\u00eb p\u00ebr nj\u00eb periudh\u00eb t\u00eb caktuar, t\u00eb kufizuar<\/li>\n<li>Q\u00eb ata t\u00eb ken\u00eb nj\u00eb vendbanim jasht\u00eb SHBA-s\u00eb si dhe lidhje t\u00eb tjera detyruese q\u00eb do t\u00eb sigurojn\u00eb kthimin e tyre jasht\u00eb vendit n\u00eb fund t\u00eb vizit\u00ebs<\/li>\n<\/ul>\n\t\n\t\t\t\t\t\t\t<img decoding=\"async\" loading=\"lazy\" width=\"2560\" height=\"2560\" src=\"https:\/\/ejavisa.com\/en\/wp-content\/uploads\/2023\/04\/portrait-young-woman-taking-pictures-holiday-min-scaled.jpg\" alt=\"portrait-young-woman-taking-pictures-holiday-min\" itemprop=\"image\" title=\"portrait-young-woman-taking-pictures-holiday-min\" onerror=\"this.style.display='none'\"  sizes=\"auto, (max-width: 768px) 100vw, 100vw\" srcset=\"https:\/\/ejavisa.com\/wp-content\/uploads\/2023\/04\/portrait-young-woman-taking-pictures-holiday-min-scaled.jpg 2560w, https:\/\/ejavisa.com\/wp-content\/uploads\/2023\/04\/portrait-young-woman-taking-pictures-holiday-min-300x300.jpg 300w, https:\/\/ejavisa.com\/wp-content\/uploads\/2023\/04\/portrait-young-woman-taking-pictures-holiday-min-1024x1024.jpg 1024w, https:\/\/ejavisa.com\/wp-content\/uploads\/2023\/04\/portrait-young-woman-taking-pictures-holiday-min-150x150.jpg 150w, https:\/\/ejavisa.com\/wp-content\/uploads\/2023\/04\/portrait-young-woman-taking-pictures-holiday-min-768x768.jpg 768w, https:\/\/ejavisa.com\/wp-content\/uploads\/2023\/04\/portrait-young-woman-taking-pictures-holiday-min-1536x1536.jpg 1536w, https:\/\/ejavisa.com\/wp-content\/uploads\/2023\/04\/portrait-young-woman-taking-pictures-holiday-min-2048x2048.jpg 2048w, https:\/\/ejavisa.com\/wp-content\/uploads\/2023\/04\/portrait-young-woman-taking-pictures-holiday-min-1260x1260.jpg 1260w, https:\/\/ejavisa.com\/wp-content\/uploads\/2023\/04\/portrait-young-woman-taking-pictures-holiday-min-630x630.jpg 630w, https:\/\/ejavisa.com\/wp-content\/uploads\/2023\/04\/portrait-young-woman-taking-pictures-holiday-min-420x420.jpg 420w, https:\/\/ejavisa.com\/wp-content\/uploads\/2023\/04\/portrait-young-woman-taking-pictures-holiday-min-840x840.jpg 840w, https:\/\/ejavisa.com\/wp-content\/uploads\/2023\/04\/portrait-young-woman-taking-pictures-holiday-min-315x315.jpg 315w\" \/>\t\t\t\t\t\t\t\n<h4>\n\t\t\t<a href=\"https:\/\/ejavisa.com\/fr\/viza-britanike\/viza-standarde-vizitori\/\" title=\"Visa touristique pour le Royaume-Uni\" target=\"_self\" rel=\"noopener\">\n\tVisa touristique pour le Royaume-Uni\n\t\t\t<\/a>\n\t<\/h4>\n\t\t\t\t\t\t\t<img decoding=\"async\" loading=\"lazy\" width=\"2560\" height=\"2560\" src=\"https:\/\/ejavisa.com\/en\/wp-content\/uploads\/2023\/04\/young-employee-sitting-office-desk-min-scaled.jpg\" alt=\"young-employee-sitting-office-desk-min\" itemprop=\"image\" title=\"young-employee-sitting-office-desk-min\" onerror=\"this.style.display='none'\"  sizes=\"auto, (max-width: 768px) 100vw, 100vw\" srcset=\"https:\/\/ejavisa.com\/wp-content\/uploads\/2023\/04\/young-employee-sitting-office-desk-min-scaled.jpg 2560w, https:\/\/ejavisa.com\/wp-content\/uploads\/2023\/04\/young-employee-sitting-office-desk-min-300x300.jpg 300w, https:\/\/ejavisa.com\/wp-content\/uploads\/2023\/04\/young-employee-sitting-office-desk-min-1024x1024.jpg 1024w, https:\/\/ejavisa.com\/wp-content\/uploads\/2023\/04\/young-employee-sitting-office-desk-min-150x150.jpg 150w, https:\/\/ejavisa.com\/wp-content\/uploads\/2023\/04\/young-employee-sitting-office-desk-min-768x768.jpg 768w, https:\/\/ejavisa.com\/wp-content\/uploads\/2023\/04\/young-employee-sitting-office-desk-min-1536x1536.jpg 1536w, https:\/\/ejavisa.com\/wp-content\/uploads\/2023\/04\/young-employee-sitting-office-desk-min-2048x2048.jpg 2048w, https:\/\/ejavisa.com\/wp-content\/uploads\/2023\/04\/young-employee-sitting-office-desk-min-1260x1260.jpg 1260w, https:\/\/ejavisa.com\/wp-content\/uploads\/2023\/04\/young-employee-sitting-office-desk-min-630x630.jpg 630w, https:\/\/ejavisa.com\/wp-content\/uploads\/2023\/04\/young-employee-sitting-office-desk-min-420x420.jpg 420w, https:\/\/ejavisa.com\/wp-content\/uploads\/2023\/04\/young-employee-sitting-office-desk-min-840x840.jpg 840w, https:\/\/ejavisa.com\/wp-content\/uploads\/2023\/04\/young-employee-sitting-office-desk-min-315x315.jpg 315w\" \/>\t\t\t\t\t\t\t\n<h4>\n\t\t\t<a href=\"https:\/\/ejavisa.com\/fr\/viza-britanike\/vize-pune-ne-mbreterine-e-bashkuar\/\" title=\"Visa de travail au Royaume-Uni\" target=\"_self\" rel=\"noopener\">\n\tVisa de travail au Royaume-Uni\n\t\t\t<\/a>\n\t<\/h4>\n\t\t\t\t\t\t\t<img decoding=\"async\" loading=\"lazy\" width=\"2560\" height=\"2560\" src=\"https:\/\/ejavisa.com\/en\/wp-content\/uploads\/2023\/04\/back-school-concept-with-woman-studying-library-min-1-scaled.jpg\" alt=\"Concept de retour \u00e0 l&#039;\u00e9cole avec une femme \u00e9tudiant \u00e0 la biblioth\u00e8que (1)\" itemprop=\"image\" title=\"Concept de retour \u00e0 l&#039;\u00e9cole avec une femme \u00e9tudiant \u00e0 la biblioth\u00e8que (1)\" onerror=\"this.style.display='none'\"  sizes=\"auto, (max-width: 768px) 100vw, 100vw\" srcset=\"https:\/\/ejavisa.com\/wp-content\/uploads\/2023\/04\/back-school-concept-with-woman-studying-library-min-1-scaled.jpg 2560w, https:\/\/ejavisa.com\/wp-content\/uploads\/2023\/04\/back-school-concept-with-woman-studying-library-min-1-300x300.jpg 300w, https:\/\/ejavisa.com\/wp-content\/uploads\/2023\/04\/back-school-concept-with-woman-studying-library-min-1-1024x1024.jpg 1024w, https:\/\/ejavisa.com\/wp-content\/uploads\/2023\/04\/back-school-concept-with-woman-studying-library-min-1-150x150.jpg 150w, https:\/\/ejavisa.com\/wp-content\/uploads\/2023\/04\/back-school-concept-with-woman-studying-library-min-1-768x768.jpg 768w, https:\/\/ejavisa.com\/wp-content\/uploads\/2023\/04\/back-school-concept-with-woman-studying-library-min-1-1536x1536.jpg 1536w, https:\/\/ejavisa.com\/wp-content\/uploads\/2023\/04\/back-school-concept-with-woman-studying-library-min-1-2048x2048.jpg 2048w, https:\/\/ejavisa.com\/wp-content\/uploads\/2023\/04\/back-school-concept-with-woman-studying-library-min-1-1260x1260.jpg 1260w, https:\/\/ejavisa.com\/wp-content\/uploads\/2023\/04\/back-school-concept-with-woman-studying-library-min-1-630x630.jpg 630w, https:\/\/ejavisa.com\/wp-content\/uploads\/2023\/04\/back-school-concept-with-woman-studying-library-min-1-420x420.jpg 420w, https:\/\/ejavisa.com\/wp-content\/uploads\/2023\/04\/back-school-concept-with-woman-studying-library-min-1-840x840.jpg 840w, https:\/\/ejavisa.com\/wp-content\/uploads\/2023\/04\/back-school-concept-with-woman-studying-library-min-1-315x315.jpg 315w\" \/>\t\t\t\t\t\t\t\n<h4>\n\t\t\t<a href=\"https:\/\/ejavisa.com\/fr\/viza-britanike\/studio-ne-mbreterine-e-bashkuar\/\" title=\"Visa d&#039;\u00e9tudes pour le Royaume-Uni\" target=\"_self\" rel=\"noopener\">\n\tVisa d'\u00e9tudes pour le Royaume-Uni\n\t\t\t<\/a>\n\t<\/h4>\n\t\t\t\t\t\t\t<img decoding=\"async\" loading=\"lazy\" width=\"300\" height=\"300\" src=\"https:\/\/ejavisa.com\/en\/wp-content\/uploads\/2023\/04\/parents-with-daughter-lying-autumn-leaves-park-min-300x300.jpg\" alt=\"parents-avec-leur-fille-allong\u00e9e-parmi-les-feuilles-d&#039;automne-dans-un-petit-parc\" itemprop=\"image\" title=\"parents-avec-leur-fille-allong\u00e9e-parmi-les-feuilles-d&#039;automne-dans-un-petit-parc\" onerror=\"this.style.display='none'\"  sizes=\"auto, (max-width: 768px) 100vw, 100vw\" srcset=\"https:\/\/ejavisa.com\/wp-content\/uploads\/2023\/04\/parents-with-daughter-lying-autumn-leaves-park-min-300x300.jpg 300w, https:\/\/ejavisa.com\/wp-content\/uploads\/2023\/04\/parents-with-daughter-lying-autumn-leaves-park-min-1024x1024.jpg 1024w, https:\/\/ejavisa.com\/wp-content\/uploads\/2023\/04\/parents-with-daughter-lying-autumn-leaves-park-min-150x150.jpg 150w, https:\/\/ejavisa.com\/wp-content\/uploads\/2023\/04\/parents-with-daughter-lying-autumn-leaves-park-min-768x768.jpg 768w, https:\/\/ejavisa.com\/wp-content\/uploads\/2023\/04\/parents-with-daughter-lying-autumn-leaves-park-min-1536x1536.jpg 1536w, https:\/\/ejavisa.com\/wp-content\/uploads\/2023\/04\/parents-with-daughter-lying-autumn-leaves-park-min-2048x2048.jpg 2048w, https:\/\/ejavisa.com\/wp-content\/uploads\/2023\/04\/parents-with-daughter-lying-autumn-leaves-park-min-1260x1260.jpg 1260w, https:\/\/ejavisa.com\/wp-content\/uploads\/2023\/04\/parents-with-daughter-lying-autumn-leaves-park-min-630x630.jpg 630w, https:\/\/ejavisa.com\/wp-content\/uploads\/2023\/04\/parents-with-daughter-lying-autumn-leaves-park-min-420x420.jpg 420w, https:\/\/ejavisa.com\/wp-content\/uploads\/2023\/04\/parents-with-daughter-lying-autumn-leaves-park-min-840x840.jpg 840w, https:\/\/ejavisa.com\/wp-content\/uploads\/2023\/04\/parents-with-daughter-lying-autumn-leaves-park-min-315x315.jpg 315w\" \/>\t\t\t\t\t\t\t\n<h4>\n\t\t\t<a href=\"https:\/\/ejavisa.com\/fr\/viza-britanike\/apliko-per-vize-bashkeshortore-ne-mbreterine-e-bashkuar\/\" title=\"Visa familial au Royaume-Uni\" target=\"_self\" rel=\"noopener\">\n\tVisa familial au Royaume-Uni\n\t\t\t<\/a>\n\t<\/h4>\n\t<p><strong>Nevojat e aplikantit:<\/strong><\/p>\n<ul>\n<li>Formulari i plot\u00ebsuar i aplikimit p\u00ebr viz\u00eb jo-emigruese DS-160. (T\u00eb ndara p\u00ebr \u00e7do vizitor)<\/li>\n<li>Formulari i plot\u00ebsuar DS-160, p\u00ebr t\u00eb gjith\u00eb aplikant\u00ebt meshkuj p\u00ebr viz\u00eb jo-emigruese nga mosha 16 deri n\u00eb 45 vje\u00e7.<\/li>\n<li>\u00c7do aplikant, duke p\u00ebrfshir\u00eb f\u00ebmij\u00ebt e \u00e7do moshe, duhet t\u00eb ket\u00eb nj\u00eb pasaport\u00eb individuale t\u00eb vlefshme p\u00ebr udh\u00ebtim n\u00eb Shtetet e Bashkuara me nj\u00eb dat\u00eb vlefshm\u00ebrie t\u00eb pakt\u00ebn gjasht\u00eb muaj p\u00ebrtej periudh\u00ebs s\u00eb synuar t\u00eb q\u00ebndrimit.<\/li>\n<li>Dy fotografi 2&#215;2 p\u00ebr \u00e7do aplikant, q\u00eb tregojn\u00eb fytyr\u00ebn e plot\u00eb, p\u00ebr t&#8217;u p\u00ebrdorur n\u00eb formularin e aplikimit.<\/li>\n<\/ul>\n\n<\/div><!-- .vgblk-rw-wrapper -->","protected":false},"excerpt":{"rendered":"<p>Apliko p\u00ebr Viz\u00eb Amerikane Apliko p\u00ebr Viz\u00eb Amerikane. Viza Vizitor\u00ebve B1\/B2 \u00ebsht\u00eb e disponueshme p\u00ebr vizitor\u00ebt q\u00eb k\u00ebrkojn\u00eb hyrje afatshkurt\u00ebr n\u00eb SHBA p\u00ebr ta vizituar p\u00ebr arsye turistike, vizit\u00eb familjare apo pune. Na Kontaktoni Aplikant\u00ebt p\u00ebr viz\u00eb Amerikane duhet t\u00eb tregojn\u00eb se kualifikohen sipas dispozitave t\u00eb Aktit t\u00eb Emigracionit dhe Komb\u00ebsis\u00eb. Prezumimi n\u00eb ligj \u00ebsht\u00eb&#8230;<\/p>","protected":false},"author":1,"featured_media":988608,"parent":0,"menu_order":0,"comment_status":"closed","ping_status":"closed","template":"","meta":{"footnotes":""},"class_list":["post-988328","page","type-page","status-publish","has-post-thumbnail","hentry"],"_links":{"self":[{"href":"https:\/\/ejavisa.com\/fr\/wp-json\/wp\/v2\/pages\/988328","targetHints":{"allow":["GET"]}}],"collection":[{"href":"https:\/\/ejavisa.com\/fr\/wp-json\/wp\/v2\/pages"}],"about":[{"href":"https:\/\/ejavisa.com\/fr\/wp-json\/wp\/v2\/types\/page"}],"author":[{"embeddable":true,"href":"https:\/\/ejavisa.com\/fr\/wp-json\/wp\/v2\/users\/1"}],"replies":[{"embeddable":true,"href":"https:\/\/ejavisa.com\/fr\/wp-json\/wp\/v2\/comments?post=988328"}],"version-history":[{"count":15,"href":"https:\/\/ejavisa.com\/fr\/wp-json\/wp\/v2\/pages\/988328\/revisions"}],"predecessor-version":[{"id":988611,"href":"https:\/\/ejavisa.com\/fr\/wp-json\/wp\/v2\/pages\/988328\/revisions\/988611"}],"wp:featuredmedia":[{"embeddable":true,"href":"https:\/\/ejavisa.com\/fr\/wp-json\/wp\/v2\/media\/988608"}],"wp:attachment":[{"href":"https:\/\/ejavisa.com\/fr\/wp-json\/wp\/v2\/media?parent=988328"}],"curies":[{"name":"wp","href":"https:\/\/api.w.org\/{rel}","templated":true}]}}