{"id":988233,"date":"2023-04-02T15:43:30","date_gmt":"2023-04-02T15:43:30","guid":{"rendered":"https:\/\/ejavisa.com\/en\/?page_id=988233"},"modified":"2025-07-03T06:07:03","modified_gmt":"2025-07-03T06:07:03","slug":"visto-turistico-standard","status":"publish","type":"page","link":"https:\/\/ejavisa.com\/it\/viza-britanike\/viza-standarde-vizitori\/","title":{"rendered":"Visto turistico standard"},"content":{"rendered":"<div class=\"vgblk-rw-wrapper limit-wrapper\">\n<h1>\n\tRichiedi un visto turistico per il Regno Unito. \n\t<\/h1>\n\t<p>Aplikoni p\u00ebr viz\u00eb vizitori n\u00eb Mbret\u00ebrin\u00eb e Bashkuar. Viza standarte e vizitorit ju lejon t\u00eb hyni n\u00eb MB p\u00ebr nj\u00eb periudh\u00eb t\u00eb kufizuar kohore. Ne gjithashtu mund t&#8217;ju ndihmojm\u00eb t\u00eb aplikoni p\u00ebr nj\u00eb viz\u00eb biznesi e cila do t&#8217;ju lejoj\u00eb t\u00eb vizitoni MB n\u00ebse d\u00ebshironi t\u00eb kryeni takime pune afatshkurtra.<\/p>\n\t\t\t<a href=\"https:\/\/api.whatsapp.com\/send?phone=355697035626\" target=\"_self\" role=\"button\" rel=\"noopener\">\n\t\t\t\t\t\tContattaci\n\t\t\t\t\t<\/a>\n\t<p><strong>Visto turistico<\/strong> ti permette di soggiornare nel Regno Unito per un massimo di sei mesi per i seguenti motivi:<\/p>\n<ul>\n<li aria-level=\"1\">Turismo<\/li>\n<li aria-level=\"1\">Per andare a trovare la famiglia e gli amici.<\/li>\n<li aria-level=\"1\">Viaggi di lavoro, compresa la partecipazione a riunioni e conferenze.<\/li>\n<li aria-level=\"1\">Frequentare un corso di breve durata (da tre a sei mesi presso un istituto accreditato).<\/li>\n<\/ul>\n<p>In determinate circostanze, il visto turistico consente di soggiornare nel Regno Unito per un periodo pi\u00f9 lungo:<\/p>\n<p>Se partecipi a programmi di ricerca accademica e di scambio e soddisfi i requisiti di idoneit\u00e0, potresti avere diritto a soggiornare nel Regno Unito per un massimo di 12 mesi e portare con te il coniuge e i figli.\u00a0<\/p>\n<p>N\u00ebse do t\u00eb udh\u00ebtoni n\u00eb MB p\u00ebr trajtim mjek\u00ebsor privat, mund t&#8217;ju jepet nj\u00eb viz\u00eb q\u00eb ju lejon t\u00eb q\u00ebndroni deri n\u00eb 11 muaj.<\/p>\n<p>Chi desidera recarsi spesso nel Regno Unito pu\u00f2 richiedere un visto turistico standard di lunga durata (due, cinque o dieci anni).\u00a0<\/p>\n\t\t\t\t\t\t\t<img decoding=\"async\" loading=\"lazy\" width=\"2560\" height=\"2560\" src=\"https:\/\/ejavisa.com\/en\/wp-content\/uploads\/2023\/04\/portrait-young-woman-taking-pictures-holiday-min-scaled.jpg\" alt=\"Visto turistico per il Regno Unito\" itemprop=\"image\" title=\"Visto turistico per il Regno Unito\" onerror=\"this.style.display='none'\"  sizes=\"auto, (max-width: 768px) 100vw, 100vw\" srcset=\"https:\/\/ejavisa.com\/wp-content\/uploads\/2023\/04\/portrait-young-woman-taking-pictures-holiday-min-scaled.jpg 2560w, https:\/\/ejavisa.com\/wp-content\/uploads\/2023\/04\/portrait-young-woman-taking-pictures-holiday-min-300x300.jpg 300w, https:\/\/ejavisa.com\/wp-content\/uploads\/2023\/04\/portrait-young-woman-taking-pictures-holiday-min-1024x1024.jpg 1024w, https:\/\/ejavisa.com\/wp-content\/uploads\/2023\/04\/portrait-young-woman-taking-pictures-holiday-min-150x150.jpg 150w, https:\/\/ejavisa.com\/wp-content\/uploads\/2023\/04\/portrait-young-woman-taking-pictures-holiday-min-768x768.jpg 768w, https:\/\/ejavisa.com\/wp-content\/uploads\/2023\/04\/portrait-young-woman-taking-pictures-holiday-min-1536x1536.jpg 1536w, https:\/\/ejavisa.com\/wp-content\/uploads\/2023\/04\/portrait-young-woman-taking-pictures-holiday-min-2048x2048.jpg 2048w, https:\/\/ejavisa.com\/wp-content\/uploads\/2023\/04\/portrait-young-woman-taking-pictures-holiday-min-1260x1260.jpg 1260w, https:\/\/ejavisa.com\/wp-content\/uploads\/2023\/04\/portrait-young-woman-taking-pictures-holiday-min-630x630.jpg 630w, https:\/\/ejavisa.com\/wp-content\/uploads\/2023\/04\/portrait-young-woman-taking-pictures-holiday-min-420x420.jpg 420w, https:\/\/ejavisa.com\/wp-content\/uploads\/2023\/04\/portrait-young-woman-taking-pictures-holiday-min-840x840.jpg 840w, https:\/\/ejavisa.com\/wp-content\/uploads\/2023\/04\/portrait-young-woman-taking-pictures-holiday-min-315x315.jpg 315w\" \/>\t\t\t\t\t\t\t\n<h4>\n\t\t\t<a href=\"https:\/\/ejavisa.com\/it\/visto-britannico\/visto-turistico-standard\/\" title=\"Visto turistico per il Regno Unito\" target=\"_self\" rel=\"noopener\">\n\tVisto turistico per il Regno Unito\n\t\t\t<\/a>\n\t<\/h4>\n\t\t\t\t\t\t\t<img decoding=\"async\" loading=\"lazy\" width=\"2560\" height=\"2560\" src=\"https:\/\/ejavisa.com\/en\/wp-content\/uploads\/2023\/04\/young-employee-sitting-office-desk-min-scaled.jpg\" alt=\"L&#039;occupazione nel Regno Unito\" itemprop=\"image\" title=\"L&#039;occupazione nel Regno Unito\" onerror=\"this.style.display='none'\"  sizes=\"auto, (max-width: 768px) 100vw, 100vw\" srcset=\"https:\/\/ejavisa.com\/wp-content\/uploads\/2023\/04\/young-employee-sitting-office-desk-min-scaled.jpg 2560w, https:\/\/ejavisa.com\/wp-content\/uploads\/2023\/04\/young-employee-sitting-office-desk-min-300x300.jpg 300w, https:\/\/ejavisa.com\/wp-content\/uploads\/2023\/04\/young-employee-sitting-office-desk-min-1024x1024.jpg 1024w, https:\/\/ejavisa.com\/wp-content\/uploads\/2023\/04\/young-employee-sitting-office-desk-min-150x150.jpg 150w, https:\/\/ejavisa.com\/wp-content\/uploads\/2023\/04\/young-employee-sitting-office-desk-min-768x768.jpg 768w, https:\/\/ejavisa.com\/wp-content\/uploads\/2023\/04\/young-employee-sitting-office-desk-min-1536x1536.jpg 1536w, https:\/\/ejavisa.com\/wp-content\/uploads\/2023\/04\/young-employee-sitting-office-desk-min-2048x2048.jpg 2048w, https:\/\/ejavisa.com\/wp-content\/uploads\/2023\/04\/young-employee-sitting-office-desk-min-1260x1260.jpg 1260w, https:\/\/ejavisa.com\/wp-content\/uploads\/2023\/04\/young-employee-sitting-office-desk-min-630x630.jpg 630w, https:\/\/ejavisa.com\/wp-content\/uploads\/2023\/04\/young-employee-sitting-office-desk-min-420x420.jpg 420w, https:\/\/ejavisa.com\/wp-content\/uploads\/2023\/04\/young-employee-sitting-office-desk-min-840x840.jpg 840w, https:\/\/ejavisa.com\/wp-content\/uploads\/2023\/04\/young-employee-sitting-office-desk-min-315x315.jpg 315w\" \/>\t\t\t\t\t\t\t\n<h4>\n\t\t\t<a href=\"https:\/\/ejavisa.com\/it\/visto-britannico\/visto-di-lavoro-nel-regno-unito\/\" title=\"Visto di lavoro nel Regno Unito\" target=\"_self\" rel=\"noopener\">\n\tVisto di lavoro nel Regno Unito\n\t\t\t<\/a>\n\t<\/h4>\n\t\t\t\t\t\t\t<img decoding=\"async\" loading=\"lazy\" width=\"2560\" height=\"2560\" src=\"https:\/\/ejavisa.com\/en\/wp-content\/uploads\/2023\/04\/back-school-concept-with-woman-studying-library-min-1-scaled.jpg\" alt=\"Immagine di una donna che studia in biblioteca (1)\" itemprop=\"image\" title=\"Immagine di una donna che studia in biblioteca (1)\" onerror=\"this.style.display='none'\"  sizes=\"auto, (max-width: 768px) 100vw, 100vw\" srcset=\"https:\/\/ejavisa.com\/wp-content\/uploads\/2023\/04\/back-school-concept-with-woman-studying-library-min-1-scaled.jpg 2560w, https:\/\/ejavisa.com\/wp-content\/uploads\/2023\/04\/back-school-concept-with-woman-studying-library-min-1-300x300.jpg 300w, https:\/\/ejavisa.com\/wp-content\/uploads\/2023\/04\/back-school-concept-with-woman-studying-library-min-1-1024x1024.jpg 1024w, https:\/\/ejavisa.com\/wp-content\/uploads\/2023\/04\/back-school-concept-with-woman-studying-library-min-1-150x150.jpg 150w, https:\/\/ejavisa.com\/wp-content\/uploads\/2023\/04\/back-school-concept-with-woman-studying-library-min-1-768x768.jpg 768w, https:\/\/ejavisa.com\/wp-content\/uploads\/2023\/04\/back-school-concept-with-woman-studying-library-min-1-1536x1536.jpg 1536w, https:\/\/ejavisa.com\/wp-content\/uploads\/2023\/04\/back-school-concept-with-woman-studying-library-min-1-2048x2048.jpg 2048w, https:\/\/ejavisa.com\/wp-content\/uploads\/2023\/04\/back-school-concept-with-woman-studying-library-min-1-1260x1260.jpg 1260w, https:\/\/ejavisa.com\/wp-content\/uploads\/2023\/04\/back-school-concept-with-woman-studying-library-min-1-630x630.jpg 630w, https:\/\/ejavisa.com\/wp-content\/uploads\/2023\/04\/back-school-concept-with-woman-studying-library-min-1-420x420.jpg 420w, https:\/\/ejavisa.com\/wp-content\/uploads\/2023\/04\/back-school-concept-with-woman-studying-library-min-1-840x840.jpg 840w, https:\/\/ejavisa.com\/wp-content\/uploads\/2023\/04\/back-school-concept-with-woman-studying-library-min-1-315x315.jpg 315w\" \/>\t\t\t\t\t\t\t\n<h4>\n\t\t\t<a href=\"https:\/\/ejavisa.com\/it\/visto-britannico\/studio-ne-mbreterine-e-bashkuar\/\" title=\"Visto per motivi di studio nel Regno Unito\" target=\"_self\" rel=\"noopener\">\n\tVisto per motivi di studio nel Regno Unito\n\t\t\t<\/a>\n\t<\/h4>\n\t\t\t\t\t\t\t<img decoding=\"async\" loading=\"lazy\" width=\"300\" height=\"300\" src=\"https:\/\/ejavisa.com\/en\/wp-content\/uploads\/2023\/04\/parents-with-daughter-lying-autumn-leaves-park-min-300x300.jpg\" alt=\"una coppia di genitori con la figlia sdraiata tra le foglie autunnali in un parco\" itemprop=\"image\" title=\"una coppia di genitori con la figlia sdraiata tra le foglie autunnali in un parco\" onerror=\"this.style.display='none'\"  sizes=\"auto, (max-width: 768px) 100vw, 100vw\" srcset=\"https:\/\/ejavisa.com\/wp-content\/uploads\/2023\/04\/parents-with-daughter-lying-autumn-leaves-park-min-300x300.jpg 300w, https:\/\/ejavisa.com\/wp-content\/uploads\/2023\/04\/parents-with-daughter-lying-autumn-leaves-park-min-1024x1024.jpg 1024w, https:\/\/ejavisa.com\/wp-content\/uploads\/2023\/04\/parents-with-daughter-lying-autumn-leaves-park-min-150x150.jpg 150w, https:\/\/ejavisa.com\/wp-content\/uploads\/2023\/04\/parents-with-daughter-lying-autumn-leaves-park-min-768x768.jpg 768w, https:\/\/ejavisa.com\/wp-content\/uploads\/2023\/04\/parents-with-daughter-lying-autumn-leaves-park-min-1536x1536.jpg 1536w, https:\/\/ejavisa.com\/wp-content\/uploads\/2023\/04\/parents-with-daughter-lying-autumn-leaves-park-min-2048x2048.jpg 2048w, https:\/\/ejavisa.com\/wp-content\/uploads\/2023\/04\/parents-with-daughter-lying-autumn-leaves-park-min-1260x1260.jpg 1260w, https:\/\/ejavisa.com\/wp-content\/uploads\/2023\/04\/parents-with-daughter-lying-autumn-leaves-park-min-630x630.jpg 630w, https:\/\/ejavisa.com\/wp-content\/uploads\/2023\/04\/parents-with-daughter-lying-autumn-leaves-park-min-420x420.jpg 420w, https:\/\/ejavisa.com\/wp-content\/uploads\/2023\/04\/parents-with-daughter-lying-autumn-leaves-park-min-840x840.jpg 840w, https:\/\/ejavisa.com\/wp-content\/uploads\/2023\/04\/parents-with-daughter-lying-autumn-leaves-park-min-315x315.jpg 315w\" \/>\t\t\t\t\t\t\t\n<h4>\n\t\t\t<a href=\"https:\/\/ejavisa.com\/it\/visto-britannico\/richiedere-un-visto-per-coniugi-nel-regno-unito\/\" title=\"Visto per motivi familiari nel Regno Unito\" target=\"_self\" rel=\"noopener\">\n\tVisto per motivi familiari nel Regno Unito\n\t\t\t<\/a>\n\t<\/h4>\n\t<p><b>Restrizioni relative al visto turistico.<\/b><\/p>\n<p>Con questo visto non \u00e8 consentito svolgere alcuna attivit\u00e0 lavorativa, retribuita o non retribuita, nel Regno Unito. Inoltre, non \u00e8 possibile richiedere sussidi pubblici.<\/p>\n<p>Se desideri studiare per pi\u00f9 di sei mesi, devi richiedere un visto per studenti; per sposarti nel Regno Unito, devi richiedere un visto matrimoniale.<\/p>\n<p>Do t&#8217;ju duhet t&#8217;u provoni autoriteteve t\u00eb emigracionit n\u00eb Mbret\u00ebrin\u00eb e Bashkuar se do t\u00eb largoheni nga MB n\u00eb fund t\u00eb vizit\u00ebs suaj dhe se mund t\u00eb mbaheni financiarisht dhe t\u00eb akomodoheni n\u00eb MB pa k\u00ebrkuar fonde publike ose pa punuar.<\/p>\n<p><b>Come si pu\u00f2 presentare la domanda?<\/b><\/p>\n<p>La richiesta di visto turistico va presentata online tramite il sito web dedicato del governo britannico. Per ulteriori informazioni, vi preghiamo di contattarci.<\/p>\n\n<\/div><!-- .vgblk-rw-wrapper -->","protected":false},"excerpt":{"rendered":"<p>Aplikoni p\u00ebr viz\u00eb turistike n\u00eb Mbret\u00ebrin\u00eb e Bashkuar. Aplikoni p\u00ebr viz\u00eb vizitori n\u00eb Mbret\u00ebrin\u00eb e Bashkuar. Viza standarte e vizitorit ju lejon t\u00eb hyni n\u00eb MB p\u00ebr nj\u00eb periudh\u00eb t\u00eb kufizuar kohore. Ne gjithashtu mund t&#8217;ju ndihmojm\u00eb t\u00eb aplikoni p\u00ebr nj\u00eb viz\u00eb biznesi e cila do t&#8217;ju lejoj\u00eb t\u00eb vizitoni MB n\u00ebse d\u00ebshironi t\u00eb kryeni&#8230;<\/p>","protected":false},"author":1,"featured_media":0,"parent":988342,"menu_order":0,"comment_status":"closed","ping_status":"closed","template":"","meta":{"footnotes":""},"class_list":["post-988233","page","type-page","status-publish","hentry"],"_links":{"self":[{"href":"https:\/\/ejavisa.com\/it\/wp-json\/wp\/v2\/pages\/988233","targetHints":{"allow":["GET"]}}],"collection":[{"href":"https:\/\/ejavisa.com\/it\/wp-json\/wp\/v2\/pages"}],"about":[{"href":"https:\/\/ejavisa.com\/it\/wp-json\/wp\/v2\/types\/page"}],"author":[{"embeddable":true,"href":"https:\/\/ejavisa.com\/it\/wp-json\/wp\/v2\/users\/1"}],"replies":[{"embeddable":true,"href":"https:\/\/ejavisa.com\/it\/wp-json\/wp\/v2\/comments?post=988233"}],"version-history":[{"count":37,"href":"https:\/\/ejavisa.com\/it\/wp-json\/wp\/v2\/pages\/988233\/revisions"}],"predecessor-version":[{"id":988648,"href":"https:\/\/ejavisa.com\/it\/wp-json\/wp\/v2\/pages\/988233\/revisions\/988648"}],"up":[{"embeddable":true,"href":"https:\/\/ejavisa.com\/it\/wp-json\/wp\/v2\/pages\/988342"}],"wp:attachment":[{"href":"https:\/\/ejavisa.com\/it\/wp-json\/wp\/v2\/media?parent=988233"}],"curies":[{"name":"wp","href":"https:\/\/api.w.org\/{rel}","templated":true}]}}