{"id":988262,"date":"2023-04-02T21:18:32","date_gmt":"2023-04-02T21:18:32","guid":{"rendered":"https:\/\/ejavisa.com\/en\/?page_id=988262"},"modified":"2025-04-29T12:32:41","modified_gmt":"2025-04-29T12:32:41","slug":"visto-di-lavoro-nel-regno-unito","status":"publish","type":"page","link":"https:\/\/ejavisa.com\/it\/viza-britanike\/vize-pune-ne-mbreterine-e-bashkuar\/","title":{"rendered":"Visto di lavoro nel Regno Unito"},"content":{"rendered":"<div class=\"vgblk-rw-wrapper limit-wrapper\">\n<h2>\n\tVisto di lavoro nel Regno Unito\n\t<\/h2>\n\t<p>Il sistema di immigrazione a punti del Regno Unito stabilisce una serie di nuove norme in materia di immigrazione volte a garantire condizioni di parit\u00e0 nel Regno Unito per i lavoratori provenienti sia dall'Unione Europea che da paesi extra-UE.<\/p>\n\t\t\t<a href=\"https:\/\/api.whatsapp.com\/send?phone=355697035626\" target=\"_self\" role=\"button\" rel=\"noopener\">\n\t\t\t\t\t\tContattaci\n\t\t\t\t\t<\/a>\n\t<p><b>Il sistema di immigrazione a punti del Regno Unito.<\/b><\/p>\nP\u00ebr t&#8217;u kualifikuar si Pun\u00ebtor i kualifikuar, aplikant\u00ebt duhet t\u00eb marrin gjithsej 70 pik\u00eb.<br \/>\nSi ottengono i 50 punti principali se si dispone di un'offerta di lavoro a un determinato livello di qualifica da parte di uno sponsor autorizzato, nel qual caso il richiedente deve essere in grado di fornire prova della propria conoscenza della lingua inglese (di solito a livello B1 o B2).\n<p>20 pik\u00eb shtes\u00eb mund t\u00eb merren n\u00ebp\u00ebrmjet nj\u00eb procesi &#8220;t\u00eb shk\u00ebmbimit t\u00eb pik\u00ebve&#8221;, kryesisht n\u00eb var\u00ebsi t\u00eb nivelit t\u00eb pag\u00ebs s\u00eb ofruar, por q\u00eb p\u00ebrfshin edhe rolet q\u00eb njihen si profesion n\u00eb munges\u00eb dhe ato pun\u00eb q\u00eb k\u00ebrkojn\u00eb nj\u00eb kualifikim p\u00ebrkat\u00ebs n\u00eb nivel doktorature.<\/p>\n<b>La tabella seguente illustra il sistema di punteggio:<br \/>\n<\/b><em>Ky informacion po p\u00ebrpunohet&#8230;<\/em>\n\t\t\t\t\t\t\t<img decoding=\"async\" loading=\"lazy\" width=\"2560\" height=\"2560\" src=\"https:\/\/ejavisa.com\/en\/wp-content\/uploads\/2023\/04\/portrait-young-woman-taking-pictures-holiday-min-scaled.jpg\" alt=\"Visto turistico per il Regno Unito\" itemprop=\"image\" title=\"Visto turistico per il Regno Unito\" onerror=\"this.style.display='none'\"  sizes=\"auto, (max-width: 768px) 100vw, 100vw\" srcset=\"https:\/\/ejavisa.com\/wp-content\/uploads\/2023\/04\/portrait-young-woman-taking-pictures-holiday-min-scaled.jpg 2560w, https:\/\/ejavisa.com\/wp-content\/uploads\/2023\/04\/portrait-young-woman-taking-pictures-holiday-min-300x300.jpg 300w, https:\/\/ejavisa.com\/wp-content\/uploads\/2023\/04\/portrait-young-woman-taking-pictures-holiday-min-1024x1024.jpg 1024w, https:\/\/ejavisa.com\/wp-content\/uploads\/2023\/04\/portrait-young-woman-taking-pictures-holiday-min-150x150.jpg 150w, https:\/\/ejavisa.com\/wp-content\/uploads\/2023\/04\/portrait-young-woman-taking-pictures-holiday-min-768x768.jpg 768w, https:\/\/ejavisa.com\/wp-content\/uploads\/2023\/04\/portrait-young-woman-taking-pictures-holiday-min-1536x1536.jpg 1536w, https:\/\/ejavisa.com\/wp-content\/uploads\/2023\/04\/portrait-young-woman-taking-pictures-holiday-min-2048x2048.jpg 2048w, https:\/\/ejavisa.com\/wp-content\/uploads\/2023\/04\/portrait-young-woman-taking-pictures-holiday-min-1260x1260.jpg 1260w, https:\/\/ejavisa.com\/wp-content\/uploads\/2023\/04\/portrait-young-woman-taking-pictures-holiday-min-630x630.jpg 630w, https:\/\/ejavisa.com\/wp-content\/uploads\/2023\/04\/portrait-young-woman-taking-pictures-holiday-min-420x420.jpg 420w, https:\/\/ejavisa.com\/wp-content\/uploads\/2023\/04\/portrait-young-woman-taking-pictures-holiday-min-840x840.jpg 840w, https:\/\/ejavisa.com\/wp-content\/uploads\/2023\/04\/portrait-young-woman-taking-pictures-holiday-min-315x315.jpg 315w\" \/>\t\t\t\t\t\t\t\n<h4>\n\t\t\t<a href=\"https:\/\/ejavisa.com\/it\/visto-britannico\/visto-turistico-standard\/\" title=\"Visto turistico per il Regno Unito\" target=\"_self\" rel=\"noopener\">\n\tVisto turistico per il Regno Unito\n\t\t\t<\/a>\n\t<\/h4>\n\t\t\t\t\t\t\t<img decoding=\"async\" loading=\"lazy\" width=\"2560\" height=\"2560\" src=\"https:\/\/ejavisa.com\/en\/wp-content\/uploads\/2023\/04\/young-employee-sitting-office-desk-min-scaled.jpg\" alt=\"L&#039;occupazione nel Regno Unito\" itemprop=\"image\" title=\"L&#039;occupazione nel Regno Unito\" onerror=\"this.style.display='none'\"  sizes=\"auto, (max-width: 768px) 100vw, 100vw\" srcset=\"https:\/\/ejavisa.com\/wp-content\/uploads\/2023\/04\/young-employee-sitting-office-desk-min-scaled.jpg 2560w, https:\/\/ejavisa.com\/wp-content\/uploads\/2023\/04\/young-employee-sitting-office-desk-min-300x300.jpg 300w, https:\/\/ejavisa.com\/wp-content\/uploads\/2023\/04\/young-employee-sitting-office-desk-min-1024x1024.jpg 1024w, https:\/\/ejavisa.com\/wp-content\/uploads\/2023\/04\/young-employee-sitting-office-desk-min-150x150.jpg 150w, https:\/\/ejavisa.com\/wp-content\/uploads\/2023\/04\/young-employee-sitting-office-desk-min-768x768.jpg 768w, https:\/\/ejavisa.com\/wp-content\/uploads\/2023\/04\/young-employee-sitting-office-desk-min-1536x1536.jpg 1536w, https:\/\/ejavisa.com\/wp-content\/uploads\/2023\/04\/young-employee-sitting-office-desk-min-2048x2048.jpg 2048w, https:\/\/ejavisa.com\/wp-content\/uploads\/2023\/04\/young-employee-sitting-office-desk-min-1260x1260.jpg 1260w, https:\/\/ejavisa.com\/wp-content\/uploads\/2023\/04\/young-employee-sitting-office-desk-min-630x630.jpg 630w, https:\/\/ejavisa.com\/wp-content\/uploads\/2023\/04\/young-employee-sitting-office-desk-min-420x420.jpg 420w, https:\/\/ejavisa.com\/wp-content\/uploads\/2023\/04\/young-employee-sitting-office-desk-min-840x840.jpg 840w, https:\/\/ejavisa.com\/wp-content\/uploads\/2023\/04\/young-employee-sitting-office-desk-min-315x315.jpg 315w\" \/>\t\t\t\t\t\t\t\n<h4>\n\t\t\t<a href=\"https:\/\/ejavisa.com\/it\/visto-britannico\/visto-di-lavoro-nel-regno-unito\/\" title=\"Visto di lavoro nel Regno Unito\" target=\"_self\" rel=\"noopener\">\n\tVisto di lavoro nel Regno Unito\n\t\t\t<\/a>\n\t<\/h4>\n\t\t\t\t\t\t\t<img decoding=\"async\" loading=\"lazy\" width=\"2560\" height=\"2560\" src=\"https:\/\/ejavisa.com\/en\/wp-content\/uploads\/2023\/04\/back-school-concept-with-woman-studying-library-min-1-scaled.jpg\" alt=\"Immagine di una donna che studia in biblioteca (1)\" itemprop=\"image\" title=\"Immagine di una donna che studia in biblioteca (1)\" onerror=\"this.style.display='none'\"  sizes=\"auto, (max-width: 768px) 100vw, 100vw\" srcset=\"https:\/\/ejavisa.com\/wp-content\/uploads\/2023\/04\/back-school-concept-with-woman-studying-library-min-1-scaled.jpg 2560w, https:\/\/ejavisa.com\/wp-content\/uploads\/2023\/04\/back-school-concept-with-woman-studying-library-min-1-300x300.jpg 300w, https:\/\/ejavisa.com\/wp-content\/uploads\/2023\/04\/back-school-concept-with-woman-studying-library-min-1-1024x1024.jpg 1024w, https:\/\/ejavisa.com\/wp-content\/uploads\/2023\/04\/back-school-concept-with-woman-studying-library-min-1-150x150.jpg 150w, https:\/\/ejavisa.com\/wp-content\/uploads\/2023\/04\/back-school-concept-with-woman-studying-library-min-1-768x768.jpg 768w, https:\/\/ejavisa.com\/wp-content\/uploads\/2023\/04\/back-school-concept-with-woman-studying-library-min-1-1536x1536.jpg 1536w, https:\/\/ejavisa.com\/wp-content\/uploads\/2023\/04\/back-school-concept-with-woman-studying-library-min-1-2048x2048.jpg 2048w, https:\/\/ejavisa.com\/wp-content\/uploads\/2023\/04\/back-school-concept-with-woman-studying-library-min-1-1260x1260.jpg 1260w, https:\/\/ejavisa.com\/wp-content\/uploads\/2023\/04\/back-school-concept-with-woman-studying-library-min-1-630x630.jpg 630w, https:\/\/ejavisa.com\/wp-content\/uploads\/2023\/04\/back-school-concept-with-woman-studying-library-min-1-420x420.jpg 420w, https:\/\/ejavisa.com\/wp-content\/uploads\/2023\/04\/back-school-concept-with-woman-studying-library-min-1-840x840.jpg 840w, https:\/\/ejavisa.com\/wp-content\/uploads\/2023\/04\/back-school-concept-with-woman-studying-library-min-1-315x315.jpg 315w\" \/>\t\t\t\t\t\t\t\n<h4>\n\t\t\t<a href=\"https:\/\/ejavisa.com\/it\/visto-britannico\/studio-ne-mbreterine-e-bashkuar\/\" title=\"Visto per motivi di studio nel Regno Unito\" target=\"_self\" rel=\"noopener\">\n\tVisto per motivi di studio nel Regno Unito\n\t\t\t<\/a>\n\t<\/h4>\n\t\t\t\t\t\t\t<img decoding=\"async\" loading=\"lazy\" width=\"300\" height=\"300\" src=\"https:\/\/ejavisa.com\/en\/wp-content\/uploads\/2023\/04\/parents-with-daughter-lying-autumn-leaves-park-min-300x300.jpg\" alt=\"una coppia di genitori con la figlia sdraiata tra le foglie autunnali in un parco\" itemprop=\"image\" title=\"una coppia di genitori con la figlia sdraiata tra le foglie autunnali in un parco\" onerror=\"this.style.display='none'\"  sizes=\"auto, (max-width: 768px) 100vw, 100vw\" srcset=\"https:\/\/ejavisa.com\/wp-content\/uploads\/2023\/04\/parents-with-daughter-lying-autumn-leaves-park-min-300x300.jpg 300w, https:\/\/ejavisa.com\/wp-content\/uploads\/2023\/04\/parents-with-daughter-lying-autumn-leaves-park-min-1024x1024.jpg 1024w, https:\/\/ejavisa.com\/wp-content\/uploads\/2023\/04\/parents-with-daughter-lying-autumn-leaves-park-min-150x150.jpg 150w, https:\/\/ejavisa.com\/wp-content\/uploads\/2023\/04\/parents-with-daughter-lying-autumn-leaves-park-min-768x768.jpg 768w, https:\/\/ejavisa.com\/wp-content\/uploads\/2023\/04\/parents-with-daughter-lying-autumn-leaves-park-min-1536x1536.jpg 1536w, https:\/\/ejavisa.com\/wp-content\/uploads\/2023\/04\/parents-with-daughter-lying-autumn-leaves-park-min-2048x2048.jpg 2048w, https:\/\/ejavisa.com\/wp-content\/uploads\/2023\/04\/parents-with-daughter-lying-autumn-leaves-park-min-1260x1260.jpg 1260w, https:\/\/ejavisa.com\/wp-content\/uploads\/2023\/04\/parents-with-daughter-lying-autumn-leaves-park-min-630x630.jpg 630w, https:\/\/ejavisa.com\/wp-content\/uploads\/2023\/04\/parents-with-daughter-lying-autumn-leaves-park-min-420x420.jpg 420w, https:\/\/ejavisa.com\/wp-content\/uploads\/2023\/04\/parents-with-daughter-lying-autumn-leaves-park-min-840x840.jpg 840w, https:\/\/ejavisa.com\/wp-content\/uploads\/2023\/04\/parents-with-daughter-lying-autumn-leaves-park-min-315x315.jpg 315w\" \/>\t\t\t\t\t\t\t\n<h4>\n\t\t\t<a href=\"https:\/\/ejavisa.com\/it\/visto-britannico\/richiedere-un-visto-per-coniugi-nel-regno-unito\/\" title=\"Visto per motivi familiari nel Regno Unito\" target=\"_self\" rel=\"noopener\">\n\tVisto per motivi familiari nel Regno Unito\n\t\t\t<\/a>\n\t<\/h4>\n\t<section id=\"Content_C016_Col00\" data-sf-element=\"content-narrow\" data-placeholder-label=\"Content Narrow\">\n<section id=\"Content_C016_Col00\" data-sf-element=\"content-narrow\" data-placeholder-label=\"Content Narrow\">\n<p><b>Visto di lavoro nel settore sanitario.<\/b><\/p>\n<p>Il visto di lavoro del Regno Unito riservato specificatamente agli operatori sanitari \u00e8 noto come \"Health and Care Worker Visa\". Questo visto per operatori sanitari offre un'opportunit\u00e0 ai lavoratori qualificati, tra cui infermieri, assistenti sanitari, vari tecnici e terapisti.\u00a0<\/p>\n<p><b>Che cos'\u00e8 un visto di lavoro nel settore sanitario?\u00a0<\/b><\/p>\n<p>Il visto per operatori sanitari \u00e8 una categoria riservata specificatamente ai professionisti qualificati del settore sanitario. Questo visto offre la possibilit\u00e0 di vivere e lavorare nel Regno Unito grazie alla propria professione; il visto per operatori sanitari e assistenziali non prevede un livello minimo di istruzione, ha costi di richiesta inferiori e i richiedenti non pagano il supplemento sanitario annuale.\u00a0<\/p>\n<p>Per il sistema di immigrazione a punti \u00e8 necessario totalizzare 70 punti, di cui 50 obbligatori, mentre i restanti 20 punti possono derivare dai cosiddetti punti trasferibili.<\/p>\n<p><b>Come vengono assegnati i punti per il visto per operatori sanitari e assistenziali:<\/b><\/p>\n<p><em>Ky informacion po p\u00ebrpunohet&#8230;<\/em><\/p>\n<p><b>Qual \u00e8 la durata di validit\u00e0 del visto per gli operatori sanitari e assistenziali?<\/b><\/p>\n<p>Viza juaj mund t\u00eb zgjas\u00eb deri n\u00eb pes\u00eb vjet p\u00ebrpara se t&#8217;ju duhet ta zgjasni at\u00eb. Ju do t\u00eb duhet t\u00eb aplikoni p\u00ebr t\u00eb zgjatur ose p\u00ebrdit\u00ebsuar viz\u00ebn tuaj kur ajo t\u00eb skadoj\u00eb ose n\u00ebse ndryshoni pun\u00eb ose pun\u00ebdh\u00ebn\u00ebs<\/p>\n<p><b>Posso ottenere la residenza permanente con questo visto?\u00a0<\/b><\/p>\n<p>Puoi richiedere il rinnovo del visto tutte le volte che vuoi, purch\u00e9 tu soddisfi ancora i requisiti richiesti.<\/p>\n<p>Pas pes\u00eb vjet\u00ebsh, mund t\u00eb aplikoni p\u00ebr t&#8217;u vendosur p\u00ebrgjithmon\u00eb n\u00eb MB. E njohur si leje q\u00ebndrimi e p\u00ebrhershme (ILR), kjo ju jep t\u00eb drejt\u00ebn t\u00eb jetoni, punoni dhe studioni n\u00eb MB p\u00ebr aq koh\u00eb sa t\u00eb doni dhe t\u00eb aplikoni p\u00ebr disa p\u00ebrfitime n\u00ebse ju lejohet. Pas nj\u00eb viti nga l\u00ebshimi i Lejes s\u00eb P\u00ebrhershme (ILR), ju mund t\u00eb keni t\u00eb drejt\u00eb t\u00eb aplikoni p\u00ebr n\u00ebnshtet\u00ebsi n\u00eb Mbret\u00ebrin\u00eb e Bashkuar.<\/p>\n<p>&nbsp;<\/p>\n<p><b>Posso portare con me il mio coniuge e la mia famiglia?\u00a0<\/b><\/p>\n<p>Partneri dhe f\u00ebmij\u00ebt tuaj mund t\u00eb aplikojn\u00eb p\u00ebr t&#8217;u bashkuar me ju ose p\u00ebr t\u00eb q\u00ebndruar n\u00eb MB si vart\u00ebsit tuaj n\u00ebse plot\u00ebsojn\u00eb kushtet. N\u00ebse aplikimi i tyre \u00ebsht\u00eb i suksessh\u00ebm, viza e tyre do t\u00eb p\u00ebrfundoj\u00eb n\u00eb t\u00eb nj\u00ebjt\u00ebn dat\u00eb si e juaja.<\/p>\n<p>\u00c8 necessario dimostrare di essere sposati presentando un certificato di matrimonio.<\/p>\n<p>Se tuo figlio ha 16 anni o pi\u00f9, \u00e8 necessario dimostrare che:<\/p>\n<ul>\n<li>Vive con te (a meno che non frequenti a tempo pieno un collegio, un istituto superiore o l'universit\u00e0).<\/li>\n<li>Non essere sposato, non avere una unione civile n\u00e9 figli.<\/li>\n<li>Essere economicamente a tuo carico.<\/li>\n<\/ul>\n<p>Ju gjithashtu do t&#8217;ju duhet t\u00eb tregoni se jeni n\u00eb gjendje t\u00eb mb\u00ebshtesni partnerin dhe f\u00ebmij\u00ebt tuaj gjat\u00eb koh\u00ebs q\u00eb jeni n\u00eb MB. Do t&#8217;ju duhet:<\/p>\n<p>285 sterline per il tuo partner.<\/p>\n<p>315 sterline a bambino.<\/p>\n<p>200 sterline per ogni figlio in pi\u00f9.<\/p>\n<\/section>\n<\/section>\n\n<\/div><!-- .vgblk-rw-wrapper -->","protected":false},"excerpt":{"rendered":"<p>Viz\u00eb Pun\u00ebsimi n\u00eb Mbret\u00ebrin\u00eb e Bashkuar Sistemi i emigracionit n\u00eb Mbret\u00ebrin\u00eb e Bashkuar i bazuar n\u00eb pik\u00eb p\u00ebrcakton nj\u00eb s\u00ebr\u00eb rregullash t\u00eb reja emigracioni q\u00eb synojn\u00eb t\u00eb krijojn\u00eb shanse t\u00eb barabarta n\u00eb MB p\u00ebr pun\u00ebtor\u00ebt nga brenda dhe jasht\u00eb BE-s\u00eb. Na Kontaktoni Sistemi i emigracionit i bazuar n\u00eb pik\u00eb n\u00eb MB. P\u00ebr t&#8217;u kualifikuar si&#8230;<\/p>","protected":false},"author":1,"featured_media":0,"parent":988342,"menu_order":0,"comment_status":"closed","ping_status":"closed","template":"","meta":{"footnotes":""},"class_list":["post-988262","page","type-page","status-publish","hentry"],"_links":{"self":[{"href":"https:\/\/ejavisa.com\/it\/wp-json\/wp\/v2\/pages\/988262","targetHints":{"allow":["GET"]}}],"collection":[{"href":"https:\/\/ejavisa.com\/it\/wp-json\/wp\/v2\/pages"}],"about":[{"href":"https:\/\/ejavisa.com\/it\/wp-json\/wp\/v2\/types\/page"}],"author":[{"embeddable":true,"href":"https:\/\/ejavisa.com\/it\/wp-json\/wp\/v2\/users\/1"}],"replies":[{"embeddable":true,"href":"https:\/\/ejavisa.com\/it\/wp-json\/wp\/v2\/comments?post=988262"}],"version-history":[{"count":13,"href":"https:\/\/ejavisa.com\/it\/wp-json\/wp\/v2\/pages\/988262\/revisions"}],"predecessor-version":[{"id":988638,"href":"https:\/\/ejavisa.com\/it\/wp-json\/wp\/v2\/pages\/988262\/revisions\/988638"}],"up":[{"embeddable":true,"href":"https:\/\/ejavisa.com\/it\/wp-json\/wp\/v2\/pages\/988342"}],"wp:attachment":[{"href":"https:\/\/ejavisa.com\/it\/wp-json\/wp\/v2\/media?parent=988262"}],"curies":[{"name":"wp","href":"https:\/\/api.w.org\/{rel}","templated":true}]}}