{"id":988266,"date":"2023-04-02T21:19:49","date_gmt":"2023-04-02T21:19:49","guid":{"rendered":"https:\/\/ejavisa.com\/en\/?page_id=988266"},"modified":"2023-04-05T21:59:47","modified_gmt":"2023-04-05T21:59:47","slug":"studio-ne-mbreterine-e-bashkuar","status":"publish","type":"page","link":"https:\/\/ejavisa.com\/it\/viza-britanike\/studio-ne-mbreterine-e-bashkuar\/","title":{"rendered":"Studio n\u00eb Mbret\u00ebrin\u00eb e Bashkuar"},"content":{"rendered":"<div class=\"vgblk-rw-wrapper limit-wrapper\">\n<h2>\n\tStudio n\u00eb Mbret\u00ebrin\u00eb e Bashkuar\n\t<\/h2>\n\t<p>Aplikoni p\u00ebr nj\u00eb viz\u00eb studentore n\u00eb MB. MB krenohet me disa nga universitetet dhe shkollat m\u00eb t\u00eb mira n\u00eb bot\u00eb. Nj\u00eb tradit\u00eb e gjat\u00eb e arsimit t\u00eb klasit t\u00eb lart\u00eb e b\u00ebn vendin nj\u00eb destinacion t\u00eb zgjedhur p\u00ebr student\u00ebt nd\u00ebrkomb\u00ebtar\u00eb. Ka nj\u00eb s\u00ebr\u00eb vizash studimi n\u00eb Mbret\u00ebrin\u00eb e Bashkuar p\u00ebr ata q\u00eb d\u00ebshirojn\u00eb t\u00eb studiojn\u00eb n\u00eb MB.<\/p>\n\t\t\t<a href=\"https:\/\/api.whatsapp.com\/send?phone=355697035626\" target=\"_self\" role=\"button\" rel=\"noopener\">\n\t\t\t\t\t\tContattaci\n\t\t\t\t\t<\/a>\n\t<p><strong>16 vje\u00e7 e lart:<\/strong> Viz\u00eb studentore n\u00eb MB.<\/p>\n<p>N\u00ebse d\u00ebshironi t\u00eb ndiqni universitetin ose kolegjin n\u00eb Mbret\u00ebrin\u00eb e Bashkuar, at\u00ebher\u00eb duhet t\u00eb aplikoni p\u00ebr nj\u00eb viz\u00eb studentore.<\/p>\n<p>N\u00ebse jeni jasht\u00eb MB-s\u00eb, mund t\u00eb aplikoni gjasht\u00eb muaj p\u00ebrpara fillimit t\u00eb studimeve tuaja dhe mund t\u00eb merrni nj\u00eb vendim brenda tre jav\u00ebsh. Vlefshm\u00ebria e viz\u00ebs varet nga koh\u00ebzgjatja e studimeve tuaja.\u00a0<\/p>\n<p>Ju mund t\u00eb studioni deri n\u00eb gjasht\u00eb muaj me nj\u00eb viz\u00eb vizitori n\u00eb nj\u00eb institucion t\u00eb akredituar<b>.<\/b><\/p>\nK\u00ebrkesat p\u00ebr tu pajisur me k\u00ebt\u00eb kategori vize:<br \/>\n\n<ul>\n<li aria-level=\"1\">Duhet t\u00eb keni konfirmim t\u00eb pranimit p\u00ebr studime nga nj\u00eb institucion arsimor i miratuar<\/li>\n<li aria-level=\"1\">Duhet t\u00eb keni d\u00ebshmi t\u00eb fondeve t\u00eb mjaftueshme p\u00ebr t\u00eb paguar kursin dhe p\u00ebr t\u00eb mb\u00ebshtetur veten<\/li>\n<li aria-level=\"1\">T\u00eb ket\u00eb d\u00ebshmi t\u00eb njohjes s\u00eb gjuh\u00ebs angleze n\u00eb nivelin e k\u00ebrkuar nga Institucioni Arsimor i Akredituar<\/li>\n<li aria-level=\"1\">T\u00eb merrni p\u00eblqimin nga prind\u00ebrit tuaj n\u00ebse jeni 16 ose 17 vje\u00e7<\/li>\n<\/ul>\n<p>&nbsp;<\/p>\n\t\t\t\t\t\t\t<img decoding=\"async\" loading=\"lazy\" width=\"2560\" height=\"2560\" src=\"https:\/\/ejavisa.com\/en\/wp-content\/uploads\/2023\/04\/portrait-young-woman-taking-pictures-holiday-min-scaled.jpg\" alt=\"portrait-young-woman-taking-pictures-holiday-min\" itemprop=\"image\" title=\"portrait-young-woman-taking-pictures-holiday-min\" onerror=\"this.style.display='none'\"  sizes=\"auto, (max-width: 768px) 100vw, 100vw\" srcset=\"https:\/\/ejavisa.com\/wp-content\/uploads\/2023\/04\/portrait-young-woman-taking-pictures-holiday-min-scaled.jpg 2560w, https:\/\/ejavisa.com\/wp-content\/uploads\/2023\/04\/portrait-young-woman-taking-pictures-holiday-min-300x300.jpg 300w, https:\/\/ejavisa.com\/wp-content\/uploads\/2023\/04\/portrait-young-woman-taking-pictures-holiday-min-1024x1024.jpg 1024w, https:\/\/ejavisa.com\/wp-content\/uploads\/2023\/04\/portrait-young-woman-taking-pictures-holiday-min-150x150.jpg 150w, https:\/\/ejavisa.com\/wp-content\/uploads\/2023\/04\/portrait-young-woman-taking-pictures-holiday-min-768x768.jpg 768w, https:\/\/ejavisa.com\/wp-content\/uploads\/2023\/04\/portrait-young-woman-taking-pictures-holiday-min-1536x1536.jpg 1536w, https:\/\/ejavisa.com\/wp-content\/uploads\/2023\/04\/portrait-young-woman-taking-pictures-holiday-min-2048x2048.jpg 2048w, https:\/\/ejavisa.com\/wp-content\/uploads\/2023\/04\/portrait-young-woman-taking-pictures-holiday-min-1260x1260.jpg 1260w, https:\/\/ejavisa.com\/wp-content\/uploads\/2023\/04\/portrait-young-woman-taking-pictures-holiday-min-630x630.jpg 630w, https:\/\/ejavisa.com\/wp-content\/uploads\/2023\/04\/portrait-young-woman-taking-pictures-holiday-min-420x420.jpg 420w, https:\/\/ejavisa.com\/wp-content\/uploads\/2023\/04\/portrait-young-woman-taking-pictures-holiday-min-840x840.jpg 840w, https:\/\/ejavisa.com\/wp-content\/uploads\/2023\/04\/portrait-young-woman-taking-pictures-holiday-min-315x315.jpg 315w\" \/>\t\t\t\t\t\t\t\n<h4>\n\t\t\t<a href=\"https:\/\/ejavisa.com\/it\/visto-britannico\/visto-turistico-standard\/\" title=\"Visto turistico per il Regno Unito\" target=\"_self\" rel=\"noopener\">\n\tVisto turistico per il Regno Unito\n\t\t\t<\/a>\n\t<\/h4>\n\t\t\t\t\t\t\t<img decoding=\"async\" loading=\"lazy\" width=\"2560\" height=\"2560\" src=\"https:\/\/ejavisa.com\/en\/wp-content\/uploads\/2023\/04\/young-employee-sitting-office-desk-min-scaled.jpg\" alt=\"young-employee-sitting-office-desk-min\" itemprop=\"image\" title=\"young-employee-sitting-office-desk-min\" onerror=\"this.style.display='none'\"  sizes=\"auto, (max-width: 768px) 100vw, 100vw\" srcset=\"https:\/\/ejavisa.com\/wp-content\/uploads\/2023\/04\/young-employee-sitting-office-desk-min-scaled.jpg 2560w, https:\/\/ejavisa.com\/wp-content\/uploads\/2023\/04\/young-employee-sitting-office-desk-min-300x300.jpg 300w, https:\/\/ejavisa.com\/wp-content\/uploads\/2023\/04\/young-employee-sitting-office-desk-min-1024x1024.jpg 1024w, https:\/\/ejavisa.com\/wp-content\/uploads\/2023\/04\/young-employee-sitting-office-desk-min-150x150.jpg 150w, https:\/\/ejavisa.com\/wp-content\/uploads\/2023\/04\/young-employee-sitting-office-desk-min-768x768.jpg 768w, https:\/\/ejavisa.com\/wp-content\/uploads\/2023\/04\/young-employee-sitting-office-desk-min-1536x1536.jpg 1536w, https:\/\/ejavisa.com\/wp-content\/uploads\/2023\/04\/young-employee-sitting-office-desk-min-2048x2048.jpg 2048w, https:\/\/ejavisa.com\/wp-content\/uploads\/2023\/04\/young-employee-sitting-office-desk-min-1260x1260.jpg 1260w, https:\/\/ejavisa.com\/wp-content\/uploads\/2023\/04\/young-employee-sitting-office-desk-min-630x630.jpg 630w, https:\/\/ejavisa.com\/wp-content\/uploads\/2023\/04\/young-employee-sitting-office-desk-min-420x420.jpg 420w, https:\/\/ejavisa.com\/wp-content\/uploads\/2023\/04\/young-employee-sitting-office-desk-min-840x840.jpg 840w, https:\/\/ejavisa.com\/wp-content\/uploads\/2023\/04\/young-employee-sitting-office-desk-min-315x315.jpg 315w\" \/>\t\t\t\t\t\t\t\n<h4>\n\t\t\t<a href=\"https:\/\/ejavisa.com\/it\/visto-britannico\/visto-di-lavoro-nel-regno-unito\/\" title=\"Visto di lavoro nel Regno Unito\" target=\"_self\" rel=\"noopener\">\n\tVisto di lavoro nel Regno Unito\n\t\t\t<\/a>\n\t<\/h4>\n\t\t\t\t\t\t\t<img decoding=\"async\" loading=\"lazy\" width=\"2560\" height=\"2560\" src=\"https:\/\/ejavisa.com\/en\/wp-content\/uploads\/2023\/04\/back-school-concept-with-woman-studying-library-min-1-scaled.jpg\" alt=\"Immagine di una donna che studia in biblioteca (1)\" itemprop=\"image\" title=\"Immagine di una donna che studia in biblioteca (1)\" onerror=\"this.style.display='none'\"  sizes=\"auto, (max-width: 768px) 100vw, 100vw\" srcset=\"https:\/\/ejavisa.com\/wp-content\/uploads\/2023\/04\/back-school-concept-with-woman-studying-library-min-1-scaled.jpg 2560w, https:\/\/ejavisa.com\/wp-content\/uploads\/2023\/04\/back-school-concept-with-woman-studying-library-min-1-300x300.jpg 300w, https:\/\/ejavisa.com\/wp-content\/uploads\/2023\/04\/back-school-concept-with-woman-studying-library-min-1-1024x1024.jpg 1024w, https:\/\/ejavisa.com\/wp-content\/uploads\/2023\/04\/back-school-concept-with-woman-studying-library-min-1-150x150.jpg 150w, https:\/\/ejavisa.com\/wp-content\/uploads\/2023\/04\/back-school-concept-with-woman-studying-library-min-1-768x768.jpg 768w, https:\/\/ejavisa.com\/wp-content\/uploads\/2023\/04\/back-school-concept-with-woman-studying-library-min-1-1536x1536.jpg 1536w, https:\/\/ejavisa.com\/wp-content\/uploads\/2023\/04\/back-school-concept-with-woman-studying-library-min-1-2048x2048.jpg 2048w, https:\/\/ejavisa.com\/wp-content\/uploads\/2023\/04\/back-school-concept-with-woman-studying-library-min-1-1260x1260.jpg 1260w, https:\/\/ejavisa.com\/wp-content\/uploads\/2023\/04\/back-school-concept-with-woman-studying-library-min-1-630x630.jpg 630w, https:\/\/ejavisa.com\/wp-content\/uploads\/2023\/04\/back-school-concept-with-woman-studying-library-min-1-420x420.jpg 420w, https:\/\/ejavisa.com\/wp-content\/uploads\/2023\/04\/back-school-concept-with-woman-studying-library-min-1-840x840.jpg 840w, https:\/\/ejavisa.com\/wp-content\/uploads\/2023\/04\/back-school-concept-with-woman-studying-library-min-1-315x315.jpg 315w\" \/>\t\t\t\t\t\t\t\n<h4>\n\t\t\t<a href=\"https:\/\/ejavisa.com\/it\/visto-britannico\/studio-ne-mbreterine-e-bashkuar\/\" title=\"Visto per motivi di studio nel Regno Unito\" target=\"_self\" rel=\"noopener\">\n\tVisto per motivi di studio nel Regno Unito\n\t\t\t<\/a>\n\t<\/h4>\n\t\t\t\t\t\t\t<img decoding=\"async\" loading=\"lazy\" width=\"300\" height=\"300\" src=\"https:\/\/ejavisa.com\/en\/wp-content\/uploads\/2023\/04\/parents-with-daughter-lying-autumn-leaves-park-min-300x300.jpg\" alt=\"una coppia di genitori con la figlia sdraiata tra le foglie autunnali in un parco\" itemprop=\"image\" title=\"una coppia di genitori con la figlia sdraiata tra le foglie autunnali in un parco\" onerror=\"this.style.display='none'\"  sizes=\"auto, (max-width: 768px) 100vw, 100vw\" srcset=\"https:\/\/ejavisa.com\/wp-content\/uploads\/2023\/04\/parents-with-daughter-lying-autumn-leaves-park-min-300x300.jpg 300w, https:\/\/ejavisa.com\/wp-content\/uploads\/2023\/04\/parents-with-daughter-lying-autumn-leaves-park-min-1024x1024.jpg 1024w, https:\/\/ejavisa.com\/wp-content\/uploads\/2023\/04\/parents-with-daughter-lying-autumn-leaves-park-min-150x150.jpg 150w, https:\/\/ejavisa.com\/wp-content\/uploads\/2023\/04\/parents-with-daughter-lying-autumn-leaves-park-min-768x768.jpg 768w, https:\/\/ejavisa.com\/wp-content\/uploads\/2023\/04\/parents-with-daughter-lying-autumn-leaves-park-min-1536x1536.jpg 1536w, https:\/\/ejavisa.com\/wp-content\/uploads\/2023\/04\/parents-with-daughter-lying-autumn-leaves-park-min-2048x2048.jpg 2048w, https:\/\/ejavisa.com\/wp-content\/uploads\/2023\/04\/parents-with-daughter-lying-autumn-leaves-park-min-1260x1260.jpg 1260w, https:\/\/ejavisa.com\/wp-content\/uploads\/2023\/04\/parents-with-daughter-lying-autumn-leaves-park-min-630x630.jpg 630w, https:\/\/ejavisa.com\/wp-content\/uploads\/2023\/04\/parents-with-daughter-lying-autumn-leaves-park-min-420x420.jpg 420w, https:\/\/ejavisa.com\/wp-content\/uploads\/2023\/04\/parents-with-daughter-lying-autumn-leaves-park-min-840x840.jpg 840w, https:\/\/ejavisa.com\/wp-content\/uploads\/2023\/04\/parents-with-daughter-lying-autumn-leaves-park-min-315x315.jpg 315w\" \/>\t\t\t\t\t\t\t\n<h4>\n\t\t\t<a href=\"https:\/\/ejavisa.com\/it\/visto-britannico\/richiedere-un-visto-per-coniugi-nel-regno-unito\/\" title=\"Visto per motivi familiari nel Regno Unito\" target=\"_self\" rel=\"noopener\">\n\tVisto per motivi familiari nel Regno Unito\n\t\t\t<\/a>\n\t<\/h4>\n\t<p><strong>Q\u00ebndrimi n\u00eb MB pasi t\u00eb jeni diplomuar.<\/strong><\/p>\n<p>Ju mund t\u00eb jeni n\u00eb gjendje t\u00eb q\u00ebndroni n\u00eb MB pasi t\u00eb keni p\u00ebrfunduar studimet n\u00ebse:<\/p>\nAplikoni p\u00ebr viz\u00eb &#8216;Pas Diplomimit&#8217; (Graduate Visa).<br \/>\nKjo viz\u00eb ju lejon t\u00eb q\u00ebndroni n\u00eb Mbret\u00ebrin\u00eb e Bashkuar p\u00ebr dy vjet n\u00ebse keni p\u00ebrfunduar nj\u00eb diplom\u00eb bachelor, pasuniversitare ose master dhe tre vjet n\u00ebse keni p\u00ebrfunduar nj\u00eb doktoratur\u00eb n\u00eb MB.\n<p>Aplikoni p\u00ebr viz\u00eb t\u00eb pun\u00ebtor\u00ebve t\u00eb kualifikuar (skilled Workers). T\u00eb diplomuarit n\u00ebn mosh\u00ebn 26 vje\u00e7 mund t\u00eb hyjn\u00eb n\u00eb tregun e pun\u00ebs si &#8220;t\u00eb rinj n\u00eb treg&#8221; duke u pajisur me viz\u00eb t\u00eb pun\u00ebtor\u00ebve t\u00eb kualifikuar.<\/p>\n<p>Aplikoni p\u00ebr viz\u00eb bashk\u00ebshortore. N\u00ebse jeni i martuar me nj\u00eb shtetas britanik ose me nj\u00eb person q\u00eb ka leje q\u00ebndrimi t\u00eb p\u00ebrhershme, mund t\u00eb aplikoni p\u00ebr k\u00ebt\u00eb viz\u00eb e cila ju jep t\u00eb drejt\u00ebn t\u00eb jetoni dhe t\u00eb punoni n\u00eb Mbret\u00ebrin\u00eb e Bashkuar p\u00ebr dy vjet e gjysm\u00eb pa kufizime.<\/p>\n<p>&nbsp;<\/p>\n<p><b>N\u00ebn 18 vje\u00e7: Viz\u00eb studentore p\u00ebr f\u00ebmij\u00eb.<\/b><\/p>\n<p>Viza studentore p\u00ebr f\u00ebmij\u00eb i lejon f\u00ebmij\u00ebt nga mosha kat\u00ebr deri n\u00eb 17 vje\u00e7 t\u00eb studiojn\u00eb me koh\u00eb t\u00eb plot\u00eb n\u00eb nj\u00eb shkoll\u00eb t\u00eb pavarur n\u00eb MB. Kushtet p\u00ebr k\u00ebt\u00eb viz\u00eb jan\u00eb:<\/p>\n<p>T\u00eb keni nj\u00eb ofert\u00eb t\u00eb pakusht\u00ebzuar p\u00ebr t\u00eb studiuar n\u00eb MB\u00a0<\/p>\n<p>T\u00eb merrni p\u00eblqimin e prindit ose kujdestarit tuaj<\/p>\n<p>T\u00eb keni para t\u00eb mjaftueshme p\u00ebr t\u00eb mbuluar tarifat e kursit dhe kostot e jetes\u00ebs<\/p>\n<p><strong>Pyetje t\u00eb shpeshta:<\/strong><\/p>\n<p><strong>1.A mund t\u00eb punoj gjat\u00eb koh\u00ebs q\u00eb jam me viz\u00eb studentore n\u00eb Mbret\u00ebrin\u00eb e Bashkuar?<\/strong><\/p>\n<p>N\u00ebse jeni duke studiuar me koh\u00eb t\u00eb plot\u00eb, mund t\u00eb punoni deri n\u00eb 20 or\u00eb n\u00eb jav\u00eb gjat\u00eb periudh\u00ebs s\u00eb shkoll\u00ebs dhe me orar t\u00eb plot\u00eb gjat\u00eb periudh\u00ebs s\u00eb pushimeve.\u00a0<\/p>\n<p><strong>2.Sa \u00ebsht\u00eb koh\u00ebzgjatja e viz\u00ebs studentore n\u00eb MB?\u00a0<\/strong><\/p>\n<p>Koh\u00ebzgjatja e viz\u00ebs studentore varet nga koha e studimit e p\u00ebrcaktuar n\u00eb konfimirmin e studimeve t\u00eb l\u00ebshuar nga Institucioni Arsimor.<\/p>\n<p><strong>3.Sa koh\u00eb p\u00ebrpara duhet t\u00eb aplikoj p\u00ebr viz\u00ebn studentore?<\/strong><\/p>\n<p>Afati p\u00ebr l\u00ebshimin e viz\u00ebs nga momenti i dh\u00ebnies s\u00eb shenjave t\u00eb gishtave \u00ebsht\u00eb 3- 4 jav\u00eb.\u00a0<\/p>\n<p><strong>5.A mund t\u00eb marr\u00a0<\/strong><strong>q\u00ebndrim t\u00eb p\u00ebrhersh\u00ebm n\u00eb MB n\u00ebp\u00ebrmjet viz\u00ebs studentore<\/strong><strong>?<\/strong><\/p>\n<p>Viza studentore n\u00eb vetvete nuk ju garanton q\u00ebndrim t\u00eb p\u00ebrhersh\u00ebm n\u00eb MB, por ju mund t\u00eb aplikoni p\u00ebr nj\u00eb viz\u00eb q\u00ebndrimi 2-vje\u00e7are pasi t\u00eb keni kryer studimet tuaja, m\u00eb pas mund t\u00eb aplikoni p\u00ebr viz\u00eb pune, e cila ju garanton q\u00ebndrimin e p\u00ebrhersh\u00ebm.\u00a0<\/p>\n\n<\/div><!-- .vgblk-rw-wrapper -->","protected":false},"excerpt":{"rendered":"<p>Studio n\u00eb Mbret\u00ebrin\u00eb e Bashkuar Aplikoni p\u00ebr nj\u00eb viz\u00eb studentore n\u00eb MB. MB krenohet me disa nga universitetet dhe shkollat m\u00eb t\u00eb mira n\u00eb bot\u00eb. Nj\u00eb tradit\u00eb e gjat\u00eb e arsimit t\u00eb klasit t\u00eb lart\u00eb e b\u00ebn vendin nj\u00eb destinacion t\u00eb zgjedhur p\u00ebr student\u00ebt nd\u00ebrkomb\u00ebtar\u00eb. Ka nj\u00eb s\u00ebr\u00eb vizash studimi n\u00eb Mbret\u00ebrin\u00eb e Bashkuar p\u00ebr&#8230;<\/p>","protected":false},"author":1,"featured_media":0,"parent":988342,"menu_order":0,"comment_status":"closed","ping_status":"closed","template":"","meta":{"footnotes":""},"class_list":["post-988266","page","type-page","status-publish","hentry"],"_links":{"self":[{"href":"https:\/\/ejavisa.com\/it\/wp-json\/wp\/v2\/pages\/988266","targetHints":{"allow":["GET"]}}],"collection":[{"href":"https:\/\/ejavisa.com\/it\/wp-json\/wp\/v2\/pages"}],"about":[{"href":"https:\/\/ejavisa.com\/it\/wp-json\/wp\/v2\/types\/page"}],"author":[{"embeddable":true,"href":"https:\/\/ejavisa.com\/it\/wp-json\/wp\/v2\/users\/1"}],"replies":[{"embeddable":true,"href":"https:\/\/ejavisa.com\/it\/wp-json\/wp\/v2\/comments?post=988266"}],"version-history":[{"count":12,"href":"https:\/\/ejavisa.com\/it\/wp-json\/wp\/v2\/pages\/988266\/revisions"}],"predecessor-version":[{"id":988499,"href":"https:\/\/ejavisa.com\/it\/wp-json\/wp\/v2\/pages\/988266\/revisions\/988499"}],"up":[{"embeddable":true,"href":"https:\/\/ejavisa.com\/it\/wp-json\/wp\/v2\/pages\/988342"}],"wp:attachment":[{"href":"https:\/\/ejavisa.com\/it\/wp-json\/wp\/v2\/media?parent=988266"}],"curies":[{"name":"wp","href":"https:\/\/api.w.org\/{rel}","templated":true}]}}