{"id":988271,"date":"2023-04-02T21:20:27","date_gmt":"2023-04-02T21:20:27","guid":{"rendered":"https:\/\/ejavisa.com\/en\/?page_id=988271"},"modified":"2023-04-05T21:58:56","modified_gmt":"2023-04-05T21:58:56","slug":"richiedere-un-visto-per-coniugi-nel-regno-unito","status":"publish","type":"page","link":"https:\/\/ejavisa.com\/it\/viza-britanike\/apliko-per-vize-bashkeshortore-ne-mbreterine-e-bashkuar\/","title":{"rendered":"Visto per ricongiungimento familiare"},"content":{"rendered":"<div class=\"vgblk-rw-wrapper limit-wrapper\">\n<h2>\n\tVisto per ricongiungimento familiare nel Regno Unito\n\t<\/h2>\n\t<p>I cittadini britannici o coloro che possiedono la residenza permanente nel Regno Unito hanno il diritto di presentare domanda per far entrare nel Regno Unito il proprio partner o coniuge. I visti per partner sono disponibili per chi \u00e8 sposato (o ha una relazione) con un cittadino britannico, un cittadino dell'UE o anche un cittadino extracomunitario.<\/p>\n\t\t\t<a href=\"https:\/\/api.whatsapp.com\/send?phone=355697035626\" target=\"_self\" role=\"button\" rel=\"noopener\">\n\t\t\t\t\t\tContattaci\n\t\t\t\t\t<\/a>\n\t<p>K\u00ebto viza referohen zyrtarisht si viz\u00eb &#8220;bashkim familjar me nj\u00eb person me leje q\u00ebndrimi t\u00eb p\u00ebrhershme n\u00eb MB&#8221; dhe kjo e b\u00ebn relativisht t\u00eb leht\u00eb q\u00eb\u00a0 partner\u00ebt ose bashk\u00ebshort\u00ebt e qytetar\u00ebve britanik\u00eb t&#8217;ju bashkohen atyre n\u00eb MB.<\/p>\n<p><b>Chi pu\u00f2 richiedere un visto per coniugi nel Regno Unito?<\/b><\/p>\n<p>Puoi richiedere questo visto se sei sposato con un cittadino britannico o con una persona che ha il diritto di vivere e lavorare nel Regno Unito o che possiede lo status di residente permanente nel Regno Unito (ovvero una persona titolare di un visto valido o di un permesso di soggiorno a tempo indeterminato (ILR)).<\/p>\n<p><b>Lavorare nel Regno Unito senza restrizioni.<\/b><\/p>\n<p>Il visto per ricongiungimento con il partner o il coniuge ti consente di vivere e lavorare nel Regno Unito per un periodo iniziale di due anni e mezzo, e ti permette inoltre di uscire dal Paese e rientrarvi pi\u00f9 volte. Alla scadenza dei due anni e mezzo, puoi richiedere di prolungare il tuo soggiorno nel Regno Unito per altri due anni e mezzo.\u00a0<\/p>\n<p>Una volta che avrai vissuto nel Regno Unito per un totale di cinque anni, potresti avere diritto a richiedere la residenza permanente.\u00a0<\/p>\n\t\t\t\t\t\t\t<img decoding=\"async\" loading=\"lazy\" width=\"2560\" height=\"2560\" src=\"https:\/\/ejavisa.com\/en\/wp-content\/uploads\/2023\/04\/portrait-young-woman-taking-pictures-holiday-min-scaled.jpg\" alt=\"portrait-young-woman-taking-pictures-holiday-min\" itemprop=\"image\" title=\"portrait-young-woman-taking-pictures-holiday-min\" onerror=\"this.style.display='none'\"  sizes=\"auto, (max-width: 768px) 100vw, 100vw\" srcset=\"https:\/\/ejavisa.com\/wp-content\/uploads\/2023\/04\/portrait-young-woman-taking-pictures-holiday-min-scaled.jpg 2560w, https:\/\/ejavisa.com\/wp-content\/uploads\/2023\/04\/portrait-young-woman-taking-pictures-holiday-min-300x300.jpg 300w, https:\/\/ejavisa.com\/wp-content\/uploads\/2023\/04\/portrait-young-woman-taking-pictures-holiday-min-1024x1024.jpg 1024w, https:\/\/ejavisa.com\/wp-content\/uploads\/2023\/04\/portrait-young-woman-taking-pictures-holiday-min-150x150.jpg 150w, https:\/\/ejavisa.com\/wp-content\/uploads\/2023\/04\/portrait-young-woman-taking-pictures-holiday-min-768x768.jpg 768w, https:\/\/ejavisa.com\/wp-content\/uploads\/2023\/04\/portrait-young-woman-taking-pictures-holiday-min-1536x1536.jpg 1536w, https:\/\/ejavisa.com\/wp-content\/uploads\/2023\/04\/portrait-young-woman-taking-pictures-holiday-min-2048x2048.jpg 2048w, https:\/\/ejavisa.com\/wp-content\/uploads\/2023\/04\/portrait-young-woman-taking-pictures-holiday-min-1260x1260.jpg 1260w, https:\/\/ejavisa.com\/wp-content\/uploads\/2023\/04\/portrait-young-woman-taking-pictures-holiday-min-630x630.jpg 630w, https:\/\/ejavisa.com\/wp-content\/uploads\/2023\/04\/portrait-young-woman-taking-pictures-holiday-min-420x420.jpg 420w, https:\/\/ejavisa.com\/wp-content\/uploads\/2023\/04\/portrait-young-woman-taking-pictures-holiday-min-840x840.jpg 840w, https:\/\/ejavisa.com\/wp-content\/uploads\/2023\/04\/portrait-young-woman-taking-pictures-holiday-min-315x315.jpg 315w\" \/>\t\t\t\t\t\t\t\n<h4>\n\t\t\t<a href=\"https:\/\/ejavisa.com\/it\/visto-britannico\/visto-turistico-standard\/\" title=\"Visto turistico per il Regno Unito\" target=\"_self\" rel=\"noopener\">\n\tVisto turistico per il Regno Unito\n\t\t\t<\/a>\n\t<\/h4>\n\t\t\t\t\t\t\t<img decoding=\"async\" loading=\"lazy\" width=\"2560\" height=\"2560\" src=\"https:\/\/ejavisa.com\/en\/wp-content\/uploads\/2023\/04\/young-employee-sitting-office-desk-min-scaled.jpg\" alt=\"young-employee-sitting-office-desk-min\" itemprop=\"image\" title=\"young-employee-sitting-office-desk-min\" onerror=\"this.style.display='none'\"  sizes=\"auto, (max-width: 768px) 100vw, 100vw\" srcset=\"https:\/\/ejavisa.com\/wp-content\/uploads\/2023\/04\/young-employee-sitting-office-desk-min-scaled.jpg 2560w, https:\/\/ejavisa.com\/wp-content\/uploads\/2023\/04\/young-employee-sitting-office-desk-min-300x300.jpg 300w, https:\/\/ejavisa.com\/wp-content\/uploads\/2023\/04\/young-employee-sitting-office-desk-min-1024x1024.jpg 1024w, https:\/\/ejavisa.com\/wp-content\/uploads\/2023\/04\/young-employee-sitting-office-desk-min-150x150.jpg 150w, https:\/\/ejavisa.com\/wp-content\/uploads\/2023\/04\/young-employee-sitting-office-desk-min-768x768.jpg 768w, https:\/\/ejavisa.com\/wp-content\/uploads\/2023\/04\/young-employee-sitting-office-desk-min-1536x1536.jpg 1536w, https:\/\/ejavisa.com\/wp-content\/uploads\/2023\/04\/young-employee-sitting-office-desk-min-2048x2048.jpg 2048w, https:\/\/ejavisa.com\/wp-content\/uploads\/2023\/04\/young-employee-sitting-office-desk-min-1260x1260.jpg 1260w, https:\/\/ejavisa.com\/wp-content\/uploads\/2023\/04\/young-employee-sitting-office-desk-min-630x630.jpg 630w, https:\/\/ejavisa.com\/wp-content\/uploads\/2023\/04\/young-employee-sitting-office-desk-min-420x420.jpg 420w, https:\/\/ejavisa.com\/wp-content\/uploads\/2023\/04\/young-employee-sitting-office-desk-min-840x840.jpg 840w, https:\/\/ejavisa.com\/wp-content\/uploads\/2023\/04\/young-employee-sitting-office-desk-min-315x315.jpg 315w\" \/>\t\t\t\t\t\t\t\n<h4>\n\t\t\t<a href=\"https:\/\/ejavisa.com\/it\/visto-britannico\/visto-di-lavoro-nel-regno-unito\/\" title=\"Visto di lavoro nel Regno Unito\" target=\"_self\" rel=\"noopener\">\n\tVisto di lavoro nel Regno Unito\n\t\t\t<\/a>\n\t<\/h4>\n\t\t\t\t\t\t\t<img decoding=\"async\" loading=\"lazy\" width=\"2560\" height=\"2560\" src=\"https:\/\/ejavisa.com\/en\/wp-content\/uploads\/2023\/04\/back-school-concept-with-woman-studying-library-min-1-scaled.jpg\" alt=\"Immagine di una donna che studia in biblioteca (1)\" itemprop=\"image\" title=\"Immagine di una donna che studia in biblioteca (1)\" onerror=\"this.style.display='none'\"  sizes=\"auto, (max-width: 768px) 100vw, 100vw\" srcset=\"https:\/\/ejavisa.com\/wp-content\/uploads\/2023\/04\/back-school-concept-with-woman-studying-library-min-1-scaled.jpg 2560w, https:\/\/ejavisa.com\/wp-content\/uploads\/2023\/04\/back-school-concept-with-woman-studying-library-min-1-300x300.jpg 300w, https:\/\/ejavisa.com\/wp-content\/uploads\/2023\/04\/back-school-concept-with-woman-studying-library-min-1-1024x1024.jpg 1024w, https:\/\/ejavisa.com\/wp-content\/uploads\/2023\/04\/back-school-concept-with-woman-studying-library-min-1-150x150.jpg 150w, https:\/\/ejavisa.com\/wp-content\/uploads\/2023\/04\/back-school-concept-with-woman-studying-library-min-1-768x768.jpg 768w, https:\/\/ejavisa.com\/wp-content\/uploads\/2023\/04\/back-school-concept-with-woman-studying-library-min-1-1536x1536.jpg 1536w, https:\/\/ejavisa.com\/wp-content\/uploads\/2023\/04\/back-school-concept-with-woman-studying-library-min-1-2048x2048.jpg 2048w, https:\/\/ejavisa.com\/wp-content\/uploads\/2023\/04\/back-school-concept-with-woman-studying-library-min-1-1260x1260.jpg 1260w, https:\/\/ejavisa.com\/wp-content\/uploads\/2023\/04\/back-school-concept-with-woman-studying-library-min-1-630x630.jpg 630w, https:\/\/ejavisa.com\/wp-content\/uploads\/2023\/04\/back-school-concept-with-woman-studying-library-min-1-420x420.jpg 420w, https:\/\/ejavisa.com\/wp-content\/uploads\/2023\/04\/back-school-concept-with-woman-studying-library-min-1-840x840.jpg 840w, https:\/\/ejavisa.com\/wp-content\/uploads\/2023\/04\/back-school-concept-with-woman-studying-library-min-1-315x315.jpg 315w\" \/>\t\t\t\t\t\t\t\n<h4>\n\t\t\t<a href=\"https:\/\/ejavisa.com\/it\/visto-britannico\/studio-ne-mbreterine-e-bashkuar\/\" title=\"Visto per motivi di studio nel Regno Unito\" target=\"_self\" rel=\"noopener\">\n\tVisto per motivi di studio nel Regno Unito\n\t\t\t<\/a>\n\t<\/h4>\n\t\t\t\t\t\t\t<img decoding=\"async\" loading=\"lazy\" width=\"300\" height=\"300\" src=\"https:\/\/ejavisa.com\/en\/wp-content\/uploads\/2023\/04\/parents-with-daughter-lying-autumn-leaves-park-min-300x300.jpg\" alt=\"una coppia di genitori con la figlia sdraiata tra le foglie autunnali in un parco\" itemprop=\"image\" title=\"una coppia di genitori con la figlia sdraiata tra le foglie autunnali in un parco\" onerror=\"this.style.display='none'\"  sizes=\"auto, (max-width: 768px) 100vw, 100vw\" srcset=\"https:\/\/ejavisa.com\/wp-content\/uploads\/2023\/04\/parents-with-daughter-lying-autumn-leaves-park-min-300x300.jpg 300w, https:\/\/ejavisa.com\/wp-content\/uploads\/2023\/04\/parents-with-daughter-lying-autumn-leaves-park-min-1024x1024.jpg 1024w, https:\/\/ejavisa.com\/wp-content\/uploads\/2023\/04\/parents-with-daughter-lying-autumn-leaves-park-min-150x150.jpg 150w, https:\/\/ejavisa.com\/wp-content\/uploads\/2023\/04\/parents-with-daughter-lying-autumn-leaves-park-min-768x768.jpg 768w, https:\/\/ejavisa.com\/wp-content\/uploads\/2023\/04\/parents-with-daughter-lying-autumn-leaves-park-min-1536x1536.jpg 1536w, https:\/\/ejavisa.com\/wp-content\/uploads\/2023\/04\/parents-with-daughter-lying-autumn-leaves-park-min-2048x2048.jpg 2048w, https:\/\/ejavisa.com\/wp-content\/uploads\/2023\/04\/parents-with-daughter-lying-autumn-leaves-park-min-1260x1260.jpg 1260w, https:\/\/ejavisa.com\/wp-content\/uploads\/2023\/04\/parents-with-daughter-lying-autumn-leaves-park-min-630x630.jpg 630w, https:\/\/ejavisa.com\/wp-content\/uploads\/2023\/04\/parents-with-daughter-lying-autumn-leaves-park-min-420x420.jpg 420w, https:\/\/ejavisa.com\/wp-content\/uploads\/2023\/04\/parents-with-daughter-lying-autumn-leaves-park-min-840x840.jpg 840w, https:\/\/ejavisa.com\/wp-content\/uploads\/2023\/04\/parents-with-daughter-lying-autumn-leaves-park-min-315x315.jpg 315w\" \/>\t\t\t\t\t\t\t\n<h4>\n\t\t\t<a href=\"https:\/\/ejavisa.com\/it\/visto-britannico\/richiedere-un-visto-per-coniugi-nel-regno-unito\/\" title=\"Visto per motivi familiari nel Regno Unito\" target=\"_self\" rel=\"noopener\">\n\tVisto per motivi familiari nel Regno Unito\n\t\t\t<\/a>\n\t<\/h4>\n\t<section id=\"Content_C016_Col00\" data-sf-element=\"content-narrow\" data-placeholder-label=\"Content Narrow\">\n<section id=\"Content_C016_Col00\" data-sf-element=\"content-narrow\" data-placeholder-label=\"Content Narrow\">\n<p>\u00c8 inoltre possibile richiedere un visto per coniugi o partner in una delle seguenti circostanze:<\/p>\n<ul>\n<li aria-level=\"1\">Se sei sposato\/a con una persona residente nel Regno Unito a cui \u00e8 stato concesso un visto per motivi di studio, oppure se hai una relazione stabile con tale persona.\u00a0<\/li>\n<li aria-level=\"1\">Se sei sposato\/a con, o hai una relazione stabile con, una persona titolare di un visto per lavoratori qualificati nel Regno Unito.<\/li>\n<li aria-level=\"1\">Se sei sposato\/a con, o hai una relazione stabile con, una persona titolare di un visto per motivi di lavoro o di investimento (con permesso di soggiorno nel Regno Unito)<\/li>\n<\/ul>\n<p><b>Criteri generali per il visto per coniugi:<\/b><\/p>\n<ul>\n<li>Essere sposati oppure poter dimostrare di aver convissuto con una persona idonea per due anni.\u00a0<\/li>\n<li>Soddisfare il requisito di reddito minimo di 18.600 sterline all'anno o di un patrimonio in contanti pari a 62.500 sterline.<\/li>\n<li>Se hai intenzione di sposarti entro sei mesi.<\/li>\n<\/ul>\n<\/section>\n<\/section>\n\n<\/div><!-- .vgblk-rw-wrapper -->","protected":false},"excerpt":{"rendered":"<p>Viz\u00eb bashkimi familjar n\u00eb MB N\u00ebnshtetasit Britanik ose ata t\u00eb pajisur me leje t\u00eb p\u00ebrhershme q\u00ebndrimi n\u00eb Mbret\u00ebrin\u00eb e Bashkuar kan\u00eb t\u00eb drejt\u00eb t\u00eb aplikojn\u00eb p\u00ebr t\u00eb sjell\u00eb partnerin ose bashk\u00ebshortin e tyre n\u00eb MB. Vizat e partnerit jan\u00eb t\u00eb disponueshme p\u00ebr ata t\u00eb martuar me (ose n\u00eb nj\u00eb marr\u00ebdh\u00ebnie me) nj\u00eb shtetas britanik, nj\u00eb&#8230;<\/p>","protected":false},"author":1,"featured_media":0,"parent":988342,"menu_order":0,"comment_status":"closed","ping_status":"closed","template":"","meta":{"footnotes":""},"class_list":["post-988271","page","type-page","status-publish","hentry"],"_links":{"self":[{"href":"https:\/\/ejavisa.com\/it\/wp-json\/wp\/v2\/pages\/988271","targetHints":{"allow":["GET"]}}],"collection":[{"href":"https:\/\/ejavisa.com\/it\/wp-json\/wp\/v2\/pages"}],"about":[{"href":"https:\/\/ejavisa.com\/it\/wp-json\/wp\/v2\/types\/page"}],"author":[{"embeddable":true,"href":"https:\/\/ejavisa.com\/it\/wp-json\/wp\/v2\/users\/1"}],"replies":[{"embeddable":true,"href":"https:\/\/ejavisa.com\/it\/wp-json\/wp\/v2\/comments?post=988271"}],"version-history":[{"count":17,"href":"https:\/\/ejavisa.com\/it\/wp-json\/wp\/v2\/pages\/988271\/revisions"}],"predecessor-version":[{"id":988498,"href":"https:\/\/ejavisa.com\/it\/wp-json\/wp\/v2\/pages\/988271\/revisions\/988498"}],"up":[{"embeddable":true,"href":"https:\/\/ejavisa.com\/it\/wp-json\/wp\/v2\/pages\/988342"}],"wp:attachment":[{"href":"https:\/\/ejavisa.com\/it\/wp-json\/wp\/v2\/media?parent=988271"}],"curies":[{"name":"wp","href":"https:\/\/api.w.org\/{rel}","templated":true}]}}