{"id":988290,"date":"2023-04-02T21:52:23","date_gmt":"2023-04-02T21:52:23","guid":{"rendered":"https:\/\/ejavisa.com\/en\/?page_id=988290"},"modified":"2024-09-15T16:20:23","modified_gmt":"2024-09-15T16:20:23","slug":"traduzioni","status":"publish","type":"page","link":"https:\/\/ejavisa.com\/it\/perkthime\/","title":{"rendered":"Traduzioni"},"content":{"rendered":"<div class=\"vgblk-rw-wrapper limit-wrapper\">\n<h2>\n\tServizi di traduzione professionali \n\t<\/h2>\n\t<p>I nostri servizi di traduzione professionale sono certificati e hanno valore legale, ed sono validi per l'uso al di fuori dell'Albania. <\/p>\n\t\t\t<a href=\"https:\/\/api.whatsapp.com\/send?phone=355697035626\" target=\"_self\" role=\"button\" rel=\"noopener\">\n\t\t\t\t\t\tContattaci\n\t\t\t\t\t<\/a>\n\t<p>I nostri servizi di traduzione professionale sono certificati e hanno valore legale, e possono essere utilizzati sia in Albania che all'estero.\u00a0<\/p>\n<p>Offriamo servizi di traduzione scritta, interpretariato di conferenza e riunioni online, e siamo in grado di gestire grandi volumi in tempi brevi. Forniamo inoltre servizi di traduzione per diverse aziende in Albania. Per ulteriori informazioni sulle procedure e sui documenti che potrebbero dover essere tradotti per le aziende, consultate <strong><a href=\"https:\/\/smealbania.com\/al\/\" rel=\"nofollow noopener\" target=\"_blank\">Non in Albania<\/a><\/strong>.<\/p>\n<p>La rete di traduttori \u00e8 composta da professionisti del settore, a garanzia di qualit\u00e0 e accuratezza.\u00a0<\/p>\n<h3>\n\tAlcuni visti britannici\n\t<\/h3>\n\t\t\t\t\t\t\t<img decoding=\"async\" loading=\"lazy\" width=\"2560\" height=\"2560\" src=\"https:\/\/ejavisa.com\/en\/wp-content\/uploads\/2023\/04\/portrait-young-woman-taking-pictures-holiday-min-scaled.jpg\" alt=\"portrait-young-woman-taking-pictures-holiday-min\" itemprop=\"image\" title=\"portrait-young-woman-taking-pictures-holiday-min\" onerror=\"this.style.display='none'\"  sizes=\"auto, (max-width: 768px) 100vw, 100vw\" srcset=\"https:\/\/ejavisa.com\/wp-content\/uploads\/2023\/04\/portrait-young-woman-taking-pictures-holiday-min-scaled.jpg 2560w, https:\/\/ejavisa.com\/wp-content\/uploads\/2023\/04\/portrait-young-woman-taking-pictures-holiday-min-300x300.jpg 300w, https:\/\/ejavisa.com\/wp-content\/uploads\/2023\/04\/portrait-young-woman-taking-pictures-holiday-min-1024x1024.jpg 1024w, https:\/\/ejavisa.com\/wp-content\/uploads\/2023\/04\/portrait-young-woman-taking-pictures-holiday-min-150x150.jpg 150w, https:\/\/ejavisa.com\/wp-content\/uploads\/2023\/04\/portrait-young-woman-taking-pictures-holiday-min-768x768.jpg 768w, https:\/\/ejavisa.com\/wp-content\/uploads\/2023\/04\/portrait-young-woman-taking-pictures-holiday-min-1536x1536.jpg 1536w, https:\/\/ejavisa.com\/wp-content\/uploads\/2023\/04\/portrait-young-woman-taking-pictures-holiday-min-2048x2048.jpg 2048w, https:\/\/ejavisa.com\/wp-content\/uploads\/2023\/04\/portrait-young-woman-taking-pictures-holiday-min-1260x1260.jpg 1260w, https:\/\/ejavisa.com\/wp-content\/uploads\/2023\/04\/portrait-young-woman-taking-pictures-holiday-min-630x630.jpg 630w, https:\/\/ejavisa.com\/wp-content\/uploads\/2023\/04\/portrait-young-woman-taking-pictures-holiday-min-420x420.jpg 420w, https:\/\/ejavisa.com\/wp-content\/uploads\/2023\/04\/portrait-young-woman-taking-pictures-holiday-min-840x840.jpg 840w, https:\/\/ejavisa.com\/wp-content\/uploads\/2023\/04\/portrait-young-woman-taking-pictures-holiday-min-315x315.jpg 315w\" \/>\t\t\t\t\t\t\t\n<h4>\n\tVisto turistico per il Regno Unito\n\t<\/h4>\n\t\t\t\t\t\t\t<img decoding=\"async\" loading=\"lazy\" width=\"2560\" height=\"2560\" src=\"https:\/\/ejavisa.com\/en\/wp-content\/uploads\/2023\/04\/young-employee-sitting-office-desk-min-scaled.jpg\" alt=\"young-employee-sitting-office-desk-min\" itemprop=\"image\" title=\"young-employee-sitting-office-desk-min\" onerror=\"this.style.display='none'\"  sizes=\"auto, (max-width: 768px) 100vw, 100vw\" srcset=\"https:\/\/ejavisa.com\/wp-content\/uploads\/2023\/04\/young-employee-sitting-office-desk-min-scaled.jpg 2560w, https:\/\/ejavisa.com\/wp-content\/uploads\/2023\/04\/young-employee-sitting-office-desk-min-300x300.jpg 300w, https:\/\/ejavisa.com\/wp-content\/uploads\/2023\/04\/young-employee-sitting-office-desk-min-1024x1024.jpg 1024w, https:\/\/ejavisa.com\/wp-content\/uploads\/2023\/04\/young-employee-sitting-office-desk-min-150x150.jpg 150w, https:\/\/ejavisa.com\/wp-content\/uploads\/2023\/04\/young-employee-sitting-office-desk-min-768x768.jpg 768w, https:\/\/ejavisa.com\/wp-content\/uploads\/2023\/04\/young-employee-sitting-office-desk-min-1536x1536.jpg 1536w, https:\/\/ejavisa.com\/wp-content\/uploads\/2023\/04\/young-employee-sitting-office-desk-min-2048x2048.jpg 2048w, https:\/\/ejavisa.com\/wp-content\/uploads\/2023\/04\/young-employee-sitting-office-desk-min-1260x1260.jpg 1260w, https:\/\/ejavisa.com\/wp-content\/uploads\/2023\/04\/young-employee-sitting-office-desk-min-630x630.jpg 630w, https:\/\/ejavisa.com\/wp-content\/uploads\/2023\/04\/young-employee-sitting-office-desk-min-420x420.jpg 420w, https:\/\/ejavisa.com\/wp-content\/uploads\/2023\/04\/young-employee-sitting-office-desk-min-840x840.jpg 840w, https:\/\/ejavisa.com\/wp-content\/uploads\/2023\/04\/young-employee-sitting-office-desk-min-315x315.jpg 315w\" \/>\t\t\t\t\t\t\t\n<h4>\n\tVisto di lavoro nel Regno Unito\n\t<\/h4>\n\t\t\t\t\t\t\t<img decoding=\"async\" loading=\"lazy\" width=\"2560\" height=\"2560\" src=\"https:\/\/ejavisa.com\/en\/wp-content\/uploads\/2023\/04\/back-school-concept-with-woman-studying-library-min-1-scaled.jpg\" alt=\"Immagine di una donna che studia in biblioteca (1)\" itemprop=\"image\" title=\"Immagine di una donna che studia in biblioteca (1)\" onerror=\"this.style.display='none'\"  sizes=\"auto, (max-width: 768px) 100vw, 100vw\" srcset=\"https:\/\/ejavisa.com\/wp-content\/uploads\/2023\/04\/back-school-concept-with-woman-studying-library-min-1-scaled.jpg 2560w, https:\/\/ejavisa.com\/wp-content\/uploads\/2023\/04\/back-school-concept-with-woman-studying-library-min-1-300x300.jpg 300w, https:\/\/ejavisa.com\/wp-content\/uploads\/2023\/04\/back-school-concept-with-woman-studying-library-min-1-1024x1024.jpg 1024w, https:\/\/ejavisa.com\/wp-content\/uploads\/2023\/04\/back-school-concept-with-woman-studying-library-min-1-150x150.jpg 150w, https:\/\/ejavisa.com\/wp-content\/uploads\/2023\/04\/back-school-concept-with-woman-studying-library-min-1-768x768.jpg 768w, https:\/\/ejavisa.com\/wp-content\/uploads\/2023\/04\/back-school-concept-with-woman-studying-library-min-1-1536x1536.jpg 1536w, https:\/\/ejavisa.com\/wp-content\/uploads\/2023\/04\/back-school-concept-with-woman-studying-library-min-1-2048x2048.jpg 2048w, https:\/\/ejavisa.com\/wp-content\/uploads\/2023\/04\/back-school-concept-with-woman-studying-library-min-1-1260x1260.jpg 1260w, https:\/\/ejavisa.com\/wp-content\/uploads\/2023\/04\/back-school-concept-with-woman-studying-library-min-1-630x630.jpg 630w, https:\/\/ejavisa.com\/wp-content\/uploads\/2023\/04\/back-school-concept-with-woman-studying-library-min-1-420x420.jpg 420w, https:\/\/ejavisa.com\/wp-content\/uploads\/2023\/04\/back-school-concept-with-woman-studying-library-min-1-840x840.jpg 840w, https:\/\/ejavisa.com\/wp-content\/uploads\/2023\/04\/back-school-concept-with-woman-studying-library-min-1-315x315.jpg 315w\" \/>\t\t\t\t\t\t\t\n<h4>\n\tVisto per motivi di studio nel Regno Unito\n\t<\/h4>\n\t\t\t\t\t\t\t<img decoding=\"async\" loading=\"lazy\" width=\"300\" height=\"300\" src=\"https:\/\/ejavisa.com\/en\/wp-content\/uploads\/2023\/04\/parents-with-daughter-lying-autumn-leaves-park-min-300x300.jpg\" alt=\"una coppia di genitori con la figlia sdraiata tra le foglie autunnali in un parco\" itemprop=\"image\" title=\"una coppia di genitori con la figlia sdraiata tra le foglie autunnali in un parco\" onerror=\"this.style.display='none'\"  sizes=\"auto, (max-width: 768px) 100vw, 100vw\" srcset=\"https:\/\/ejavisa.com\/wp-content\/uploads\/2023\/04\/parents-with-daughter-lying-autumn-leaves-park-min-300x300.jpg 300w, https:\/\/ejavisa.com\/wp-content\/uploads\/2023\/04\/parents-with-daughter-lying-autumn-leaves-park-min-1024x1024.jpg 1024w, https:\/\/ejavisa.com\/wp-content\/uploads\/2023\/04\/parents-with-daughter-lying-autumn-leaves-park-min-150x150.jpg 150w, https:\/\/ejavisa.com\/wp-content\/uploads\/2023\/04\/parents-with-daughter-lying-autumn-leaves-park-min-768x768.jpg 768w, https:\/\/ejavisa.com\/wp-content\/uploads\/2023\/04\/parents-with-daughter-lying-autumn-leaves-park-min-1536x1536.jpg 1536w, https:\/\/ejavisa.com\/wp-content\/uploads\/2023\/04\/parents-with-daughter-lying-autumn-leaves-park-min-2048x2048.jpg 2048w, https:\/\/ejavisa.com\/wp-content\/uploads\/2023\/04\/parents-with-daughter-lying-autumn-leaves-park-min-1260x1260.jpg 1260w, https:\/\/ejavisa.com\/wp-content\/uploads\/2023\/04\/parents-with-daughter-lying-autumn-leaves-park-min-630x630.jpg 630w, https:\/\/ejavisa.com\/wp-content\/uploads\/2023\/04\/parents-with-daughter-lying-autumn-leaves-park-min-420x420.jpg 420w, https:\/\/ejavisa.com\/wp-content\/uploads\/2023\/04\/parents-with-daughter-lying-autumn-leaves-park-min-840x840.jpg 840w, https:\/\/ejavisa.com\/wp-content\/uploads\/2023\/04\/parents-with-daughter-lying-autumn-leaves-park-min-315x315.jpg 315w\" \/>\t\t\t\t\t\t\t\n<h4>\n\tVisto per motivi familiari nel Regno Unito\n\t<\/h4>\n\t<p><strong>Traduzioni di documenti per il visto britannico.<\/strong><\/p>\n\t<p>Kur b\u00ebni nj\u00eb aplikim p\u00ebr viz\u00eb n\u00eb Mbret\u00ebrin\u00eb e Bashkuar, do t&#8217;ju duhet t\u00eb paraqisni nj\u00eb version t\u00eb p\u00ebrkthyer t\u00eb \u00e7do dokumenti q\u00eb nuk \u00ebsht\u00eb i shkruar n\u00eb anglisht.<\/p>\n<p><strong>Ad esempio:<\/strong><\/p>\n1. Certificato di nascita<br \/>\n2. Estratto conto bancario<br \/>\n3. Il certificato di matrimonio\n<p><em>\u00c8 necessario presentare questi documenti tradotti insieme agli originali.<\/em><\/p>\n<p><strong>I documenti tradotti devono:<\/strong><\/p>\n<ul>\n<li aria-level=\"1\">Da far tradurre da un traduttore professionista o da un'agenzia di traduzioni.<\/li>\n<li aria-level=\"1\">Allegare la dichiarazione del traduttore che attesti che la traduzione \u00e8 accurata e fedele al documento originale.<\/li>\n<li aria-level=\"1\">Per conoscere le credenziali del traduttore o dell'agenzia di traduzione.<\/li>\n<li aria-level=\"1\">Indicare il nome completo e la firma del traduttore oppure il nome completo e la firma di un funzionario autorizzato dell'agenzia di traduzione.<\/li>\n<\/ul>\n<p><em>La tua domanda di visto potrebbe essere respinta se i documenti tradotti che presenti non soddisfano tali requisiti.<\/em><\/p>\n\n<\/div><!-- .vgblk-rw-wrapper -->","protected":false},"excerpt":{"rendered":"<p>Sh\u00ebrbime profesionale p\u00ebrkthimi Sh\u00ebrbimet tona profesionale t\u00eb p\u00ebrkthimit jan\u00eb t\u00eb \u00e7ertifikuara dhe ligjore, t\u00eb vlefshme p\u00ebr tu p\u00ebrdorur dhe jasht\u00eb Shqip\u00ebris\u00eb. Na Kontaktoni Sh\u00ebrbimet tona profesionale t\u00eb p\u00ebrkthimit jan\u00eb t\u00eb certifikuara dhe ligjore, t\u00eb vlefshme p\u00ebr tu p\u00ebrdorur dhe jasht\u00eb Shqip\u00ebris\u00eb.\u00a0 Ne ofrojm\u00eb sh\u00ebrbime t\u00eb p\u00ebrkthimit me shkrim, n\u00eb konferenca, takime online dhe t\u00eb aft\u00eb&#8230;<\/p>","protected":false},"author":1,"featured_media":0,"parent":0,"menu_order":0,"comment_status":"closed","ping_status":"closed","template":"","meta":{"footnotes":""},"class_list":["post-988290","page","type-page","status-publish","hentry"],"_links":{"self":[{"href":"https:\/\/ejavisa.com\/it\/wp-json\/wp\/v2\/pages\/988290","targetHints":{"allow":["GET"]}}],"collection":[{"href":"https:\/\/ejavisa.com\/it\/wp-json\/wp\/v2\/pages"}],"about":[{"href":"https:\/\/ejavisa.com\/it\/wp-json\/wp\/v2\/types\/page"}],"author":[{"embeddable":true,"href":"https:\/\/ejavisa.com\/it\/wp-json\/wp\/v2\/users\/1"}],"replies":[{"embeddable":true,"href":"https:\/\/ejavisa.com\/it\/wp-json\/wp\/v2\/comments?post=988290"}],"version-history":[{"count":14,"href":"https:\/\/ejavisa.com\/it\/wp-json\/wp\/v2\/pages\/988290\/revisions"}],"predecessor-version":[{"id":988580,"href":"https:\/\/ejavisa.com\/it\/wp-json\/wp\/v2\/pages\/988290\/revisions\/988580"}],"wp:attachment":[{"href":"https:\/\/ejavisa.com\/it\/wp-json\/wp\/v2\/media?parent=988290"}],"curies":[{"name":"wp","href":"https:\/\/api.w.org\/{rel}","templated":true}]}}