{"id":988328,"date":"2023-04-04T23:03:10","date_gmt":"2023-04-04T23:03:10","guid":{"rendered":"https:\/\/ejavisa.com\/en\/?page_id=988328"},"modified":"2024-11-14T12:37:20","modified_gmt":"2024-11-14T12:37:20","slug":"visto-di-viaggio-per-gli-emirati-arabi-uniti","status":"publish","type":"page","link":"https:\/\/ejavisa.com\/it\/viza-udhetimi-ne-shba\/","title":{"rendered":"Richiedi un visto per gli Stati Uniti"},"content":{"rendered":"<div class=\"vgblk-rw-wrapper limit-wrapper\">\n<h2>\n\tRichiedi un visto per gli Stati Uniti\n\t<\/h2>\n\t<p>Richiedi un visto per gli Stati Uniti. Il visto turistico B1\/B2 \u00e8 destinato a chi desidera recarsi negli Stati Uniti per un soggiorno di breve durata a scopo turistico, per visite familiari o per motivi di lavoro.<\/p>\n\t\t\t<a href=\"https:\/\/api.whatsapp.com\/send?phone=355697035626\" target=\"_self\" role=\"button\" rel=\"noopener\">\n\t\t\t\t\t\tContattaci\n\t\t\t\t\t<\/a>\n\t<p>I richiedenti un visto per gli Stati Uniti devono dimostrare di soddisfare i requisiti previsti dalla legge sull'immigrazione e la cittadinanza (Immigration and Nationality Act). Secondo la legge, si presume che ogni richiedente un visto turistico sia un potenziale immigrato.<\/p>\n<p><strong>Pertanto, i richiedenti il visto turistico devono confutare tale presunzione dimostrando che:<\/strong><\/p>\n<ul>\n<li>Lo scopo del loro viaggio \u00e8 entrare negli Stati Uniti per motivi di lavoro, di svago o per cure mediche.<\/li>\n<li>Che intendono rimanere per un periodo specifico e limitato.<\/li>\n<li>Che abbiano una residenza al di fuori degli Stati Uniti, nonch\u00e9 altri legami vincolanti che garantiscano il loro ritorno all'estero al termine della visita.<\/li>\n<\/ul>\n\t\n\t\t\t\t\t\t\t<img decoding=\"async\" loading=\"lazy\" width=\"2560\" height=\"2560\" src=\"https:\/\/ejavisa.com\/en\/wp-content\/uploads\/2023\/04\/portrait-young-woman-taking-pictures-holiday-min-scaled.jpg\" alt=\"portrait-young-woman-taking-pictures-holiday-min\" itemprop=\"image\" title=\"portrait-young-woman-taking-pictures-holiday-min\" onerror=\"this.style.display='none'\"  sizes=\"auto, (max-width: 768px) 100vw, 100vw\" srcset=\"https:\/\/ejavisa.com\/wp-content\/uploads\/2023\/04\/portrait-young-woman-taking-pictures-holiday-min-scaled.jpg 2560w, https:\/\/ejavisa.com\/wp-content\/uploads\/2023\/04\/portrait-young-woman-taking-pictures-holiday-min-300x300.jpg 300w, https:\/\/ejavisa.com\/wp-content\/uploads\/2023\/04\/portrait-young-woman-taking-pictures-holiday-min-1024x1024.jpg 1024w, https:\/\/ejavisa.com\/wp-content\/uploads\/2023\/04\/portrait-young-woman-taking-pictures-holiday-min-150x150.jpg 150w, https:\/\/ejavisa.com\/wp-content\/uploads\/2023\/04\/portrait-young-woman-taking-pictures-holiday-min-768x768.jpg 768w, https:\/\/ejavisa.com\/wp-content\/uploads\/2023\/04\/portrait-young-woman-taking-pictures-holiday-min-1536x1536.jpg 1536w, https:\/\/ejavisa.com\/wp-content\/uploads\/2023\/04\/portrait-young-woman-taking-pictures-holiday-min-2048x2048.jpg 2048w, https:\/\/ejavisa.com\/wp-content\/uploads\/2023\/04\/portrait-young-woman-taking-pictures-holiday-min-1260x1260.jpg 1260w, https:\/\/ejavisa.com\/wp-content\/uploads\/2023\/04\/portrait-young-woman-taking-pictures-holiday-min-630x630.jpg 630w, https:\/\/ejavisa.com\/wp-content\/uploads\/2023\/04\/portrait-young-woman-taking-pictures-holiday-min-420x420.jpg 420w, https:\/\/ejavisa.com\/wp-content\/uploads\/2023\/04\/portrait-young-woman-taking-pictures-holiday-min-840x840.jpg 840w, https:\/\/ejavisa.com\/wp-content\/uploads\/2023\/04\/portrait-young-woman-taking-pictures-holiday-min-315x315.jpg 315w\" \/>\t\t\t\t\t\t\t\n<h4>\n\t\t\t<a href=\"https:\/\/ejavisa.com\/it\/visto-britannico\/visto-turistico-standard\/\" title=\"Visto turistico per il Regno Unito\" target=\"_self\" rel=\"noopener\">\n\tVisto turistico per il Regno Unito\n\t\t\t<\/a>\n\t<\/h4>\n\t\t\t\t\t\t\t<img decoding=\"async\" loading=\"lazy\" width=\"2560\" height=\"2560\" src=\"https:\/\/ejavisa.com\/en\/wp-content\/uploads\/2023\/04\/young-employee-sitting-office-desk-min-scaled.jpg\" alt=\"young-employee-sitting-office-desk-min\" itemprop=\"image\" title=\"young-employee-sitting-office-desk-min\" onerror=\"this.style.display='none'\"  sizes=\"auto, (max-width: 768px) 100vw, 100vw\" srcset=\"https:\/\/ejavisa.com\/wp-content\/uploads\/2023\/04\/young-employee-sitting-office-desk-min-scaled.jpg 2560w, https:\/\/ejavisa.com\/wp-content\/uploads\/2023\/04\/young-employee-sitting-office-desk-min-300x300.jpg 300w, https:\/\/ejavisa.com\/wp-content\/uploads\/2023\/04\/young-employee-sitting-office-desk-min-1024x1024.jpg 1024w, https:\/\/ejavisa.com\/wp-content\/uploads\/2023\/04\/young-employee-sitting-office-desk-min-150x150.jpg 150w, https:\/\/ejavisa.com\/wp-content\/uploads\/2023\/04\/young-employee-sitting-office-desk-min-768x768.jpg 768w, https:\/\/ejavisa.com\/wp-content\/uploads\/2023\/04\/young-employee-sitting-office-desk-min-1536x1536.jpg 1536w, https:\/\/ejavisa.com\/wp-content\/uploads\/2023\/04\/young-employee-sitting-office-desk-min-2048x2048.jpg 2048w, https:\/\/ejavisa.com\/wp-content\/uploads\/2023\/04\/young-employee-sitting-office-desk-min-1260x1260.jpg 1260w, https:\/\/ejavisa.com\/wp-content\/uploads\/2023\/04\/young-employee-sitting-office-desk-min-630x630.jpg 630w, https:\/\/ejavisa.com\/wp-content\/uploads\/2023\/04\/young-employee-sitting-office-desk-min-420x420.jpg 420w, https:\/\/ejavisa.com\/wp-content\/uploads\/2023\/04\/young-employee-sitting-office-desk-min-840x840.jpg 840w, https:\/\/ejavisa.com\/wp-content\/uploads\/2023\/04\/young-employee-sitting-office-desk-min-315x315.jpg 315w\" \/>\t\t\t\t\t\t\t\n<h4>\n\t\t\t<a href=\"https:\/\/ejavisa.com\/it\/visto-britannico\/visto-di-lavoro-nel-regno-unito\/\" title=\"Visto di lavoro nel Regno Unito\" target=\"_self\" rel=\"noopener\">\n\tVisto di lavoro nel Regno Unito\n\t\t\t<\/a>\n\t<\/h4>\n\t\t\t\t\t\t\t<img decoding=\"async\" loading=\"lazy\" width=\"2560\" height=\"2560\" src=\"https:\/\/ejavisa.com\/en\/wp-content\/uploads\/2023\/04\/back-school-concept-with-woman-studying-library-min-1-scaled.jpg\" alt=\"Immagine di una donna che studia in biblioteca (1)\" itemprop=\"image\" title=\"Immagine di una donna che studia in biblioteca (1)\" onerror=\"this.style.display='none'\"  sizes=\"auto, (max-width: 768px) 100vw, 100vw\" srcset=\"https:\/\/ejavisa.com\/wp-content\/uploads\/2023\/04\/back-school-concept-with-woman-studying-library-min-1-scaled.jpg 2560w, https:\/\/ejavisa.com\/wp-content\/uploads\/2023\/04\/back-school-concept-with-woman-studying-library-min-1-300x300.jpg 300w, https:\/\/ejavisa.com\/wp-content\/uploads\/2023\/04\/back-school-concept-with-woman-studying-library-min-1-1024x1024.jpg 1024w, https:\/\/ejavisa.com\/wp-content\/uploads\/2023\/04\/back-school-concept-with-woman-studying-library-min-1-150x150.jpg 150w, https:\/\/ejavisa.com\/wp-content\/uploads\/2023\/04\/back-school-concept-with-woman-studying-library-min-1-768x768.jpg 768w, https:\/\/ejavisa.com\/wp-content\/uploads\/2023\/04\/back-school-concept-with-woman-studying-library-min-1-1536x1536.jpg 1536w, https:\/\/ejavisa.com\/wp-content\/uploads\/2023\/04\/back-school-concept-with-woman-studying-library-min-1-2048x2048.jpg 2048w, https:\/\/ejavisa.com\/wp-content\/uploads\/2023\/04\/back-school-concept-with-woman-studying-library-min-1-1260x1260.jpg 1260w, https:\/\/ejavisa.com\/wp-content\/uploads\/2023\/04\/back-school-concept-with-woman-studying-library-min-1-630x630.jpg 630w, https:\/\/ejavisa.com\/wp-content\/uploads\/2023\/04\/back-school-concept-with-woman-studying-library-min-1-420x420.jpg 420w, https:\/\/ejavisa.com\/wp-content\/uploads\/2023\/04\/back-school-concept-with-woman-studying-library-min-1-840x840.jpg 840w, https:\/\/ejavisa.com\/wp-content\/uploads\/2023\/04\/back-school-concept-with-woman-studying-library-min-1-315x315.jpg 315w\" \/>\t\t\t\t\t\t\t\n<h4>\n\t\t\t<a href=\"https:\/\/ejavisa.com\/it\/visto-britannico\/studio-ne-mbreterine-e-bashkuar\/\" title=\"Visto per motivi di studio nel Regno Unito\" target=\"_self\" rel=\"noopener\">\n\tVisto per motivi di studio nel Regno Unito\n\t\t\t<\/a>\n\t<\/h4>\n\t\t\t\t\t\t\t<img decoding=\"async\" loading=\"lazy\" width=\"300\" height=\"300\" src=\"https:\/\/ejavisa.com\/en\/wp-content\/uploads\/2023\/04\/parents-with-daughter-lying-autumn-leaves-park-min-300x300.jpg\" alt=\"una coppia di genitori con la figlia sdraiata tra le foglie autunnali in un parco\" itemprop=\"image\" title=\"una coppia di genitori con la figlia sdraiata tra le foglie autunnali in un parco\" onerror=\"this.style.display='none'\"  sizes=\"auto, (max-width: 768px) 100vw, 100vw\" srcset=\"https:\/\/ejavisa.com\/wp-content\/uploads\/2023\/04\/parents-with-daughter-lying-autumn-leaves-park-min-300x300.jpg 300w, https:\/\/ejavisa.com\/wp-content\/uploads\/2023\/04\/parents-with-daughter-lying-autumn-leaves-park-min-1024x1024.jpg 1024w, https:\/\/ejavisa.com\/wp-content\/uploads\/2023\/04\/parents-with-daughter-lying-autumn-leaves-park-min-150x150.jpg 150w, https:\/\/ejavisa.com\/wp-content\/uploads\/2023\/04\/parents-with-daughter-lying-autumn-leaves-park-min-768x768.jpg 768w, https:\/\/ejavisa.com\/wp-content\/uploads\/2023\/04\/parents-with-daughter-lying-autumn-leaves-park-min-1536x1536.jpg 1536w, https:\/\/ejavisa.com\/wp-content\/uploads\/2023\/04\/parents-with-daughter-lying-autumn-leaves-park-min-2048x2048.jpg 2048w, https:\/\/ejavisa.com\/wp-content\/uploads\/2023\/04\/parents-with-daughter-lying-autumn-leaves-park-min-1260x1260.jpg 1260w, https:\/\/ejavisa.com\/wp-content\/uploads\/2023\/04\/parents-with-daughter-lying-autumn-leaves-park-min-630x630.jpg 630w, https:\/\/ejavisa.com\/wp-content\/uploads\/2023\/04\/parents-with-daughter-lying-autumn-leaves-park-min-420x420.jpg 420w, https:\/\/ejavisa.com\/wp-content\/uploads\/2023\/04\/parents-with-daughter-lying-autumn-leaves-park-min-840x840.jpg 840w, https:\/\/ejavisa.com\/wp-content\/uploads\/2023\/04\/parents-with-daughter-lying-autumn-leaves-park-min-315x315.jpg 315w\" \/>\t\t\t\t\t\t\t\n<h4>\n\t\t\t<a href=\"https:\/\/ejavisa.com\/it\/visto-britannico\/richiedere-un-visto-per-coniugi-nel-regno-unito\/\" title=\"Visto per motivi familiari nel Regno Unito\" target=\"_self\" rel=\"noopener\">\n\tVisto per motivi familiari nel Regno Unito\n\t\t\t<\/a>\n\t<\/h4>\n\t<p><strong>Esigenze del richiedente:<\/strong><\/p>\n<ul>\n<li>Il modulo DS-160 compilato per la richiesta del visto per non immigranti (uno per ogni visitatore).<\/li>\n<li>Il modulo DS-160 compilato per tutti i richiedenti di sesso maschile di et\u00e0 compresa tra i 16 e i 45 anni che presentano domanda per un visto non immigrante.<\/li>\n<li>Ogni richiedente, compresi i minori di qualsiasi et\u00e0, deve essere in possesso di un passaporto personale valido per l'ingresso negli Stati Uniti, con una validit\u00e0 residua di almeno sei mesi oltre il periodo di soggiorno previsto.<\/li>\n<li>Dy fotografi 2&#215;2 p\u00ebr \u00e7do aplikant, q\u00eb tregojn\u00eb fytyr\u00ebn e plot\u00eb, p\u00ebr t&#8217;u p\u00ebrdorur n\u00eb formularin e aplikimit.<\/li>\n<\/ul>\n\n<\/div><!-- .vgblk-rw-wrapper -->","protected":false},"excerpt":{"rendered":"<p>Apliko p\u00ebr Viz\u00eb Amerikane Apliko p\u00ebr Viz\u00eb Amerikane. Viza Vizitor\u00ebve B1\/B2 \u00ebsht\u00eb e disponueshme p\u00ebr vizitor\u00ebt q\u00eb k\u00ebrkojn\u00eb hyrje afatshkurt\u00ebr n\u00eb SHBA p\u00ebr ta vizituar p\u00ebr arsye turistike, vizit\u00eb familjare apo pune. Na Kontaktoni Aplikant\u00ebt p\u00ebr viz\u00eb Amerikane duhet t\u00eb tregojn\u00eb se kualifikohen sipas dispozitave t\u00eb Aktit t\u00eb Emigracionit dhe Komb\u00ebsis\u00eb. Prezumimi n\u00eb ligj \u00ebsht\u00eb&#8230;<\/p>","protected":false},"author":1,"featured_media":988608,"parent":0,"menu_order":0,"comment_status":"closed","ping_status":"closed","template":"","meta":{"footnotes":""},"class_list":["post-988328","page","type-page","status-publish","has-post-thumbnail","hentry"],"_links":{"self":[{"href":"https:\/\/ejavisa.com\/it\/wp-json\/wp\/v2\/pages\/988328","targetHints":{"allow":["GET"]}}],"collection":[{"href":"https:\/\/ejavisa.com\/it\/wp-json\/wp\/v2\/pages"}],"about":[{"href":"https:\/\/ejavisa.com\/it\/wp-json\/wp\/v2\/types\/page"}],"author":[{"embeddable":true,"href":"https:\/\/ejavisa.com\/it\/wp-json\/wp\/v2\/users\/1"}],"replies":[{"embeddable":true,"href":"https:\/\/ejavisa.com\/it\/wp-json\/wp\/v2\/comments?post=988328"}],"version-history":[{"count":15,"href":"https:\/\/ejavisa.com\/it\/wp-json\/wp\/v2\/pages\/988328\/revisions"}],"predecessor-version":[{"id":988611,"href":"https:\/\/ejavisa.com\/it\/wp-json\/wp\/v2\/pages\/988328\/revisions\/988611"}],"wp:featuredmedia":[{"embeddable":true,"href":"https:\/\/ejavisa.com\/it\/wp-json\/wp\/v2\/media\/988608"}],"wp:attachment":[{"href":"https:\/\/ejavisa.com\/it\/wp-json\/wp\/v2\/media?parent=988328"}],"curies":[{"name":"wp","href":"https:\/\/api.w.org\/{rel}","templated":true}]}}