{"id":988503,"date":"2023-04-05T22:11:25","date_gmt":"2023-04-05T22:11:25","guid":{"rendered":"https:\/\/ejavisa.com\/?page_id=988503"},"modified":"2023-04-25T13:58:28","modified_gmt":"2023-04-25T13:58:28","slug":"richiedi-letias","status":"publish","type":"page","link":"https:\/\/ejavisa.com\/it\/apliko-per-etias\/","title":{"rendered":"Richiedi l'ETIAS"},"content":{"rendered":"<div class=\"vgblk-rw-wrapper limit-wrapper\">\n<h2>\n\tChe cos'\u00e8 l'ETIAS?\n\t<\/h2>\n\t<p>Richiedi l'ETIAS, il Sistema europeo di informazione sui viaggi. Nel novembre 2016 \u00e8 stato riconosciuto dalla Commissione europea e approvato con legge nel settembre 2018.<\/p>\n\t\t\t<a href=\"https:\/\/api.whatsapp.com\/send?phone=355697035626\" target=\"_self\" role=\"button\" rel=\"noopener\">\n\t\t\t\t\t\tContattaci\n\t\t\t\t\t<\/a>\n\t<p>L'obiettivo principale dell'ETIAS era quello di rafforzare la sicurezza degli Stati membri dell'UE all'interno dello spazio Schengen, consentendo ai viaggiatori di recarsi nell'area Schengen senza visto.<\/p>\n<p>ETIAS do te kontrolloje udh\u00ebtaret nga &#8220;vendet e treta&#8221; , t\u00eb cil\u00ebt jan\u00eb qytetar\u00eb nga shtetet q\u00eb nuk kan\u00eb nevoj\u00eb p\u00ebr viz\u00eb Shengen. Shqyrtimi do t\u00eb ket\u00eb lidhje me kontrollin e terrorizmit ose me rreziqet q\u00eb lidhen me emigracionin.<\/p>\n<p>L'obiettivo \u00e8 individuare i cittadini che rappresentano una minaccia per la sicurezza prima che si rechino nello spazio Schengen. L'ETIAS comporta l'abolizione dei visti e non costituisce un visto.<\/p>\n<p>A partire dal 2024, i cittadini che si recano negli Stati membri dell'area Schengen senza visto dovranno ottenere l'ETIAS. Solo i titolari di passaporti dell'Unione Europea sono esenti dall'obbligo di ETIAS.<\/p>\n<h3>\n\tAlcuni visti britannici\n\t<\/h3>\n\t\t\t\t\t\t\t<img decoding=\"async\" loading=\"lazy\" width=\"2560\" height=\"2560\" src=\"https:\/\/ejavisa.com\/en\/wp-content\/uploads\/2023\/04\/portrait-young-woman-taking-pictures-holiday-min-scaled.jpg\" alt=\"portrait-young-woman-taking-pictures-holiday-min\" itemprop=\"image\" title=\"portrait-young-woman-taking-pictures-holiday-min\" onerror=\"this.style.display='none'\"  sizes=\"auto, (max-width: 768px) 100vw, 100vw\" srcset=\"https:\/\/ejavisa.com\/wp-content\/uploads\/2023\/04\/portrait-young-woman-taking-pictures-holiday-min-scaled.jpg 2560w, https:\/\/ejavisa.com\/wp-content\/uploads\/2023\/04\/portrait-young-woman-taking-pictures-holiday-min-300x300.jpg 300w, https:\/\/ejavisa.com\/wp-content\/uploads\/2023\/04\/portrait-young-woman-taking-pictures-holiday-min-1024x1024.jpg 1024w, https:\/\/ejavisa.com\/wp-content\/uploads\/2023\/04\/portrait-young-woman-taking-pictures-holiday-min-150x150.jpg 150w, https:\/\/ejavisa.com\/wp-content\/uploads\/2023\/04\/portrait-young-woman-taking-pictures-holiday-min-768x768.jpg 768w, https:\/\/ejavisa.com\/wp-content\/uploads\/2023\/04\/portrait-young-woman-taking-pictures-holiday-min-1536x1536.jpg 1536w, https:\/\/ejavisa.com\/wp-content\/uploads\/2023\/04\/portrait-young-woman-taking-pictures-holiday-min-2048x2048.jpg 2048w, https:\/\/ejavisa.com\/wp-content\/uploads\/2023\/04\/portrait-young-woman-taking-pictures-holiday-min-1260x1260.jpg 1260w, https:\/\/ejavisa.com\/wp-content\/uploads\/2023\/04\/portrait-young-woman-taking-pictures-holiday-min-630x630.jpg 630w, https:\/\/ejavisa.com\/wp-content\/uploads\/2023\/04\/portrait-young-woman-taking-pictures-holiday-min-420x420.jpg 420w, https:\/\/ejavisa.com\/wp-content\/uploads\/2023\/04\/portrait-young-woman-taking-pictures-holiday-min-840x840.jpg 840w, https:\/\/ejavisa.com\/wp-content\/uploads\/2023\/04\/portrait-young-woman-taking-pictures-holiday-min-315x315.jpg 315w\" \/>\t\t\t\t\t\t\t\n<h4>\n\tVisto turistico per il Regno Unito\n\t<\/h4>\n\t\t\t\t\t\t\t<img decoding=\"async\" loading=\"lazy\" width=\"2560\" height=\"2560\" src=\"https:\/\/ejavisa.com\/en\/wp-content\/uploads\/2023\/04\/young-employee-sitting-office-desk-min-scaled.jpg\" alt=\"young-employee-sitting-office-desk-min\" itemprop=\"image\" title=\"young-employee-sitting-office-desk-min\" onerror=\"this.style.display='none'\"  sizes=\"auto, (max-width: 768px) 100vw, 100vw\" srcset=\"https:\/\/ejavisa.com\/wp-content\/uploads\/2023\/04\/young-employee-sitting-office-desk-min-scaled.jpg 2560w, https:\/\/ejavisa.com\/wp-content\/uploads\/2023\/04\/young-employee-sitting-office-desk-min-300x300.jpg 300w, https:\/\/ejavisa.com\/wp-content\/uploads\/2023\/04\/young-employee-sitting-office-desk-min-1024x1024.jpg 1024w, https:\/\/ejavisa.com\/wp-content\/uploads\/2023\/04\/young-employee-sitting-office-desk-min-150x150.jpg 150w, https:\/\/ejavisa.com\/wp-content\/uploads\/2023\/04\/young-employee-sitting-office-desk-min-768x768.jpg 768w, https:\/\/ejavisa.com\/wp-content\/uploads\/2023\/04\/young-employee-sitting-office-desk-min-1536x1536.jpg 1536w, https:\/\/ejavisa.com\/wp-content\/uploads\/2023\/04\/young-employee-sitting-office-desk-min-2048x2048.jpg 2048w, https:\/\/ejavisa.com\/wp-content\/uploads\/2023\/04\/young-employee-sitting-office-desk-min-1260x1260.jpg 1260w, https:\/\/ejavisa.com\/wp-content\/uploads\/2023\/04\/young-employee-sitting-office-desk-min-630x630.jpg 630w, https:\/\/ejavisa.com\/wp-content\/uploads\/2023\/04\/young-employee-sitting-office-desk-min-420x420.jpg 420w, https:\/\/ejavisa.com\/wp-content\/uploads\/2023\/04\/young-employee-sitting-office-desk-min-840x840.jpg 840w, https:\/\/ejavisa.com\/wp-content\/uploads\/2023\/04\/young-employee-sitting-office-desk-min-315x315.jpg 315w\" \/>\t\t\t\t\t\t\t\n<h4>\n\tVisto di lavoro nel Regno Unito\n\t<\/h4>\n\t\t\t\t\t\t\t<img decoding=\"async\" loading=\"lazy\" width=\"2560\" height=\"2560\" src=\"https:\/\/ejavisa.com\/en\/wp-content\/uploads\/2023\/04\/back-school-concept-with-woman-studying-library-min-1-scaled.jpg\" alt=\"Immagine di una donna che studia in biblioteca (1)\" itemprop=\"image\" title=\"Immagine di una donna che studia in biblioteca (1)\" onerror=\"this.style.display='none'\"  sizes=\"auto, (max-width: 768px) 100vw, 100vw\" srcset=\"https:\/\/ejavisa.com\/wp-content\/uploads\/2023\/04\/back-school-concept-with-woman-studying-library-min-1-scaled.jpg 2560w, https:\/\/ejavisa.com\/wp-content\/uploads\/2023\/04\/back-school-concept-with-woman-studying-library-min-1-300x300.jpg 300w, https:\/\/ejavisa.com\/wp-content\/uploads\/2023\/04\/back-school-concept-with-woman-studying-library-min-1-1024x1024.jpg 1024w, https:\/\/ejavisa.com\/wp-content\/uploads\/2023\/04\/back-school-concept-with-woman-studying-library-min-1-150x150.jpg 150w, https:\/\/ejavisa.com\/wp-content\/uploads\/2023\/04\/back-school-concept-with-woman-studying-library-min-1-768x768.jpg 768w, https:\/\/ejavisa.com\/wp-content\/uploads\/2023\/04\/back-school-concept-with-woman-studying-library-min-1-1536x1536.jpg 1536w, https:\/\/ejavisa.com\/wp-content\/uploads\/2023\/04\/back-school-concept-with-woman-studying-library-min-1-2048x2048.jpg 2048w, https:\/\/ejavisa.com\/wp-content\/uploads\/2023\/04\/back-school-concept-with-woman-studying-library-min-1-1260x1260.jpg 1260w, https:\/\/ejavisa.com\/wp-content\/uploads\/2023\/04\/back-school-concept-with-woman-studying-library-min-1-630x630.jpg 630w, https:\/\/ejavisa.com\/wp-content\/uploads\/2023\/04\/back-school-concept-with-woman-studying-library-min-1-420x420.jpg 420w, https:\/\/ejavisa.com\/wp-content\/uploads\/2023\/04\/back-school-concept-with-woman-studying-library-min-1-840x840.jpg 840w, https:\/\/ejavisa.com\/wp-content\/uploads\/2023\/04\/back-school-concept-with-woman-studying-library-min-1-315x315.jpg 315w\" \/>\t\t\t\t\t\t\t\n<h4>\n\tVisto per motivi di studio nel Regno Unito\n\t<\/h4>\n\t\t\t\t\t\t\t<img decoding=\"async\" loading=\"lazy\" width=\"300\" height=\"300\" src=\"https:\/\/ejavisa.com\/en\/wp-content\/uploads\/2023\/04\/parents-with-daughter-lying-autumn-leaves-park-min-300x300.jpg\" alt=\"una coppia di genitori con la figlia sdraiata tra le foglie autunnali in un parco\" itemprop=\"image\" title=\"una coppia di genitori con la figlia sdraiata tra le foglie autunnali in un parco\" onerror=\"this.style.display='none'\"  sizes=\"auto, (max-width: 768px) 100vw, 100vw\" srcset=\"https:\/\/ejavisa.com\/wp-content\/uploads\/2023\/04\/parents-with-daughter-lying-autumn-leaves-park-min-300x300.jpg 300w, https:\/\/ejavisa.com\/wp-content\/uploads\/2023\/04\/parents-with-daughter-lying-autumn-leaves-park-min-1024x1024.jpg 1024w, https:\/\/ejavisa.com\/wp-content\/uploads\/2023\/04\/parents-with-daughter-lying-autumn-leaves-park-min-150x150.jpg 150w, https:\/\/ejavisa.com\/wp-content\/uploads\/2023\/04\/parents-with-daughter-lying-autumn-leaves-park-min-768x768.jpg 768w, https:\/\/ejavisa.com\/wp-content\/uploads\/2023\/04\/parents-with-daughter-lying-autumn-leaves-park-min-1536x1536.jpg 1536w, https:\/\/ejavisa.com\/wp-content\/uploads\/2023\/04\/parents-with-daughter-lying-autumn-leaves-park-min-2048x2048.jpg 2048w, https:\/\/ejavisa.com\/wp-content\/uploads\/2023\/04\/parents-with-daughter-lying-autumn-leaves-park-min-1260x1260.jpg 1260w, https:\/\/ejavisa.com\/wp-content\/uploads\/2023\/04\/parents-with-daughter-lying-autumn-leaves-park-min-630x630.jpg 630w, https:\/\/ejavisa.com\/wp-content\/uploads\/2023\/04\/parents-with-daughter-lying-autumn-leaves-park-min-420x420.jpg 420w, https:\/\/ejavisa.com\/wp-content\/uploads\/2023\/04\/parents-with-daughter-lying-autumn-leaves-park-min-840x840.jpg 840w, https:\/\/ejavisa.com\/wp-content\/uploads\/2023\/04\/parents-with-daughter-lying-autumn-leaves-park-min-315x315.jpg 315w\" \/>\t\t\t\t\t\t\t\n<h4>\n\tVisto per motivi familiari nel Regno Unito\n\t<\/h4>\n<p><strong>L'ETIAS si basa su quattro motivi principali:<\/strong><\/p>\n<ol>\n<li>Sono in molti a visitare l'Europa: circa 50 milioni di visitatori l'anno scorso e oltre 200 milioni di ingressi. .<\/li>\n<li>Il numero di migranti che chiedono asilo per vari motivi, tra cui la guerra, le persecuzioni, le opportunit\u00e0 economiche e cos\u00ec via, \u00e8 aumentato notevolmente negli ultimi anni. .<\/li>\n<li>Gli attentati terroristici sono ulteriormente aumentati, suscitando preoccupazione tra i cittadini europei. I paesi colpiti di recente sono la Francia, il Belgio, la Germania e la Spagna. .<\/li>\n<li>La comunicazione elettronica ha offerto un vantaggio in termini di raccolta di informazioni utili alle autorit\u00e0 di frontiera e al personale di sicurezza europei.<\/li>\n<\/ol>\n<p><strong>Quali paesi fanno parte dello Spazio Schengen?<\/strong><\/p>\n<p>Nell'area Schengen europea esistono tre categorie distinte di paesi. I 26 paesi Schengen coincidono interamente con i 27 Stati membri dell'Unione Europea, ma ve ne sono alcuni che fanno parte dello spazio Schengen ma non dell'UE e viceversa. I paesi Schengen hanno norme uniformi in materia di immigrazione e garantiscono la libera circolazione dei cittadini degli altri paesi Schengen.<\/p>\n<ul>\n<li>La prima categoria comprende i cittadini dell'UE e dello spazio Schengen; per loro non vigono restrizioni.<\/li>\n<li>La seconda categoria comprende i cittadini di numerosi paesi extraeuropei. Questi non necessitano di un visto per recarsi in Europa, ma sono soggetti a restrizioni riguardo alla durata del soggiorno e alle attivit\u00e0 che possono svolgere, in particolare se intendono studiare, lavorare o risiedere per pi\u00f9 di tre mesi consecutivi.Questo gruppo sar\u00e0 interessato dall'ETIAS; comprende cittadini statunitensi, canadesi, australiani, giapponesi, malesi e molti altri. Questo gruppo potr\u00e0 richiedere l'esenzione dal visto ETIAS. .<\/li>\n<li>La categoria tre comprende i cittadini di paesi extraeuropei che necessitano di un visto prima di recarsi in Europa; la maggior parte di queste persone proviene dagli Stati pi\u00f9 poveri del mondo o da quelli con legami culturali ed economici pi\u00f9 deboli con l'UE.<\/li>\n<\/ul>\n\n<\/div><!-- .vgblk-rw-wrapper -->","protected":false},"excerpt":{"rendered":"<p>\u00c7far\u00eb \u00ebsht\u00eb ETIAS? Apliko per ETIAS. Sistemi Evropian i Informacionit t\u00eb Udh\u00ebtimeve. N\u00eb N\u00ebntor t\u00eb vitit 2016 ai u njoh nga Komisioni Evropian dhe miratua me ligj n\u00eb Shtator t\u00eb vitit 2018. Na Kontaktoni Q\u00ebllimi kryesor i ETIAS ishte p\u00ebrmir\u00ebsimi i siguris\u00eb s\u00eb vendeve q\u00eb b\u00ebjn\u00eb pjes\u00eb n\u00eb BE, brenda rajonit Shengen , duke b\u00ebr\u00eb&#8230;<\/p>","protected":false},"author":1,"featured_media":0,"parent":0,"menu_order":0,"comment_status":"closed","ping_status":"closed","template":"","meta":{"footnotes":""},"class_list":["post-988503","page","type-page","status-publish","hentry"],"_links":{"self":[{"href":"https:\/\/ejavisa.com\/it\/wp-json\/wp\/v2\/pages\/988503","targetHints":{"allow":["GET"]}}],"collection":[{"href":"https:\/\/ejavisa.com\/it\/wp-json\/wp\/v2\/pages"}],"about":[{"href":"https:\/\/ejavisa.com\/it\/wp-json\/wp\/v2\/types\/page"}],"author":[{"embeddable":true,"href":"https:\/\/ejavisa.com\/it\/wp-json\/wp\/v2\/users\/1"}],"replies":[{"embeddable":true,"href":"https:\/\/ejavisa.com\/it\/wp-json\/wp\/v2\/comments?post=988503"}],"version-history":[{"count":4,"href":"https:\/\/ejavisa.com\/it\/wp-json\/wp\/v2\/pages\/988503\/revisions"}],"predecessor-version":[{"id":988536,"href":"https:\/\/ejavisa.com\/it\/wp-json\/wp\/v2\/pages\/988503\/revisions\/988536"}],"wp:attachment":[{"href":"https:\/\/ejavisa.com\/it\/wp-json\/wp\/v2\/media?parent=988503"}],"curies":[{"name":"wp","href":"https:\/\/api.w.org\/{rel}","templated":true}]}}